{"id":990,"date":"2022-01-06T00:18:08","date_gmt":"2022-01-06T00:18:08","guid":{"rendered":"http:\/\/urlus.fi\/?page_id=990"},"modified":"2022-04-13T14:13:27","modified_gmt":"2022-04-13T14:13:27","slug":"avustushakemuksia-vuodelle-2022-jalleen-ennatysmaara","status":"publish","type":"page","link":"https:\/\/urlus.fi\/index.php\/ajankohtaista\/avustushakemuksia-vuodelle-2022-jalleen-ennatysmaara\/","title":{"rendered":"Avustushakemuksia vuodelle 2022 j\u00e4lleen enn\u00e4tysm\u00e4\u00e4r\u00e4"},"content":{"rendered":"<div id='full_slider_1'  class='avia-fullwidth-slider main_color avia-shadow   avia-builder-el-0  el_before_av_heading  avia-builder-el-first   container_wrap sidebar_right'  ><div  class='avia-slideshow av-16ton-52c53f8246c4cd5d51894ae98176ec7e avia-slideshow-featured av_slideshow_full avia-slide-slider av-slideshow-ui av-control-default av-slideshow-manual av-loop-once av-loop-manual-endless av-default-height-applied   avia-slideshow-1' data-slideshow-options=\"{&quot;animation&quot;:&quot;slide&quot;,&quot;autoplay&quot;:false,&quot;loop_autoplay&quot;:&quot;once&quot;,&quot;interval&quot;:5,&quot;loop_manual&quot;:&quot;manual-endless&quot;,&quot;autoplay_stopper&quot;:false,&quot;noNavigation&quot;:false,&quot;bg_slider&quot;:false,&quot;keep_padding&quot;:false,&quot;hoverpause&quot;:false,&quot;show_slide_delay&quot;:0}\"  itemprop=\"image\" itemscope=\"itemscope\" itemtype=\"https:\/\/schema.org\/ImageObject\" ><ul class='avia-slideshow-inner ' style='padding-bottom: 28.666666666667%;'><li  class='avia-slideshow-slide av-16ton-52c53f8246c4cd5d51894ae98176ec7e__0  av-single-slide slide-1 slide-odd'><div data-rel='slideshow-1' class='avia-slide-wrap '   ><img fetchpriority=\"high\" class=\"wp-image-1005 avia-img-lazy-loading-not-1005\"  src='https:\/\/urlus.fi\/wp-content\/uploads\/2022\/01\/otsake-01-22_c-1500x430.png' width='1500' height='430' title='otsake-01-22_c' alt=''  itemprop=\"thumbnailUrl\"   \/><\/div><\/li><\/ul><\/div><\/div><div id='after_full_slider_1'  class='main_color av_default_container_wrap container_wrap sidebar_right'  ><div class='container av-section-cont-open' ><div class='template-page content  av-content-small alpha units'><div class='post-entry post-entry-type-page post-entry-990'><div class='entry-content-wrapper clearfix'>\n\n<style type=\"text\/css\" data-created_by=\"avia_inline_auto\" id=\"style-css-av-av_heading-17715ea646051cc15db36207e8513fce\">\n#top .av-special-heading.av-av_heading-17715ea646051cc15db36207e8513fce{\npadding-bottom:10px;\n}\nbody .av-special-heading.av-av_heading-17715ea646051cc15db36207e8513fce .av-special-heading-tag .heading-char{\nfont-size:25px;\n}\n.av-special-heading.av-av_heading-17715ea646051cc15db36207e8513fce .av-subheading{\nfont-size:15px;\n}\n<\/style>\n<div  class='av-special-heading av-av_heading-17715ea646051cc15db36207e8513fce av-special-heading-h3  avia-builder-el-1  el_after_av_slideshow_full  el_before_av_one_half  avia-builder-el-first '><h3 class='av-special-heading-tag'  itemprop=\"headline\"  >Avustushakemuksia vuodelle 2022 j\u00e4lleen enn\u00e4tysm\u00e4\u00e4r\u00e4<\/h3><div class=\"special-heading-border\"><div class=\"special-heading-inner-border\"><\/div><\/div><\/div>\n\n<style type=\"text\/css\" data-created_by=\"avia_inline_auto\" id=\"style-css-av-fn12i-1eff0cd4520d5f46ea1cee85cf5dff4b\">\n.flex_column.av-fn12i-1eff0cd4520d5f46ea1cee85cf5dff4b{\nborder-radius:0px 0px 0px 0px;\npadding:0px 0px 0px 0px;\n}\n<\/style>\n<div  class='flex_column av-fn12i-1eff0cd4520d5f46ea1cee85cf5dff4b av_one_half  avia-builder-el-2  el_after_av_heading  el_before_av_one_half  first flex_column_div av-zero-column-padding  '     ><p>\n<style type=\"text\/css\" data-created_by=\"avia_inline_auto\" id=\"style-css-av-kthcqpa7-6cb4d31dd40571b1ded613aa80792068\">\n#top .hr.hr-invisible.av-kthcqpa7-6cb4d31dd40571b1ded613aa80792068{\nheight:20px;\n}\n<\/style>\n<div  class='hr av-kthcqpa7-6cb4d31dd40571b1ded613aa80792068 hr-invisible  avia-builder-el-3  el_before_av_image  avia-builder-el-first '><span class='hr-inner '><span class=\"hr-inner-style\"><\/span><\/span><\/div><br \/>\n\n<style type=\"text\/css\" data-created_by=\"avia_inline_auto\" id=\"style-css-av-kext4mqt-d4aa0c98f10e49cbe8c79519df67b278\">\n.avia-image-container.av-kext4mqt-d4aa0c98f10e49cbe8c79519df67b278 img.avia_image{\nbox-shadow:none;\n}\n.avia-image-container.av-kext4mqt-d4aa0c98f10e49cbe8c79519df67b278 .av-image-caption-overlay-center{\ncolor:#ffffff;\n}\n<\/style>\n<div  class='avia-image-container av-kext4mqt-d4aa0c98f10e49cbe8c79519df67b278 av-styling- avia-align-center  avia-builder-el-4  el_after_av_hr  avia-builder-el-last '   itemprop=\"image\" itemscope=\"itemscope\" itemtype=\"https:\/\/schema.org\/ImageObject\" ><div class=\"avia-image-container-inner\"><div class=\"avia-image-overlay-wrap\"><img fetchpriority=\"high\" class='wp-image-987 avia-img-lazy-loading-not-987 avia_image ' src='https:\/\/urlus.fi\/wp-content\/uploads\/2022\/01\/kuvitus_01-22.png' alt='' title='kuvitus_01-22'  height=\"601\" width=\"801\"  itemprop=\"thumbnailUrl\"  \/><\/div><\/div><\/div><\/p><\/div>\n\n<style type=\"text\/css\" data-created_by=\"avia_inline_auto\" id=\"style-css-av-ay7wq-4f1abd93087ddd177f431626dc006fe9\">\n.flex_column.av-ay7wq-4f1abd93087ddd177f431626dc006fe9{\nborder-radius:0px 0px 0px 0px;\npadding:0px 0px 0px 0px;\n}\n<\/style>\n<div  class='flex_column av-ay7wq-4f1abd93087ddd177f431626dc006fe9 av_one_half  avia-builder-el-5  el_after_av_one_half  avia-builder-el-last  flex_column_div av-zero-column-padding  '     ><section  class='av_textblock_section av-kd3glxa1-278439855b147618e591e7e2b9138072 '   itemscope=\"itemscope\" itemtype=\"https:\/\/schema.org\/CreativeWork\" ><div class='avia_textblock'  itemprop=\"text\" ><p><em><strong>Vuoden vaihteessa sulkeutuneeseen S\u00e4\u00e4ti\u00f6n hakemusj\u00e4rjestelm\u00e4\u00e4n saapui kaikkiaan 163 avustushakemusta. Kasvua edellisvuodesta oli 10%.<\/strong><\/em><\/p>\n<p>Hakemukset lis\u00e4\u00e4ntyiv\u00e4t erikoisesti liikunnan ja urheilun kategoriassa. Yksin p\u00e4\u00e4kaupunkiseudulta haki yli 20 uutta urheiluseuraa avustusta. T\u00e4m\u00e4 osoittaa hyvin, millaisia taloudellisia haasteita koronapandemia on seuroille aiheuttanut. My\u00f6s Urlus-S\u00e4\u00e4ti\u00f6n tunnettavuus erityisesti urheilupiirien tukijana on lis\u00e4\u00e4ntynyt.<\/p>\n<p>Moni edellisvuonna avustusta saanut yhdistys ja seura on joutunut pyyt\u00e4m\u00e4\u00e4n jo aikaisemmin tuen siirt\u00e4mist\u00e4 kokonaan tai osittain alkaneelle vuodelle. Syyn\u00e4 on ollut koronan aiheuttamat toiminta- ja tapahtumarajoitukset. T\u00e4m\u00e4 on vastaavasti v\u00e4hent\u00e4nyt hakijam\u00e4\u00e4r\u00e4\u00e4 erityisesti tapahtumahankkeisiin keskittyneiss\u00e4 tuen saajissa.<\/p>\n<p>S\u00e4\u00e4ti\u00f6n hallitus p\u00e4\u00e4tti toimintasuunnitelmassaan vuodelle 2022 kasvattaa j\u00e4lleen vuotuista tukisummaa. Koska suhteelliset resurssit kasvavat hakijam\u00e4\u00e4r\u00e4\u00e4 enemm\u00e4n, on S\u00e4\u00e4ti\u00f6ll\u00e4 mahdollisuus mennytt\u00e4 vuotta tehokkaampaan tukeen.<\/p>\n<p>Avustusp\u00e4\u00e4t\u00f6kset tullaan tekem\u00e4\u00e4n S\u00e4\u00e4ti\u00f6n avustusstrategian, aikaisemman yhteisty\u00f6n, ajankohtaisuuden sek\u00e4 hakemusten sis\u00e4ll\u00f6n perusteella.<\/p>\n<p>P\u00e4\u00e4t\u00f6kset tehd\u00e4\u00e4n valmisteluvaiheen j\u00e4lkeen hallituksen kokouksessa maaliskuun alkupuolella, jonka j\u00e4lkeen asiasta tiedotetaan hakijoille.<\/p>\n<p>Hakuj\u00e4rjestelm\u00e4 ensi vuoden avustuksille aukeaa 1.10.2022.<\/p>\n<p>S\u00e4\u00e4ti\u00f6n hallitus toivottaa kaikille menestyksellist\u00e4 alkanutta vuotta t\u00e4rke\u00e4ss\u00e4 ty\u00f6ss\u00e4nne is\u00e4nmaamme ja sen kansalaisten eteen!<\/p>\n<\/div><\/section><\/div>\n","protected":false},"excerpt":{"rendered":"","protected":false},"author":4,"featured_media":0,"parent":47,"menu_order":4,"comment_status":"closed","ping_status":"closed","template":"","meta":{"footnotes":""},"class_list":["post-990","page","type-page","status-publish","hentry"],"_links":{"self":[{"href":"https:\/\/urlus.fi\/index.php\/wp-json\/wp\/v2\/pages\/990","targetHints":{"allow":["GET"]}}],"collection":[{"href":"https:\/\/urlus.fi\/index.php\/wp-json\/wp\/v2\/pages"}],"about":[{"href":"https:\/\/urlus.fi\/index.php\/wp-json\/wp\/v2\/types\/page"}],"author":[{"embeddable":true,"href":"https:\/\/urlus.fi\/index.php\/wp-json\/wp\/v2\/users\/4"}],"replies":[{"embeddable":true,"href":"https:\/\/urlus.fi\/index.php\/wp-json\/wp\/v2\/comments?post=990"}],"version-history":[{"count":9,"href":"https:\/\/urlus.fi\/index.php\/wp-json\/wp\/v2\/pages\/990\/revisions"}],"predecessor-version":[{"id":1021,"href":"https:\/\/urlus.fi\/index.php\/wp-json\/wp\/v2\/pages\/990\/revisions\/1021"}],"up":[{"embeddable":true,"href":"https:\/\/urlus.fi\/index.php\/wp-json\/wp\/v2\/pages\/47"}],"wp:attachment":[{"href":"https:\/\/urlus.fi\/index.php\/wp-json\/wp\/v2\/media?parent=990"}],"curies":[{"name":"wp","href":"https:\/\/api.w.org\/{rel}","templated":true}]}}