{"id":94,"date":"2020-07-26T20:57:32","date_gmt":"2020-07-26T20:57:32","guid":{"rendered":"http:\/\/urlus.fi\/?page_id=94"},"modified":"2022-11-08T15:27:37","modified_gmt":"2022-11-08T15:27:37","slug":"historia","status":"publish","type":"page","link":"https:\/\/urlus.fi\/index.php\/sv\/verksamhet-som-spanner-over-decennier\/historia\/","title":{"rendered":"Historia"},"content":{"rendered":"<div id='full_slider_1'  class='avia-fullwidth-slider main_color avia-shadow   avia-builder-el-0  el_before_av_heading  avia-builder-el-first   container_wrap sidebar_right'  ><div  class='avia-slideshow av-16ton-52c53f8246c4cd5d51894ae98176ec7e avia-slideshow-featured av_slideshow_full avia-slide-slider av-slideshow-ui av-control-default av-slideshow-manual av-loop-once av-loop-manual-endless av-default-height-applied   avia-slideshow-1' data-slideshow-options=\"{&quot;animation&quot;:&quot;slide&quot;,&quot;autoplay&quot;:false,&quot;loop_autoplay&quot;:&quot;once&quot;,&quot;interval&quot;:5,&quot;loop_manual&quot;:&quot;manual-endless&quot;,&quot;autoplay_stopper&quot;:false,&quot;noNavigation&quot;:false,&quot;bg_slider&quot;:false,&quot;keep_padding&quot;:false,&quot;hoverpause&quot;:false,&quot;show_slide_delay&quot;:0}\"  itemprop=\"image\" itemscope=\"itemscope\" itemtype=\"https:\/\/schema.org\/ImageObject\" ><ul class='avia-slideshow-inner ' style='padding-bottom: 28.666666666667%;'><li  class='avia-slideshow-slide av-16ton-52c53f8246c4cd5d51894ae98176ec7e__0  av-single-slide slide-1 slide-odd'><div data-rel='slideshow-1' class='avia-slide-wrap '   ><img fetchpriority=\"high\" class=\"wp-image-286 avia-img-lazy-loading-not-286\"  src='https:\/\/urlus.fi\/wp-content\/uploads\/2020\/08\/historia_urlus-1500x430.png' width='1500' height='430' title='historia_urlus' alt=''  itemprop=\"thumbnailUrl\"   \/><\/div><\/li><\/ul><\/div><\/div><div id='after_full_slider_1'  class='main_color av_default_container_wrap container_wrap sidebar_right'  ><div class='container av-section-cont-open' ><div class='template-page content  av-content-small alpha units'><div class='post-entry post-entry-type-page post-entry-94'><div class='entry-content-wrapper clearfix'>\n\n<style type=\"text\/css\" data-created_by=\"avia_inline_auto\" id=\"style-css-av-av_heading-9e20e46359cc4763f6355870c760b89f\">\n#top .av-special-heading.av-av_heading-9e20e46359cc4763f6355870c760b89f{\npadding-bottom:10px;\n}\nbody .av-special-heading.av-av_heading-9e20e46359cc4763f6355870c760b89f .av-special-heading-tag .heading-char{\nfont-size:25px;\n}\n.av-special-heading.av-av_heading-9e20e46359cc4763f6355870c760b89f .av-subheading{\nfont-size:15px;\n}\n<\/style>\n<div  class='av-special-heading av-av_heading-9e20e46359cc4763f6355870c760b89f av-special-heading-h3  avia-builder-el-1  el_after_av_slideshow_full  el_before_av_textblock  avia-builder-el-first '><h3 class='av-special-heading-tag'  itemprop=\"headline\"  >Historia<\/h3><div class=\"special-heading-border\"><div class=\"special-heading-inner-border\"><\/div><\/div><\/div>\n<section  class='av_textblock_section av-kd3lk02j-ea8d73b64982e62ed98540c8c0786efb '   itemscope=\"itemscope\" itemtype=\"https:\/\/schema.org\/CreativeWork\" ><div class='avia_textblock'  itemprop=\"text\" ><p><strong>Som bas f\u00f6r stiftelsen<\/strong> fungerar fastigheten p\u00e5 Norra Hesperiagatan 15 i T\u00f6l\u00f6, det s.k. Skyddsk\u00e5rshuset. I huset verkar i dag f\u00f6rutom flera hyresg\u00e4ster ett tjugotal frivilliga f\u00f6rsvarsf\u00f6reningar eller med s\u00e5dana j\u00e4mf\u00f6rbara f\u00f6reningar som st\u00f6ds av Urlus-Stiftelsen.<\/p>\n<p>Helsingfors Skyddsk\u00e5rsdistrikts nya skyddsk\u00e5rshus i funkisstil f\u00e4rdigst\u00e4lldes i b\u00f6rjan av 1940-talet. Bygget hade p\u00e5b\u00f6rjats just innan vinterkriget br\u00f6t ut, och huset inneh\u00f6ll utom utrymmen f\u00f6r staben m\u00e5nga kontorslokaler och bost\u00e4der.<\/p>\n<p>Huset ritades av arkitekten Toivo J\u00e4ntti, vars avtryck ocks\u00e5 syns i T\u00f6l\u00f6. J\u00e4ntti var den andra konstrukt\u00f6ren av Helsingfors Olympiastadion, tillsammans med arkitekten Yrj\u00f6 Lindegren.<\/p>\n<div id=\"attachment_1282\" style=\"width: 810px\" class=\"wp-caption aligncenter\"><a href=\"https:\/\/urlus.fi\/wp-content\/uploads\/2022\/11\/pohjapiirros_seepia_1200px.png\"><img loading=\"lazy\" decoding=\"async\" aria-describedby=\"caption-attachment-1282\" class=\"size-medium wp-image-1282\" src=\"https:\/\/urlus.fi\/wp-content\/uploads\/2022\/11\/pohjapiirros_seepia_1200px-800x422.png\" alt=\"\" width=\"800\" height=\"422\" srcset=\"https:\/\/urlus.fi\/wp-content\/uploads\/2022\/11\/pohjapiirros_seepia_1200px-800x422.png 800w, https:\/\/urlus.fi\/wp-content\/uploads\/2022\/11\/pohjapiirros_seepia_1200px-120x63.png 120w, https:\/\/urlus.fi\/wp-content\/uploads\/2022\/11\/pohjapiirros_seepia_1200px-768x405.png 768w, https:\/\/urlus.fi\/wp-content\/uploads\/2022\/11\/pohjapiirros_seepia_1200px-710x375.png 710w, https:\/\/urlus.fi\/wp-content\/uploads\/2022\/11\/pohjapiirros_seepia_1200px-705x372.png 705w, https:\/\/urlus.fi\/wp-content\/uploads\/2022\/11\/pohjapiirros_seepia_1200px.png 1200w\" sizes=\"auto, (max-width: 800px) 100vw, 800px\" \/><\/a><p id=\"caption-attachment-1282\" class=\"wp-caption-text\">Toivo J\u00e4nttis designbyr\u00e5s plan f\u00f6r den blivande kontorsbyggnaden<\/p><\/div>\n<p>H\u00f6sten 1944 efter forts\u00e4ttningskriget uppl\u00f6stes Skyddsk\u00e5rsorganisationen efter p\u00e5tryckning av Sovjetunionen. Inom skyddsk\u00e5rerna hade man redan prelimin\u00e4rt f\u00f6rberett sig p\u00e5 en uppl\u00f6sning och diskuterat olika s\u00e4tt att r\u00e4dda organisationens egendom. Den tid som stod till buds blev dock ov\u00e4ntat knapp och egendomen m\u00e5ste regleras p\u00e5 bara n\u00e5gra dagar.<\/p>\n<p><strong>Fr\u00e5n andelslag till stiftelse<\/strong><\/p>\n<p>Inom Helsingfors Skyddsk\u00e5rsdistrikt besl\u00f6t man \u00f6verf\u00f6ra distriktets egendom till Andelslaget Urlus som grundades med ett snabbt beslut. Den ganska skuldsatta fastigheten vid Hesperiagatan utgjorde lejonparten av egendomen. Under efterkrigstidens os\u00e4kra \u00e5r visade det sig dock att \u00f6verf\u00f6ring av skyddsk\u00e5rens egendom till ett andelslag som \u00e4gdes av enskilda personmedlemmar inte var en h\u00e5llbar och trygg l\u00f6sning.<\/p>\n<p><strong>Av dessa orsaker grundades Urlus-Stiftelsen 1951 och ersatte andelslaget.<\/strong><\/p>\n<p>Som stiftelse kunde Urlus f\u00f6rvalta sin egendom effektivare och d\u00e4rigenom i enlighet med sina stadgar b\u00e4ttre st\u00f6da f\u00f6reningar i huvudstadsregionen med anknytning till f\u00f6rsvar och idrott.<\/p>\n<p>N\u00e4r skyddsk\u00e5rshuset blivit skuldfritt investerade Stiftelsen fr\u00e4mst i nya fastigheter. Fastighetsegendomen kom de facto att under en l\u00e5ng tid utg\u00f6ra Stiftelsens viktigaste resurs. Under 2000-talet har man systematiskt s\u00e5lt fastighetsegendomen och satsat p\u00e5 aktier och fonder. I balansr\u00e4kningen utg\u00f6r i dag fastigheterna bara knappa h\u00e4lften av Stiftelsens egendom.<\/p>\n<p><strong>Mot framtiden<\/strong><\/p>\n<p>I takt med att Stiftelsens egendom v\u00e4xt under decenniernas lopp har ocks\u00e5 de underst\u00f6d Stiftelsen delat ut fortl\u00f6pande kunnat \u00f6kas. Denna ekonomiska expansion har m\u00f6jliggjorts av en noggrann och planm\u00e4ssig ekonomi och egendomsf\u00f6rvaltning, vars garanter har varit l\u00e5ngvariga styrelseledam\u00f6ter och funktion\u00e4rer med god insikt i ekonomi. P\u00e5 grund av sitt ursprung har Stiftelsen haft en mansdominerad f\u00f6rvaltning men tog ett steg mot framtiden \u00e5r 2018, n\u00e4r den f\u00f6rsta kvinnan invaldes i styrelsen.<\/p>\n<p>Stiftelsen har gett ut historiker \u00e5ren 1993 och 2011.<\/p>\n<\/div><\/section>\n\n<style type=\"text\/css\" data-created_by=\"avia_inline_auto\" id=\"style-css-av-vp76-7549611055495891340cb98592cba568\">\n.flex_column.av-vp76-7549611055495891340cb98592cba568{\nborder-radius:0px 0px 0px 0px;\npadding:0px 0px 0px 0px;\n}\n<\/style>\n<div  class='flex_column av-vp76-7549611055495891340cb98592cba568 av_one_full  avia-builder-el-3  el_after_av_textblock  avia-builder-el-last  first flex_column_div av-zero-column-padding  column-top-margin'     ><div  class='avia-button-wrap av-kexxtiq3-88b0a35e2ca52a465c05ef71198da5b2-wrap avia-button-center  avia-builder-el-4  avia-builder-el-no-sibling '><a href='https:\/\/urlus.fi\/index.php\/sv\/verksamhet-som-spanner-over-decennier\/stadgar-och-strategi-2\/'  class='avia-button av-kexxtiq3-88b0a35e2ca52a465c05ef71198da5b2 avia-icon_select-yes-right-icon avia-size-small avia-position-center avia-color-theme-color'  ><span class='avia_iconbox_title' >Stadgar och strategi<\/span><span class='avia_button_icon avia_button_icon_right' aria-hidden='true' data-av_icon='\ue885' data-av_iconfont='entypo-fontello'><\/span><\/a><\/div><\/div>\n","protected":false},"excerpt":{"rendered":"","protected":false},"author":4,"featured_media":0,"parent":92,"menu_order":1,"comment_status":"closed","ping_status":"closed","template":"","meta":{"footnotes":""},"class_list":["post-94","page","type-page","status-publish","hentry"],"_links":{"self":[{"href":"https:\/\/urlus.fi\/index.php\/wp-json\/wp\/v2\/pages\/94","targetHints":{"allow":["GET"]}}],"collection":[{"href":"https:\/\/urlus.fi\/index.php\/wp-json\/wp\/v2\/pages"}],"about":[{"href":"https:\/\/urlus.fi\/index.php\/wp-json\/wp\/v2\/types\/page"}],"author":[{"embeddable":true,"href":"https:\/\/urlus.fi\/index.php\/wp-json\/wp\/v2\/users\/4"}],"replies":[{"embeddable":true,"href":"https:\/\/urlus.fi\/index.php\/wp-json\/wp\/v2\/comments?post=94"}],"version-history":[{"count":11,"href":"https:\/\/urlus.fi\/index.php\/wp-json\/wp\/v2\/pages\/94\/revisions"}],"predecessor-version":[{"id":1285,"href":"https:\/\/urlus.fi\/index.php\/wp-json\/wp\/v2\/pages\/94\/revisions\/1285"}],"up":[{"embeddable":true,"href":"https:\/\/urlus.fi\/index.php\/wp-json\/wp\/v2\/pages\/92"}],"wp:attachment":[{"href":"https:\/\/urlus.fi\/index.php\/wp-json\/wp\/v2\/media?parent=94"}],"curies":[{"name":"wp","href":"https:\/\/api.w.org\/{rel}","templated":true}]}}