{"id":90,"date":"2020-07-26T20:54:58","date_gmt":"2020-07-26T20:54:58","guid":{"rendered":"http:\/\/urlus.fi\/?page_id=90"},"modified":"2025-04-22T10:54:59","modified_gmt":"2025-04-22T10:54:59","slug":"hemsidan","status":"publish","type":"page","link":"https:\/\/urlus.fi\/index.php\/sv\/hemsidan\/","title":{"rendered":"Hemsidan"},"content":{"rendered":"<div id='full_slider_1'  class='avia-fullwidth-slider main_color avia-shadow   avia-builder-el-0  el_before_av_textblock  avia-builder-el-first   container_wrap sidebar_right'  >\n<style type=\"text\/css\" data-created_by=\"avia_inline_auto\" id=\"style-css-av-kd4hz9nx-fb331aa0faaa9c578e2f07ccc45f5aa0\">\n#top #wrap_all .avia-slideshow .av-slideshow-caption.av-kd4hz9nx-fb331aa0faaa9c578e2f07ccc45f5aa0__0 .avia-caption-title{\nfont-size:22px;\n}\n#top .avia-slideshow .av-slideshow-caption.av-kd4hz9nx-fb331aa0faaa9c578e2f07ccc45f5aa0__0 .avia-caption-content{\nfont-size:18px;\n}\n#top .avia-slideshow .av-slideshow-caption.av-kd4hz9nx-fb331aa0faaa9c578e2f07ccc45f5aa0__0 .avia-caption-content p{\nfont-size:18px;\n}\n<\/style>\n<div  class='avia-slideshow av-kd4hz9nx-fb331aa0faaa9c578e2f07ccc45f5aa0 avia-slideshow-featured av_slideshow_full avia-slide-slider av-slideshow-ui av-control-default av-slideshow-manual av-loop-once av-loop-manual-endless av-default-height-applied   avia-slideshow-1' data-slideshow-options=\"{&quot;animation&quot;:&quot;slide&quot;,&quot;autoplay&quot;:false,&quot;loop_autoplay&quot;:&quot;once&quot;,&quot;interval&quot;:5,&quot;loop_manual&quot;:&quot;manual-endless&quot;,&quot;autoplay_stopper&quot;:false,&quot;noNavigation&quot;:false,&quot;bg_slider&quot;:false,&quot;keep_padding&quot;:false,&quot;hoverpause&quot;:false,&quot;show_slide_delay&quot;:0}\"  itemprop=\"image\" itemscope=\"itemscope\" itemtype=\"https:\/\/schema.org\/ImageObject\" ><ul class='avia-slideshow-inner ' style='padding-bottom: 28.666666666667%;'><li  class='avia-slideshow-slide av-kd4hz9nx-fb331aa0faaa9c578e2f07ccc45f5aa0__0  av-single-slide slide-1 slide-odd'><div data-rel='slideshow-1' class='avia-slide-wrap '   ><div class='av-slideshow-caption av-kd4hz9nx-fb331aa0faaa9c578e2f07ccc45f5aa0__0 caption_fullwidth caption_center caption_center_framed caption_framed'><div class=\"container caption_container\"><div class=\"slideshow_caption\"><div class=\"slideshow_inner_caption\"><div class=\"slideshow_align_caption\"><div class='avia-caption-content '  itemprop=\"description\" ><p>F\u00f6r ett sj\u00e4lvst\u00e4ndigt Finland<br \/>\n&#8211;<br \/>\nUrlus-Stiftelsen st\u00f6der fysisk fostran och idrottsverksamhet i landet och s\u00e4rskilt i Helsingforsnejden samt fr\u00e4mjar f\u00f6rsvarsm\u00e4ssig och \u00f6vrig verksamhet som st\u00f6der landets sj\u00e4lvst\u00e4ndighet. Arbetet utf\u00f6rs i en st\u00e4ndigt f\u00f6r\u00e4nderlig omv\u00e4rld med syftet att alla finl\u00e4ndare ska uppleva Finland som v\u00e4rt att f\u00f6rsvara.<\/p>\n<\/div><\/div><\/div><\/div><\/div><\/div><img fetchpriority=\"high\" class=\"wp-image-247 avia-img-lazy-loading-not-247\"  src='https:\/\/urlus.fi\/wp-content\/uploads\/2020\/07\/URLUS_otsake-1500x430.png' width='1500' height='430' title='URLUS' alt=''  itemprop=\"thumbnailUrl\"   \/><\/div><\/li><\/ul><\/div><\/div><div id='after_full_slider_1'  class='main_color av_default_container_wrap container_wrap sidebar_right'  ><div class='container av-section-cont-open' ><div class='template-page content  av-content-small alpha units'><div class='post-entry post-entry-type-page post-entry-90'><div class='entry-content-wrapper clearfix'>\n<section  class='av_textblock_section av-kd4motik-7e65084ba0fdd5e4827cc73f4712f252 '   itemscope=\"itemscope\" itemtype=\"https:\/\/schema.org\/CreativeWork\" ><div class='avia_textblock'  itemprop=\"text\" ><h4 style=\"text-align: center;\"><em>STIFTELSE<br \/>\n<\/em><\/h4>\n<\/div><\/section>\n\n<style type=\"text\/css\" data-created_by=\"avia_inline_auto\" id=\"style-css-av-5spn6-3d3e8ead61d02f87ad7c9f2fc625dc24\">\n.flex_column.av-5spn6-3d3e8ead61d02f87ad7c9f2fc625dc24{\nborder-radius:0px 0px 0px 0px;\npadding:0px 0px 0px 0px;\n}\n<\/style>\n<div  class='flex_column av-5spn6-3d3e8ead61d02f87ad7c9f2fc625dc24 av_one_third  avia-builder-el-2  el_after_av_textblock  el_before_av_one_third  first flex_column_div av-zero-column-padding  column-top-margin'     ><p>\n<style type=\"text\/css\" data-created_by=\"avia_inline_auto\" id=\"style-css-av-4waqu-6d66ebc0d59cff9d6f7c1fe3c189de1e\">\n.avia-image-container.av-4waqu-6d66ebc0d59cff9d6f7c1fe3c189de1e img.avia_image{\nbox-shadow:none;\n}\n.avia-image-container.av-4waqu-6d66ebc0d59cff9d6f7c1fe3c189de1e .av-image-caption-overlay-center{\ncolor:#ffffff;\n}\n<\/style>\n<div  class='avia-image-container av-4waqu-6d66ebc0d59cff9d6f7c1fe3c189de1e av-styling- avia-align-center  avia-builder-el-3  el_before_av_textblock  avia-builder-el-first '   itemprop=\"image\" itemscope=\"itemscope\" itemtype=\"https:\/\/schema.org\/ImageObject\" ><div class=\"avia-image-container-inner\"><div class=\"avia-image-overlay-wrap\"><a href=\"https:\/\/urlus.fi\/index.php\/sv\/verksamhet-som-spanner-over-decennier\/historia\/\" class='avia_image'  aria-label='Suojeluskuntatalo'><img fetchpriority=\"high\" class='wp-image-481 avia-img-lazy-loading-not-481 avia_image ' src='https:\/\/urlus.fi\/wp-content\/uploads\/2020\/08\/sk-talo_urlus-495x400.png' alt='' title='Suojeluskuntatalo'  height=\"400\" width=\"495\"  itemprop=\"thumbnailUrl\"  \/><\/a><\/div><\/div><\/div><br \/>\n<section  class='av_textblock_section av-4hkym-7a6ae3ec4a920e34e0aac22e31a8b489 '   itemscope=\"itemscope\" itemtype=\"https:\/\/schema.org\/CreativeWork\" ><div class='avia_textblock'  itemprop=\"text\" ><p style=\"text-align: center;\"><strong><em><a href=\"https:\/\/urlus.fi\/index.php\/sv\/verksamhet-som-spanner-over-decennier\/historia\/\">Urlus-Stiftelse<\/a><br \/>\n<\/em><\/strong><em>&#8221;Verksamhet som sp\u00e4nner \u00f6ver decennier&#8221;<\/em><\/p>\n<\/div><\/section><\/p><\/div>\n\n<style type=\"text\/css\" data-created_by=\"avia_inline_auto\" id=\"style-css-av-5spn6-3aee37131d9263545b6e8e7b0eaee1c5\">\n.flex_column.av-5spn6-3aee37131d9263545b6e8e7b0eaee1c5{\nborder-radius:0px 0px 0px 0px;\npadding:0px 0px 0px 0px;\n}\n<\/style>\n<div  class='flex_column av-5spn6-3aee37131d9263545b6e8e7b0eaee1c5 av_one_third  avia-builder-el-5  el_after_av_one_third  el_before_av_one_third  flex_column_div av-zero-column-padding  column-top-margin'     ><p>\n<style type=\"text\/css\" data-created_by=\"avia_inline_auto\" id=\"style-css-av-4waqu-1ecddd407be35d9dd9f55d768ab20338\">\n.avia-image-container.av-4waqu-1ecddd407be35d9dd9f55d768ab20338 img.avia_image{\nbox-shadow:none;\n}\n.avia-image-container.av-4waqu-1ecddd407be35d9dd9f55d768ab20338 .av-image-caption-overlay-center{\ncolor:#ffffff;\n}\n<\/style>\n<div  class='avia-image-container av-4waqu-1ecddd407be35d9dd9f55d768ab20338 av-styling- avia-align-center  avia-builder-el-6  el_before_av_textblock  avia-builder-el-first '   itemprop=\"image\" itemscope=\"itemscope\" itemtype=\"https:\/\/schema.org\/ImageObject\" ><div class=\"avia-image-container-inner\"><div class=\"avia-image-overlay-wrap\"><a href=\"https:\/\/urlus.fi\/index.php\/sv\/understodsinfo-vilka-vi-understoder\/insatsomraden-for-understoden\/\" class='avia_image'  ><img fetchpriority=\"high\" class='wp-image-434 avia-img-lazy-loading-not-434 avia_image ' src='https:\/\/urlus.fi\/wp-content\/uploads\/2020\/08\/ots_partiolaiset-495x400.png' alt='' title=''  height=\"400\" width=\"495\"  itemprop=\"thumbnailUrl\"  \/><\/a><\/div><\/div><\/div><br \/>\n<section  class='av_textblock_section av-4hkym-7a6ae3ec4a920e34e0aac22e31a8b489 '   itemscope=\"itemscope\" itemtype=\"https:\/\/schema.org\/CreativeWork\" ><div class='avia_textblock'  itemprop=\"text\" ><p style=\"text-align: center;\"><strong><a href=\"https:\/\/urlus.fi\/index.php\/sv\/understodsinfo-vilka-vi-understoder\/insatsomraden-for-understoden\/\">Underst\u00f6dsinfo<\/a><\/strong><br \/>\n\u201d<em>Vilka vi underst\u00f6der\u201d<\/em><\/p>\n<\/div><\/section><\/p><\/div>\n\n<style type=\"text\/css\" data-created_by=\"avia_inline_auto\" id=\"style-css-av-5spn6-3aee37131d9263545b6e8e7b0eaee1c5\">\n.flex_column.av-5spn6-3aee37131d9263545b6e8e7b0eaee1c5{\nborder-radius:0px 0px 0px 0px;\npadding:0px 0px 0px 0px;\n}\n<\/style>\n<div  class='flex_column av-5spn6-3aee37131d9263545b6e8e7b0eaee1c5 av_one_third  avia-builder-el-8  el_after_av_one_third  el_before_av_hr  flex_column_div av-zero-column-padding  column-top-margin'     ><p>\n<style type=\"text\/css\" data-created_by=\"avia_inline_auto\" id=\"style-css-av-4waqu-ef1ba8c57f7626336b0a9bc84868ecea\">\n.avia-image-container.av-4waqu-ef1ba8c57f7626336b0a9bc84868ecea img.avia_image{\nbox-shadow:none;\n}\n.avia-image-container.av-4waqu-ef1ba8c57f7626336b0a9bc84868ecea .av-image-caption-overlay-center{\ncolor:#ffffff;\n}\n<\/style>\n<div  class='avia-image-container av-4waqu-ef1ba8c57f7626336b0a9bc84868ecea av-styling- avia-align-center  avia-builder-el-9  el_before_av_textblock  avia-builder-el-first '   itemprop=\"image\" itemscope=\"itemscope\" itemtype=\"https:\/\/schema.org\/ImageObject\" ><div class=\"avia-image-container-inner\"><div class=\"avia-image-overlay-wrap\"><a href=\"https:\/\/urlus.fi\/index.php\/sv\/understodsinfo-varifran-hur-och-nar-2\/vilkor-for-understod\/\" class='avia_image'  ><img fetchpriority=\"high\" class='wp-image-449 avia-img-lazy-loading-not-449 avia_image ' src='https:\/\/urlus.fi\/wp-content\/uploads\/2020\/08\/ots_avustusten_ehtoja-495x400.png' alt='' title=''  height=\"400\" width=\"495\"  itemprop=\"thumbnailUrl\"  \/><\/a><\/div><\/div><\/div><br \/>\n<section  class='av_textblock_section av-4hkym-7a6ae3ec4a920e34e0aac22e31a8b489 '   itemscope=\"itemscope\" itemtype=\"https:\/\/schema.org\/CreativeWork\" ><div class='avia_textblock'  itemprop=\"text\" ><p style=\"text-align: center;\"><strong><a href=\"https:\/\/urlus.fi\/index.php\/sv\/understodsinfo-varifran-hur-och-nar-2\/vilkor-for-understod\/\">Ans\u00f6kning<\/a><\/strong><br \/>\n\u201d<em>Varifr\u00e5n, hur och n\u00e4r&#8221;<\/em><\/p>\n<\/div><\/section><\/p><\/div>\n\n<style type=\"text\/css\" data-created_by=\"avia_inline_auto\" id=\"style-css-av-kdzyjvdj-aae7216075833647e57e89bb88a6c693\">\n#top .hr.hr-invisible.av-kdzyjvdj-aae7216075833647e57e89bb88a6c693{\nheight:40px;\n}\n<\/style>\n<div  class='hr av-kdzyjvdj-aae7216075833647e57e89bb88a6c693 hr-invisible  avia-builder-el-11  el_after_av_one_third  el_before_av_textblock '><span class='hr-inner '><span class=\"hr-inner-style\"><\/span><\/span><\/div>\n<section  class='av_textblock_section av-kd4mpes9-86481fc527827a06e2ce21c256a69bed '   itemscope=\"itemscope\" itemtype=\"https:\/\/schema.org\/CreativeWork\" ><div class='avia_textblock'  itemprop=\"text\" ><h4 style=\"text-align: center;\"><em>AKTUELT<\/em><\/h4>\n<\/div><\/section>\n\n<style type=\"text\/css\" data-created_by=\"avia_inline_auto\" id=\"style-css-av-5spn6-3d3e8ead61d02f87ad7c9f2fc625dc24\">\n.flex_column.av-5spn6-3d3e8ead61d02f87ad7c9f2fc625dc24{\nborder-radius:0px 0px 0px 0px;\npadding:0px 0px 0px 0px;\n}\n<\/style>\n<div  class='flex_column av-5spn6-3d3e8ead61d02f87ad7c9f2fc625dc24 av_one_third  avia-builder-el-13  el_after_av_textblock  el_before_av_one_third  first flex_column_div av-zero-column-padding  column-top-margin'     ><p>\n<style type=\"text\/css\" data-created_by=\"avia_inline_auto\" id=\"style-css-av-4waqu-5b703a8b6515fc8d8070cba5954719b2\">\n.avia-image-container.av-4waqu-5b703a8b6515fc8d8070cba5954719b2 img.avia_image{\nbox-shadow:none;\n}\n.avia-image-container.av-4waqu-5b703a8b6515fc8d8070cba5954719b2 .av-image-caption-overlay-center{\ncolor:#ffffff;\n}\n<\/style>\n<div  class='avia-image-container av-4waqu-5b703a8b6515fc8d8070cba5954719b2 av-styling- avia-align-center  avia-builder-el-14  el_before_av_textblock  avia-builder-el-first '   itemprop=\"image\" itemscope=\"itemscope\" itemtype=\"https:\/\/schema.org\/ImageObject\" ><div class=\"avia-image-container-inner\"><div class=\"avia-image-overlay-wrap\"><a href=\"https:\/\/urlus.fi\/index.php\/sv\/aktuelt\/antti-matti-siikala-ny-styrelseordforande-for-urlus\/\" class='avia_image'  aria-label='mikko'><img fetchpriority=\"high\" class='wp-image-2078 avia-img-lazy-loading-not-2078 avia_image ' src='https:\/\/urlus.fi\/wp-content\/uploads\/2025\/04\/anttimattisiikala_artikkeli.jpg' alt='' title='mikko'  height=\"492\" width=\"609\"  itemprop=\"thumbnailUrl\"  \/><\/a><\/div><\/div><\/div><br \/>\n<section  class='av_textblock_section av-2qf4a-a0e3da9bb8998c59e73c8a935d092680 '   itemscope=\"itemscope\" itemtype=\"https:\/\/schema.org\/CreativeWork\" ><div class='avia_textblock'  itemprop=\"text\" ><p class=\"av-special-heading-tag \" style=\"text-align: center;\"><a href=\"https:\/\/urlus.fi\/index.php\/sv\/antti-matti-siikala-ny-styrelseordforande-for-urlus\/\">Antti-Matti Siikala ny styrelseordf\u00f6rande for Urlus<\/a><\/p>\n<div class=\"special-heading-border\"><\/div>\n<\/div><\/section><\/p><\/div>\n<style type=\"text\/css\" data-created_by=\"avia_inline_auto\" id=\"style-css-av-5spn6-3aee37131d9263545b6e8e7b0eaee1c5\">\n.flex_column.av-5spn6-3aee37131d9263545b6e8e7b0eaee1c5{\nborder-radius:0px 0px 0px 0px;\npadding:0px 0px 0px 0px;\n}\n<\/style>\n<div  class='flex_column av-5spn6-3aee37131d9263545b6e8e7b0eaee1c5 av_one_third  avia-builder-el-16  el_after_av_one_third  el_before_av_one_third  flex_column_div av-zero-column-padding  column-top-margin'     ><p>\n<style type=\"text\/css\" data-created_by=\"avia_inline_auto\" id=\"style-css-av-4waqu-32351cf7e992ff58421e27a23d9bc60c\">\n.avia-image-container.av-4waqu-32351cf7e992ff58421e27a23d9bc60c img.avia_image{\nbox-shadow:none;\n}\n.avia-image-container.av-4waqu-32351cf7e992ff58421e27a23d9bc60c .av-image-caption-overlay-center{\ncolor:#ffffff;\n}\n<\/style>\n<div  class='avia-image-container av-4waqu-32351cf7e992ff58421e27a23d9bc60c av-styling- avia-align-center  avia-builder-el-17  el_before_av_textblock  avia-builder-el-first '   itemprop=\"image\" itemscope=\"itemscope\" itemtype=\"https:\/\/schema.org\/ImageObject\" ><div class=\"avia-image-container-inner\"><div class=\"avia-image-overlay-wrap\"><a href=\"https:\/\/urlus.fi\/index.php\/sv\/aktuelt\/urlusstiftelsens-bidragsbeslut-for-2025\/\" class='avia_image'  aria-label='etusivu_henkilomuutoksia'><img fetchpriority=\"high\" class='wp-image-1417 avia-img-lazy-loading-not-1417 avia_image ' src='https:\/\/urlus.fi\/wp-content\/uploads\/2023\/05\/etusivu_henkilomuutoksia.jpg' alt='' title='etusivu_henkilomuutoksia'  height=\"429\" width=\"533\"  itemprop=\"thumbnailUrl\"  \/><\/a><\/div><\/div><\/div><br \/>\n<section  class='av_textblock_section av-2qf4a-a0e3da9bb8998c59e73c8a935d092680 '   itemscope=\"itemscope\" itemtype=\"https:\/\/schema.org\/CreativeWork\" ><div class='avia_textblock'  itemprop=\"text\" ><p class=\"av-special-heading-tag \" style=\"text-align: center;\"><a href=\"https:\/\/urlus.fi\/index.php\/sv\/aktuelt\/urlusstiftelsens-bidragsbeslut-for-2025\/\">Urlusstiftelsens bidragsbeslut f\u00f6r 2025<\/a><\/p>\n<div class=\"special-heading-border\"><\/div>\n<\/div><\/section><\/p><\/div><\/p>\n\n<style type=\"text\/css\" data-created_by=\"avia_inline_auto\" id=\"style-css-av-5spn6-3aee37131d9263545b6e8e7b0eaee1c5\">\n.flex_column.av-5spn6-3aee37131d9263545b6e8e7b0eaee1c5{\nborder-radius:0px 0px 0px 0px;\npadding:0px 0px 0px 0px;\n}\n<\/style>\n<div  class='flex_column av-5spn6-3aee37131d9263545b6e8e7b0eaee1c5 av_one_third  avia-builder-el-19  el_after_av_one_third  el_before_av_one_third  flex_column_div av-zero-column-padding  column-top-margin'     ><p>\n<style type=\"text\/css\" data-created_by=\"avia_inline_auto\" id=\"style-css-av-4waqu-1ef08c8bb11dac89dd474b4722bccc77\">\n.avia-image-container.av-4waqu-1ef08c8bb11dac89dd474b4722bccc77 img.avia_image{\nbox-shadow:none;\n}\n.avia-image-container.av-4waqu-1ef08c8bb11dac89dd474b4722bccc77 .av-image-caption-overlay-center{\ncolor:#ffffff;\n}\n<\/style>\n<div  class='avia-image-container av-4waqu-1ef08c8bb11dac89dd474b4722bccc77 av-styling- avia-align-center  avia-builder-el-20  el_before_av_textblock  avia-builder-el-first '   itemprop=\"image\" itemscope=\"itemscope\" itemtype=\"https:\/\/schema.org\/ImageObject\" ><div class=\"avia-image-container-inner\"><div class=\"avia-image-overlay-wrap\"><a href=\"https:\/\/urlus.fi\/index.php\/sv\/aktuelt\/ar-2022-urlus-pris-for-frivilliga-landforsvarare\/\" class='avia_image'  aria-label='mikko_mursula_etusivu'><img fetchpriority=\"high\" class='wp-image-1939 avia-img-lazy-loading-not-1939 avia_image ' src='https:\/\/urlus.fi\/wp-content\/uploads\/2025\/02\/mikko_mursula_etusivu.jpg' alt='' title='mikko_mursula_etusivu'  height=\"326\" width=\"401\"  itemprop=\"thumbnailUrl\"  \/><\/a><\/div><\/div><\/div><br \/>\n<section  class='av_textblock_section av-4hkym-7a6ae3ec4a920e34e0aac22e31a8b489 '   itemscope=\"itemscope\" itemtype=\"https:\/\/schema.org\/CreativeWork\" ><div class='avia_textblock'  itemprop=\"text\" ><p class=\"av-special-heading-tag \" style=\"text-align: center;\"><a href=\"https:\/\/urlus.fi\/index.php\/sv\/aktuelt\/mikko-mursula-till-urlus-stiftelsens-styrelse\/\">Mikko Mursula till Urlus-stiftelsens styrelse<\/a><\/p>\n<\/div><\/section><\/p><\/div>\n\n<style type=\"text\/css\" data-created_by=\"avia_inline_auto\" id=\"style-css-av-5spn6-3d3e8ead61d02f87ad7c9f2fc625dc24\">\n.flex_column.av-5spn6-3d3e8ead61d02f87ad7c9f2fc625dc24{\nborder-radius:0px 0px 0px 0px;\npadding:0px 0px 0px 0px;\n}\n<\/style>\n<div  class='flex_column av-5spn6-3d3e8ead61d02f87ad7c9f2fc625dc24 av_one_third  avia-builder-el-22  el_after_av_one_third  el_before_av_one_third  first flex_column_div av-zero-column-padding  column-top-margin'     ><p>\n<style type=\"text\/css\" data-created_by=\"avia_inline_auto\" id=\"style-css-av-4waqu-3abc2badc14a5c50b67dd161970e03c4\">\n.avia-image-container.av-4waqu-3abc2badc14a5c50b67dd161970e03c4 img.avia_image{\nbox-shadow:none;\n}\n.avia-image-container.av-4waqu-3abc2badc14a5c50b67dd161970e03c4 .av-image-caption-overlay-center{\ncolor:#ffffff;\n}\n<\/style>\n<div  class='avia-image-container av-4waqu-3abc2badc14a5c50b67dd161970e03c4 av-styling- avia-align-center  avia-builder-el-23  el_before_av_textblock  avia-builder-el-first '   itemprop=\"image\" itemscope=\"itemscope\" itemtype=\"https:\/\/schema.org\/ImageObject\" ><div class=\"avia-image-container-inner\"><div class=\"avia-image-overlay-wrap\"><a href=\"https:\/\/urlus.fi\/index.php\/sv\/aktuelt\/2024-urlus-awards-for-fyra-idrottsklubbar\/\" class='avia_image'  aria-label='palkinnot_etusivu'><img fetchpriority=\"high\" class='wp-image-1767 avia-img-lazy-loading-not-1767 avia_image ' src='https:\/\/urlus.fi\/wp-content\/uploads\/2024\/04\/palkinnot_etusivu.png' alt='' title='palkinnot_etusivu'  height=\"400\" width=\"495\"  itemprop=\"thumbnailUrl\"  \/><\/a><\/div><\/div><\/div><br \/>\n<section  class='av_textblock_section av-2qf4a-a0e3da9bb8998c59e73c8a935d092680 '   itemscope=\"itemscope\" itemtype=\"https:\/\/schema.org\/CreativeWork\" ><div class='avia_textblock'  itemprop=\"text\" ><p style=\"text-align: center;\"><a href=\"https:\/\/urlus.fi\/index.php\/sv\/aktuelt\/2024-urlus-awards-for-fyra-idrottsklubbar\/\">2024 Urlus Awards f\u00f6r fyra idrottsklubbar<\/a><\/p>\n<\/div><\/section><\/p><\/div>\n\n<style type=\"text\/css\" data-created_by=\"avia_inline_auto\" id=\"style-css-av-5spn6-3aee37131d9263545b6e8e7b0eaee1c5\">\n.flex_column.av-5spn6-3aee37131d9263545b6e8e7b0eaee1c5{\nborder-radius:0px 0px 0px 0px;\npadding:0px 0px 0px 0px;\n}\n<\/style>\n<div  class='flex_column av-5spn6-3aee37131d9263545b6e8e7b0eaee1c5 av_one_third  avia-builder-el-25  el_after_av_one_third  el_before_av_one_third  flex_column_div av-zero-column-padding  column-top-margin'     ><p>\n<style type=\"text\/css\" data-created_by=\"avia_inline_auto\" id=\"style-css-av-4waqu-b033dee0c24deab2dd978d6a0c544024\">\n.avia-image-container.av-4waqu-b033dee0c24deab2dd978d6a0c544024 img.avia_image{\nbox-shadow:none;\n}\n.avia-image-container.av-4waqu-b033dee0c24deab2dd978d6a0c544024 .av-image-caption-overlay-center{\ncolor:#ffffff;\n}\n<\/style>\n<div  class='avia-image-container av-4waqu-b033dee0c24deab2dd978d6a0c544024 av-styling- avia-align-center  avia-builder-el-26  el_before_av_textblock  avia-builder-el-first '   itemprop=\"image\" itemscope=\"itemscope\" itemtype=\"https:\/\/schema.org\/ImageObject\" ><div class=\"avia-image-container-inner\"><div class=\"avia-image-overlay-wrap\"><a href=\"https:\/\/urlus.fi\/index.php\/sv\/aktuelt\/stiftelsens-bidragsbeslut-for-2023-fattade\/\" class='avia_image'  aria-label='etusivu_henkilomuutoksia'><img fetchpriority=\"high\" class='wp-image-1417 avia-img-lazy-loading-not-1417 avia_image ' src='https:\/\/urlus.fi\/wp-content\/uploads\/2023\/05\/etusivu_henkilomuutoksia.jpg' alt='' title='etusivu_henkilomuutoksia'  height=\"429\" width=\"533\"  itemprop=\"thumbnailUrl\"  \/><\/a><\/div><\/div><\/div><br \/>\n<section  class='av_textblock_section av-2qf4a-a0e3da9bb8998c59e73c8a935d092680 '   itemscope=\"itemscope\" itemtype=\"https:\/\/schema.org\/CreativeWork\" ><div class='avia_textblock'  itemprop=\"text\" ><p class=\"av-special-heading-tag \" style=\"text-align: center;\"><a href=\"https:\/\/urlus.fi\/index.php\/sv\/aktuelt\/stiftelsens-bidragsbeslut-for-2024\/\">Stiftelsens bidragsbeslut f\u00f6r 2024<\/a><\/p>\n<\/div><\/section><\/p><\/div>\n\n<style type=\"text\/css\" data-created_by=\"avia_inline_auto\" id=\"style-css-av-5spn6-3aee37131d9263545b6e8e7b0eaee1c5\">\n.flex_column.av-5spn6-3aee37131d9263545b6e8e7b0eaee1c5{\nborder-radius:0px 0px 0px 0px;\npadding:0px 0px 0px 0px;\n}\n<\/style>\n<div  class='flex_column av-5spn6-3aee37131d9263545b6e8e7b0eaee1c5 av_one_third  avia-builder-el-28  el_after_av_one_third  el_before_av_one_third  flex_column_div av-zero-column-padding  column-top-margin'     ><p>\n<style type=\"text\/css\" data-created_by=\"avia_inline_auto\" id=\"style-css-av-4waqu-6e23e002aeea9f7e67dc8a9923deb806\">\n.avia-image-container.av-4waqu-6e23e002aeea9f7e67dc8a9923deb806 img.avia_image{\nbox-shadow:none;\n}\n.avia-image-container.av-4waqu-6e23e002aeea9f7e67dc8a9923deb806 .av-image-caption-overlay-center{\ncolor:#ffffff;\n}\n<\/style>\n<div  class='avia-image-container av-4waqu-6e23e002aeea9f7e67dc8a9923deb806 av-styling- avia-align-center  avia-builder-el-29  el_before_av_textblock  avia-builder-el-first '   itemprop=\"image\" itemscope=\"itemscope\" itemtype=\"https:\/\/schema.org\/ImageObject\" ><div class=\"avia-image-container-inner\"><div class=\"avia-image-overlay-wrap\"><a href=\"https:\/\/urlus.fi\/index.php\/sv\/aktuelt\/stiftelsens-bidragsbeslut-for-2023-fattade\/\" class='avia_image'  aria-label='01-23_artik'><img fetchpriority=\"high\" class='wp-image-1353 avia-img-lazy-loading-not-1353 avia_image ' src='https:\/\/urlus.fi\/wp-content\/uploads\/2023\/03\/01-23_artik.png' alt='' title='01-23_artik'  height=\"432\" width=\"533\"  itemprop=\"thumbnailUrl\"  \/><\/a><\/div><\/div><\/div><br \/>\n<section  class='av_textblock_section av-2qf4a-a0e3da9bb8998c59e73c8a935d092680 '   itemscope=\"itemscope\" itemtype=\"https:\/\/schema.org\/CreativeWork\" ><div class='avia_textblock'  itemprop=\"text\" ><p class=\"av-special-heading-tag \" style=\"text-align: center;\"><a href=\"https:\/\/urlus.fi\/index.php\/sv\/aktuelt\/stiftelsens-bidragsbeslut-for-2023-fattade\/\">Stiftelsens bidragsbeslut f\u00f6r 2023 fattade<\/a><\/p>\n<\/div><\/section><\/p><\/div>\n\n<style type=\"text\/css\" data-created_by=\"avia_inline_auto\" id=\"style-css-av-5spn6-3d3e8ead61d02f87ad7c9f2fc625dc24\">\n.flex_column.av-5spn6-3d3e8ead61d02f87ad7c9f2fc625dc24{\nborder-radius:0px 0px 0px 0px;\npadding:0px 0px 0px 0px;\n}\n<\/style>\n<div  class='flex_column av-5spn6-3d3e8ead61d02f87ad7c9f2fc625dc24 av_one_third  avia-builder-el-31  el_after_av_one_third  avia-builder-el-last  first flex_column_div av-zero-column-padding  column-top-margin'     ><p>\n<style type=\"text\/css\" data-created_by=\"avia_inline_auto\" id=\"style-css-av-4waqu-9cb58968e3dbf30ed4e5f1764957dec4\">\n.avia-image-container.av-4waqu-9cb58968e3dbf30ed4e5f1764957dec4 img.avia_image{\nbox-shadow:none;\n}\n.avia-image-container.av-4waqu-9cb58968e3dbf30ed4e5f1764957dec4 .av-image-caption-overlay-center{\ncolor:#ffffff;\n}\n<\/style>\n<div  class='avia-image-container av-4waqu-9cb58968e3dbf30ed4e5f1764957dec4 av-styling- avia-align-center  avia-builder-el-32  el_before_av_textblock  avia-builder-el-first '   itemprop=\"image\" itemscope=\"itemscope\" itemtype=\"https:\/\/schema.org\/ImageObject\" ><div class=\"avia-image-container-inner\"><div class=\"avia-image-overlay-wrap\"><a href=\"https:\/\/urlus.fi\/index.php\/sv\/aktuelt\/gloggevenemang-i-maanpuolustustalo\/\" class='avia_image'  aria-label='etusivu_glogi'><img fetchpriority=\"high\" class='wp-image-1292 avia-img-lazy-loading-not-1292 avia_image ' src='https:\/\/urlus.fi\/wp-content\/uploads\/2022\/12\/etusivu_glogi.jpg' alt='' title='etusivu_glogi'  height=\"432\" width=\"533\"  itemprop=\"thumbnailUrl\"  \/><\/a><\/div><\/div><\/div><br \/>\n<section  class='av_textblock_section av-2qf4a-a0e3da9bb8998c59e73c8a935d092680 '   itemscope=\"itemscope\" itemtype=\"https:\/\/schema.org\/CreativeWork\" ><div class='avia_textblock'  itemprop=\"text\" ><p style=\"text-align: center;\"><a href=\"https:\/\/urlus.fi\/index.php\/sv\/aktuelt\/gloggevenemang-i-maanpuolustustalo\/\">Gl\u00f6ggevenemang i Maanpuolustustalo<\/a><\/p>\n<\/div><\/section><\/p><\/div>\n","protected":false},"excerpt":{"rendered":"","protected":false},"author":4,"featured_media":0,"parent":0,"menu_order":1,"comment_status":"closed","ping_status":"closed","template":"","meta":{"footnotes":""},"class_list":["post-90","page","type-page","status-publish","hentry"],"_links":{"self":[{"href":"https:\/\/urlus.fi\/index.php\/wp-json\/wp\/v2\/pages\/90","targetHints":{"allow":["GET"]}}],"collection":[{"href":"https:\/\/urlus.fi\/index.php\/wp-json\/wp\/v2\/pages"}],"about":[{"href":"https:\/\/urlus.fi\/index.php\/wp-json\/wp\/v2\/types\/page"}],"author":[{"embeddable":true,"href":"https:\/\/urlus.fi\/index.php\/wp-json\/wp\/v2\/users\/4"}],"replies":[{"embeddable":true,"href":"https:\/\/urlus.fi\/index.php\/wp-json\/wp\/v2\/comments?post=90"}],"version-history":[{"count":46,"href":"https:\/\/urlus.fi\/index.php\/wp-json\/wp\/v2\/pages\/90\/revisions"}],"predecessor-version":[{"id":2087,"href":"https:\/\/urlus.fi\/index.php\/wp-json\/wp\/v2\/pages\/90\/revisions\/2087"}],"wp:attachment":[{"href":"https:\/\/urlus.fi\/index.php\/wp-json\/wp\/v2\/media?parent=90"}],"curies":[{"name":"wp","href":"https:\/\/api.w.org\/{rel}","templated":true}]}}