{"id":811,"date":"2021-02-18T08:53:53","date_gmt":"2021-02-18T08:53:53","guid":{"rendered":"http:\/\/urlus.fi\/?page_id=811"},"modified":"2021-11-29T22:43:08","modified_gmt":"2021-11-29T22:43:08","slug":"rekordmanga-ansokan-for-bidrag-2021","status":"publish","type":"page","link":"https:\/\/urlus.fi\/index.php\/sv\/aktuelt\/rekordmanga-ansokan-for-bidrag-2021\/","title":{"rendered":"Rekordm\u00e5nga ans\u00f6kan f\u00f6r bidrag 2021"},"content":{"rendered":"<div id='full_slider_1'  class='avia-fullwidth-slider main_color avia-shadow   avia-builder-el-0  el_before_av_heading  avia-builder-el-first   container_wrap sidebar_right'  ><div  class='avia-slideshow av-16ton-52c53f8246c4cd5d51894ae98176ec7e avia-slideshow-featured av_slideshow_full avia-slide-slider av-slideshow-ui av-control-default av-slideshow-manual av-loop-once av-loop-manual-endless av-default-height-applied   avia-slideshow-1' data-slideshow-options=\"{&quot;animation&quot;:&quot;slide&quot;,&quot;autoplay&quot;:false,&quot;loop_autoplay&quot;:&quot;once&quot;,&quot;interval&quot;:5,&quot;loop_manual&quot;:&quot;manual-endless&quot;,&quot;autoplay_stopper&quot;:false,&quot;noNavigation&quot;:false,&quot;bg_slider&quot;:false,&quot;keep_padding&quot;:false,&quot;hoverpause&quot;:false,&quot;show_slide_delay&quot;:0}\"  itemprop=\"image\" itemscope=\"itemscope\" itemtype=\"https:\/\/schema.org\/ImageObject\" ><ul class='avia-slideshow-inner ' style='padding-bottom: 28.666666666667%;'><li  class='avia-slideshow-slide av-16ton-52c53f8246c4cd5d51894ae98176ec7e__0  av-single-slide slide-1 slide-odd'><div data-rel='slideshow-1' class='avia-slide-wrap '   ><img fetchpriority=\"high\" class=\"wp-image-764 avia-img-lazy-loading-not-764\"  src='https:\/\/urlus.fi\/wp-content\/uploads\/2021\/01\/sahly_porinprikaati-1500x430.png' width='1500' height='430' title='sahly_porinprikaati' alt=''  itemprop=\"thumbnailUrl\"   \/><\/div><\/li><\/ul><\/div><\/div><div id='after_full_slider_1'  class='main_color av_default_container_wrap container_wrap sidebar_right'  ><div class='container av-section-cont-open' ><div class='template-page content  av-content-small alpha units'><div class='post-entry post-entry-type-page post-entry-811'><div class='entry-content-wrapper clearfix'>\n\n<style type=\"text\/css\" data-created_by=\"avia_inline_auto\" id=\"style-css-av-klammdpp-a9a1b4d3e2d81fc431a6fac6b4624f65\">\n#top .av-special-heading.av-klammdpp-a9a1b4d3e2d81fc431a6fac6b4624f65{\npadding-bottom:10px;\n}\nbody .av-special-heading.av-klammdpp-a9a1b4d3e2d81fc431a6fac6b4624f65 .av-special-heading-tag .heading-char{\nfont-size:25px;\n}\n.av-special-heading.av-klammdpp-a9a1b4d3e2d81fc431a6fac6b4624f65 .av-subheading{\nfont-size:15px;\n}\n<\/style>\n<div  class='av-special-heading av-klammdpp-a9a1b4d3e2d81fc431a6fac6b4624f65 av-special-heading-h3  avia-builder-el-1  el_after_av_slideshow_full  el_before_av_two_third  avia-builder-el-first '><h3 class='av-special-heading-tag'  itemprop=\"headline\"  >Rekordm\u00e5nga ans\u00f6kan f\u00f6r bidrag 2021<\/h3><div class=\"special-heading-border\"><div class=\"special-heading-inner-border\"><\/div><\/div><\/div>\n\n<style type=\"text\/css\" data-created_by=\"avia_inline_auto\" id=\"style-css-av-efox7-e5d82cd4011fde4b7fa00bfe5c6cf7c2\">\n.flex_column.av-efox7-e5d82cd4011fde4b7fa00bfe5c6cf7c2{\nborder-radius:0px 0px 0px 0px;\npadding:0px 0px 0px 0px;\n}\n<\/style>\n<div  class='flex_column av-efox7-e5d82cd4011fde4b7fa00bfe5c6cf7c2 av_two_third  avia-builder-el-2  el_after_av_heading  el_before_av_one_third  first flex_column_div av-zero-column-padding  '     ><section  class='av_textblock_section av-kd3glxa1-278439855b147618e591e7e2b9138072 '   itemscope=\"itemscope\" itemtype=\"https:\/\/schema.org\/CreativeWork\" ><div class='avia_textblock'  itemprop=\"text\" ><p>Inom ans\u00f6kningstiden som st\u00e4ngdes vid \u00e5rsskiftet hade 149 ans\u00f6kningar f\u00f6r bidrag kommit in. Det \u00e4r en stegring p\u00e5 \u00f6ver 60 procent j\u00e4mf\u00f6rt med i ifjol.<\/p>\n<p>De flesta ans\u00f6kningar angick barn- och ungdoms idrottsverksamhet. De mest sannolika orsak till detta var Helsingin Sanomats artikel p\u00e5 idrottssidorna i november, stiftelsens positiva bild i artikeln, f\u00f6rnyade hemsidor, och utmaningar som korona st\u00e4llde f\u00f6r flera f\u00f6reningar och f\u00f6rbund.<\/p>\n<p>Fast stiftelsens styrelse hade best\u00e4md sig att \u00f6ka den \u00e5rliga st\u00f6dsumman, sk\u00e4rptes ans\u00f6kningskriterierna p\u00e5 grund av \u00f6kat antal ans\u00f6kningar. Beslut om bidrag g\u00f6rs enligt stiftelsens bidragsstrategi, tidigare samarbete, ans\u00f6kningens aktualitet och inneh\u00e5ll.<\/p>\n<p>Besluten g\u00f6rs efter f\u00f6rberedande fasen i styrelsens m\u00f6ten i b\u00f6rjan av mars, varefter besluten meddelas s\u00f6kanden.<\/p>\n<p><strong>Stiftelsens system f\u00f6r ans\u00f6kan om bidrag \u00f6ppnas 1.10.2021.<\/strong><\/p>\n<p>Stiftelsens styrelse \u00f6nskar alla en framg\u00e5ngsrik b\u00f6rjan p\u00e5 det nya \u00e5ret i v\u00e5rt viktiga arbete f\u00f6r fosterlandet och dess medborgare<\/p>\n<\/div><\/section><\/div>\n<style type=\"text\/css\" data-created_by=\"avia_inline_auto\" id=\"style-css-av-8q9uz-58311d9c53e6f48acd0eb9a8fcc57d7c\">\n.flex_column.av-8q9uz-58311d9c53e6f48acd0eb9a8fcc57d7c{\nborder-radius:0px 0px 0px 0px;\npadding:0px 0px 0px 0px;\n}\n<\/style>\n<div  class='flex_column av-8q9uz-58311d9c53e6f48acd0eb9a8fcc57d7c av_one_third  avia-builder-el-4  el_after_av_two_third  avia-builder-el-last  flex_column_div av-zero-column-padding  '     ><style type=\"text\/css\" data-created_by=\"avia_inline_auto\" id=\"style-css-av-kext4mqt-b538b3cb93cefbae8e5d4a9786c6efff\">\n.avia-image-container.av-kext4mqt-b538b3cb93cefbae8e5d4a9786c6efff img.avia_image{\nbox-shadow:none;\n}\n.avia-image-container.av-kext4mqt-b538b3cb93cefbae8e5d4a9786c6efff .av-image-caption-overlay-center{\ncolor:#ffffff;\n}\n<\/style>\n<div  class='avia-image-container av-kext4mqt-b538b3cb93cefbae8e5d4a9786c6efff av-styling- avia-align-center  avia-builder-el-5  avia-builder-el-no-sibling '   itemprop=\"image\" itemscope=\"itemscope\" itemtype=\"https:\/\/schema.org\/ImageObject\" ><div class=\"avia-image-container-inner\"><div class=\"avia-image-overlay-wrap\"><img fetchpriority=\"high\" class='wp-image-767 avia-img-lazy-loading-not-767 avia_image ' src='https:\/\/urlus.fi\/wp-content\/uploads\/2021\/01\/sahly_pienois.png' alt='' title='sahly_pienois'  height=\"430\" width=\"787\"  itemprop=\"thumbnailUrl\"  \/><\/div><\/div><\/div><\/div><\/p>\n","protected":false},"excerpt":{"rendered":"","protected":false},"author":4,"featured_media":0,"parent":135,"menu_order":6,"comment_status":"closed","ping_status":"closed","template":"","meta":{"footnotes":""},"class_list":["post-811","page","type-page","status-publish","hentry"],"_links":{"self":[{"href":"https:\/\/urlus.fi\/index.php\/wp-json\/wp\/v2\/pages\/811","targetHints":{"allow":["GET"]}}],"collection":[{"href":"https:\/\/urlus.fi\/index.php\/wp-json\/wp\/v2\/pages"}],"about":[{"href":"https:\/\/urlus.fi\/index.php\/wp-json\/wp\/v2\/types\/page"}],"author":[{"embeddable":true,"href":"https:\/\/urlus.fi\/index.php\/wp-json\/wp\/v2\/users\/4"}],"replies":[{"embeddable":true,"href":"https:\/\/urlus.fi\/index.php\/wp-json\/wp\/v2\/comments?post=811"}],"version-history":[{"count":2,"href":"https:\/\/urlus.fi\/index.php\/wp-json\/wp\/v2\/pages\/811\/revisions"}],"predecessor-version":[{"id":813,"href":"https:\/\/urlus.fi\/index.php\/wp-json\/wp\/v2\/pages\/811\/revisions\/813"}],"up":[{"embeddable":true,"href":"https:\/\/urlus.fi\/index.php\/wp-json\/wp\/v2\/pages\/135"}],"wp:attachment":[{"href":"https:\/\/urlus.fi\/index.php\/wp-json\/wp\/v2\/media?parent=811"}],"curies":[{"name":"wp","href":"https:\/\/api.w.org\/{rel}","templated":true}]}}