{"id":805,"date":"2021-02-18T08:44:00","date_gmt":"2021-02-18T08:44:00","guid":{"rendered":"http:\/\/urlus.fi\/?page_id=805"},"modified":"2021-11-29T22:42:54","modified_gmt":"2021-11-29T22:42:54","slug":"det-har-arets-urlus-priset-ar-20-000-fotbollar-for-barnen","status":"publish","type":"page","link":"https:\/\/urlus.fi\/index.php\/sv\/aktuelt\/det-har-arets-urlus-priset-ar-20-000-fotbollar-for-barnen\/","title":{"rendered":"Det h\u00e4r \u00e5rets Urlus priset \u00e4r 20 000 fotbollar f\u00f6r barnen"},"content":{"rendered":"<div id='full_slider_1'  class='avia-fullwidth-slider main_color avia-shadow   avia-builder-el-0  el_before_av_heading  avia-builder-el-first   container_wrap sidebar_right'  ><div  class='avia-slideshow av-16ton-52c53f8246c4cd5d51894ae98176ec7e avia-slideshow-featured av_slideshow_full avia-slide-slider av-slideshow-ui av-control-default av-slideshow-manual av-loop-once av-loop-manual-endless av-default-height-applied   avia-slideshow-1' data-slideshow-options=\"{&quot;animation&quot;:&quot;slide&quot;,&quot;autoplay&quot;:false,&quot;loop_autoplay&quot;:&quot;once&quot;,&quot;interval&quot;:5,&quot;loop_manual&quot;:&quot;manual-endless&quot;,&quot;autoplay_stopper&quot;:false,&quot;noNavigation&quot;:false,&quot;bg_slider&quot;:false,&quot;keep_padding&quot;:false,&quot;hoverpause&quot;:false,&quot;show_slide_delay&quot;:0}\"  itemprop=\"image\" itemscope=\"itemscope\" itemtype=\"https:\/\/schema.org\/ImageObject\" ><ul class='avia-slideshow-inner ' style='padding-bottom: 28.666666666667%;'><li  class='avia-slideshow-slide av-16ton-52c53f8246c4cd5d51894ae98176ec7e__0  av-single-slide slide-1 slide-odd'><div data-rel='slideshow-1' class='avia-slide-wrap '   ><img fetchpriority=\"high\" class=\"wp-image-792 avia-img-lazy-loading-not-792\"  src='https:\/\/urlus.fi\/wp-content\/uploads\/2021\/02\/otsakekuva_20000_jalkapalloa-1500x430.png' width='1500' height='430' title='otsakekuva_20000_jalkapalloa' alt=''  itemprop=\"thumbnailUrl\"   \/><\/div><\/li><\/ul><\/div><\/div><div id='after_full_slider_1'  class='main_color av_default_container_wrap container_wrap sidebar_right'  ><div class='container av-section-cont-open' ><div class='template-page content  av-content-small alpha units'><div class='post-entry post-entry-type-page post-entry-805'><div class='entry-content-wrapper clearfix'>\n\n<style type=\"text\/css\" data-created_by=\"avia_inline_auto\" id=\"style-css-av-klama2xw-74f063ffa4231bc43ecd3d3f37898816\">\n#top .av-special-heading.av-klama2xw-74f063ffa4231bc43ecd3d3f37898816{\npadding-bottom:10px;\n}\nbody .av-special-heading.av-klama2xw-74f063ffa4231bc43ecd3d3f37898816 .av-special-heading-tag .heading-char{\nfont-size:25px;\n}\n.av-special-heading.av-klama2xw-74f063ffa4231bc43ecd3d3f37898816 .av-subheading{\nfont-size:15px;\n}\n<\/style>\n<div  class='av-special-heading av-klama2xw-74f063ffa4231bc43ecd3d3f37898816 av-special-heading-h3  avia-builder-el-1  el_after_av_slideshow_full  el_before_av_two_third  avia-builder-el-first '><h3 class='av-special-heading-tag'  itemprop=\"headline\"  >Det h\u00e4r \u00e5rets Urlus priset \u00e4r 20 000 fotbollar f\u00f6r barnen<\/h3><div class=\"special-heading-border\"><div class=\"special-heading-inner-border\"><\/div><\/div><\/div>\n\n<style type=\"text\/css\" data-created_by=\"avia_inline_auto\" id=\"style-css-av-efox7-e5d82cd4011fde4b7fa00bfe5c6cf7c2\">\n.flex_column.av-efox7-e5d82cd4011fde4b7fa00bfe5c6cf7c2{\nborder-radius:0px 0px 0px 0px;\npadding:0px 0px 0px 0px;\n}\n<\/style>\n<div  class='flex_column av-efox7-e5d82cd4011fde4b7fa00bfe5c6cf7c2 av_two_third  avia-builder-el-2  el_after_av_heading  el_before_av_one_third  first flex_column_div av-zero-column-padding  '     ><section  class='av_textblock_section av-kd3glxa1-278439855b147618e591e7e2b9138072 '   itemscope=\"itemscope\" itemtype=\"https:\/\/schema.org\/CreativeWork\" ><div class='avia_textblock'  itemprop=\"text\" ><p>Den \u00e5rliga Urlus-stiftelsens pris som delats ut i \u00e5r ges till Finlands Bollf\u00f6rbund f\u00f6r att motivera barnens motion. Urlus-priset som publicerades m\u00e5ndagen den 15 februari har ett v\u00e4rde p\u00e5 100\u00a0000 euro och \u00e4r det st\u00f6rsta priset i Stiftelsens historia.<\/p>\n<p>Med priset skaffar Bollf\u00f6rbundet \u00f6ver 20\u00a0000 mjukfotbollar. Bollarna delats ut via f\u00f6reningar i hela landet till pojkar och flickor som \u00e4r i f\u00f6rskolan.<\/p>\n<p>Avsikten med priset \u00e4r att motivera barn att r\u00f6ra p\u00e5 sig och att f\u00e5 familjer och f\u00f6rskolor att motivera barn till motion. Bollen \u00e4r mjuk och \u00e4r i passlig storlek f\u00f6r barn. F\u00f6r att dela ut pris och att organisera mindre idrottstillf\u00e4llen, ska de lokala fotbollsf\u00f6reningarna ta kontakt hemkommunens daghem.<\/p>\n<p>Ut\u00f6ver Urlus-priset beviljar stiftelse bidrag f\u00f6r ungef\u00e4r 2 miljoner euro. Ett s\u00e4rskilt tema \u00e4r att motivera barn och unga r\u00f6ra p\u00e5 sig, och det h\u00e4r priset passar utm\u00e4rkt till \u00e4ndam\u00e5let.<\/p>\n<\/div><\/section><\/div>\n<style type=\"text\/css\" data-created_by=\"avia_inline_auto\" id=\"style-css-av-8q9uz-58311d9c53e6f48acd0eb9a8fcc57d7c\">\n.flex_column.av-8q9uz-58311d9c53e6f48acd0eb9a8fcc57d7c{\nborder-radius:0px 0px 0px 0px;\npadding:0px 0px 0px 0px;\n}\n<\/style>\n<div  class='flex_column av-8q9uz-58311d9c53e6f48acd0eb9a8fcc57d7c av_one_third  avia-builder-el-4  el_after_av_two_third  avia-builder-el-last  flex_column_div av-zero-column-padding  '     ><style type=\"text\/css\" data-created_by=\"avia_inline_auto\" id=\"style-css-av-kext4mqt-7a3abaa139c89598a8845b9a5bcfff5b\">\n.avia-image-container.av-kext4mqt-7a3abaa139c89598a8845b9a5bcfff5b img.avia_image{\nbox-shadow:none;\n}\n.avia-image-container.av-kext4mqt-7a3abaa139c89598a8845b9a5bcfff5b .av-image-caption-overlay-center{\ncolor:#ffffff;\n}\n<\/style>\n<div  class='avia-image-container av-kext4mqt-7a3abaa139c89598a8845b9a5bcfff5b av-styling- avia-align-center  avia-builder-el-5  avia-builder-el-no-sibling '   itemprop=\"image\" itemscope=\"itemscope\" itemtype=\"https:\/\/schema.org\/ImageObject\" ><div class=\"avia-image-container-inner\"><div class=\"avia-image-overlay-wrap\"><img fetchpriority=\"high\" class='wp-image-793 avia-img-lazy-loading-not-793 avia_image ' src='https:\/\/urlus.fi\/wp-content\/uploads\/2021\/02\/pikkukuva_20000_jalkapalloa.png' alt='' title='pikkukuva_20000_jalkapalloa'  height=\"430\" width=\"787\"  itemprop=\"thumbnailUrl\"  \/><\/div><\/div><\/div><\/div><\/p>\n","protected":false},"excerpt":{"rendered":"","protected":false},"author":4,"featured_media":793,"parent":135,"menu_order":5,"comment_status":"closed","ping_status":"closed","template":"","meta":{"footnotes":""},"class_list":["post-805","page","type-page","status-publish","has-post-thumbnail","hentry"],"_links":{"self":[{"href":"https:\/\/urlus.fi\/index.php\/wp-json\/wp\/v2\/pages\/805","targetHints":{"allow":["GET"]}}],"collection":[{"href":"https:\/\/urlus.fi\/index.php\/wp-json\/wp\/v2\/pages"}],"about":[{"href":"https:\/\/urlus.fi\/index.php\/wp-json\/wp\/v2\/types\/page"}],"author":[{"embeddable":true,"href":"https:\/\/urlus.fi\/index.php\/wp-json\/wp\/v2\/users\/4"}],"replies":[{"embeddable":true,"href":"https:\/\/urlus.fi\/index.php\/wp-json\/wp\/v2\/comments?post=805"}],"version-history":[{"count":3,"href":"https:\/\/urlus.fi\/index.php\/wp-json\/wp\/v2\/pages\/805\/revisions"}],"predecessor-version":[{"id":809,"href":"https:\/\/urlus.fi\/index.php\/wp-json\/wp\/v2\/pages\/805\/revisions\/809"}],"up":[{"embeddable":true,"href":"https:\/\/urlus.fi\/index.php\/wp-json\/wp\/v2\/pages\/135"}],"wp:featuredmedia":[{"embeddable":true,"href":"https:\/\/urlus.fi\/index.php\/wp-json\/wp\/v2\/media\/793"}],"wp:attachment":[{"href":"https:\/\/urlus.fi\/index.php\/wp-json\/wp\/v2\/media?parent=805"}],"curies":[{"name":"wp","href":"https:\/\/api.w.org\/{rel}","templated":true}]}}