{"id":789,"date":"2021-02-16T07:18:44","date_gmt":"2021-02-16T07:18:44","guid":{"rendered":"http:\/\/urlus.fi\/?page_id=789"},"modified":"2022-04-13T14:46:55","modified_gmt":"2022-04-13T14:46:55","slug":"urluksen-vuotuinen-avustussumma-ennatyssuuri-2","status":"publish","type":"page","link":"https:\/\/urlus.fi\/index.php\/ajankohtaista\/urluksen-vuotuinen-avustussumma-ennatyssuuri-2\/","title":{"rendered":"Urluksen vuotuinen avustussumma enn\u00e4tyssuuri"},"content":{"rendered":"<div id='full_slider_1'  class='avia-fullwidth-slider main_color avia-shadow   avia-builder-el-0  el_before_av_heading  avia-builder-el-first   container_wrap sidebar_right'  ><div  class='avia-slideshow av-16ton-52c53f8246c4cd5d51894ae98176ec7e avia-slideshow-featured av_slideshow_full avia-slide-slider av-slideshow-ui av-control-default av-slideshow-manual av-loop-once av-loop-manual-endless av-default-height-applied   avia-slideshow-1' data-slideshow-options=\"{&quot;animation&quot;:&quot;slide&quot;,&quot;autoplay&quot;:false,&quot;loop_autoplay&quot;:&quot;once&quot;,&quot;interval&quot;:5,&quot;loop_manual&quot;:&quot;manual-endless&quot;,&quot;autoplay_stopper&quot;:false,&quot;noNavigation&quot;:false,&quot;bg_slider&quot;:false,&quot;keep_padding&quot;:false,&quot;hoverpause&quot;:false,&quot;show_slide_delay&quot;:0}\"  itemprop=\"image\" itemscope=\"itemscope\" itemtype=\"https:\/\/schema.org\/ImageObject\" ><ul class='avia-slideshow-inner ' style='padding-bottom: 28.666666666667%;'><li  class='avia-slideshow-slide av-16ton-52c53f8246c4cd5d51894ae98176ec7e__0  av-single-slide slide-1 slide-odd'><div data-rel='slideshow-1' class='avia-slide-wrap '   ><img fetchpriority=\"high\" class=\"wp-image-862 avia-img-lazy-loading-not-862\"  src='https:\/\/urlus.fi\/wp-content\/uploads\/2021\/04\/header_ennatysmaara-1500x430.png' width='1500' height='430' title='header_ennatysmaara' alt=''  itemprop=\"thumbnailUrl\"   \/><\/div><\/li><\/ul><\/div><\/div><div id='after_full_slider_1'  class='main_color av_default_container_wrap container_wrap sidebar_right'  ><div class='container av-section-cont-open' ><div class='template-page content  av-content-small alpha units'><div class='post-entry post-entry-type-page post-entry-789'><div class='entry-content-wrapper clearfix'>\n\n<style type=\"text\/css\" data-created_by=\"avia_inline_auto\" id=\"style-css-av-av_heading-fff1fa3eff1230a98ace3befcfa9fc72\">\n#top .av-special-heading.av-av_heading-fff1fa3eff1230a98ace3befcfa9fc72{\npadding-bottom:10px;\n}\nbody .av-special-heading.av-av_heading-fff1fa3eff1230a98ace3befcfa9fc72 .av-special-heading-tag .heading-char{\nfont-size:25px;\n}\n.av-special-heading.av-av_heading-fff1fa3eff1230a98ace3befcfa9fc72 .av-subheading{\nfont-size:15px;\n}\n<\/style>\n<div  class='av-special-heading av-av_heading-fff1fa3eff1230a98ace3befcfa9fc72 av-special-heading-h3  avia-builder-el-1  el_after_av_slideshow_full  el_before_av_two_third  avia-builder-el-first '><h3 class='av-special-heading-tag'  itemprop=\"headline\"  >Urluksen vuotuinen avustussumma enn\u00e4tyssuuri<\/h3><div class=\"special-heading-border\"><div class=\"special-heading-inner-border\"><\/div><\/div><\/div>\n\n<style type=\"text\/css\" data-created_by=\"avia_inline_auto\" id=\"style-css-av-efox7-e5d82cd4011fde4b7fa00bfe5c6cf7c2\">\n.flex_column.av-efox7-e5d82cd4011fde4b7fa00bfe5c6cf7c2{\nborder-radius:0px 0px 0px 0px;\npadding:0px 0px 0px 0px;\n}\n<\/style>\n<div  class='flex_column av-efox7-e5d82cd4011fde4b7fa00bfe5c6cf7c2 av_two_third  avia-builder-el-2  el_after_av_heading  el_before_av_one_third  first flex_column_div av-zero-column-padding  '     ><section  class='av_textblock_section av-kd3glxa1-278439855b147618e591e7e2b9138072 '   itemscope=\"itemscope\" itemtype=\"https:\/\/schema.org\/CreativeWork\" ><div class='avia_textblock'  itemprop=\"text\" ><p>Kaikkiaan avustussumma kohosi vuonna 2021 l\u00e4hes kahteen miljoonaan euroon. Kasvua edellisvuodesta oli noin 11%. Viimeisten 5 vuoden aikana S\u00e4\u00e4ti\u00f6n avustussumma on kasvanut l\u00e4hes 60% ja tuki tuona aikana on ollut yli 8 miljoonaa euroa.<\/p>\n<p>Tuettavien yhdistysten m\u00e4\u00e4r\u00e4 kohosi my\u00f6s enn\u00e4tysm\u00e4isesti ja oli nyt per\u00e4ti 114. Samalla lis\u00e4\u00e4ntyi kohderyhmien kirjo ja uusia lajeja ja harrastuksia tuli S\u00e4\u00e4ti\u00f6n tuen piiriin. Uusina lajeina liikuntapuolella voidaan mainita mm. taitoluistelu ja uinti.<\/p>\n<p>T\u00e4m\u00e4n vuoden avustuskohteet l\u00f6ytyv\u00e4t kotisivujemme kohdasta <a href=\"https:\/\/urlus.fi\/index.php\/avustustietoa\/avustuspaatokset\/\">Avustustietoa\/Avustusp\u00e4\u00e4t\u00f6kset<\/a>.<\/p>\n<\/div><\/section><\/div>\n\n<style type=\"text\/css\" data-created_by=\"avia_inline_auto\" id=\"style-css-av-8q9uz-58311d9c53e6f48acd0eb9a8fcc57d7c\">\n.flex_column.av-8q9uz-58311d9c53e6f48acd0eb9a8fcc57d7c{\nborder-radius:0px 0px 0px 0px;\npadding:0px 0px 0px 0px;\n}\n<\/style>\n<div  class='flex_column av-8q9uz-58311d9c53e6f48acd0eb9a8fcc57d7c av_one_third  avia-builder-el-4  el_after_av_two_third  avia-builder-el-last  flex_column_div av-zero-column-padding  '     ><style type=\"text\/css\" data-created_by=\"avia_inline_auto\" id=\"style-css-av-kext4mqt-a0e346bcef22168b768bc851dd5764e8\">\n.avia-image-container.av-kext4mqt-a0e346bcef22168b768bc851dd5764e8 img.avia_image{\nbox-shadow:none;\n}\n.avia-image-container.av-kext4mqt-a0e346bcef22168b768bc851dd5764e8 .av-image-caption-overlay-center{\ncolor:#ffffff;\n}\n<\/style>\n<div  class='avia-image-container av-kext4mqt-a0e346bcef22168b768bc851dd5764e8 av-styling- avia-align-center  avia-builder-el-5  avia-builder-el-no-sibling '   itemprop=\"image\" itemscope=\"itemscope\" itemtype=\"https:\/\/schema.org\/ImageObject\" ><div class=\"avia-image-container-inner\"><div class=\"avia-image-overlay-wrap\"><img fetchpriority=\"high\" class='wp-image-863 avia-img-lazy-loading-not-863 avia_image ' src='https:\/\/urlus.fi\/wp-content\/uploads\/2021\/04\/kuvituskuva_ennatysmaara.png' alt='' title='kuvituskuva_ennatysmaara'  height=\"430\" width=\"787\"  itemprop=\"thumbnailUrl\"  \/><\/div><\/div><\/div><\/div>\n","protected":false},"excerpt":{"rendered":"","protected":false},"author":4,"featured_media":793,"parent":47,"menu_order":5,"comment_status":"closed","ping_status":"closed","template":"","meta":{"footnotes":""},"class_list":["post-789","page","type-page","status-publish","has-post-thumbnail","hentry"],"_links":{"self":[{"href":"https:\/\/urlus.fi\/index.php\/wp-json\/wp\/v2\/pages\/789","targetHints":{"allow":["GET"]}}],"collection":[{"href":"https:\/\/urlus.fi\/index.php\/wp-json\/wp\/v2\/pages"}],"about":[{"href":"https:\/\/urlus.fi\/index.php\/wp-json\/wp\/v2\/types\/page"}],"author":[{"embeddable":true,"href":"https:\/\/urlus.fi\/index.php\/wp-json\/wp\/v2\/users\/4"}],"replies":[{"embeddable":true,"href":"https:\/\/urlus.fi\/index.php\/wp-json\/wp\/v2\/comments?post=789"}],"version-history":[{"count":5,"href":"https:\/\/urlus.fi\/index.php\/wp-json\/wp\/v2\/pages\/789\/revisions"}],"predecessor-version":[{"id":888,"href":"https:\/\/urlus.fi\/index.php\/wp-json\/wp\/v2\/pages\/789\/revisions\/888"}],"up":[{"embeddable":true,"href":"https:\/\/urlus.fi\/index.php\/wp-json\/wp\/v2\/pages\/47"}],"wp:featuredmedia":[{"embeddable":true,"href":"https:\/\/urlus.fi\/index.php\/wp-json\/wp\/v2\/media\/793"}],"wp:attachment":[{"href":"https:\/\/urlus.fi\/index.php\/wp-json\/wp\/v2\/media?parent=789"}],"curies":[{"name":"wp","href":"https:\/\/api.w.org\/{rel}","templated":true}]}}