{"id":741,"date":"2020-09-28T13:10:05","date_gmt":"2020-09-28T13:10:05","guid":{"rendered":"http:\/\/urlus.fi\/?page_id=741"},"modified":"2021-11-29T22:38:08","modified_gmt":"2021-11-29T22:38:08","slug":"stiftelsen-fornyade-sin-webbplats","status":"publish","type":"page","link":"https:\/\/urlus.fi\/index.php\/sv\/aktuelt\/stiftelsen-fornyade-sin-webbplats\/","title":{"rendered":"Stiftelsen f\u00f6rnyade sin webbplats"},"content":{"rendered":"<div id='full_slider_1'  class='avia-fullwidth-slider main_color avia-shadow   avia-builder-el-0  el_before_av_heading  avia-builder-el-first   container_wrap sidebar_right'  ><div  class='avia-slideshow av-16ton-52c53f8246c4cd5d51894ae98176ec7e avia-slideshow-featured av_slideshow_full avia-slide-slider av-slideshow-ui av-control-default av-slideshow-manual av-loop-once av-loop-manual-endless av-default-height-applied   avia-slideshow-1' data-slideshow-options=\"{&quot;animation&quot;:&quot;slide&quot;,&quot;autoplay&quot;:false,&quot;loop_autoplay&quot;:&quot;once&quot;,&quot;interval&quot;:5,&quot;loop_manual&quot;:&quot;manual-endless&quot;,&quot;autoplay_stopper&quot;:false,&quot;noNavigation&quot;:false,&quot;bg_slider&quot;:false,&quot;keep_padding&quot;:false,&quot;hoverpause&quot;:false,&quot;show_slide_delay&quot;:0}\"  itemprop=\"image\" itemscope=\"itemscope\" itemtype=\"https:\/\/schema.org\/ImageObject\" ><ul class='avia-slideshow-inner ' style='padding-bottom: 28.666666666667%;'><li  class='avia-slideshow-slide av-16ton-52c53f8246c4cd5d51894ae98176ec7e__0  av-single-slide slide-1 slide-odd'><div data-rel='slideshow-1' class='avia-slide-wrap '   ><img fetchpriority=\"high\" class=\"wp-image-461 avia-img-lazy-loading-not-461\"  src='https:\/\/urlus.fi\/wp-content\/uploads\/2020\/08\/ots_uudetsivut-1500x430.png' width='1500' height='430' title='Uudet sivut' alt=''  itemprop=\"thumbnailUrl\"   \/><\/div><\/li><\/ul><\/div><\/div><div id='after_full_slider_1'  class='main_color av_default_container_wrap container_wrap sidebar_right'  ><div class='container av-section-cont-open' ><div class='template-page content  av-content-small alpha units'><div class='post-entry post-entry-type-page post-entry-741'><div class='entry-content-wrapper clearfix'>\n\n<style type=\"text\/css\" data-created_by=\"avia_inline_auto\" id=\"style-css-av-kfmjubpr-092a4066a52c5fee6ed4c32fbc99aac2\">\n#top .av-special-heading.av-kfmjubpr-092a4066a52c5fee6ed4c32fbc99aac2{\npadding-bottom:10px;\n}\nbody .av-special-heading.av-kfmjubpr-092a4066a52c5fee6ed4c32fbc99aac2 .av-special-heading-tag .heading-char{\nfont-size:25px;\n}\n.av-special-heading.av-kfmjubpr-092a4066a52c5fee6ed4c32fbc99aac2 .av-subheading{\nfont-size:15px;\n}\n<\/style>\n<div  class='av-special-heading av-kfmjubpr-092a4066a52c5fee6ed4c32fbc99aac2 av-special-heading-h3  avia-builder-el-1  el_after_av_slideshow_full  el_before_av_three_fifth  avia-builder-el-first '><h3 class='av-special-heading-tag'  itemprop=\"headline\"  >Stiftelsen f\u00f6rnyade sin webbplats<\/h3><div class=\"special-heading-border\"><div class=\"special-heading-inner-border\"><\/div><\/div><\/div>\n\n<style type=\"text\/css\" data-created_by=\"avia_inline_auto\" id=\"style-css-av-vir1-92c04de790cc5b24a94197cd58ed0a0c\">\n.flex_column.av-vir1-92c04de790cc5b24a94197cd58ed0a0c{\nborder-radius:0px 0px 0px 0px;\npadding:0px 0px 0px 0px;\n}\n<\/style>\n<div  class='flex_column av-vir1-92c04de790cc5b24a94197cd58ed0a0c av_three_fifth  avia-builder-el-2  el_after_av_heading  el_before_av_one_third  first flex_column_div av-zero-column-padding  '     ><section  class='av_textblock_section av-kd4cl324-4a5a16419d2721ddb2abe705b4def30a '   itemscope=\"itemscope\" itemtype=\"https:\/\/schema.org\/CreativeWork\" ><div class='avia_textblock'  itemprop=\"text\" ><p>Stiftelsens nya webbplats togs i bruk i b\u00f6rjan av september. En av styrelsen tillsatt arbetsgrupp svarade f\u00f6r webbplatsens planering och inneh\u00e5ll. Webbplatsen byggdes av Nikolai Ylirotu fr\u00e5n Sarvikuono Design.<\/p>\n<p>Med f\u00f6r\u00e4ndringen ville man uppdatera webbplatsens visuella profil och \u00f6ka Stiftelsens transparens och kunskapen om den. Stiftelsens ombudsman v\u00e4lkomnar feedback om reformen.<\/p>\n<\/div><\/section><\/div>\n<style type=\"text\/css\" data-created_by=\"avia_inline_auto\" id=\"style-css-av-vir1-035e6f812c1c609b54b0432e8c6fe612\">\n.flex_column.av-vir1-035e6f812c1c609b54b0432e8c6fe612{\nborder-radius:0px 0px 0px 0px;\npadding:0px 0px 0px 0px;\n}\n<\/style>\n<div  class='flex_column av-vir1-035e6f812c1c609b54b0432e8c6fe612 av_one_third  avia-builder-el-4  el_after_av_three_fifth  avia-builder-el-last  flex_column_div av-zero-column-padding  '     ><style type=\"text\/css\" data-created_by=\"avia_inline_auto\" id=\"style-css-av-kext4mqt-c56eb52f3831712a999cd5460761d42c\">\n.avia-image-container.av-kext4mqt-c56eb52f3831712a999cd5460761d42c img.avia_image{\nbox-shadow:none;\n}\n.avia-image-container.av-kext4mqt-c56eb52f3831712a999cd5460761d42c .av-image-caption-overlay-center{\ncolor:#ffffff;\n}\n<\/style>\n<div  class='avia-image-container av-kext4mqt-c56eb52f3831712a999cd5460761d42c av-styling- avia-align-center  avia-builder-el-5  avia-builder-el-no-sibling '   itemprop=\"image\" itemscope=\"itemscope\" itemtype=\"https:\/\/schema.org\/ImageObject\" ><div class=\"avia-image-container-inner\"><div class=\"avia-image-overlay-wrap\"><img fetchpriority=\"high\" class='wp-image-597 avia-img-lazy-loading-not-597 avia_image ' src='https:\/\/urlus.fi\/wp-content\/uploads\/2020\/09\/Na\u0308ytto\u0308kuva-2020-9-11-kello-8.31.01.png' alt='' title='www.urlus.fi:n etusivu'  height=\"920\" width=\"660\"  itemprop=\"thumbnailUrl\"  \/><\/div><\/div><\/div><\/div><\/p>\n","protected":false},"excerpt":{"rendered":"","protected":false},"author":4,"featured_media":0,"parent":135,"menu_order":10,"comment_status":"closed","ping_status":"closed","template":"","meta":{"footnotes":""},"class_list":["post-741","page","type-page","status-publish","hentry"],"_links":{"self":[{"href":"https:\/\/urlus.fi\/index.php\/wp-json\/wp\/v2\/pages\/741","targetHints":{"allow":["GET"]}}],"collection":[{"href":"https:\/\/urlus.fi\/index.php\/wp-json\/wp\/v2\/pages"}],"about":[{"href":"https:\/\/urlus.fi\/index.php\/wp-json\/wp\/v2\/types\/page"}],"author":[{"embeddable":true,"href":"https:\/\/urlus.fi\/index.php\/wp-json\/wp\/v2\/users\/4"}],"replies":[{"embeddable":true,"href":"https:\/\/urlus.fi\/index.php\/wp-json\/wp\/v2\/comments?post=741"}],"version-history":[{"count":4,"href":"https:\/\/urlus.fi\/index.php\/wp-json\/wp\/v2\/pages\/741\/revisions"}],"predecessor-version":[{"id":803,"href":"https:\/\/urlus.fi\/index.php\/wp-json\/wp\/v2\/pages\/741\/revisions\/803"}],"up":[{"embeddable":true,"href":"https:\/\/urlus.fi\/index.php\/wp-json\/wp\/v2\/pages\/135"}],"wp:attachment":[{"href":"https:\/\/urlus.fi\/index.php\/wp-json\/wp\/v2\/media?parent=741"}],"curies":[{"name":"wp","href":"https:\/\/api.w.org\/{rel}","templated":true}]}}