{"id":714,"date":"2021-09-12T09:45:50","date_gmt":"2021-09-12T09:45:50","guid":{"rendered":"http:\/\/urlus.fi\/?page_id=714"},"modified":"2022-04-13T14:46:30","modified_gmt":"2022-04-13T14:46:30","slug":"vuoden-2022-haku-alkaa","status":"publish","type":"page","link":"https:\/\/urlus.fi\/index.php\/ajankohtaista\/vuoden-2022-haku-alkaa\/","title":{"rendered":"Vuoden 2022  haku alkaa"},"content":{"rendered":"<div id='full_slider_1'  class='avia-fullwidth-slider main_color avia-shadow   avia-builder-el-0  el_before_av_heading  avia-builder-el-first   container_wrap sidebar_right'  ><div  class='avia-slideshow av-16ton-52c53f8246c4cd5d51894ae98176ec7e avia-slideshow-featured av_slideshow_full avia-slide-slider av-slideshow-ui av-control-default av-slideshow-manual av-loop-once av-loop-manual-endless av-default-height-applied   avia-slideshow-1' data-slideshow-options=\"{&quot;animation&quot;:&quot;slide&quot;,&quot;autoplay&quot;:false,&quot;loop_autoplay&quot;:&quot;once&quot;,&quot;interval&quot;:5,&quot;loop_manual&quot;:&quot;manual-endless&quot;,&quot;autoplay_stopper&quot;:false,&quot;noNavigation&quot;:false,&quot;bg_slider&quot;:false,&quot;keep_padding&quot;:false,&quot;hoverpause&quot;:false,&quot;show_slide_delay&quot;:0}\"  itemprop=\"image\" itemscope=\"itemscope\" itemtype=\"https:\/\/schema.org\/ImageObject\" ><ul class='avia-slideshow-inner ' style='padding-bottom: 28.666666666667%;'><li  class='avia-slideshow-slide av-16ton-52c53f8246c4cd5d51894ae98176ec7e__0  av-single-slide slide-1 slide-odd'><div data-rel='slideshow-1' class='avia-slide-wrap '   ><img fetchpriority=\"high\" class=\"wp-image-719 avia-img-lazy-loading-not-719\"  src='https:\/\/urlus.fi\/wp-content\/uploads\/2020\/09\/2021_haku_alkaa-1500x430.png' width='1500' height='430' title='2021_haku_alkaa' alt=''  itemprop=\"thumbnailUrl\"   \/><\/div><\/li><\/ul><\/div><\/div><div id='after_full_slider_1'  class='main_color av_default_container_wrap container_wrap sidebar_right'  ><div class='container av-section-cont-open' ><div class='template-page content  av-content-small alpha units'><div class='post-entry post-entry-type-page post-entry-714'><div class='entry-content-wrapper clearfix'>\n\n<style type=\"text\/css\" data-created_by=\"avia_inline_auto\" id=\"style-css-av-av_heading-9dbccb9fb3e3a91aafc8392529dcd552\">\n#top .av-special-heading.av-av_heading-9dbccb9fb3e3a91aafc8392529dcd552{\npadding-bottom:10px;\n}\nbody .av-special-heading.av-av_heading-9dbccb9fb3e3a91aafc8392529dcd552 .av-special-heading-tag .heading-char{\nfont-size:25px;\n}\n.av-special-heading.av-av_heading-9dbccb9fb3e3a91aafc8392529dcd552 .av-subheading{\nfont-size:15px;\n}\n<\/style>\n<div  class='av-special-heading av-av_heading-9dbccb9fb3e3a91aafc8392529dcd552 av-special-heading-h3  avia-builder-el-1  el_after_av_slideshow_full  el_before_av_one_half  avia-builder-el-first '><h3 class='av-special-heading-tag'  itemprop=\"headline\"  >S\u00e4\u00e4ti\u00f6n avustusten hakuj\u00e4rjestelm\u00e4 aukeaa 1.10.2021<\/h3><div class=\"special-heading-border\"><div class=\"special-heading-inner-border\"><\/div><\/div><\/div>\n\n<style type=\"text\/css\" data-created_by=\"avia_inline_auto\" id=\"style-css-av-fn12i-1eff0cd4520d5f46ea1cee85cf5dff4b\">\n.flex_column.av-fn12i-1eff0cd4520d5f46ea1cee85cf5dff4b{\nborder-radius:0px 0px 0px 0px;\npadding:0px 0px 0px 0px;\n}\n<\/style>\n<div  class='flex_column av-fn12i-1eff0cd4520d5f46ea1cee85cf5dff4b av_one_half  avia-builder-el-2  el_after_av_heading  el_before_av_one_half  first flex_column_div av-zero-column-padding  '     ><p>\n<style type=\"text\/css\" data-created_by=\"avia_inline_auto\" id=\"style-css-av-kthcqpa7-6cb4d31dd40571b1ded613aa80792068\">\n#top .hr.hr-invisible.av-kthcqpa7-6cb4d31dd40571b1ded613aa80792068{\nheight:20px;\n}\n<\/style>\n<div  class='hr av-kthcqpa7-6cb4d31dd40571b1ded613aa80792068 hr-invisible  avia-builder-el-3  el_before_av_image  avia-builder-el-first '><span class='hr-inner '><span class=\"hr-inner-style\"><\/span><\/span><\/div><br \/>\n\n<style type=\"text\/css\" data-created_by=\"avia_inline_auto\" id=\"style-css-av-kext4mqt-96d79ff9b09ae7b11b607719dfae8d5e\">\n.avia-image-container.av-kext4mqt-96d79ff9b09ae7b11b607719dfae8d5e img.avia_image{\nbox-shadow:none;\n}\n.avia-image-container.av-kext4mqt-96d79ff9b09ae7b11b607719dfae8d5e .av-image-caption-overlay-center{\ncolor:#ffffff;\n}\n<\/style>\n<div  class='avia-image-container av-kext4mqt-96d79ff9b09ae7b11b607719dfae8d5e av-styling- avia-align-center  avia-builder-el-4  el_after_av_hr  avia-builder-el-last '   itemprop=\"image\" itemscope=\"itemscope\" itemtype=\"https:\/\/schema.org\/ImageObject\" ><div class=\"avia-image-container-inner\"><div class=\"avia-image-overlay-wrap\"><img fetchpriority=\"high\" class='wp-image-935 avia-img-lazy-loading-not-935 avia_image ' src='https:\/\/urlus.fi\/wp-content\/uploads\/2021\/09\/avustukset_2022.png' alt='' title='avustukset_2022'  height=\"600\" width=\"800\"  itemprop=\"thumbnailUrl\"  \/><\/div><\/div><\/div><\/p><\/div>\n\n<style type=\"text\/css\" data-created_by=\"avia_inline_auto\" id=\"style-css-av-ay7wq-4f1abd93087ddd177f431626dc006fe9\">\n.flex_column.av-ay7wq-4f1abd93087ddd177f431626dc006fe9{\nborder-radius:0px 0px 0px 0px;\npadding:0px 0px 0px 0px;\n}\n<\/style>\n<div  class='flex_column av-ay7wq-4f1abd93087ddd177f431626dc006fe9 av_one_half  avia-builder-el-5  el_after_av_one_half  avia-builder-el-last  flex_column_div av-zero-column-padding  '     ><section  class='av_textblock_section av-kd3glxa1-278439855b147618e591e7e2b9138072 '   itemscope=\"itemscope\" itemtype=\"https:\/\/schema.org\/CreativeWork\" ><div class='avia_textblock'  itemprop=\"text\" ><p>Urluksen taloudelliset mahdollisuudet tukea s\u00e4\u00e4nt\u00f6jens\u00e4 mukaisia tahoja ja toimintoja ovat parantuneet entisest\u00e4\u00e4n. S\u00e4\u00e4ti\u00f6n hallitus haluaakin rohkaista perinteisten hakijoiden lis\u00e4ksi uusia hakijoita ja innovatiivisia hakemuksia.<\/p>\n<p>Erityisen kiinnostuneina odotamme hakemuksia, joissa suunnitelmallisesti ja innokkaasti l\u00e4hdet\u00e4\u00e4n hakemaan uusia ratkaisuja koronan j\u00e4tt\u00e4m\u00e4\u00e4n harrastusnotkahdukseen.<\/p>\n<p>Ensi vuoden avustuksia voi hakea t\u00e4m\u00e4n vuoden joulukuun loppuun asti. Tarkempia ohjeita l\u00f6yd\u00e4t kotisivujemme kohdasta hakuohjeet.<\/p>\n<p><strong>Rohkeasti hakemaan!<\/strong><\/p>\n<\/div><\/section><\/div>\n","protected":false},"excerpt":{"rendered":"","protected":false},"author":4,"featured_media":0,"parent":47,"menu_order":3,"comment_status":"closed","ping_status":"closed","template":"","meta":{"footnotes":""},"class_list":["post-714","page","type-page","status-publish","hentry"],"_links":{"self":[{"href":"https:\/\/urlus.fi\/index.php\/wp-json\/wp\/v2\/pages\/714","targetHints":{"allow":["GET"]}}],"collection":[{"href":"https:\/\/urlus.fi\/index.php\/wp-json\/wp\/v2\/pages"}],"about":[{"href":"https:\/\/urlus.fi\/index.php\/wp-json\/wp\/v2\/types\/page"}],"author":[{"embeddable":true,"href":"https:\/\/urlus.fi\/index.php\/wp-json\/wp\/v2\/users\/4"}],"replies":[{"embeddable":true,"href":"https:\/\/urlus.fi\/index.php\/wp-json\/wp\/v2\/comments?post=714"}],"version-history":[{"count":11,"href":"https:\/\/urlus.fi\/index.php\/wp-json\/wp\/v2\/pages\/714\/revisions"}],"predecessor-version":[{"id":951,"href":"https:\/\/urlus.fi\/index.php\/wp-json\/wp\/v2\/pages\/714\/revisions\/951"}],"up":[{"embeddable":true,"href":"https:\/\/urlus.fi\/index.php\/wp-json\/wp\/v2\/pages\/47"}],"wp:attachment":[{"href":"https:\/\/urlus.fi\/index.php\/wp-json\/wp\/v2\/media?parent=714"}],"curies":[{"name":"wp","href":"https:\/\/api.w.org\/{rel}","templated":true}]}}