{"id":45,"date":"2020-07-26T18:57:50","date_gmt":"2020-07-26T18:57:50","guid":{"rendered":"http:\/\/urlus.fi\/?page_id=45"},"modified":"2023-09-26T06:35:51","modified_gmt":"2023-09-26T06:35:51","slug":"avustusta_hakemaan","status":"publish","type":"page","link":"https:\/\/urlus.fi\/index.php\/avustustietoa-mista-miten-ja-koska\/avustusta_hakemaan\/","title":{"rendered":"Avustusta hakemaan"},"content":{"rendered":"<div id='full_slider_1'  class='avia-fullwidth-slider main_color avia-shadow   avia-builder-el-0  el_before_av_heading  avia-builder-el-first   container_wrap sidebar_right'  ><div  class='avia-slideshow av-16ton-52c53f8246c4cd5d51894ae98176ec7e avia-slideshow-featured av_slideshow_full avia-slide-slider av-slideshow-ui av-control-default av-slideshow-manual av-loop-once av-loop-manual-endless av-default-height-applied   avia-slideshow-1' data-slideshow-options=\"{&quot;animation&quot;:&quot;slide&quot;,&quot;autoplay&quot;:false,&quot;loop_autoplay&quot;:&quot;once&quot;,&quot;interval&quot;:5,&quot;loop_manual&quot;:&quot;manual-endless&quot;,&quot;autoplay_stopper&quot;:false,&quot;noNavigation&quot;:false,&quot;bg_slider&quot;:false,&quot;keep_padding&quot;:false,&quot;hoverpause&quot;:false,&quot;show_slide_delay&quot;:0}\"  itemprop=\"image\" itemscope=\"itemscope\" itemtype=\"https:\/\/schema.org\/ImageObject\" ><ul class='avia-slideshow-inner ' style='padding-bottom: 28.666666666667%;'><li  class='avia-slideshow-slide av-16ton-52c53f8246c4cd5d51894ae98176ec7e__0  av-single-slide slide-1 slide-odd'><div data-rel='slideshow-1' class='avia-slide-wrap '   ><img fetchpriority=\"high\" class=\"wp-image-625 avia-img-lazy-loading-not-625\"  src='https:\/\/urlus.fi\/wp-content\/uploads\/2020\/09\/avustusta_hakemaan-1500x430.png' width='1500' height='430' title='avustusta_hakemaan' alt=''  itemprop=\"thumbnailUrl\"   \/><\/div><\/li><\/ul><\/div><\/div><div id='after_full_slider_1'  class='main_color av_default_container_wrap container_wrap sidebar_right'  ><div class='container av-section-cont-open' ><div class='template-page content  av-content-small alpha units'><div class='post-entry post-entry-type-page post-entry-45'><div class='entry-content-wrapper clearfix'>\n\n<style type=\"text\/css\" data-created_by=\"avia_inline_auto\" id=\"style-css-av-av_heading-4f14429e32ee3a72c2365827af0a977f\">\n#top .av-special-heading.av-av_heading-4f14429e32ee3a72c2365827af0a977f{\npadding-bottom:10px;\n}\nbody .av-special-heading.av-av_heading-4f14429e32ee3a72c2365827af0a977f .av-special-heading-tag .heading-char{\nfont-size:25px;\n}\n.av-special-heading.av-av_heading-4f14429e32ee3a72c2365827af0a977f .av-subheading{\nfont-size:15px;\n}\n<\/style>\n<div  class='av-special-heading av-av_heading-4f14429e32ee3a72c2365827af0a977f av-special-heading-h3  avia-builder-el-1  el_after_av_slideshow_full  el_before_av_textblock  avia-builder-el-first '><h3 class='av-special-heading-tag'  itemprop=\"headline\"  >S\u00e4hk\u00f6inen hakemuslomake<\/h3><div class=\"special-heading-border\"><div class=\"special-heading-inner-border\"><\/div><\/div><\/div>\n<section  class='av_textblock_section av-tcqx-3c9f10d47800d89e920bd3e4309892dc '   itemscope=\"itemscope\" itemtype=\"https:\/\/schema.org\/CreativeWork\" ><div class='avia_textblock'  itemprop=\"text\" ><p><b><a href=\"https:\/\/urlus.apurahat.fi\/\" target=\"_blank\" rel=\"noopener\">Avaa s\u00e4hk\u00f6inen hakemuslomake t\u00e4st\u00e4<\/a><\/b><\/p>\n<p><b><\/b>Palvelun avulla voit valmistella avustushakemuksesi verkossa.<\/p>\n<p>Kirjaudu kohdesivulla sis\u00e4\u00e4n antamalla k\u00e4ytt\u00e4j\u00e4tunnus ja salasana. Jos k\u00e4yt\u00e4t j\u00e4rjestelm\u00e4\u00e4 ensimm\u00e4ist\u00e4 kertaa, rekister\u00f6idy ja luo itsellesi oma k\u00e4ytt\u00e4j\u00e4tunnus ja salasana. Yhteys on SSL-suojattu (Secure Sockets Layer).<\/p>\n<p>Teknisiss\u00e4 ongelmissa voit ottaa yhteytt\u00e4 tekniseen tukeen s\u00e4hk\u00f6postitse, <a href=\"mailto:hakemustuki@datalink.fi\">hakemustuki@datalink.fi<\/a>.<b><\/b><\/p>\n<\/div><\/section>\n\n<style type=\"text\/css\" data-created_by=\"avia_inline_auto\" id=\"style-css-av-sdpt-b20f2f540b862e851137c2db707f1217\">\n.flex_column.av-sdpt-b20f2f540b862e851137c2db707f1217{\nborder-radius:0px 0px 0px 0px;\npadding:0px 0px 0px 0px;\n}\n<\/style>\n<div  class='flex_column av-sdpt-b20f2f540b862e851137c2db707f1217 av_one_full  avia-builder-el-3  el_after_av_textblock  avia-builder-el-last  first flex_column_div av-zero-column-padding  column-top-margin'     ><div  class='avia-button-wrap av-kexxtiq3-391fbe68a4767652a2e71c4a2bfbafbd-wrap avia-button-center  avia-builder-el-4  avia-builder-el-no-sibling '><a href='https:\/\/urlus.fi\/index.php\/avustustietoa-mista-miten-ja-koska\/avustus_ja_tietosuojaohje\/'  class='avia-button av-kexxtiq3-391fbe68a4767652a2e71c4a2bfbafbd avia-icon_select-yes-left-icon avia-size-small avia-position-center avia-color-theme-color'  ><span class='avia_button_icon avia_button_icon_left' aria-hidden='true' data-av_icon='\ue884' data-av_iconfont='entypo-fontello'><\/span><span class='avia_iconbox_title' >Tietosuojaohje<\/span><\/a><\/div><\/div>\n","protected":false},"excerpt":{"rendered":"","protected":false},"author":4,"featured_media":0,"parent":35,"menu_order":4,"comment_status":"closed","ping_status":"closed","template":"","meta":{"footnotes":""},"class_list":["post-45","page","type-page","status-publish","hentry"],"_links":{"self":[{"href":"https:\/\/urlus.fi\/index.php\/wp-json\/wp\/v2\/pages\/45","targetHints":{"allow":["GET"]}}],"collection":[{"href":"https:\/\/urlus.fi\/index.php\/wp-json\/wp\/v2\/pages"}],"about":[{"href":"https:\/\/urlus.fi\/index.php\/wp-json\/wp\/v2\/types\/page"}],"author":[{"embeddable":true,"href":"https:\/\/urlus.fi\/index.php\/wp-json\/wp\/v2\/users\/4"}],"replies":[{"embeddable":true,"href":"https:\/\/urlus.fi\/index.php\/wp-json\/wp\/v2\/comments?post=45"}],"version-history":[{"count":12,"href":"https:\/\/urlus.fi\/index.php\/wp-json\/wp\/v2\/pages\/45\/revisions"}],"predecessor-version":[{"id":1475,"href":"https:\/\/urlus.fi\/index.php\/wp-json\/wp\/v2\/pages\/45\/revisions\/1475"}],"up":[{"embeddable":true,"href":"https:\/\/urlus.fi\/index.php\/wp-json\/wp\/v2\/pages\/35"}],"wp:attachment":[{"href":"https:\/\/urlus.fi\/index.php\/wp-json\/wp\/v2\/media?parent=45"}],"curies":[{"name":"wp","href":"https:\/\/api.w.org\/{rel}","templated":true}]}}