{"id":367,"date":"2020-08-18T16:00:53","date_gmt":"2020-08-18T16:00:53","guid":{"rendered":"http:\/\/urlus.fi\/?page_id=367"},"modified":"2023-04-19T07:51:27","modified_gmt":"2023-04-19T07:51:27","slug":"urlus-priser","status":"publish","type":"page","link":"https:\/\/urlus.fi\/index.php\/sv\/understodsinfo-vilka-vi-understoder\/urlus-priser\/","title":{"rendered":"Urlus-priser"},"content":{"rendered":"<div id='full_slider_1'  class='avia-fullwidth-slider main_color avia-shadow   avia-builder-el-0  el_before_av_heading  avia-builder-el-first   container_wrap sidebar_right'  ><div  class='avia-slideshow av-16ton-52c53f8246c4cd5d51894ae98176ec7e avia-slideshow-featured av_slideshow_full avia-slide-slider av-slideshow-ui av-control-default av-slideshow-manual av-loop-once av-loop-manual-endless av-default-height-applied   avia-slideshow-1' data-slideshow-options=\"{&quot;animation&quot;:&quot;slide&quot;,&quot;autoplay&quot;:false,&quot;loop_autoplay&quot;:&quot;once&quot;,&quot;interval&quot;:5,&quot;loop_manual&quot;:&quot;manual-endless&quot;,&quot;autoplay_stopper&quot;:false,&quot;noNavigation&quot;:false,&quot;bg_slider&quot;:false,&quot;keep_padding&quot;:false,&quot;hoverpause&quot;:false,&quot;show_slide_delay&quot;:0}\"  itemprop=\"image\" itemscope=\"itemscope\" itemtype=\"https:\/\/schema.org\/ImageObject\" ><ul class='avia-slideshow-inner ' style='padding-bottom: 28.666666666667%;'><li  class='avia-slideshow-slide av-16ton-52c53f8246c4cd5d51894ae98176ec7e__0  av-single-slide slide-1 slide-odd'><div data-rel='slideshow-1' class='avia-slide-wrap '   ><img fetchpriority=\"high\" class=\"wp-image-1089 avia-img-lazy-loading-not-1089\"  src='https:\/\/urlus.fi\/wp-content\/uploads\/2022\/04\/otsake_urlus-palkinnot-1500x430.png' width='1500' height='430' title='otsake_urlus-palkinnot' alt=''  itemprop=\"thumbnailUrl\"   \/><\/div><\/li><\/ul><\/div><\/div><div id='after_full_slider_1'  class='main_color av_default_container_wrap container_wrap sidebar_right'  ><div class='container av-section-cont-open' ><div class='template-page content  av-content-small alpha units'><div class='post-entry post-entry-type-page post-entry-367'><div class='entry-content-wrapper clearfix'>\n\n<style type=\"text\/css\" data-created_by=\"avia_inline_auto\" id=\"style-css-av-av_heading-d8155b620760c5f76035586a065d07a6\">\n#top .av-special-heading.av-av_heading-d8155b620760c5f76035586a065d07a6{\npadding-bottom:10px;\n}\nbody .av-special-heading.av-av_heading-d8155b620760c5f76035586a065d07a6 .av-special-heading-tag .heading-char{\nfont-size:25px;\n}\n.av-special-heading.av-av_heading-d8155b620760c5f76035586a065d07a6 .av-subheading{\nfont-size:15px;\n}\n<\/style>\n<div  class='av-special-heading av-av_heading-d8155b620760c5f76035586a065d07a6 av-special-heading-h3  avia-builder-el-1  el_after_av_slideshow_full  el_before_av_textblock  avia-builder-el-first '><h3 class='av-special-heading-tag'  itemprop=\"headline\"  >Urlus-priser<\/h3><div class=\"special-heading-border\"><div class=\"special-heading-inner-border\"><\/div><\/div><\/div>\n<section  class='av_textblock_section av-kd3hlpdb-86134aedbe139277ee28221befd8ead9 '   itemscope=\"itemscope\" itemtype=\"https:\/\/schema.org\/CreativeWork\" ><div class='avia_textblock'  itemprop=\"text\" ><p>Urlus priset delas ut till f\u00f6rtj\u00e4nade f\u00f6reningar utan ans\u00f6kan och det riktats till platser i enlighet med f\u00f6reningens regler med tonvikt p\u00e5 \u00e5rstemat. Prissumman har varierat de senaste \u00e5ren och var 50 000 euro i \u00e5r.<\/p>\n<p><strong>\u00c5r 2023 (tema: arbete mot gatug\u00e4ng och arbete mot narkotika)<\/strong><\/p>\n<table width=\"100%\">\n<tbody>\n<tr>\n<td width=\"80%\">Aseman Lapset ry<\/td>\n<td style=\"text-align: right;\">25.000 \u20ac<\/td>\n<\/tr>\n<tr>\n<td>Irti Huumeist\u00e4 ry<\/td>\n<td style=\"text-align: right;\">25.000 \u20ac<\/td>\n<\/tr>\n<\/tbody>\n<\/table>\n<h4><strong>Pristagare under senare \u00e5r<\/strong><\/h4>\n<p><strong>\u00c5r 2022 (tema: frivilliga f\u00f6rsvarsarbete)<\/strong><\/p>\n<table width=\"100%\">\n<tbody>\n<tr>\n<td width=\"80%\">F\u00f6rsvarsutbildningsf\u00f6reningens kybers\u00e4kerhets-instrukt\u00f6rer<\/td>\n<td style=\"text-align: right;\">20.000 \u20ac<\/td>\n<\/tr>\n<tr>\n<td>Regional bataljonens\u00a0 stabskursens instrukt\u00f6rer<\/td>\n<td style=\"text-align: right;\">20.000 \u20ac<\/td>\n<\/tr>\n<tr>\n<td>Helsingfors Reservofficerars Pioneer-avdelning<\/td>\n<td style=\"text-align: right;\">10.000 \u20ac<\/td>\n<\/tr>\n<\/tbody>\n<\/table>\n<p>Bel\u00f6nande grundas p\u00e5 en gemensam uppfattning bland de viktigaste frivilliga nationella f\u00f6rsvarsakt\u00f6rerna i huvudstadsregionen.<\/p>\n<p><strong>\u00c5r 2021 (tema: barnen efter bollen)<\/strong><\/p>\n<table width=\"100%\">\n<tbody>\n<tr>\n<td width=\"80%\">Finlands Bollf\u00f6rbund\/ f\u00f6rskolebarn<\/td>\n<td style=\"text-align: right;\" width=\"20%\">100 000 \u20ac<\/td>\n<\/tr>\n<\/tbody>\n<\/table>\n<p><strong>\u00c5r 2020 (tema: r\u00f6relse och aktivering av barn och ungdomar)<\/strong><\/p>\n<table width=\"100%\">\n<tbody>\n<tr>\n<td width=\"80%\">Helsingfors daghem\/ paketen f\u00f6r sportutrustning<\/td>\n<td style=\"text-align: right;\" width=\"20%\">50 000 \u20ac<\/td>\n<\/tr>\n<tr>\n<td>Kohtaus ry\/ innovativa ungdomsprojekt<\/td>\n<td style=\"text-align: right;\">15 000 \u20ac<\/td>\n<\/tr>\n<tr>\n<td>Helsingin Kisaveikot ry\/ r\u00f6relse av barn och ungdomar<\/td>\n<td style=\"text-align: right;\">15 000 \u20ac<\/td>\n<\/tr>\n<tr>\n<td>Viipurin Urheilijat ry\/ r\u00f6relse av barn och ungdomar<\/td>\n<td style=\"text-align: right;\">15 000 \u20ac<\/td>\n<\/tr>\n<\/tbody>\n<\/table>\n<h4><\/h4>\n<p><strong>\u00c5r 2019 (tema: f\u00f6rebyggande av marginalisering av unga \/ KAMU-verksamhet)<\/strong><\/p>\n<table width=\"100%\">\n<tbody>\n<tr>\n<td width=\"80%\">Leirikes\u00e4 ry<\/td>\n<td style=\"text-align: right;\" width=\"20%\">30\u00a0000 \u20ac<\/td>\n<\/tr>\n<tr>\n<td>P\u00e4\u00e4kaupunkiseudun Partiolaiset Ry<\/td>\n<td style=\"text-align: right;\">30\u00a0000 \u20ac<\/td>\n<\/tr>\n<tr>\n<td>Nuoret Muslimit ry<\/td>\n<td style=\"text-align: right;\">10\u00a0000 \u20ac<\/td>\n<\/tr>\n<tr>\n<td>Sirkus Magenta ry<\/td>\n<td style=\"text-align: right;\">10\u00a0000 \u20ac<\/td>\n<\/tr>\n<\/tbody>\n<\/table>\n<p><strong>\u00c5r 2018 (tema: st\u00f6d till skidsport bland barn och unga)<\/strong><\/p>\n<table width=\"100%\">\n<tbody>\n<tr>\n<td width=\"80%\">Vantaan Hiihtoseura ry<\/td>\n<td style=\"text-align: right;\" width=\"20%\">25 000 \u20ac<\/td>\n<\/tr>\n<tr>\n<td>Espoon Hiihtoseura ry<\/td>\n<td style=\"text-align: right;\">15 000 \u20ac<\/td>\n<\/tr>\n<tr>\n<td>Pakilan Veto ry<\/td>\n<td style=\"text-align: right;\">15\u00a0000 \u20ac<\/td>\n<\/tr>\n<tr>\n<td>Keravan Hiihtoseura ry<\/td>\n<td style=\"text-align: right;\">15\u00a0000 \u20ac<\/td>\n<\/tr>\n<\/tbody>\n<\/table>\n<p><strong>\u00c5r 2017 (tema: l\u00e5ngsiktigt arbete till f\u00f6rm\u00e5n f\u00f6r ungdomar och unga vuxna)<\/strong><\/p>\n<table width=\"100%\">\n<tbody>\n<tr>\n<td width=\"80%\">Akateeminen Maanpuolustusyhdistys ARU ry<br \/>\nAkademiska F\u00f6rsvarsf\u00f6reningen ARU<\/td>\n<td style=\"text-align: right;\" width=\"20%\">10\u00a0000 \u20ac<\/td>\n<\/tr>\n<tr>\n<td>Helsingin Pelastusliitto ry<br \/>\nHelsingfors R\u00e4ddningsf\u00f6rbund rf<\/td>\n<td style=\"text-align: right;\">10\u00a0000 \u20ac<\/td>\n<\/tr>\n<tr>\n<td>Kadettikunta ry<\/td>\n<td style=\"text-align: right;\">10\u00a0000 \u20ac<\/td>\n<\/tr>\n<tr>\n<td>Sotilasuheiluliitto ry<\/td>\n<td style=\"text-align: right;\">10\u00a0000 \u20ac<\/td>\n<\/tr>\n<\/tbody>\n<\/table>\n<p>Dessutom firade Stiftelsen jubileums\u00e5ret Finland 100 \u00e5r genom att dela ut tv\u00e5 specialpris om 50\u00a0000\u00a0euro, riktade till F\u00f6rsvarsfr\u00e4mjandet rf:s evenemang &#8221;Nuku Rauhassa&#8221; (ung. Sov lugnt) samt till Reservofficersf\u00f6rbundet f\u00f6r utveckling av ett konditionstestprogram f\u00f6r reservister.<\/p>\n<\/div><\/section>\n\n<style type=\"text\/css\" data-created_by=\"avia_inline_auto\" id=\"style-css-av-fib1r-213ff62501a3545fd634b873f49c7ee6\">\n.flex_column.av-fib1r-213ff62501a3545fd634b873f49c7ee6{\nborder-radius:0px 0px 0px 0px;\npadding:0px 0px 0px 0px;\n}\n<\/style>\n<div  class='flex_column av-fib1r-213ff62501a3545fd634b873f49c7ee6 av_one_full  avia-builder-el-3  el_after_av_textblock  avia-builder-el-last  first flex_column_div av-zero-column-padding  column-top-margin'     ><div  class='avia-button-wrap av-kexxtiq3-71c48fabfe256dc7ca0571047b2bd289-wrap avia-button-center  avia-builder-el-4  avia-builder-el-no-sibling '><a href='https:\/\/urlus.fi\/index.php\/sv\/understodsinfo-varifran-hur-och-nar-2\/'  class='avia-button av-kexxtiq3-71c48fabfe256dc7ca0571047b2bd289 avia-icon_select-yes-left-icon avia-size-small avia-position-center avia-color-theme-color'  ><span class='avia_button_icon avia_button_icon_left' aria-hidden='true' data-av_icon='\ue884' data-av_iconfont='entypo-fontello'><\/span><span class='avia_iconbox_title' >Underst\u00f6dsbesluten<\/span><\/a><\/div><\/div>\n","protected":false},"excerpt":{"rendered":"","protected":false},"author":4,"featured_media":0,"parent":148,"menu_order":4,"comment_status":"closed","ping_status":"closed","template":"","meta":{"footnotes":""},"class_list":["post-367","page","type-page","status-publish","hentry"],"_links":{"self":[{"href":"https:\/\/urlus.fi\/index.php\/wp-json\/wp\/v2\/pages\/367","targetHints":{"allow":["GET"]}}],"collection":[{"href":"https:\/\/urlus.fi\/index.php\/wp-json\/wp\/v2\/pages"}],"about":[{"href":"https:\/\/urlus.fi\/index.php\/wp-json\/wp\/v2\/types\/page"}],"author":[{"embeddable":true,"href":"https:\/\/urlus.fi\/index.php\/wp-json\/wp\/v2\/users\/4"}],"replies":[{"embeddable":true,"href":"https:\/\/urlus.fi\/index.php\/wp-json\/wp\/v2\/comments?post=367"}],"version-history":[{"count":24,"href":"https:\/\/urlus.fi\/index.php\/wp-json\/wp\/v2\/pages\/367\/revisions"}],"predecessor-version":[{"id":1365,"href":"https:\/\/urlus.fi\/index.php\/wp-json\/wp\/v2\/pages\/367\/revisions\/1365"}],"up":[{"embeddable":true,"href":"https:\/\/urlus.fi\/index.php\/wp-json\/wp\/v2\/pages\/148"}],"wp:attachment":[{"href":"https:\/\/urlus.fi\/index.php\/wp-json\/wp\/v2\/media?parent=367"}],"curies":[{"name":"wp","href":"https:\/\/api.w.org\/{rel}","templated":true}]}}