{"id":315,"date":"2020-08-18T14:32:58","date_gmt":"2020-08-18T14:32:58","guid":{"rendered":"http:\/\/urlus.fi\/?page_id=315"},"modified":"2026-03-16T12:47:06","modified_gmt":"2026-03-16T12:47:06","slug":"etusivu-2","status":"publish","type":"page","link":"https:\/\/urlus.fi\/","title":{"rendered":"Etusivu"},"content":{"rendered":"<div id='full_slider_1'  class='avia-fullwidth-slider main_color avia-shadow   avia-builder-el-0  el_before_av_hr  avia-builder-el-first   container_wrap sidebar_right'  >\n<style type=\"text\/css\" data-created_by=\"avia_inline_auto\" id=\"style-css-av-kd4hz9nx-fb331aa0faaa9c578e2f07ccc45f5aa0\">\n#top #wrap_all .avia-slideshow .av-slideshow-caption.av-kd4hz9nx-fb331aa0faaa9c578e2f07ccc45f5aa0__0 .avia-caption-title{\nfont-size:28px;\n}\n#top .avia-slideshow .av-slideshow-caption.av-kd4hz9nx-fb331aa0faaa9c578e2f07ccc45f5aa0__0 .avia-caption-content{\nfont-size:16px;\n}\n#top .avia-slideshow .av-slideshow-caption.av-kd4hz9nx-fb331aa0faaa9c578e2f07ccc45f5aa0__0 .avia-caption-content p{\nfont-size:16px;\n}\n\n@media only screen and (min-width: 768px) and (max-width: 989px){ \n#top #wrap_all .avia-slideshow .av-slideshow-caption.av-kd4hz9nx-fb331aa0faaa9c578e2f07ccc45f5aa0__0 .avia-caption-title{\nfont-size:16px;\n}\n#top .avia-slideshow .av-slideshow-caption.av-kd4hz9nx-fb331aa0faaa9c578e2f07ccc45f5aa0__0 .avia-caption-content{\nfont-size:16px;\n}\n#top .avia-slideshow .av-slideshow-caption.av-kd4hz9nx-fb331aa0faaa9c578e2f07ccc45f5aa0__0 .avia-caption-content p{\nfont-size:16px;\n}\n}\n\n@media only screen and (min-width: 480px) and (max-width: 767px){ \n#top #wrap_all .avia-slideshow .av-slideshow-caption.av-kd4hz9nx-fb331aa0faaa9c578e2f07ccc45f5aa0__0 .avia-caption-title{\ndisplay:none;\n}\n#top .avia-slideshow .av-slideshow-caption.av-kd4hz9nx-fb331aa0faaa9c578e2f07ccc45f5aa0__0 .avia-caption-content{\ndisplay:none;\n}\n#top .avia-slideshow .av-slideshow-caption.av-kd4hz9nx-fb331aa0faaa9c578e2f07ccc45f5aa0__0 .avia-caption-content p{\ndisplay:none;\n}\n}\n\n@media only screen and (max-width: 479px){ \n#top #wrap_all .avia-slideshow .av-slideshow-caption.av-kd4hz9nx-fb331aa0faaa9c578e2f07ccc45f5aa0__0 .avia-caption-title{\ndisplay:none;\n}\n#top .avia-slideshow .av-slideshow-caption.av-kd4hz9nx-fb331aa0faaa9c578e2f07ccc45f5aa0__0 .avia-caption-content{\ndisplay:none;\n}\n#top .avia-slideshow .av-slideshow-caption.av-kd4hz9nx-fb331aa0faaa9c578e2f07ccc45f5aa0__0 .avia-caption-content p{\ndisplay:none;\n}\n}\n<\/style>\n<div  class='avia-slideshow av-kd4hz9nx-fb331aa0faaa9c578e2f07ccc45f5aa0 avia-slideshow-featured av_slideshow_full avia-slide-slider av-slideshow-ui av-control-default av-slideshow-manual av-loop-once av-loop-manual-endless av-default-height-applied   avia-slideshow-1' data-slideshow-options=\"{&quot;animation&quot;:&quot;slide&quot;,&quot;autoplay&quot;:false,&quot;loop_autoplay&quot;:&quot;once&quot;,&quot;interval&quot;:5,&quot;loop_manual&quot;:&quot;manual-endless&quot;,&quot;autoplay_stopper&quot;:false,&quot;noNavigation&quot;:false,&quot;bg_slider&quot;:false,&quot;keep_padding&quot;:false,&quot;hoverpause&quot;:false,&quot;show_slide_delay&quot;:0}\"  itemprop=\"image\" itemscope=\"itemscope\" itemtype=\"https:\/\/schema.org\/ImageObject\" ><ul class='avia-slideshow-inner ' style='padding-bottom: 28.666666666667%;'><li  class='avia-slideshow-slide av-kd4hz9nx-fb331aa0faaa9c578e2f07ccc45f5aa0__0  av-single-slide slide-1 slide-odd'><div data-rel='slideshow-1' class='avia-slide-wrap '   ><div class='av-slideshow-caption av-kd4hz9nx-fb331aa0faaa9c578e2f07ccc45f5aa0__0 caption_fullwidth caption_center caption_center_framed caption_framed'><div class=\"container caption_container\"><div class=\"slideshow_caption\"><div class=\"slideshow_inner_caption\"><div class=\"slideshow_align_caption\"><div class='avia-caption-content '  itemprop=\"description\" ><p>Itsen\u00e4isen Suomen puolesta<br \/>\n&#8211;<br \/>\nUrlus-S\u00e4\u00e4ti\u00f6 tukee maan ja etenkin Helsingin seudun liikuntakasvatus- ja<br \/>\nurheiluel\u00e4m\u00e4\u00e4 sek\u00e4 edist\u00e4\u00e4 maanpuolustuksellista ja maan itsen\u00e4isyytt\u00e4 tukevaa<br \/>\ntoimintaa. Ty\u00f6 tehd\u00e4\u00e4n jatkuvasti muuttuvassa toimintaymp\u00e4rist\u00f6ss\u00e4 siten, ett\u00e4 kaikki<br \/>\nsuomalaiset kokisivat Suomen puolustamisen arvoiseksi.<\/p>\n<\/div><\/div><\/div><\/div><\/div><\/div><img fetchpriority=\"high\" class=\"wp-image-247 avia-img-lazy-loading-not-247\"  src='https:\/\/urlus.fi\/wp-content\/uploads\/2020\/07\/URLUS_otsake-1500x430.png' width='1500' height='430' title='URLUS' alt=''  itemprop=\"thumbnailUrl\"   \/><\/div><\/li><\/ul><\/div><\/div><div id='after_full_slider_1'  class='main_color av_default_container_wrap container_wrap sidebar_right'  ><div class='container av-section-cont-open' ><div class='template-page content  av-content-small alpha units'><div class='post-entry post-entry-type-page post-entry-315'><div class='entry-content-wrapper clearfix'>\n\n<style type=\"text\/css\" data-created_by=\"avia_inline_auto\" id=\"style-css-av-a4nk3-5e49c1c381a799eed04f32461eb56651\">\n#top .hr.hr-invisible.av-a4nk3-5e49c1c381a799eed04f32461eb56651{\nheight:40px;\n}\n<\/style>\n<div  class='hr av-a4nk3-5e49c1c381a799eed04f32461eb56651 hr-invisible  avia-builder-el-1  el_after_av_slideshow_full  el_before_av_textblock  avia-builder-el-first '><span class='hr-inner '><span class=\"hr-inner-style\"><\/span><\/span><\/div>\n<section  class='av_textblock_section av-kd4motik-7e65084ba0fdd5e4827cc73f4712f252 '   itemscope=\"itemscope\" itemtype=\"https:\/\/schema.org\/CreativeWork\" ><div class='avia_textblock'  itemprop=\"text\" ><h4 style=\"text-align: center;\"><em>S\u00c4\u00c4TI\u00d6<br \/>\n<\/em><\/h4>\n<\/div><\/section>\n\n<style type=\"text\/css\" data-created_by=\"avia_inline_auto\" id=\"style-css-av-5spn6-3d3e8ead61d02f87ad7c9f2fc625dc24\">\n.flex_column.av-5spn6-3d3e8ead61d02f87ad7c9f2fc625dc24{\nborder-radius:0px 0px 0px 0px;\npadding:0px 0px 0px 0px;\n}\n<\/style>\n<div  class='flex_column av-5spn6-3d3e8ead61d02f87ad7c9f2fc625dc24 av_one_third  avia-builder-el-3  el_after_av_textblock  el_before_av_one_third  first flex_column_div av-zero-column-padding  column-top-margin'     ><p>\n<style type=\"text\/css\" data-created_by=\"avia_inline_auto\" id=\"style-css-av-4waqu-aa7e3a5d421114de64b2fd7560ac13bd\">\n.avia-image-container.av-4waqu-aa7e3a5d421114de64b2fd7560ac13bd img.avia_image{\nbox-shadow:none;\n}\n.avia-image-container.av-4waqu-aa7e3a5d421114de64b2fd7560ac13bd .av-image-caption-overlay-center{\ncolor:#ffffff;\n}\n<\/style>\n<div  class='avia-image-container av-4waqu-aa7e3a5d421114de64b2fd7560ac13bd av-styling- avia-align-center  avia-builder-el-4  el_before_av_textblock  avia-builder-el-first '   itemprop=\"image\" itemscope=\"itemscope\" itemtype=\"https:\/\/schema.org\/ImageObject\" ><div class=\"avia-image-container-inner\"><div class=\"avia-image-overlay-wrap\"><a href=\"https:\/\/urlus.fi\/index.php\/toimintaa-yli-vuosikymmenien\/historia\/\" class='avia_image'  aria-label='Suojeluskuntatalo'><img fetchpriority=\"high\" class='wp-image-481 avia-img-lazy-loading-not-481 avia_image ' src='https:\/\/urlus.fi\/wp-content\/uploads\/2020\/08\/sk-talo_urlus-495x400.png' alt='' title='Suojeluskuntatalo'  height=\"400\" width=\"495\"  itemprop=\"thumbnailUrl\"  \/><\/a><\/div><\/div><\/div><br \/>\n<section  class='av_textblock_section av-4hkym-7a6ae3ec4a920e34e0aac22e31a8b489 '   itemscope=\"itemscope\" itemtype=\"https:\/\/schema.org\/CreativeWork\" ><div class='avia_textblock'  itemprop=\"text\" ><p style=\"text-align: center;\"><strong><a href=\"https:\/\/urlus.fi\/index.php\/toimintaa-yli-vuosikymmenien\/historia\/\"><em>Urlus-S\u00e4\u00e4ti\u00f6<\/em><\/a><\/strong><br \/>\n<em>&#8221;Toimintaa yli vuosikymmenien&#8221;<\/em><\/p>\n<\/div><\/section><\/p><\/div>\n\n<style type=\"text\/css\" data-created_by=\"avia_inline_auto\" id=\"style-css-av-5spn6-28-dbf0e6310b602eea404a68d76d663c63\">\n.flex_column.av-5spn6-28-dbf0e6310b602eea404a68d76d663c63{\nborder-radius:0px 0px 0px 0px;\npadding:0px 0px 0px 0px;\n}\n<\/style>\n<div  class='flex_column av-5spn6-28-dbf0e6310b602eea404a68d76d663c63 av_one_third  avia-builder-el-6  el_after_av_one_third  el_before_av_one_third  flex_column_div av-zero-column-padding  column-top-margin'     ><p>\n<style type=\"text\/css\" data-created_by=\"avia_inline_auto\" id=\"style-css-av-4waqu-27-f4bd239cf494f81b56bbb6dad50a9cc2\">\n.avia-image-container.av-4waqu-27-f4bd239cf494f81b56bbb6dad50a9cc2 img.avia_image{\nbox-shadow:none;\n}\n.avia-image-container.av-4waqu-27-f4bd239cf494f81b56bbb6dad50a9cc2 .av-image-caption-overlay-center{\ncolor:#ffffff;\n}\n<\/style>\n<div  class='avia-image-container av-4waqu-27-f4bd239cf494f81b56bbb6dad50a9cc2 av-styling- avia-align-center  avia-builder-el-7  el_before_av_textblock  avia-builder-el-first '   itemprop=\"image\" itemscope=\"itemscope\" itemtype=\"https:\/\/schema.org\/ImageObject\" ><div class=\"avia-image-container-inner\"><div class=\"avia-image-overlay-wrap\"><a href=\"https:\/\/urlus.fi\/index.php\/avustustietoa\/avustusten_painotukset\/\" class='avia_image'  ><img fetchpriority=\"high\" class='wp-image-434 avia-img-lazy-loading-not-434 avia_image ' src='https:\/\/urlus.fi\/wp-content\/uploads\/2020\/08\/ots_partiolaiset-495x400.png' alt='' title=''  height=\"400\" width=\"495\"  itemprop=\"thumbnailUrl\"  \/><\/a><\/div><\/div><\/div><br \/>\n<section  class='av_textblock_section av-4hkym-26-38283447ba859232bcd00dbbb4183768 '   itemscope=\"itemscope\" itemtype=\"https:\/\/schema.org\/CreativeWork\" ><div class='avia_textblock'  itemprop=\"text\" ><p style=\"text-align: center;\"><strong><a href=\"https:\/\/urlus.fi\/index.php\/avustustietoa\/avustusten_painotukset\/\">Avustustietoa<\/a><\/strong><br \/>\n\u201d<em>Keit\u00e4 tuemme ja avustamme\u201d<\/em><\/p>\n<\/div><\/section><\/p><\/div>\n\n<style type=\"text\/css\" data-created_by=\"avia_inline_auto\" id=\"style-css-av-5spn6-25-acb6fe62e2d3f935efa4d6802d0d0916\">\n.flex_column.av-5spn6-25-acb6fe62e2d3f935efa4d6802d0d0916{\nborder-radius:0px 0px 0px 0px;\npadding:0px 0px 0px 0px;\n}\n<\/style>\n<div  class='flex_column av-5spn6-25-acb6fe62e2d3f935efa4d6802d0d0916 av_one_third  avia-builder-el-9  el_after_av_one_third  el_before_av_hr  flex_column_div av-zero-column-padding  column-top-margin'     ><p>\n<style type=\"text\/css\" data-created_by=\"avia_inline_auto\" id=\"style-css-av-4waqu-24-be1e939994bce5301aaca80cd853f593\">\n.avia-image-container.av-4waqu-24-be1e939994bce5301aaca80cd853f593 img.avia_image{\nbox-shadow:none;\n}\n.avia-image-container.av-4waqu-24-be1e939994bce5301aaca80cd853f593 .av-image-caption-overlay-center{\ncolor:#ffffff;\n}\n<\/style>\n<div  class='avia-image-container av-4waqu-24-be1e939994bce5301aaca80cd853f593 av-styling- avia-align-center  avia-builder-el-10  el_before_av_textblock  avia-builder-el-first '   itemprop=\"image\" itemscope=\"itemscope\" itemtype=\"https:\/\/schema.org\/ImageObject\" ><div class=\"avia-image-container-inner\"><div class=\"avia-image-overlay-wrap\"><a href=\"https:\/\/urlus.fi\/index.php\/avustustietoa-mista-miten-ja-koska\/avustusten_ehtoja\/\" class='avia_image'  ><img fetchpriority=\"high\" class='wp-image-449 avia-img-lazy-loading-not-449 avia_image ' src='https:\/\/urlus.fi\/wp-content\/uploads\/2020\/08\/ots_avustusten_ehtoja-495x400.png' alt='' title=''  height=\"400\" width=\"495\"  itemprop=\"thumbnailUrl\"  \/><\/a><\/div><\/div><\/div><br \/>\n<section  class='av_textblock_section av-4hkym-23-4ccbb997438971356c150dbe84b9696e '   itemscope=\"itemscope\" itemtype=\"https:\/\/schema.org\/CreativeWork\" ><div class='avia_textblock'  itemprop=\"text\" ><p style=\"text-align: center;\"><strong><a href=\"https:\/\/urlus.fi\/index.php\/avustustietoa-mista-miten-ja-koska\/avustusten_ehtoja\/\">Hakuohjeita<\/a><\/strong><br \/>\n\u201d<em>Mist\u00e4, miten ja koska&#8221;<\/em><\/p>\n<\/div><\/section><\/p><\/div>\n\n<style type=\"text\/css\" data-created_by=\"avia_inline_auto\" id=\"style-css-av-kdzyjvdj-aae7216075833647e57e89bb88a6c693\">\n#top .hr.hr-invisible.av-kdzyjvdj-aae7216075833647e57e89bb88a6c693{\nheight:40px;\n}\n<\/style>\n<div  class='hr av-kdzyjvdj-aae7216075833647e57e89bb88a6c693 hr-invisible  avia-builder-el-12  el_after_av_one_third  el_before_av_textblock '><span class='hr-inner '><span class=\"hr-inner-style\"><\/span><\/span><\/div>\n<section  class='av_textblock_section av-kd4mpes9-86481fc527827a06e2ce21c256a69bed '   itemscope=\"itemscope\" itemtype=\"https:\/\/schema.org\/CreativeWork\" ><div class='avia_textblock'  itemprop=\"text\" ><h4 style=\"text-align: center;\"><em>AJANKOHTAISTA<\/em><\/h4>\n<\/div><\/section>\n\n<style type=\"text\/css\" data-created_by=\"avia_inline_auto\" id=\"style-css-av-5spn6-10-773c50379b1f70100afd30683de7a195\">\n.flex_column.av-5spn6-10-773c50379b1f70100afd30683de7a195{\nborder-radius:0px 0px 0px 0px;\npadding:0px 0px 0px 0px;\n}\n<\/style>\n<div  class='flex_column av-5spn6-10-773c50379b1f70100afd30683de7a195 av_one_third  avia-builder-el-14  el_after_av_textblock  el_before_av_one_third  first flex_column_div av-zero-column-padding  column-top-margin'     ><p>\n<style type=\"text\/css\" data-created_by=\"avia_inline_auto\" id=\"style-css-av-4waqu-9-eb51c97aecb3937ab39ed6c8d0fda49e\">\n.avia-image-container.av-4waqu-9-eb51c97aecb3937ab39ed6c8d0fda49e img.avia_image{\nbox-shadow:none;\n}\n.avia-image-container.av-4waqu-9-eb51c97aecb3937ab39ed6c8d0fda49e .av-image-caption-overlay-center{\ncolor:#ffffff;\n}\n<\/style>\n<div  class='avia-image-container av-4waqu-9-eb51c97aecb3937ab39ed6c8d0fda49e av-styling- avia-align-center  avia-builder-el-15  el_before_av_textblock  avia-builder-el-first '   itemprop=\"image\" itemscope=\"itemscope\" itemtype=\"https:\/\/schema.org\/ImageObject\" ><div class=\"avia-image-container-inner\"><div class=\"avia-image-overlay-wrap\"><a href=\"https:\/\/urlus.fi\/index.php\/ajankohtaista\/urlus-saatio-tukee-aseman-lapset-ryta\/\" class='avia_image'  aria-label='etusivu_henkilomuutoksia'><img fetchpriority=\"high\" class='wp-image-1417 avia-img-lazy-loading-not-1417 avia_image ' src='https:\/\/urlus.fi\/wp-content\/uploads\/2023\/05\/etusivu_henkilomuutoksia.jpg' alt='' title='etusivu_henkilomuutoksia'  height=\"429\" width=\"533\"  itemprop=\"thumbnailUrl\"  \/><\/a><\/div><\/div><\/div><br \/>\n<section  class='av_textblock_section av-4hkym-8-7f46a26915af09bd46032a6420d51bf3 '   itemscope=\"itemscope\" itemtype=\"https:\/\/schema.org\/CreativeWork\" ><div class='avia_textblock'  itemprop=\"text\" ><p style=\"text-align: center;\"><a href=\"https:\/\/urlus.fi\/index.php\/ajankohtaista\/urlus-saation-vuoden-2026-avustuspaatokset-tehty\/\">Urlus-s\u00e4\u00e4ti\u00f6n vuoden 2026 avustusp\u00e4\u00e4t\u00f6kset tehty<\/a><\/p>\n<\/div><\/section><\/p><\/div>\n<style type=\"text\/css\" data-created_by=\"avia_inline_auto\" id=\"style-css-av-5spn6-16-ab691a90f022f5904308e29ff1b75530\">\n.flex_column.av-5spn6-16-ab691a90f022f5904308e29ff1b75530{\nborder-radius:0px 0px 0px 0px;\npadding:0px 0px 0px 0px;\n}\n<\/style>\n<div  class='flex_column av-5spn6-16-ab691a90f022f5904308e29ff1b75530 av_one_third  avia-builder-el-17  el_after_av_one_third  el_before_av_one_third  flex_column_div av-zero-column-padding  column-top-margin'     ><p>\n<style type=\"text\/css\" data-created_by=\"avia_inline_auto\" id=\"style-css-av-4waqu-15-a825f7078d9b90a033d1a95d3966c159\">\n.avia-image-container.av-4waqu-15-a825f7078d9b90a033d1a95d3966c159 img.avia_image{\nbox-shadow:none;\n}\n.avia-image-container.av-4waqu-15-a825f7078d9b90a033d1a95d3966c159 .av-image-caption-overlay-center{\ncolor:#ffffff;\n}\n<\/style>\n<div  class='avia-image-container av-4waqu-15-a825f7078d9b90a033d1a95d3966c159 av-styling- avia-align-center  avia-builder-el-18  el_before_av_textblock  avia-builder-el-first '   itemprop=\"image\" itemscope=\"itemscope\" itemtype=\"https:\/\/schema.org\/ImageObject\" ><div class=\"avia-image-container-inner\"><div class=\"avia-image-overlay-wrap\"><a href=\"https:\/\/urlus.fi\/index.php\/ajankohtaista\/308-kertaa-kiitos\/\" class='avia_image'  aria-label='etusivu_henkilomuutoksia'><img fetchpriority=\"high\" class='wp-image-1417 avia-img-lazy-loading-not-1417 avia_image ' src='https:\/\/urlus.fi\/wp-content\/uploads\/2023\/05\/etusivu_henkilomuutoksia.jpg' alt='' title='etusivu_henkilomuutoksia'  height=\"429\" width=\"533\"  itemprop=\"thumbnailUrl\"  \/><\/a><\/div><\/div><\/div><br \/>\n<section  class='av_textblock_section av-4hkym-14-991dfee2832b65dc7f0ba8fd5190a62a '   itemscope=\"itemscope\" itemtype=\"https:\/\/schema.org\/CreativeWork\" ><div class='avia_textblock'  itemprop=\"text\" ><p class=\"av-special-heading-tag\" style=\"text-align: center;\"><a href=\"https:\/\/urlus.fi\/index.php\/ajankohtaista\/308-kertaa-kiitos\/\">308 kertaa kiitos<\/a><\/p>\n<\/div><\/section><\/p><\/div><\/p>\n\n<style type=\"text\/css\" data-created_by=\"avia_inline_auto\" id=\"style-css-av-5spn6-7-5265aa17c0798272dfa780135d6207c0\">\n.flex_column.av-5spn6-7-5265aa17c0798272dfa780135d6207c0{\nborder-radius:0px 0px 0px 0px;\npadding:0px 0px 0px 0px;\n}\n<\/style>\n<div  class='flex_column av-5spn6-7-5265aa17c0798272dfa780135d6207c0 av_one_third  avia-builder-el-20  el_after_av_one_third  el_before_av_one_third  flex_column_div av-zero-column-padding  column-top-margin'     ><p>\n<style type=\"text\/css\" data-created_by=\"avia_inline_auto\" id=\"style-css-av-4waqu-6-8c0c2de2ebf0fafa0e6c3c45162cf74c\">\n.avia-image-container.av-4waqu-6-8c0c2de2ebf0fafa0e6c3c45162cf74c img.avia_image{\nbox-shadow:none;\n}\n.avia-image-container.av-4waqu-6-8c0c2de2ebf0fafa0e6c3c45162cf74c .av-image-caption-overlay-center{\ncolor:#ffffff;\n}\n<\/style>\n<div  class='avia-image-container av-4waqu-6-8c0c2de2ebf0fafa0e6c3c45162cf74c av-styling- avia-align-center  avia-builder-el-21  el_before_av_textblock  avia-builder-el-first '   itemprop=\"image\" itemscope=\"itemscope\" itemtype=\"https:\/\/schema.org\/ImageObject\" ><div class=\"avia-image-container-inner\"><div class=\"avia-image-overlay-wrap\"><a href=\"https:\/\/urlus.fi\/index.php\/ajankohtaista\/308-kertaa-kiitos\/\" class='avia_image'  ><img fetchpriority=\"high\" class='wp-image-2111 avia-img-lazy-loading-not-2111 avia_image ' src='https:\/\/urlus.fi\/wp-content\/uploads\/2025\/08\/artikkeli_tiina.png' alt='' title=''  height=\"492\" width=\"609\"  itemprop=\"thumbnailUrl\"  \/><\/a><\/div><\/div><\/div><br \/>\n<section  class='av_textblock_section av-4hkym-5-129c42760bdcd57785e6eb39a88c63dc '   itemscope=\"itemscope\" itemtype=\"https:\/\/schema.org\/CreativeWork\" ><div class='avia_textblock'  itemprop=\"text\" ><p style=\"text-align: center;\"><a href=\"https:\/\/urlus.fi\/index.php\/ajankohtaista\/tiina-laisi-puheloisesta-urlus-saation-hallituksen-uusi-jasen\/\">Tiina Laisi-Puheloisesta Urlus-s\u00e4\u00e4ti\u00f6n hallituksen uusi j\u00e4sen<\/a><\/p>\n<\/div><\/section><\/p><\/div>\n\n<style type=\"text\/css\" data-created_by=\"avia_inline_auto\" id=\"style-css-av-5spn6-22-e760967c194e08e87dd80a60c125fbd2\">\n.flex_column.av-5spn6-22-e760967c194e08e87dd80a60c125fbd2{\nborder-radius:0px 0px 0px 0px;\npadding:0px 0px 0px 0px;\n}\n<\/style>\n<div  class='flex_column av-5spn6-22-e760967c194e08e87dd80a60c125fbd2 av_one_third  avia-builder-el-23  el_after_av_one_third  el_before_av_one_third  first flex_column_div av-zero-column-padding  column-top-margin'     ><p>\n<style type=\"text\/css\" data-created_by=\"avia_inline_auto\" id=\"style-css-av-4waqu-21-9dea318a976c567c1e456627cc20c19c\">\n.avia-image-container.av-4waqu-21-9dea318a976c567c1e456627cc20c19c img.avia_image{\nbox-shadow:none;\n}\n.avia-image-container.av-4waqu-21-9dea318a976c567c1e456627cc20c19c .av-image-caption-overlay-center{\ncolor:#ffffff;\n}\n<\/style>\n<div  class='avia-image-container av-4waqu-21-9dea318a976c567c1e456627cc20c19c av-styling- avia-align-center  avia-builder-el-24  el_before_av_textblock  avia-builder-el-first '   itemprop=\"image\" itemscope=\"itemscope\" itemtype=\"https:\/\/schema.org\/ImageObject\" ><div class=\"avia-image-container-inner\"><div class=\"avia-image-overlay-wrap\"><a href=\"https:\/\/urlus.fi\/index.php\/ajankohtaista\/308-kertaa-kiitos\/\" class='avia_image'  aria-label='mikko'><img fetchpriority=\"high\" class='wp-image-2078 avia-img-lazy-loading-not-2078 avia_image ' src='https:\/\/urlus.fi\/wp-content\/uploads\/2025\/04\/anttimattisiikala_artikkeli.jpg' alt='' title='mikko'  height=\"492\" width=\"609\"  itemprop=\"thumbnailUrl\"  \/><\/a><\/div><\/div><\/div><br \/>\n<section  class='av_textblock_section av-4hkym-20-312f7cdd008aae88dd214881f543668a '   itemscope=\"itemscope\" itemtype=\"https:\/\/schema.org\/CreativeWork\" ><div class='avia_textblock'  itemprop=\"text\" ><p class=\"av-special-heading-tag \" style=\"text-align: center;\"><a href=\"https:\/\/urlus.fi\/index.php\/ajankohtaista\/antti-matti-siikala-urluksen-uusi-puheenjohtaja\/\">Antti-Matti Siikala Urluksen uusi puheenjohtaja<\/a><\/p>\n<\/div><\/section><\/p><\/div>\n\n<style type=\"text\/css\" data-created_by=\"avia_inline_auto\" id=\"style-css-av-5spn6-19-eab4ce0757e1d2a15deabe46582472d0\">\n.flex_column.av-5spn6-19-eab4ce0757e1d2a15deabe46582472d0{\nborder-radius:0px 0px 0px 0px;\npadding:0px 0px 0px 0px;\n}\n<\/style>\n<div  class='flex_column av-5spn6-19-eab4ce0757e1d2a15deabe46582472d0 av_one_third  avia-builder-el-26  el_after_av_one_third  el_before_av_one_third  flex_column_div av-zero-column-padding  column-top-margin'     ><p>\n<style type=\"text\/css\" data-created_by=\"avia_inline_auto\" id=\"style-css-av-4waqu-18-d6c2b82f256b3f770ff6e64dc9a7c2b1\">\n.avia-image-container.av-4waqu-18-d6c2b82f256b3f770ff6e64dc9a7c2b1 img.avia_image{\nbox-shadow:none;\n}\n.avia-image-container.av-4waqu-18-d6c2b82f256b3f770ff6e64dc9a7c2b1 .av-image-caption-overlay-center{\ncolor:#ffffff;\n}\n<\/style>\n<div  class='avia-image-container av-4waqu-18-d6c2b82f256b3f770ff6e64dc9a7c2b1 av-styling- avia-align-center  avia-builder-el-27  el_before_av_textblock  avia-builder-el-first '   itemprop=\"image\" itemscope=\"itemscope\" itemtype=\"https:\/\/schema.org\/ImageObject\" ><div class=\"avia-image-container-inner\"><div class=\"avia-image-overlay-wrap\"><a href=\"https:\/\/urlus.fi\/index.php\/ajankohtaista\/saation-vuoden-2024-avustuspaatoksista\/\" class='avia_image'  aria-label='palkinnot_2025_etusivu'><img fetchpriority=\"high\" class='wp-image-2038 avia-img-lazy-loading-not-2038 avia_image ' src='https:\/\/urlus.fi\/wp-content\/uploads\/2025\/04\/palkinnot_2025_etusivu.jpg' alt='' title='palkinnot_2025_etusivu'  height=\"429\" width=\"533\"  itemprop=\"thumbnailUrl\"  \/><\/a><\/div><\/div><\/div><br \/>\n<section  class='av_textblock_section av-4hkym-17-61c70e61fda75ffe443144d269e746ef '   itemscope=\"itemscope\" itemtype=\"https:\/\/schema.org\/CreativeWork\" ><div class='avia_textblock'  itemprop=\"text\" ><p class=\"av-special-heading-tag \" style=\"text-align: center;\"><a href=\"https:\/\/urlus.fi\/index.php\/ajankohtaista\/urlus-saation-vuoden-2025-avustuspaatoksista\/\">Vuoden 2025 URLUS-palkinnot jaettu<\/a><\/p>\n<\/div><\/section><\/p><\/div>\n\n<style type=\"text\/css\" data-created_by=\"avia_inline_auto\" id=\"style-css-av-5spn6-13-e56b1fa374f12796bd66cacb8f89c0bd\">\n.flex_column.av-5spn6-13-e56b1fa374f12796bd66cacb8f89c0bd{\nborder-radius:0px 0px 0px 0px;\npadding:0px 0px 0px 0px;\n}\n<\/style>\n<div  class='flex_column av-5spn6-13-e56b1fa374f12796bd66cacb8f89c0bd av_one_third  avia-builder-el-29  el_after_av_one_third  avia-builder-el-last  flex_column_div av-zero-column-padding  column-top-margin'     ><p>\n<style type=\"text\/css\" data-created_by=\"avia_inline_auto\" id=\"style-css-av-4waqu-12-00aaf6c6503590f342ff79e8f3117464\">\n.avia-image-container.av-4waqu-12-00aaf6c6503590f342ff79e8f3117464 img.avia_image{\nbox-shadow:none;\n}\n.avia-image-container.av-4waqu-12-00aaf6c6503590f342ff79e8f3117464 .av-image-caption-overlay-center{\ncolor:#ffffff;\n}\n<\/style>\n<div  class='avia-image-container av-4waqu-12-00aaf6c6503590f342ff79e8f3117464 av-styling- avia-align-center  avia-builder-el-30  el_before_av_textblock  avia-builder-el-first '   itemprop=\"image\" itemscope=\"itemscope\" itemtype=\"https:\/\/schema.org\/ImageObject\" ><div class=\"avia-image-container-inner\"><div class=\"avia-image-overlay-wrap\"><a href=\"https:\/\/urlus.fi\/index.php\/ajankohtaista\/urlus-saatio-tukee-aseman-lapset-ryta\/\" class='avia_image'  aria-label='walkers_etusivu'><img fetchpriority=\"high\" class='wp-image-1964 avia-img-lazy-loading-not-1964 avia_image ' src='https:\/\/urlus.fi\/wp-content\/uploads\/2025\/02\/walkers_etusivu.png' alt='' title='walkers_etusivu'  height=\"326\" width=\"401\"  itemprop=\"thumbnailUrl\"  \/><\/a><\/div><\/div><\/div><br \/>\n<section  class='av_textblock_section av-4hkym-11-f21b89c08fa13ff8208d4f119cc22dd0 '   itemscope=\"itemscope\" itemtype=\"https:\/\/schema.org\/CreativeWork\" ><div class='avia_textblock'  itemprop=\"text\" ><p style=\"text-align: center;\"><a href=\"https:\/\/urlus.fi\/index.php\/ajankohtaista\/urlus-saatio-tukee-aseman-lapset-ryta\/\">Urlus-s\u00e4\u00e4ti\u00f6 on tukenut Aseman Lapsia vuodesta 2021 alkaen<\/a><\/p>\n<\/div><\/section><\/p><\/div>\n","protected":false},"excerpt":{"rendered":"","protected":false},"author":4,"featured_media":0,"parent":0,"menu_order":1,"comment_status":"closed","ping_status":"closed","template":"","meta":{"footnotes":""},"class_list":["post-315","page","type-page","status-publish","hentry"],"_links":{"self":[{"href":"https:\/\/urlus.fi\/index.php\/wp-json\/wp\/v2\/pages\/315","targetHints":{"allow":["GET"]}}],"collection":[{"href":"https:\/\/urlus.fi\/index.php\/wp-json\/wp\/v2\/pages"}],"about":[{"href":"https:\/\/urlus.fi\/index.php\/wp-json\/wp\/v2\/types\/page"}],"author":[{"embeddable":true,"href":"https:\/\/urlus.fi\/index.php\/wp-json\/wp\/v2\/users\/4"}],"replies":[{"embeddable":true,"href":"https:\/\/urlus.fi\/index.php\/wp-json\/wp\/v2\/comments?post=315"}],"version-history":[{"count":116,"href":"https:\/\/urlus.fi\/index.php\/wp-json\/wp\/v2\/pages\/315\/revisions"}],"predecessor-version":[{"id":2181,"href":"https:\/\/urlus.fi\/index.php\/wp-json\/wp\/v2\/pages\/315\/revisions\/2181"}],"wp:attachment":[{"href":"https:\/\/urlus.fi\/index.php\/wp-json\/wp\/v2\/media?parent=315"}],"curies":[{"name":"wp","href":"https:\/\/api.w.org\/{rel}","templated":true}]}}