{"id":27,"date":"2020-07-26T18:35:17","date_gmt":"2020-07-26T18:35:17","guid":{"rendered":"http:\/\/urlus.fi\/?page_id=27"},"modified":"2025-10-27T07:58:59","modified_gmt":"2025-10-27T07:58:59","slug":"avustusten_painotukset","status":"publish","type":"page","link":"https:\/\/urlus.fi\/index.php\/avustustietoa\/avustusten_painotukset\/","title":{"rendered":"Urlus-S\u00e4\u00e4ti\u00f6n avustustoiminta"},"content":{"rendered":"<div id='full_slider_1'  class='avia-fullwidth-slider main_color avia-shadow   avia-builder-el-0  el_before_av_heading  avia-builder-el-first   container_wrap sidebar_right'  ><div  class='avia-slideshow av-16ton-52c53f8246c4cd5d51894ae98176ec7e avia-slideshow-featured av_slideshow_full avia-slide-slider av-slideshow-ui av-control-default av-slideshow-manual av-loop-once av-loop-manual-endless av-default-height-applied   avia-slideshow-1' data-slideshow-options=\"{&quot;animation&quot;:&quot;slide&quot;,&quot;autoplay&quot;:false,&quot;loop_autoplay&quot;:&quot;once&quot;,&quot;interval&quot;:5,&quot;loop_manual&quot;:&quot;manual-endless&quot;,&quot;autoplay_stopper&quot;:false,&quot;noNavigation&quot;:false,&quot;bg_slider&quot;:false,&quot;keep_padding&quot;:false,&quot;hoverpause&quot;:false,&quot;show_slide_delay&quot;:0}\"  itemprop=\"image\" itemscope=\"itemscope\" itemtype=\"https:\/\/schema.org\/ImageObject\" ><ul class='avia-slideshow-inner ' style='padding-bottom: 28.666666666667%;'><li  class='avia-slideshow-slide av-16ton-52c53f8246c4cd5d51894ae98176ec7e__0  av-single-slide slide-1 slide-odd'><div data-rel='slideshow-1' class='avia-slide-wrap '   ><img fetchpriority=\"high\" class=\"wp-image-434 avia-img-lazy-loading-not-434\"  src='https:\/\/urlus.fi\/wp-content\/uploads\/2020\/08\/ots_partiolaiset-1500x430.png' width='1500' height='430' title='' alt=''  itemprop=\"thumbnailUrl\"   \/><\/div><\/li><\/ul><\/div><\/div><div id='after_full_slider_1'  class='main_color av_default_container_wrap container_wrap sidebar_right'  ><div class='container av-section-cont-open' ><div class='template-page content  av-content-small alpha units'><div class='post-entry post-entry-type-page post-entry-27'><div class='entry-content-wrapper clearfix'>\n\n<style type=\"text\/css\" data-created_by=\"avia_inline_auto\" id=\"style-css-av-okif-b7a6ad084eab9867d7a639144d94cf62\">\n#top .av-special-heading.av-okif-b7a6ad084eab9867d7a639144d94cf62{\npadding-bottom:10px;\n}\nbody .av-special-heading.av-okif-b7a6ad084eab9867d7a639144d94cf62 .av-special-heading-tag .heading-char{\nfont-size:25px;\n}\n.av-special-heading.av-okif-b7a6ad084eab9867d7a639144d94cf62 .av-subheading{\nfont-size:15px;\n}\n<\/style>\n<div  class='av-special-heading av-okif-b7a6ad084eab9867d7a639144d94cf62 av-special-heading-h3  avia-builder-el-1  el_after_av_slideshow_full  el_before_av_textblock  avia-builder-el-first '><h3 class='av-special-heading-tag'  itemprop=\"headline\"  >Urlus-S\u00e4\u00e4ti\u00f6n avustustoiminta<\/h3><div class=\"special-heading-border\"><div class=\"special-heading-inner-border\"><\/div><\/div><\/div>\n<section  class='av_textblock_section av-kd3mvlg6-200dac26a457e2069fdb9afc40eb14bb '   itemscope=\"itemscope\" itemtype=\"https:\/\/schema.org\/CreativeWork\" ><div class='avia_textblock'  itemprop=\"text\" ><section class=\"docx\">\n<article>\n<h2>Avustuskohteet ja painopisteet<\/h2>\n<p>Urlus-S\u00e4\u00e4ti\u00f6 on my\u00f6nt\u00e4nyt avustuksia vuosittain vuodesta 1953.<\/p>\n<p>Vuonna 2025 s\u00e4\u00e4ti\u00f6 my\u00f6nsi avustuksia noin 2,8 miljoonaa euroa. Tarkoituksena on pit\u00e4\u00e4 tuki tulevaisuudessa v\u00e4hint\u00e4\u00e4n samalla tasolla.<\/p>\n<p>S\u00e4\u00e4ti\u00f6n s\u00e4\u00e4nt\u00f6jen 2 \u00a7:n mukaan<\/p>\n<p style=\"padding-left: 40px;\"><em>\u201dS\u00e4\u00e4ti\u00f6n tarkoituksena on k\u00e4ytett\u00e4viss\u00e4\u00e4n olevilla varoilla tukea maan ja etenkin Helsingin seudun liikuntakasvatus- ja urheiluel\u00e4m\u00e4\u00e4 sek\u00e4 muutoin edist\u00e4\u00e4 maanpuolustuksellista ja muuta maan itsen\u00e4isyytt\u00e4 tukevaa toimintaa.\u201d<\/em><\/p>\n<p>Vuodesta 2025 alkaen on Urlus-s\u00e4\u00e4ti\u00f6 m\u00e4\u00e4ritt\u00e4nyt Helsingin seudun Tilastokeskuksen m\u00e4\u00e4ritelm\u00e4n mukaisestiHelsingin ty\u00f6ss\u00e4k\u00e4yntialueena. S\u00e4\u00e4ti\u00f6 tukee p\u00e4\u00e4s\u00e4\u00e4nt\u00f6isesti t\u00e4ll\u00e4 alueella toimivia yhdistyksi\u00e4.<\/p>\n<p>S\u00e4\u00e4ti\u00f6n avustusten kohteita ovat nuorisoty\u00f6, liikunta ja maanpuolustus.<\/p>\n<h3>Hakuohjeita ja painopisteit\u00e4 eri aloille<\/h3>\n<p><strong>Nuorisoty\u00f6<\/strong><\/p>\n<p>Yksi merkitt\u00e4vimmist\u00e4 vuosittaisista avustuskohteista on ollut P\u00e4\u00e4kaupunkiseudun partiolaisten toiminta. S\u00e4\u00e4ti\u00f6 tuki on kanavoitu P\u00e4\u00e4kaupunkiseudun partiolaiset ry:n ja Helsingfors Svenska Scouter rf:n kautta. Urlus-s\u00e4\u00e4ti\u00f6 ja P\u00e4\u00e4kaupunkiseudun Partiolaiset sek\u00e4 Svenska Scouter i Helsingfors ovat tehneet aiesopimuksen tuesta vuoteen 2030 asti. Urlus-s\u00e4\u00e4ti\u00f6 ei k\u00e4sittele yksitt\u00e4isten partiolippukuntien (tai vast) hakemuksia. Yksitt\u00e4iset lippukunnat (tai vast) voivat hakea tukea P\u00e4\u00e4kaupunkiseudun partiolaisten ja Helsingfors Svenska Scouter:in \u201dUrlus-rahastosta\u201d.<\/p>\n<p>Kouluille ja yksitt\u00e4isille koululuokille ei en\u00e4\u00e4 my\u00f6nnet\u00e4 avustuksia (esimerkiksi leirikoulut).<\/p>\n<p>Vuonna 2026 s\u00e4\u00e4ti\u00f6n tuen painopistealue on syrj\u00e4ytymiseen liittyv\u00e4 ennalta ehk\u00e4isev\u00e4 ty\u00f6 lasten ja nuorten parissa.<\/p>\n<p>S\u00e4\u00e4ti\u00f6 haluaa olla mukana erilaisissa ajankohtaisissa hankkeissa, joilla rakennetaan parempaa ja turvallisempaa yhteiskuntaa ja tulevaisuutta.<\/p>\n<p>Eritt\u00e4in soveltuvia avustusten kohteita ovat erilaiset hankkeet (1\u20133-vuotiset), joilla kehitet\u00e4\u00e4n ja luodaan perustaa uudenlaiselle toiminnalle. S\u00e4\u00e4ti\u00f6 painottaa hankkeita, joissa kustannukset kohdistuvat toimintaan.<\/p>\n<p>Suositeltavia ovat my\u00f6s useamman toimijan yhteiset hankkeet.<\/p>\n<p><strong>Liikunta-ala<\/strong><\/p>\n<p>Vuonna 2026 avustusten painopistealueet ovat edelleen matalan kynnyksen lasten ja nuorten harrastustoiminta sek\u00e4 v\u00e4h\u00e4varaisten perheiden lasten ja nuorten harrastustoiminta.<\/p>\n<p>V\u00e4h\u00e4varaisten perheiden harrastustoiminnan tukemista koskevissa hakemuksissa on oltava mukana seuran tukirahaston jakoperusteet (s\u00e4\u00e4nn\u00f6t) sek\u00e4 selke\u00e4 kuvaus, miten tukea on aikaisempina vuosina jaettu.<\/p>\n<p>Kuten nuorisotoiminnassa, my\u00f6s liikunnan alalla eritt\u00e4in soveltuvia avustusten kohteita s\u00e4\u00e4ti\u00f6n n\u00e4k\u00f6kulmasta ovaterilaiset hankkeet (1\u20133-vuotiset), joilla kehitet\u00e4\u00e4n ja luodaan perustaa uudenlaiselle toiminnalle.<\/p>\n<p>Samoin suositeltavia ovat my\u00f6s useamman toimijan yhteiset hankkeet (esimerkiksi alueelliset hankkeet). S\u00e4\u00e4ti\u00f6 painottaa hankkeita, joissa kustannukset kohdistuvat toimintaan.<\/p>\n<p>S\u00e4\u00e4ti\u00f6 ei tue edustusurheilua (kilpa- ja huippu-urheilua) eik\u00e4 seurojen yksitt\u00e4isi\u00e4 joukkueita tai ryhmi\u00e4.<\/p>\n<p><strong>Maanpuolustus<\/strong><\/p>\n<p>S\u00e4\u00e4ti\u00f6iden v\u00e4lisess\u00e4 ty\u00f6njaossa on sovittu, ett\u00e4 Urlus-s\u00e4\u00e4ti\u00f6 tukee Puolustusvoimien ja Rajavartiolaitoksen joukko-osastojen varusmiesten stipendej\u00e4 ja liikuntatoimintaa Puolustusvoimien ja Rajavartiolaitoksen kanssa sovitun suunnitelman mukaisesti.<\/p>\n<p>Urlus-s\u00e4\u00e4ti\u00f6 ei tue palkatun henkil\u00f6kunnan palkitsemista.<\/p>\n<p>S\u00e4\u00e4ti\u00f6 ei tue aseiden hankintaa (ei edes ilma-aseita).<\/p>\n<p>S\u00e4\u00e4ti\u00f6 ottaa mielell\u00e4\u00e4n vastaan hakemuksia uudenlaisista maanpuolustusty\u00f6h\u00f6n liittyvist\u00e4 hankkeista.<\/p>\n<p>Ampumaratahankkeissa s\u00e4\u00e4ti\u00f6 edellytt\u00e4\u00e4 ennen mahdollista positiivista tukip\u00e4\u00e4t\u00f6st\u00e4, ett\u00e4 hankkeella on lainvoimainen ymp\u00e4rist\u00f6lupa. Lis\u00e4ksi ampumaratahankkeissa priorisoidaan reservil\u00e4isten ampumataitoa kehitt\u00e4vi\u00e4 ratahankkeita.<\/p>\n<h3>Hakuaika ja avustusp\u00e4\u00e4t\u00f6ksist\u00e4 tiedottaminen<\/h3>\n<p>Hakuaika alkaa 1.12.2025 ja p\u00e4\u00e4ttyy 31.12.2025 klo 23.59.<\/p>\n<p>S\u00e4\u00e4ti\u00f6 tekee avustusp\u00e4\u00e4t\u00f6kset maaliskuun loppuun menness\u00e4 ja tiedottaa p\u00e4\u00e4t\u00f6ksist\u00e4 avustusten hakijoita. My\u00f6nnetyt avustukset julkaistaan my\u00f6s s\u00e4\u00e4ti\u00f6n verkkosivuilla.<\/p>\n<p>S\u00e4\u00e4ti\u00f6 ei perustele kielteisi\u00e4 avustusp\u00e4\u00e4t\u00f6ksi\u00e4.<\/p>\n<h3>Yleisi\u00e4 ohjeita avustuksen saajalle<\/h3>\n<p><strong>Avustusten k\u00e4ytt\u00f6<\/strong><\/p>\n<p>L\u00e4ht\u00f6kohta on s\u00e4\u00e4ti\u00f6n ja avustuksen saajan v\u00e4linen luottamus. My\u00f6nnetty\u00e4 avustusta saa k\u00e4ytt\u00e4\u00e4 vain avustusp\u00e4\u00e4t\u00f6ksen mukaiseen tarkoitukseen. Avustus on p\u00e4\u00e4s\u00e4\u00e4nt\u00f6isesti k\u00e4ytett\u00e4v\u00e4 sin\u00e4 kalenterivuonna, jona se on my\u00f6nnetty. Mahdollisen poikkeavan k\u00e4ytt\u00f6aikataulun osalta tulee aina olla yhteydess\u00e4 s\u00e4\u00e4ti\u00f6n toimitusjohtajaan ja hyv\u00e4ksytt\u00e4\u00e4 muutokset k\u00e4ytt\u00f6aikataulussa.<\/p>\n<p>Urlus-S\u00e4\u00e4ti\u00f6 toivoo, ett\u00e4 avustuksen saajat mainitsevat Urlus-S\u00e4\u00e4ti\u00f6n tuen vuosi- tai toimintakertomuksissaan ja sosiaalisen median kanavissaan. Stipendin luovuttamisen yhteydess\u00e4 edellytet\u00e4\u00e4n, ett\u00e4 s\u00e4\u00e4ti\u00f6n nimi mainitaan.<\/p>\n<\/article>\n<\/section>\n<section class=\"docx\">\n<article><strong>Raportointi<\/strong>Urlus-S\u00e4\u00e4ti\u00f6 edellytt\u00e4\u00e4 avustusten saajilta raporttia avustuksen k\u00e4yt\u00f6st\u00e4. Mik\u00e4li hakija hakee avustusta per\u00e4kk\u00e4isin\u00e4 vuosina, jo k\u00e4ytetyn avustuksen raportti liitet\u00e4\u00e4n uuteen hakemukseen.<\/p>\n<p><strong>Omarahoitusosuus<\/strong><\/p>\n<p>Hakemuksissa on hyv\u00e4 olla my\u00f6s selke\u00e4 omarahoitusosuus. Huolellisesti mietitty omarahoitusosuus luo my\u00f6s vaikutelman hyv\u00e4st\u00e4 hankkeesta (avustuksen kohteesta).<\/p>\n<p>Isoissa hankkeissa on my\u00f6nteist\u00e4, jos rahoituspohja on mahdollisimman laaja (useita rahoittajia).<\/p>\n<h3>Mihin kohteisiin avustuksia ei my\u00f6nnet\u00e4<\/h3>\n<p>S\u00e4\u00e4ti\u00f6 ei my\u00f6nn\u00e4 avustuksia yksityishenkil\u00f6ille tai yrityksille (tai vast).<\/p>\n<p class=\"docx_luettelokappale\">Hakemusm\u00e4\u00e4r\u00e4n kasvun my\u00f6t\u00e4 s\u00e4\u00e4ti\u00f6 on tarkentanut tukitoimintaansa. S\u00e4\u00e4ti\u00f6 ei en\u00e4\u00e4 tue kirja- ja elokuvahankkeita, tv-tuotantoja (tai vast) eik\u00e4 www-sivustojen tekemist\u00e4.<\/p>\n<p class=\"docx_luettelokappale\">Samoin hakemusm\u00e4\u00e4r\u00e4n kasvamisen my\u00f6t\u00e4 Urlus-s\u00e4\u00e4ti\u00f6 on p\u00e4\u00e4tt\u00e4nyt olla tukematta museaalista toimintaa sek\u00e4 yliopistojen ja ammattikorkeakoulujen tieteellist\u00e4 toimintaa.<\/p>\n<\/article>\n<\/section>\n<\/div><\/section>\n\n<style type=\"text\/css\" data-created_by=\"avia_inline_auto\" id=\"style-css-av-ntcn-e9b502f3ebc5bdf0f751c2b86f14d073\">\n.flex_column.av-ntcn-e9b502f3ebc5bdf0f751c2b86f14d073{\nborder-radius:0px 0px 0px 0px;\npadding:0px 0px 0px 0px;\n}\n<\/style>\n<div  class='flex_column av-ntcn-e9b502f3ebc5bdf0f751c2b86f14d073 av_one_full  avia-builder-el-3  el_after_av_textblock  avia-builder-el-last  first flex_column_div av-zero-column-padding  column-top-margin'     ><div  class='avia-button-wrap av-kexxtiq3-7a9b59645b97618333a6a53fb916da3a-wrap avia-button-center  avia-builder-el-4  avia-builder-el-no-sibling '><a href='https:\/\/urlus.fi\/index.php\/avustustietoa\/avustukset-vaikuttavat\/'  class='avia-button av-kexxtiq3-7a9b59645b97618333a6a53fb916da3a avia-icon_select-yes-right-icon avia-size-small avia-position-center avia-color-theme-color'  ><span class='avia_iconbox_title' >Avustukset vaikuttavat<\/span><span class='avia_button_icon avia_button_icon_right' aria-hidden='true' data-av_icon='\ue885' data-av_iconfont='entypo-fontello'><\/span><\/a><\/div><\/div>\n","protected":false},"excerpt":{"rendered":"","protected":false},"author":4,"featured_media":0,"parent":25,"menu_order":1,"comment_status":"closed","ping_status":"closed","template":"","meta":{"footnotes":""},"class_list":["post-27","page","type-page","status-publish","hentry"],"_links":{"self":[{"href":"https:\/\/urlus.fi\/index.php\/wp-json\/wp\/v2\/pages\/27","targetHints":{"allow":["GET"]}}],"collection":[{"href":"https:\/\/urlus.fi\/index.php\/wp-json\/wp\/v2\/pages"}],"about":[{"href":"https:\/\/urlus.fi\/index.php\/wp-json\/wp\/v2\/types\/page"}],"author":[{"embeddable":true,"href":"https:\/\/urlus.fi\/index.php\/wp-json\/wp\/v2\/users\/4"}],"replies":[{"embeddable":true,"href":"https:\/\/urlus.fi\/index.php\/wp-json\/wp\/v2\/comments?post=27"}],"version-history":[{"count":16,"href":"https:\/\/urlus.fi\/index.php\/wp-json\/wp\/v2\/pages\/27\/revisions"}],"predecessor-version":[{"id":2125,"href":"https:\/\/urlus.fi\/index.php\/wp-json\/wp\/v2\/pages\/27\/revisions\/2125"}],"up":[{"embeddable":true,"href":"https:\/\/urlus.fi\/index.php\/wp-json\/wp\/v2\/pages\/25"}],"wp:attachment":[{"href":"https:\/\/urlus.fi\/index.php\/wp-json\/wp\/v2\/media?parent=27"}],"curies":[{"name":"wp","href":"https:\/\/api.w.org\/{rel}","templated":true}]}}