{"id":261,"date":"2020-08-18T15:05:46","date_gmt":"2020-08-18T15:05:46","guid":{"rendered":"http:\/\/urlus.fi\/?page_id=261"},"modified":"2024-10-08T13:52:47","modified_gmt":"2024-10-08T13:52:47","slug":"urlus-saatio-kirjaa","status":"publish","type":"page","link":"https:\/\/urlus.fi\/index.php\/urlus-saatio-kirjaa\/","title":{"rendered":"Kirja: Urlus-S\u00e4\u00e4ti\u00f6"},"content":{"rendered":"\n<style type=\"text\/css\" data-created_by=\"avia_inline_auto\" id=\"style-css-av-9faph-6f69ed3454d3db61458b6a67a1767c42\">\n.avia-section.av-9faph-6f69ed3454d3db61458b6a67a1767c42{\nbackground-color:#a7b2e8;\nbackground-image:unset;\n}\n<\/style>\n<div id='av_section_1'  class='avia-section av-9faph-6f69ed3454d3db61458b6a67a1767c42 main_color avia-section-default avia-no-border-styling  avia-builder-el-0  avia-builder-el-no-sibling  avia-bg-style-scroll container_wrap sidebar_right'  ><div class='container av-section-cont-open' ><main  role=\"main\" itemprop=\"mainContentOfPage\"  class='template-page content  av-content-small alpha units'><div class='post-entry post-entry-type-page post-entry-261'><div class='entry-content-wrapper clearfix'>\n<section  class='av_textblock_section av-m20hv89s-4d505f0a2d5d45ec6f60019598394d77 '   itemscope=\"itemscope\" itemtype=\"https:\/\/schema.org\/CreativeWork\" ><div class='avia_textblock'  itemprop=\"text\" ><div class=\"_df_book df-lite\" id=\"df_1817\"  _slug=\"urlus-saatio\" data-title=\"urlus-saatio\" wpoptions=\"true\" thumbtype=\"\" ><\/div><script class=\"df-shortcode-script\" nowprocket type=\"application\/javascript\">window.option_df_1817 = {\"outline\":[],\"autoEnableOutline\":\"false\",\"autoEnableThumbnail\":\"false\",\"overwritePDFOutline\":\"false\",\"direction\":\"1\",\"pageSize\":\"0\",\"source\":\"https:\\\/\\\/urlus.fi\\\/wp-content\\\/uploads\\\/2024\\\/10\\\/Urlus-saatio.pdf\",\"wpOptions\":\"true\"}; if(window.DFLIP && window.DFLIP.parseBooks){window.DFLIP.parseBooks();}<\/script>\n<\/div><\/section>\n<\/div><\/div><\/main><!-- close content main element --><\/div><\/div><div id='after_section_1'  class='main_color av_default_container_wrap container_wrap sidebar_right'  ><div class='container av-section-cont-open' ><div class='template-page content  av-content-small alpha units'><div class='post-entry post-entry-type-page post-entry-261'><div class='entry-content-wrapper clearfix'>\n","protected":false},"excerpt":{"rendered":"","protected":false},"author":4,"featured_media":0,"parent":0,"menu_order":1000,"comment_status":"closed","ping_status":"closed","template":"","meta":{"footnotes":""},"class_list":["post-261","page","type-page","status-publish","hentry"],"_links":{"self":[{"href":"https:\/\/urlus.fi\/index.php\/wp-json\/wp\/v2\/pages\/261","targetHints":{"allow":["GET"]}}],"collection":[{"href":"https:\/\/urlus.fi\/index.php\/wp-json\/wp\/v2\/pages"}],"about":[{"href":"https:\/\/urlus.fi\/index.php\/wp-json\/wp\/v2\/types\/page"}],"author":[{"embeddable":true,"href":"https:\/\/urlus.fi\/index.php\/wp-json\/wp\/v2\/users\/4"}],"replies":[{"embeddable":true,"href":"https:\/\/urlus.fi\/index.php\/wp-json\/wp\/v2\/comments?post=261"}],"version-history":[{"count":31,"href":"https:\/\/urlus.fi\/index.php\/wp-json\/wp\/v2\/pages\/261\/revisions"}],"predecessor-version":[{"id":1822,"href":"https:\/\/urlus.fi\/index.php\/wp-json\/wp\/v2\/pages\/261\/revisions\/1822"}],"wp:attachment":[{"href":"https:\/\/urlus.fi\/index.php\/wp-json\/wp\/v2\/media?parent=261"}],"curies":[{"name":"wp","href":"https:\/\/api.w.org\/{rel}","templated":true}]}}