{"id":2234,"date":"2026-04-30T04:06:40","date_gmt":"2026-04-30T04:06:40","guid":{"rendered":"https:\/\/urlus.fi\/?page_id=2234"},"modified":"2026-04-30T04:06:40","modified_gmt":"2026-04-30T04:06:40","slug":"granser-for-skarmen-inte-for-livet","status":"publish","type":"page","link":"https:\/\/urlus.fi\/index.php\/sv\/aktuelt\/granser-for-skarmen-inte-for-livet\/","title":{"rendered":"Gr\u00e4nser f\u00f6r sk\u00e4rmen, inte f\u00f6r livet."},"content":{"rendered":"<div id='full_slider_1'  class='avia-fullwidth-slider main_color avia-shadow   avia-builder-el-0  el_before_av_heading  avia-builder-el-first   container_wrap sidebar_right'  ><div  class='avia-slideshow av-ed85sq-4e20640f1f4877cb2ed1fbf0380d5f52 avia-slideshow-featured av_slideshow_full avia-slide-slider av-slideshow-ui av-control-default av-slideshow-manual av-loop-once av-loop-manual-endless av-default-height-applied   avia-slideshow-1' data-slideshow-options=\"{&quot;animation&quot;:&quot;slide&quot;,&quot;autoplay&quot;:false,&quot;loop_autoplay&quot;:&quot;once&quot;,&quot;interval&quot;:5,&quot;loop_manual&quot;:&quot;manual-endless&quot;,&quot;autoplay_stopper&quot;:false,&quot;noNavigation&quot;:false,&quot;bg_slider&quot;:false,&quot;keep_padding&quot;:false,&quot;hoverpause&quot;:false,&quot;show_slide_delay&quot;:0}\"  itemprop=\"image\" itemscope=\"itemscope\" itemtype=\"https:\/\/schema.org\/ImageObject\" ><ul class='avia-slideshow-inner ' style='padding-bottom: 28.648648648649%;'><li  class='avia-slideshow-slide av-ed85sq-4e20640f1f4877cb2ed1fbf0380d5f52__0  av-single-slide slide-1 slide-odd'><div data-rel='slideshow-1' class='avia-slide-wrap '   ><img fetchpriority=\"high\" class=\"wp-image-1409 avia-img-lazy-loading-not-1409\"  src='https:\/\/urlus.fi\/wp-content\/uploads\/2023\/05\/urlus_katunakyma.jpg' width='1480' height='424' title='urlus_katunakyma' alt=''  itemprop=\"thumbnailUrl\"   \/><\/div><\/li><\/ul><\/div><\/div><div id='after_full_slider_1'  class='main_color av_default_container_wrap container_wrap sidebar_right'  ><div class='container av-section-cont-open' ><div class='template-page content  av-content-small alpha units'><div class='post-entry post-entry-type-page post-entry-2234'><div class='entry-content-wrapper clearfix'>\n\n<style type=\"text\/css\" data-created_by=\"avia_inline_auto\" id=\"style-css-av-ag1n4a-bb365b4f56aba22c1cc51f8e98adc6ee\">\n#top .av-special-heading.av-ag1n4a-bb365b4f56aba22c1cc51f8e98adc6ee{\npadding-bottom:10px;\n}\nbody .av-special-heading.av-ag1n4a-bb365b4f56aba22c1cc51f8e98adc6ee .av-special-heading-tag .heading-char{\nfont-size:25px;\n}\n.av-special-heading.av-ag1n4a-bb365b4f56aba22c1cc51f8e98adc6ee .av-subheading{\nfont-size:15px;\n}\n<\/style>\n<div  class='av-special-heading av-ag1n4a-bb365b4f56aba22c1cc51f8e98adc6ee av-special-heading-h3  avia-builder-el-1  el_after_av_slideshow_full  el_before_av_hr  avia-builder-el-first  av-linked-heading'><h3 class='av-special-heading-tag'  itemprop=\"headline\"  >Gr\u00e4nser f\u00f6r sk\u00e4rmen, inte f\u00f6r livet.<\/h3><div class=\"special-heading-border\"><div class=\"special-heading-inner-border\"><\/div><\/div><\/div>\n\n<style type=\"text\/css\" data-created_by=\"avia_inline_auto\" id=\"style-css-av-32ux6-57fada514dc1507cf4f15cb05772b290\">\n#top .hr.hr-invisible.av-32ux6-57fada514dc1507cf4f15cb05772b290{\nheight:50px;\n}\n<\/style>\n<div  class='hr av-32ux6-57fada514dc1507cf4f15cb05772b290 hr-invisible  avia-builder-el-2  el_after_av_heading  el_before_av_two_third '><span class='hr-inner '><span class=\"hr-inner-style\"><\/span><\/span><\/div>\n\n<style type=\"text\/css\" data-created_by=\"avia_inline_auto\" id=\"style-css-av-7mg0qi-2c874f74f829ddfd6bf8f21296430651\">\n.flex_column.av-7mg0qi-2c874f74f829ddfd6bf8f21296430651{\nborder-radius:0px 0px 0px 0px;\npadding:0px 0px 0px 0px;\n}\n<\/style>\n<div  class='flex_column av-7mg0qi-2c874f74f829ddfd6bf8f21296430651 av_two_third  avia-builder-el-3  el_after_av_hr  el_before_av_one_third  first flex_column_div av-zero-column-padding  '     ><section  class='av_textblock_section av-jyxcq-e613fe8a73b7b054dce9613213d356f6 '   itemscope=\"itemscope\" itemtype=\"https:\/\/schema.org\/CreativeWork\" ><div class='avia_textblock'  itemprop=\"text\" ><div id=\"attachment_2218\" style=\"width: 235px\" class=\"wp-caption alignright\"><a href=\"https:\/\/urlus.fi\/wp-content\/uploads\/2026\/04\/riikka_ihamuotila.jpg\"><img loading=\"lazy\" decoding=\"async\" aria-describedby=\"caption-attachment-2218\" class=\" wp-image-2218\" src=\"https:\/\/urlus.fi\/wp-content\/uploads\/2026\/04\/riikka_ihamuotila.jpg\" alt=\"Riikka Ihamuotila\" width=\"225\" height=\"239\" srcset=\"https:\/\/urlus.fi\/wp-content\/uploads\/2026\/04\/riikka_ihamuotila.jpg 960w, https:\/\/urlus.fi\/wp-content\/uploads\/2026\/04\/riikka_ihamuotila-754x800.jpg 754w, https:\/\/urlus.fi\/wp-content\/uploads\/2026\/04\/riikka_ihamuotila-113x120.jpg 113w, https:\/\/urlus.fi\/wp-content\/uploads\/2026\/04\/riikka_ihamuotila-768x815.jpg 768w, https:\/\/urlus.fi\/wp-content\/uploads\/2026\/04\/riikka_ihamuotila-664x705.jpg 664w\" sizes=\"auto, (max-width: 225px) 100vw, 225px\" \/><\/a><p id=\"caption-attachment-2218\" class=\"wp-caption-text\">Riikka Ihamuotila, Digirauha ry<\/p><\/div>\n<p><em><strong>En av mottagarna av st\u00f6d fr\u00e5n Urlus Foundation \u00e4r i \u00e5r \u00a0Digirauha ry. Digirauha ry grundades i september 2024 f\u00f6r att skapa m\u00f6jligheter f\u00f6r barn och unga att f\u00e5 en digital fredlig tillv\u00e4xtmilj\u00f6 och att i stor skala fr\u00e4mja barnens teknologiska s\u00e4kerhet.<\/strong><\/em><\/p>\n<p>Grundare \u00e4r b\u00e5de f\u00f6r\u00e4ldrar med egna erfarenheter av barns och ungas digitala kultur och yrkesverksamma inom olika yrkesomr\u00e5den.<\/p>\n<p>Vi intervjuade Riikka Ihamuotila fr\u00e5n Digirauha ry. Hon \u00e4r en av de fyra grundare av Digirauha.<\/p>\n<p>Som mamma har hon erfarenhet av sitt eget barns digitala beteende. &#8221;Jag h\u00f6rde att min son vid tolv \u00e5rs \u00e5lder hade sett en video av v\u00e5ld p\u00e5 sociala medier som var s\u00e5 fruktansv\u00e4rd v\u00e5ldsam att hans v\u00e4nner b\u00f6rjade kr\u00e4kas. Pojken sa inget om sin upplevelse p\u00e5 tio \u00e5r, men videon hade l\u00e4mnat djupa sp\u00e5r.<\/p>\n<p>&#8221;Min son ber\u00e4ttade f\u00f6rst f\u00f6r mig n\u00e4r han var \u00f6ver 20 \u00e5r, att han hade som barn sett en v\u00e5ldsam video p\u00e5 sociala medier och att han inte kunde gl\u00f6mma den d\u00e4r fruktansv\u00e4rda v\u00e5ldsamma videon han hade sett. Jag t\u00e4nkte att detta m\u00e5ste stoppas.<\/p>\n<p>Detta har h\u00e4nt f\u00f6r m\u00e5nga barn. De faller offer f\u00f6r digitalt v\u00e5ld och sexualitet, ov\u00e4ntat och omedvetet. Sp\u00e5ren kan k\u00e4nnas hela livet.<\/p>\n<p>Urlus Foundation blev en st\u00f6djare av denna viktiga sak f\u00f6r andra \u00e5ret i rad.<\/p>\n<p>&#8221;Bidraget \u00e4r inte bara ett betydande belopp, utan ocks\u00e5 en mental drivkraft i v\u00e5rt arbete f\u00f6r att bygga digital fred bland barn och unga,&#8221; s\u00e4ger Riikka Ihamuotila.<\/p>\n<p>Vi f\u00e5r inte tappa kontakten med barn och unga.<\/p>\n<p>Vi anser att alla beh\u00f6ver vara med och bygga en digital tillv\u00e4xtfred: ingen kan skapa f\u00f6r\u00e4ndring ensam, men alla kan fr\u00e4mja f\u00f6r\u00e4ndring p\u00e5 sitt eget s\u00e4tt.<\/p>\n<p>Vi bjuder in olika akt\u00f6rer att skydda barns och ungas r\u00e4ttigheter, att skapa en digitalt fredlig tillv\u00e4xtmilj\u00f6 och fr\u00e4mja barns och ungas fysiska, mentala och kognitiva v\u00e4lbefinnande.<\/p>\n<p>V\u00e5rt m\u00e5l \u00e4r att skapa gemenskaper och en k\u00e4nsla av gemenskap f\u00f6r att st\u00f6dja ett mer digitalt fredligt liv. Vi skapar verktyg och st\u00f6djer olika \u00e5tg\u00e4rder f\u00f6r att fr\u00e4mja ett mer digitalt fredligt liv i familjernas vardag och i barns och ungas liv i allm\u00e4nhet. Vi \u00e4r involverade i olika n\u00e4tverk och f\u00f6r samman \u00e4ven olika parter kring ett gemensamt \u00e4mne.<\/p>\n<p>Med hj\u00e4lp av bidraget vi fick fr\u00e5n Urlus Foundation kommer vi att \u00f6ka medvetenheten om sakens viktighet och genomf\u00f6ra en studie om rekreationsanv\u00e4ndning av artificiell intelligens. Som ett kontinuerligt arbete str\u00e4var vi efter att f\u00e5 med samh\u00e4lleliga beslutsfattare f\u00f6r att bygga digital fred f\u00f6r barn och unga.<\/p>\n<p>\u00c5 Digirauha rys v\u00e4gnar vill jag tacka styrelsen f\u00f6r Urlus Foundation f\u00f6r st\u00f6det till oss. Mer information om oss p\u00e5: <a href=\"http:\/\/www.digirauha.fi\" target=\"_blank\" rel=\"noopener\">www.digirauha.fi<\/a><\/p>\n<\/div><\/section><\/div>\n<style type=\"text\/css\" data-created_by=\"avia_inline_auto\" id=\"style-css-av-4qygd6-94fc672e7979a4fccf3314e1b0f88cfc\">\n.flex_column.av-4qygd6-94fc672e7979a4fccf3314e1b0f88cfc{\nborder-radius:0px 0px 0px 0px;\npadding:0px 0px 0px 0px;\n}\n<\/style>\n<div  class='flex_column av-4qygd6-94fc672e7979a4fccf3314e1b0f88cfc av_one_third  avia-builder-el-5  el_after_av_two_third  el_before_av_one_full  flex_column_div av-zero-column-padding  '     ><\/div><\/p>\n\n<style type=\"text\/css\" data-created_by=\"avia_inline_auto\" id=\"style-css-av-2udbh6-ac2bbebf4a682fcc2d6d8ac1d3b2a9dd\">\n.flex_column.av-2udbh6-ac2bbebf4a682fcc2d6d8ac1d3b2a9dd{\nborder-radius:0px 0px 0px 0px;\npadding:0px 0px 0px 0px;\n}\n<\/style>\n<div  class='flex_column av-2udbh6-ac2bbebf4a682fcc2d6d8ac1d3b2a9dd av_one_full  avia-builder-el-6  el_after_av_one_third  avia-builder-el-last  first flex_column_div av-zero-column-padding  column-top-margin'     ><\/div>\n","protected":false},"excerpt":{"rendered":"","protected":false},"author":5,"featured_media":2218,"parent":135,"menu_order":-10,"comment_status":"closed","ping_status":"closed","template":"","meta":{"footnotes":""},"class_list":["post-2234","page","type-page","status-publish","has-post-thumbnail","hentry"],"_links":{"self":[{"href":"https:\/\/urlus.fi\/index.php\/wp-json\/wp\/v2\/pages\/2234","targetHints":{"allow":["GET"]}}],"collection":[{"href":"https:\/\/urlus.fi\/index.php\/wp-json\/wp\/v2\/pages"}],"about":[{"href":"https:\/\/urlus.fi\/index.php\/wp-json\/wp\/v2\/types\/page"}],"author":[{"embeddable":true,"href":"https:\/\/urlus.fi\/index.php\/wp-json\/wp\/v2\/users\/5"}],"replies":[{"embeddable":true,"href":"https:\/\/urlus.fi\/index.php\/wp-json\/wp\/v2\/comments?post=2234"}],"version-history":[{"count":3,"href":"https:\/\/urlus.fi\/index.php\/wp-json\/wp\/v2\/pages\/2234\/revisions"}],"predecessor-version":[{"id":2237,"href":"https:\/\/urlus.fi\/index.php\/wp-json\/wp\/v2\/pages\/2234\/revisions\/2237"}],"up":[{"embeddable":true,"href":"https:\/\/urlus.fi\/index.php\/wp-json\/wp\/v2\/pages\/135"}],"wp:featuredmedia":[{"embeddable":true,"href":"https:\/\/urlus.fi\/index.php\/wp-json\/wp\/v2\/media\/2218"}],"wp:attachment":[{"href":"https:\/\/urlus.fi\/index.php\/wp-json\/wp\/v2\/media?parent=2234"}],"curies":[{"name":"wp","href":"https:\/\/api.w.org\/{rel}","templated":true}]}}