{"id":2205,"date":"2026-03-24T17:14:07","date_gmt":"2026-03-24T17:14:07","guid":{"rendered":"https:\/\/urlus.fi\/?page_id=2205"},"modified":"2026-03-24T17:22:34","modified_gmt":"2026-03-24T17:22:34","slug":"stiftelsens-bidragsbeslut-for-2026-gjort","status":"publish","type":"page","link":"https:\/\/urlus.fi\/index.php\/sv\/understodsinfo-varifran-hur-och-nar-2\/stiftelsens-bidragsbeslut-for-2026-gjort\/","title":{"rendered":"Stiftelsens bidragsbeslut f\u00f6r 2026 gjort"},"content":{"rendered":"<div id='full_slider_1'  class='avia-fullwidth-slider main_color avia-shadow   avia-builder-el-0  el_before_av_heading  avia-builder-el-first   container_wrap sidebar_right'  ><div  class='avia-slideshow av-16ton-52c53f8246c4cd5d51894ae98176ec7e avia-slideshow-featured av_slideshow_full avia-slide-slider av-slideshow-ui av-control-default av-slideshow-manual av-loop-once av-loop-manual-endless av-default-height-applied   avia-slideshow-1' data-slideshow-options=\"{&quot;animation&quot;:&quot;slide&quot;,&quot;autoplay&quot;:false,&quot;loop_autoplay&quot;:&quot;once&quot;,&quot;interval&quot;:5,&quot;loop_manual&quot;:&quot;manual-endless&quot;,&quot;autoplay_stopper&quot;:false,&quot;noNavigation&quot;:false,&quot;bg_slider&quot;:false,&quot;keep_padding&quot;:false,&quot;hoverpause&quot;:false,&quot;show_slide_delay&quot;:0}\"  itemprop=\"image\" itemscope=\"itemscope\" itemtype=\"https:\/\/schema.org\/ImageObject\" ><ul class='avia-slideshow-inner ' style='padding-bottom: 28.666666666667%;'><li  class='avia-slideshow-slide av-16ton-52c53f8246c4cd5d51894ae98176ec7e__0  av-single-slide slide-1 slide-odd'><div data-rel='slideshow-1' class='avia-slide-wrap '   ><img fetchpriority=\"high\" class=\"wp-image-1047 avia-img-lazy-loading-not-1047\"  src='https:\/\/urlus.fi\/wp-content\/uploads\/2022\/04\/avustuspaatokset_VimaaniVipellys-1500x430.jpg' width='1500' height='430' title='avustuspaatokset_VimaaniVipellys' alt=''  itemprop=\"thumbnailUrl\"   \/><\/div><\/li><\/ul><\/div><\/div><div id='after_full_slider_1'  class='main_color av_default_container_wrap container_wrap sidebar_right'  ><div class='container av-section-cont-open' ><div class='template-page content  av-content-small alpha units'><div class='post-entry post-entry-type-page post-entry-2205'><div class='entry-content-wrapper clearfix'>\n\n<style type=\"text\/css\" data-created_by=\"avia_inline_auto\" id=\"style-css-av-2pek42-e0fbab98e71c6408a6a95e3f924ab3d7\">\n#top .av-special-heading.av-2pek42-e0fbab98e71c6408a6a95e3f924ab3d7{\npadding-bottom:10px;\n}\nbody .av-special-heading.av-2pek42-e0fbab98e71c6408a6a95e3f924ab3d7 .av-special-heading-tag .heading-char{\nfont-size:25px;\n}\n.av-special-heading.av-2pek42-e0fbab98e71c6408a6a95e3f924ab3d7 .av-subheading{\nfont-size:15px;\n}\n<\/style>\n<div  class='av-special-heading av-2pek42-e0fbab98e71c6408a6a95e3f924ab3d7 av-special-heading-h3  avia-builder-el-1  el_after_av_slideshow_full  el_before_av_textblock  avia-builder-el-first  av-linked-heading'><h3 class='av-special-heading-tag'  itemprop=\"headline\"  >Stiftelsens bidragsbeslut f\u00f6r 2026 gjort<\/h3><div class=\"special-heading-border\"><div class=\"special-heading-inner-border\"><\/div><\/div><\/div>\n<section  class='av_textblock_section av-luztwalc-e051e1d0eac751512bd21badcf432e9d '   itemscope=\"itemscope\" itemtype=\"https:\/\/schema.org\/CreativeWork\" ><div class='avia_textblock'  itemprop=\"text\" ><p>Under de senaste \u00e5ren har Urlus-stiftelsen publicerat \u00f6ver 5 000 euro mottagare av stipendier och en kort beskrivning av vad stipendierna har beviljats f\u00f6r.<\/p>\n<p>H\u00e4r \u00e4r en lista \u00f6ver mottagarna av \u00e5rets stipendium p\u00e5 \u00f6ver 5 000 euro:<\/p>\n<\/div><\/section>\n<section  class='av_textblock_section av-kd3n21ug-023c32830d4a828187122e10bc85fec0 '   itemscope=\"itemscope\" itemtype=\"https:\/\/schema.org\/CreativeWork\" ><div class='avia_textblock'  itemprop=\"text\" ><table width=\"100%\">\n<tbody>\n<tr>\n<td width=\"40%\"><strong>F\u00f6rening<\/strong><\/td>\n<td width=\"20%\">\u00a0<strong>Summa (euro)<\/strong><\/td>\n<td width=\"40%\"><strong>Vad \u00e4r st\u00f6det riktat mot?<\/strong><\/td>\n<\/tr>\n<tr>\n<td colspan=\"3\"><strong>Ungdom<\/strong><\/td>\n<\/tr>\n<tr>\n<td>Guiderna och scouterna i Helsingfors storstadsomr\u00e5de<\/td>\n<td>\n<p style=\"text-align: right;\">258 000,00 \u20ac<\/p>\n<\/td>\n<td>St\u00f6d till scoutverksamhet, gemensamt st\u00f6d till guider och scouter i Helsingfors storstadsomr\u00e5de, Svenska Scouter i Helsingfors och Leirikes\u00e4 ry<\/td>\n<\/tr>\n<tr>\n<td>Helsingforsmissio ry<\/td>\n<td>\n<p style=\"text-align: right;\">100 000,00 \u20ac<\/p>\n<\/td>\n<td>Agredi Primo (Ghettogym)<\/td>\n<\/tr>\n<tr>\n<td>Stationens barn<\/td>\n<td>\n<p style=\"text-align: right;\">50 000,00 \u20ac<\/p>\n<\/td>\n<td>Walkers Ungdomscaf\u00e9<\/td>\n<\/tr>\n<tr>\n<td>Irti Huumeista ry<\/td>\n<td>\n<p style=\"text-align: right;\">50 000,00 \u20ac<\/p>\n<\/td>\n<td>Drogtr\u00e4ningsaktiviteter f\u00f6r unga<\/td>\n<\/tr>\n<tr>\n<td>Sirkus Magenta ry<\/td>\n<td>\n<p style=\"text-align: right;\">50 000,00 \u20ac<\/p>\n<\/td>\n<td>F\u00f6rortscirkus<\/td>\n<\/tr>\n<tr>\n<td>Helsingfors Icehearts ry<\/td>\n<td>\n<p style=\"text-align: right;\">40 000,00 \u20ac<\/p>\n<\/td>\n<td>Lagaktiviteter<\/td>\n<\/tr>\n<tr>\n<td>Helsingfors YMCA<\/td>\n<td>\n<p style=\"text-align: right;\">40 000,00 \u20ac<\/p>\n<\/td>\n<td>K\u00e4ra vardagsbyggare<\/td>\n<\/tr>\n<tr>\n<td>Walter ry<\/td>\n<td style=\"text-align: right;\">40 000,00 \u20ac<\/td>\n<td>K\u00e4ra vardagsbyggare<\/td>\n<\/tr>\n<tr>\n<td>Digirauha ry<\/td>\n<td style=\"text-align: right;\">30 000,00 \u20ac<\/td>\n<td>Att utveckla m\u00f6jligheter f\u00f6r barn och unga att f\u00e5 digital tillv\u00e4xt och fred<\/td>\n<\/tr>\n<tr>\n<td>Ungdomsentrepren\u00f6rskap och ekonomin NU<\/td>\n<td style=\"text-align: right;\">30 000,00 \u20ac<\/td>\n<td>Jobbh\u00f6rna i Yrityskyl\u00e4<\/td>\n<\/tr>\n<tr>\n<td>Tiina och Antti Herlin-stiftelsen senior<\/td>\n<td style=\"text-align: right;\">30 000,00 \u20ac<\/td>\n<td>Naturvandringar f\u00f6r barn och unga (pks)<\/td>\n<\/tr>\n<tr>\n<td>Bass Campus ry<\/td>\n<td style=\"text-align: right;\">20 000,00 \u20ac<\/td>\n<td>L\u00e5gtr\u00f6skelmusikworkshops<\/td>\n<\/tr>\n<tr>\n<td>Helsingfors Ung\u00f6rnarnas distriktsf\u00f6rening<\/td>\n<td style=\"text-align: right;\">12 000,00 \u20ac<\/td>\n<td>F\u00f6r vandringsaktiviteter<\/td>\n<\/tr>\n<tr>\n<td>Global ungdomsbasket<\/td>\n<td style=\"text-align: right;\">10 000,00 \u20ac<\/td>\n<td>Organisering av hobbyaktiviteter med l\u00e5g tr\u00f6skel<\/td>\n<\/tr>\n<tr>\n<td>Finska Johanneshj\u00e4lpen<\/td>\n<td style=\"text-align: right;\">10 000,00 \u20ac<\/td>\n<td>N\u00f6dutbildning i f\u00f6rsta hj\u00e4lpen f\u00f6r skolor<\/td>\n<\/tr>\n<tr>\n<td>Helsingfors universitet<\/td>\n<td style=\"text-align: right;\">8 000,00 \u20ac<\/td>\n<td>Satakieli-mentorsprogrammet<\/td>\n<\/tr>\n<tr>\n<td>Helsingfors R\u00e4ddningsf\u00f6rening<\/td>\n<td style=\"text-align: right;\">6 000,00 \u20ac<\/td>\n<td>Utbildningsaktiviteter som utvecklar s\u00e4kerhets- och nationella f\u00f6rsvarsf\u00e4rdigheter hos unga brandk\u00e5rer<\/td>\n<\/tr>\n<tr>\n<td>Opera Tellus ry<\/td>\n<td style=\"text-align: right;\">6 000,00 \u20ac<\/td>\n<td>Opera Tellus Junior-projektet<\/td>\n<\/tr>\n<tr>\n<td colspan=\"3\" width=\"808\"><strong>Nationellt f\u00f6rsvar<\/strong><\/td>\n<\/tr>\n<tr>\n<td>St\u00f6d f\u00f6r nationellt f\u00f6rsvar<\/td>\n<td style=\"text-align: right;\">256 000,00 \u20ac<\/td>\n<td>Hyressubvention<\/td>\n<\/tr>\n<tr>\n<td>Helsingfors reservofficersdistrikt<\/td>\n<td style=\"text-align: right;\">170 000,00 \u20ac<\/td>\n<td>St\u00f6d f\u00f6r drift och hyressubventioner<\/td>\n<\/tr>\n<tr>\n<td>Helsingforsregionens reservistdistrikt<\/td>\n<td style=\"text-align: right;\">130 000,00 \u20ac<\/td>\n<td>St\u00f6d f\u00f6r drift och hyressubventioner<\/td>\n<\/tr>\n<tr>\n<td>Finska f\u00f6rsvarsmakten, f\u00f6rsvarskommandot, utbildningsavdelningen<\/td>\n<td style=\"text-align: right;\">120 156,00 \u20ac<\/td>\n<td>V\u00e4rnpliktiga stipendier och idrottstr\u00e4ning<\/td>\n<\/tr>\n<tr>\n<td>Loppi Skjutbanaf\u00f6rening.<\/td>\n<td style=\"text-align: right;\">90 000,00 \u20ac<\/td>\n<td>Utvecklingen av skjutbanan<\/td>\n<\/tr>\n<tr>\n<td>Nationella f\u00f6rsvarsutbildningsf\u00f6reningen<\/td>\n<td style=\"text-align: right;\">70 000,00 \u20ac<\/td>\n<td>Flera destinationer<\/td>\n<\/tr>\n<tr>\n<td>Hyvink\u00e4\u00e4 reservofficersf\u00f6rening.<\/td>\n<td style=\"text-align: right;\">40 000,00 \u20ac<\/td>\n<td>Utvecklingen av skjutbanan<\/td>\n<\/tr>\n<tr>\n<td>Impivaara Skjutbana F\u00f6rening<\/td>\n<td style=\"text-align: right;\">40 000,00 \u20ac<\/td>\n<td>Utvecklingen av skjutbanan<\/td>\n<\/tr>\n<tr>\n<td>Kadettk\u00e5ren<\/td>\n<td style=\"text-align: right;\">30 000,00 \u20ac<\/td>\n<td>Ungdomsevenemang f\u00f6r nationellt f\u00f6rsvar och Turpotiet\u00e4j\u00e4, samt nationella f\u00f6rsvarskommunikationer riktade till unga<\/td>\n<\/tr>\n<tr>\n<td>Arm\u00e9akademin<\/td>\n<td style=\"text-align: right;\">30 000,00 \u20ac<\/td>\n<td>Studentstipendier<\/td>\n<\/tr>\n<tr>\n<td>Akademiska nationella f\u00f6rsvarsf\u00f6reningen &#8211; ARU ry<\/td>\n<td style=\"text-align: right;\">20 200,00 \u20ac<\/td>\n<td>F\u00f6r sport- och skytteaktiviteter<\/td>\n<\/tr>\n<tr>\n<td>Finlands Utrikesoperationer Veteranf\u00f6rbund<\/td>\n<td style=\"text-align: right;\">18 000,00 \u20ac<\/td>\n<td>St\u00f6d till sport- och tr\u00e4ningsaktiviteter, aktiviteter och bel\u00f6ningar.<\/td>\n<\/tr>\n<tr>\n<td>Kadettitoverikunta ry<\/td>\n<td style=\"text-align: right;\">16 000,00 \u20ac<\/td>\n<td>Kadetter f\u00f6r \u00f6vning<\/td>\n<\/tr>\n<tr>\n<td>Espoo Skjutbanans F\u00f6rening<\/td>\n<td style=\"text-align: right;\">15 700,00 \u20ac<\/td>\n<td>Utvecklingen av skjutbanan<\/td>\n<\/tr>\n<tr>\n<td>Elevers reservofficersdistrikt<\/td>\n<td style=\"text-align: right;\">15 500,00 \u20ac<\/td>\n<td>St\u00f6djande operationer<\/td>\n<\/tr>\n<tr>\n<td>Immigrantberedskaps- och Nationella f\u00f6rsvarsf\u00f6reningen<\/td>\n<td style=\"text-align: right;\">15 000,00 \u20ac<\/td>\n<td>St\u00f6djande operationer<\/td>\n<\/tr>\n<tr>\n<td>Finska gr\u00e4nsvakten<\/td>\n<td style=\"text-align: right;\">15 000,00 \u20ac<\/td>\n<td>V\u00e4rnpliktiga stipendier<\/td>\n<\/tr>\n<tr>\n<td>Helsingfors milit\u00e4rpolisskr\u00e5<\/td>\n<td style=\"text-align: right;\">14 000,00 \u20ac<\/td>\n<td>SPOL-bas och verksamhet<\/td>\n<\/tr>\n<tr>\n<td>Helsingin Siskerho ry<\/td>\n<td style=\"text-align: right;\">12 000,00 \u20ac<\/td>\n<td>Amiral Long och strid<\/td>\n<\/tr>\n<tr>\n<td>H\u00e4lv\u00e4l\u00e4 skyttesportcenter<\/td>\n<td style=\"text-align: right;\">11 560,00 \u20ac<\/td>\n<td>St\u00f6d f\u00f6r PKS-skyttar och utveckling av f\u00f6ruts\u00e4ttningarna vid skjutcentret<\/td>\n<\/tr>\n<tr>\n<td>Black Bird-gruppen<\/td>\n<td style=\"text-align: right;\">10 000,00 \u20ac<\/td>\n<td>Utbildningsprojekt<\/td>\n<\/tr>\n<tr>\n<td>V\u00e4rnpliktiga unionen<\/td>\n<td style=\"text-align: right;\">10 000,00 \u20ac<\/td>\n<td>F\u00f6r att st\u00f6dja federationens verksamhet<\/td>\n<\/tr>\n<tr>\n<td>Uusimaa reservistdistrikt och Uusimaa reservofficerardistrikt<\/td>\n<td style=\"text-align: right;\">9 500,00 \u20ac<\/td>\n<td>Organisering av Uusimaa nationella f\u00f6rsvarsdagar<\/td>\n<\/tr>\n<tr>\n<td>Helsingfors-Santahamina Soldathemsf\u00f6rening<\/td>\n<td style=\"text-align: right;\">8 000,00 \u20ac<\/td>\n<td>Renovering av minigolfbanan<\/td>\n<\/tr>\n<tr>\n<td>Gr\u00e4nssoldaternas hemf\u00f6rening<\/td>\n<td style=\"text-align: right;\">8 000,00 \u20ac<\/td>\n<td>Fr\u00e4mjande av v\u00e4rnpliktiges v\u00e4lbefinnande<\/td>\n<\/tr>\n<tr>\n<td>RUK Studentf\u00f6reningsst\u00f6dsf\u00f6rening<\/td>\n<td style=\"text-align: right;\">8 000,00 \u20ac<\/td>\n<td>Bel\u00f6ning av v\u00e4rnpliktiga<\/td>\n<\/tr>\n<tr>\n<td>Fallsk\u00e4rmsj\u00e4gargillet<\/td>\n<td style=\"text-align: right;\">7 000,00 \u20ac<\/td>\n<td>St\u00f6djande operationer<\/td>\n<\/tr>\n<tr>\n<td>Naval Academy Support Foundation<\/td>\n<td style=\"text-align: right;\">7 000,00 \u20ac<\/td>\n<td>Studentstipendier<\/td>\n<\/tr>\n<tr>\n<td>Teekkari-reservister &#8211; TERES ry<\/td>\n<td style=\"text-align: right;\">7 000,00 \u20ac<\/td>\n<td>St\u00f6djande operationer<\/td>\n<\/tr>\n<tr>\n<td>Reservl\u00e4karnas f\u00f6rening<\/td>\n<td style=\"text-align: right;\">6 000,00 \u20ac<\/td>\n<td>St\u00f6djande operationer<\/td>\n<\/tr>\n<tr>\n<td>Nationella f\u00f6rsvarskvinnof\u00f6reningen Uusimaa-distriktet<\/td>\n<td style=\"text-align: right;\">5 000,00 \u20ac<\/td>\n<td>St\u00f6djande operationer<\/td>\n<\/tr>\n<tr>\n<td>Uusimaa provinsiella kompanigille<\/td>\n<td style=\"text-align: right;\">5 000,00 \u20ac<\/td>\n<td>St\u00f6d f\u00f6r reservistaktiviteter och utbildning<\/td>\n<\/tr>\n<tr>\n<td>Vaihtoin Ry<\/td>\n<td style=\"text-align: right;\">5 000,00 \u20ac<\/td>\n<td>St\u00f6djande tr\u00e4ningsaktiviteter<\/td>\n<\/tr>\n<tr>\n<td colspan=\"3\" width=\"808\">Tr\u00e4ning<\/td>\n<\/tr>\n<tr>\n<td>SOS Barnbyarstiftelse<\/td>\n<td style=\"text-align: right;\">84 000,00 \u20ac<\/td>\n<td>Dr\u00f6mmar som g\u00e5r i uppfyllelse hobbyst\u00f6d<\/td>\n<\/tr>\n<tr>\n<td>HVS-Tennisry<\/td>\n<td style=\"text-align: right;\">48 000,00 \u20ac<\/td>\n<td>Projekt Aktiva familjer och skolor<\/td>\n<\/tr>\n<tr>\n<td>Vi Foundation senior<\/td>\n<td style=\"text-align: right;\">30 000,00 \u20ac<\/td>\n<td>SC Melts<\/td>\n<\/tr>\n<tr>\n<td>Sport Club Vantaa ry<\/td>\n<td style=\"text-align: right;\">28 000,00 \u20ac<\/td>\n<td>Gymnastikskola<\/td>\n<\/tr>\n<tr>\n<td>Finska orienteringsf\u00f6rbundet<\/td>\n<td style=\"text-align: right;\">28 000,00 \u20ac<\/td>\n<td>Orienteringsf\u00e4rdigheter fr\u00e5n urban orientering<\/td>\n<\/tr>\n<tr>\n<td>Koivukyl\u00e4n Palloseura RY<\/td>\n<td style=\"text-align: right;\">25 000,00 \u20ac<\/td>\n<td>Hobbykostnader subventionerade och spelarfond<\/td>\n<\/tr>\n<tr>\n<td>Finska skidskyttef\u00f6rbundet<\/td>\n<td style=\"text-align: right;\">25 000,00 \u20ac<\/td>\n<td>Utvecklingsprojekt f\u00f6r barn och unga<\/td>\n<\/tr>\n<tr>\n<td>Finska paralympiska kommitt\u00e9n<\/td>\n<td style=\"text-align: right;\">25 000,00 \u20ac<\/td>\n<td>Valtti-programmet<\/td>\n<\/tr>\n<tr>\n<td>Finlands idrottsmuseumstiftelse sr.<\/td>\n<td style=\"text-align: right;\">25 000,00 \u20ac<\/td>\n<td>Tahtos tr\u00e4nings\u00e4ventyr<\/td>\n<\/tr>\n<tr>\n<td>Vantaa Fotbollsklubb<\/td>\n<td style=\"text-align: right;\">25 000,00 \u20ac<\/td>\n<td>St\u00f6dfond<\/td>\n<\/tr>\n<tr>\n<td>Svenska Finlands Skyttef\u00f6rbund<\/td>\n<td style=\"text-align: right;\">23 000,00 \u20ac<\/td>\n<td>Skjutskolor<\/td>\n<\/tr>\n<tr>\n<td>Pakkala Bollklubb<\/td>\n<td style=\"text-align: right;\">22 000,00 \u20ac<\/td>\n<td>Hobbykostnader subventionerade och spelarfond<\/td>\n<\/tr>\n<tr>\n<td>Helsingforsorienteringsorienterare<\/td>\n<td style=\"text-align: right;\">20 000,00 \u20ac<\/td>\n<td>Aktiviteter<\/td>\n<\/tr>\n<tr>\n<td>Flerfamiljsf\u00f6rening<\/td>\n<td style=\"text-align: right;\">18 000,00 \u20ac<\/td>\n<td>Kulturella tolkaktiviteter<\/td>\n<\/tr>\n<tr>\n<td>Pallo-Pojat Juniorit ry<\/td>\n<td style=\"text-align: right;\">18 000,00 \u20ac<\/td>\n<td>St\u00f6dfond<\/td>\n<\/tr>\n<tr>\n<td>Vantaa skidklubb<\/td>\n<td style=\"text-align: right;\">16 000,00 \u20ac<\/td>\n<td>Aktiviteter f\u00f6r barn och unga<\/td>\n<\/tr>\n<tr>\n<td>Finska handbollsf\u00f6rbundet<\/td>\n<td style=\"text-align: right;\">15 000,00 \u20ac<\/td>\n<td>L\u00e4geraktiviteter<\/td>\n<\/tr>\n<tr>\n<td>Helsingfors konst\u00e5kningsf\u00f6rbund<\/td>\n<td style=\"text-align: right;\">15 000,00 \u20ac<\/td>\n<td>Skridskoskoleaktiviteter<\/td>\n<\/tr>\n<tr>\n<td>Valko-Pallo-omr\u00e5det<\/td>\n<td style=\"text-align: right;\">13 566,00 \u20ac<\/td>\n<td>F\u00f6rskoletennis<\/td>\n<\/tr>\n<tr>\n<td>K\u00e4pyl\u00e4 Pallo ry<\/td>\n<td style=\"text-align: right;\">12 000,00 \u20ac<\/td>\n<td>Knappligaaktiviteter<\/td>\n<\/tr>\n<tr>\n<td>Finska basebollf\u00f6rbundet<\/td>\n<td style=\"text-align: right;\">12 000,00 \u20ac<\/td>\n<td>L\u00e5gtr\u00f6skel finsk basebollhobby<\/td>\n<\/tr>\n<tr>\n<td>FC Honka ry<\/td>\n<td style=\"text-align: right;\">11 000,00 \u20ac<\/td>\n<td>St\u00f6dfond<\/td>\n<\/tr>\n<tr>\n<td>Roihu ry<\/td>\n<td style=\"text-align: right;\">11 000,00 \u20ac<\/td>\n<td>Blockk\u00e4llare<\/td>\n<\/tr>\n<tr>\n<td>Er\u00e4Viikingit ry<\/td>\n<td style=\"text-align: right;\">10 000,00 \u20ac<\/td>\n<td>ERVI-fonden<\/td>\n<\/tr>\n<tr>\n<td>Espoo skidklubb<\/td>\n<td style=\"text-align: right;\">10 000,00 \u20ac<\/td>\n<td>Utvecklingen av klubbens verksamhet<\/td>\n<\/tr>\n<tr>\n<td>Hakunilan Urheiluyhdistys Ry \/ FC HAXI<\/td>\n<td style=\"text-align: right;\">10 000,00 \u20ac<\/td>\n<td>Fritidsaktiviteter med l\u00e5g tr\u00f6skel<\/td>\n<\/tr>\n<tr>\n<td>LYNX ry<\/td>\n<td style=\"text-align: right;\">10 000,00 \u20ac<\/td>\n<td>Jukola-leden i Kirkkonummi<\/td>\n<\/tr>\n<tr>\n<td>Nummela Fotbollsklubb<\/td>\n<td style=\"text-align: right;\">10 000,00 \u20ac<\/td>\n<td>Utvecklingen av flickfotbollen<\/td>\n<\/tr>\n<tr>\n<td>Pakilan vetor\u00e4tt<\/td>\n<td style=\"text-align: right;\">10 000,00 \u20ac<\/td>\n<td>Utveckling av aktiviteter f\u00f6r barn och unga<\/td>\n<\/tr>\n<tr>\n<td>Helsingfors storstadsidrottsakademi (Urhea)<\/td>\n<td style=\"text-align: right;\">10 000,00 \u20ac<\/td>\n<td>Masterstudier i coachingvetenskap i Helsingfors storstadsomr\u00e5de<\/td>\n<\/tr>\n<tr>\n<td>Spirit Shakin&#8217; Cheerleaders ry<\/td>\n<td style=\"text-align: right;\">10 000,00 \u20ac<\/td>\n<td>Utvecklingen av cheerleadinghobbyn<\/td>\n<\/tr>\n<tr>\n<td>Westend Indians ry<\/td>\n<td style=\"text-align: right;\">10 000,00 \u20ac<\/td>\n<td>Heimo-specialer<\/td>\n<\/tr>\n<tr>\n<td>ToPo Juniors<\/td>\n<td style=\"text-align: right;\">9 000,00 \u20ac<\/td>\n<td>Basketturn\u00e9 f\u00f6r daghem<\/td>\n<\/tr>\n<tr>\n<td>BK Climbers ry<\/td>\n<td style=\"text-align: right;\">8 000,00 \u20ac<\/td>\n<td>Aktiviteter<\/td>\n<\/tr>\n<tr>\n<td>Sydfinska Skidskyttef\u00f6rbundet<\/td>\n<td style=\"text-align: right;\">8 000,00 \u20ac<\/td>\n<td>Utveckling av skidskytteaktiviteter f\u00f6r barn och unga<\/td>\n<\/tr>\n<tr>\n<td>F.C. Heimo ry<\/td>\n<td style=\"text-align: right;\">8 000,00 \u20ac<\/td>\n<td>F\u00f6r hobbyaktiviteter<\/td>\n<\/tr>\n<tr>\n<td>Helsingin Palloseura ry<\/td>\n<td style=\"text-align: right;\">8 000,00 \u20ac<\/td>\n<td>St\u00f6dfond<\/td>\n<\/tr>\n<tr>\n<td>Helsingfors konst\u00e5kningsakademi<\/td>\n<td style=\"text-align: right;\">8 000,00 \u20ac<\/td>\n<td>Utrustningsink\u00f6p<\/td>\n<\/tr>\n<tr>\n<td>Karhu-Kissat RY<\/td>\n<td style=\"text-align: right;\">8 000,00 \u20ac<\/td>\n<td>Skridskoskola f\u00f6r daghem<\/td>\n<\/tr>\n<tr>\n<td>Tikkurila-s\u00e4llskapet<\/td>\n<td style=\"text-align: right;\">8 000,00 \u20ac<\/td>\n<td>Flickors basket<\/td>\n<\/tr>\n<tr>\n<td>Espoon Palloseuran Fotboll ry<\/td>\n<td style=\"text-align: right;\">7 500,00 \u20ac<\/td>\n<td>St\u00f6dfond<\/td>\n<\/tr>\n<tr>\n<td>Keravan Urheilijat ry \/ Skidsektion<\/td>\n<td style=\"text-align: right;\">7 000,00 \u20ac<\/td>\n<td>Fritidsaktiviteter med l\u00e5g tr\u00f6skel<\/td>\n<\/tr>\n<tr>\n<td>Meilahti Bollf\u00f6rening<\/td>\n<td style=\"text-align: right;\">7 000,00 \u20ac<\/td>\n<td>L\u00e5gtr\u00f6skelsportevenemang<\/td>\n<\/tr>\n<tr>\n<td>Atlantis FC Helsingfors ry<\/td>\n<td style=\"text-align: right;\">6 000,00 \u20ac<\/td>\n<td>Fritidsaktiviteter med l\u00e5g tr\u00f6skel<\/td>\n<\/tr>\n<tr>\n<td>Helsingin Uimarit ry<\/td>\n<td style=\"text-align: right;\">6 000,00 \u20ac<\/td>\n<td>St\u00f6d till barn och unga fr\u00e5n l\u00e5ginkomstfamiljer<\/td>\n<\/tr>\n<tr>\n<td>IF Gnistan<\/td>\n<td style=\"text-align: right;\">6 000,00 \u20ac<\/td>\n<td>Spark Fund<\/td>\n<\/tr>\n<tr>\n<td>Laajasalon Palloseura LPS ry<\/td>\n<td style=\"text-align: right;\">6 000,00 \u20ac<\/td>\n<td>St\u00f6dfond<\/td>\n<\/tr>\n<tr>\n<td>Esboos Bollklubb<\/td>\n<td style=\"text-align: right;\">5 000,00 \u20ac<\/td>\n<td>St\u00f6dfond<\/td>\n<\/tr>\n<tr>\n<td>FC Kirkkonummi ry<\/td>\n<td style=\"text-align: right;\">5 000,00 \u20ac<\/td>\n<td>St\u00f6dfond<\/td>\n<\/tr>\n<tr>\n<td>Fliku 82 ry<\/td>\n<td style=\"text-align: right;\">5 000,00 \u20ac<\/td>\n<td>Stipendiefond<\/td>\n<\/tr>\n<tr>\n<td>Hawks Helsingfors ry<\/td>\n<td style=\"text-align: right;\">5 000,00 \u20ac<\/td>\n<td>Flickors innebandyprojekt<\/td>\n<\/tr>\n<tr>\n<td>HCK Salamatry<\/td>\n<td style=\"text-align: right;\">5 000,00 \u20ac<\/td>\n<td>L\u00e4tt hockey<\/td>\n<\/tr>\n<tr>\n<td>Helsingin Ponnistus r.y.<\/td>\n<td style=\"text-align: right;\">5 000,00 \u20ac<\/td>\n<td>St\u00f6dfond<\/td>\n<\/tr>\n<tr>\n<td>KJT Hockey ry<\/td>\n<td style=\"text-align: right;\">5 000,00 \u20ac<\/td>\n<td>Speciell Is<\/td>\n<\/tr>\n<tr>\n<td>Lepp\u00e4vaaran Pallo Ry<\/td>\n<td style=\"text-align: right;\">5 000,00 \u20ac<\/td>\n<td>St\u00f6dfond<\/td>\n<\/tr>\n<tr>\n<td>N\u00c5ID Athletics r.f.<\/td>\n<td style=\"text-align: right;\">5 000,00 \u20ac<\/td>\n<td>Gemensamma aktiviteter<\/td>\n<\/tr>\n<tr>\n<td>Finska idrottsf\u00f6rbundet f\u00f6r d\u00f6va<\/td>\n<td style=\"text-align: right;\">5 000,00 \u20ac<\/td>\n<td>L\u00e4geraktiviteter<\/td>\n<\/tr>\n<tr>\n<td>Tapiolan Honka ry<\/td>\n<td style=\"text-align: right;\">5 000,00 \u20ac<\/td>\n<td>Basketstart<\/td>\n<\/tr>\n<tr>\n<td>Vantaan Salamat-ryet<\/td>\n<td style=\"text-align: right;\">5 000,00 \u20ac<\/td>\n<td>Hyreskostnader<\/td>\n<\/tr>\n<tr>\n<td>Vyborg-idrottare<\/td>\n<td style=\"text-align: right;\">5 000,00 \u20ac<\/td>\n<td>VU-fond och utrustningsink\u00f6p<\/td>\n<\/tr>\n<tr>\n<td>Warriors Rugbyklubb Helsingfors<\/td>\n<td style=\"text-align: right;\">5 000,00 \u20ac<\/td>\n<td>Barnens rugbyl\u00e4ger<\/td>\n<\/tr>\n<\/tbody>\n<\/table>\n<\/div><\/section>\n<section  class='av_textblock_section av-kd3n21ug-2-fe54a901efb63895f2bbe1c17811ea95 '   itemscope=\"itemscope\" itemtype=\"https:\/\/schema.org\/CreativeWork\" ><div class='avia_textblock'  itemprop=\"text\" ><p>Kuvituskuva: Susanna Mikander<\/p>\n<\/div><\/section>\n\n<style type=\"text\/css\" data-created_by=\"avia_inline_auto\" id=\"style-css-av-1ev4b-ca5c439992bd71c02151c7ce64ffb1c9\">\n.flex_column.av-1ev4b-ca5c439992bd71c02151c7ce64ffb1c9{\nborder-radius:0px 0px 0px 0px;\npadding:0px 0px 0px 0px;\n}\n<\/style>\n<div  class='flex_column av-1ev4b-ca5c439992bd71c02151c7ce64ffb1c9 av_one_half  avia-builder-el-5  el_after_av_textblock  el_before_av_one_half  first flex_column_div av-zero-column-padding  column-top-margin'     ><div  class='avia-button-wrap av-kexxtiq3-ab73c43ed8005c16adec7568187654d1-wrap avia-button-center  avia-builder-el-6  avia-builder-el-no-sibling '><a href='https:\/\/urlus.fi\/index.php\/avustustietoa\/avustukset-vaikuttavat\/'  class='avia-button av-kexxtiq3-ab73c43ed8005c16adec7568187654d1 avia-icon_select-yes-left-icon avia-size-small avia-position-center avia-color-theme-color'  ><span class='avia_button_icon avia_button_icon_left' aria-hidden='true' data-av_icon='\ue884' data-av_iconfont='entypo-fontello'><\/span><span class='avia_iconbox_title' >Avustukset vaikuttavat<\/span><\/a><\/div><\/div>\n\n<style type=\"text\/css\" data-created_by=\"avia_inline_auto\" id=\"style-css-av-153qb-61d81d78fafabe350aa051e789b4556e\">\n.flex_column.av-153qb-61d81d78fafabe350aa051e789b4556e{\nborder-radius:0px 0px 0px 0px;\npadding:0px 0px 0px 0px;\n}\n<\/style>\n<div  class='flex_column av-153qb-61d81d78fafabe350aa051e789b4556e av_one_half  avia-builder-el-7  el_after_av_one_half  avia-builder-el-last  flex_column_div av-zero-column-padding  column-top-margin'     ><div  class='avia-button-wrap av-kexxtiq3-1-058bb8674c15b8c0c1206d0f23f50439-wrap avia-button-center  avia-builder-el-8  avia-builder-el-no-sibling '><a href='https:\/\/urlus.fi\/index.php\/avustustietoa\/urlus-palkinnot\/'  class='avia-button av-kexxtiq3-1-058bb8674c15b8c0c1206d0f23f50439 avia-icon_select-yes-right-icon avia-size-small avia-position-center avia-color-theme-color'  ><span class='avia_iconbox_title' >Urlus-palkinnot<\/span><span class='avia_button_icon avia_button_icon_right' aria-hidden='true' data-av_icon='\ue885' data-av_iconfont='entypo-fontello'><\/span><\/a><\/div><\/div>\n","protected":false},"excerpt":{"rendered":"","protected":false},"author":5,"featured_media":0,"parent":157,"menu_order":3,"comment_status":"closed","ping_status":"closed","template":"","meta":{"footnotes":""},"class_list":["post-2205","page","type-page","status-publish","hentry"],"_links":{"self":[{"href":"https:\/\/urlus.fi\/index.php\/wp-json\/wp\/v2\/pages\/2205","targetHints":{"allow":["GET"]}}],"collection":[{"href":"https:\/\/urlus.fi\/index.php\/wp-json\/wp\/v2\/pages"}],"about":[{"href":"https:\/\/urlus.fi\/index.php\/wp-json\/wp\/v2\/types\/page"}],"author":[{"embeddable":true,"href":"https:\/\/urlus.fi\/index.php\/wp-json\/wp\/v2\/users\/5"}],"replies":[{"embeddable":true,"href":"https:\/\/urlus.fi\/index.php\/wp-json\/wp\/v2\/comments?post=2205"}],"version-history":[{"count":3,"href":"https:\/\/urlus.fi\/index.php\/wp-json\/wp\/v2\/pages\/2205\/revisions"}],"predecessor-version":[{"id":2214,"href":"https:\/\/urlus.fi\/index.php\/wp-json\/wp\/v2\/pages\/2205\/revisions\/2214"}],"up":[{"embeddable":true,"href":"https:\/\/urlus.fi\/index.php\/wp-json\/wp\/v2\/pages\/157"}],"wp:attachment":[{"href":"https:\/\/urlus.fi\/index.php\/wp-json\/wp\/v2\/media?parent=2205"}],"curies":[{"name":"wp","href":"https:\/\/api.w.org\/{rel}","templated":true}]}}