{"id":2178,"date":"2026-03-16T12:43:26","date_gmt":"2026-03-16T12:43:26","guid":{"rendered":"https:\/\/urlus.fi\/?page_id=2178"},"modified":"2026-03-16T12:52:43","modified_gmt":"2026-03-16T12:52:43","slug":"urlus-saation-vuoden-2026-avustuspaatokset-tehty","status":"publish","type":"page","link":"https:\/\/urlus.fi\/index.php\/ajankohtaista\/urlus-saation-vuoden-2026-avustuspaatokset-tehty\/","title":{"rendered":"URLUS-s\u00e4\u00e4ti\u00f6n vuoden 2026 avustusp\u00e4\u00e4t\u00f6kset tehty"},"content":{"rendered":"<div id='full_slider_1'  class='avia-fullwidth-slider main_color avia-shadow   avia-builder-el-0  el_before_av_heading  avia-builder-el-first   container_wrap sidebar_right'  ><div  class='avia-slideshow av-16ton-52c53f8246c4cd5d51894ae98176ec7e avia-slideshow-featured av_slideshow_full avia-slide-slider av-slideshow-ui av-control-default av-slideshow-manual av-loop-once av-loop-manual-endless av-default-height-applied   avia-slideshow-1' data-slideshow-options=\"{&quot;animation&quot;:&quot;slide&quot;,&quot;autoplay&quot;:false,&quot;loop_autoplay&quot;:&quot;once&quot;,&quot;interval&quot;:5,&quot;loop_manual&quot;:&quot;manual-endless&quot;,&quot;autoplay_stopper&quot;:false,&quot;noNavigation&quot;:false,&quot;bg_slider&quot;:false,&quot;keep_padding&quot;:false,&quot;hoverpause&quot;:false,&quot;show_slide_delay&quot;:0}\"  itemprop=\"image\" itemscope=\"itemscope\" itemtype=\"https:\/\/schema.org\/ImageObject\" ><ul class='avia-slideshow-inner ' style='padding-bottom: 28.648648648649%;'><li  class='avia-slideshow-slide av-16ton-52c53f8246c4cd5d51894ae98176ec7e__0  av-single-slide slide-1 slide-odd'><div data-rel='slideshow-1' class='avia-slide-wrap '   ><img fetchpriority=\"high\" class=\"wp-image-1409 avia-img-lazy-loading-not-1409\"  src='https:\/\/urlus.fi\/wp-content\/uploads\/2023\/05\/urlus_katunakyma.jpg' width='1480' height='424' title='urlus_katunakyma' alt=''  itemprop=\"thumbnailUrl\"   \/><\/div><\/li><\/ul><\/div><\/div><div id='after_full_slider_1'  class='main_color av_default_container_wrap container_wrap sidebar_right'  ><div class='container av-section-cont-open' ><div class='template-page content  av-content-small alpha units'><div class='post-entry post-entry-type-page post-entry-2178'><div class='entry-content-wrapper clearfix'>\n\n<style type=\"text\/css\" data-created_by=\"avia_inline_auto\" id=\"style-css-av-1zyhrn-dcdcfa66d1a7af41788b0cf313562ddb\">\n#top .av-special-heading.av-1zyhrn-dcdcfa66d1a7af41788b0cf313562ddb{\npadding-bottom:10px;\n}\nbody .av-special-heading.av-1zyhrn-dcdcfa66d1a7af41788b0cf313562ddb .av-special-heading-tag .heading-char{\nfont-size:25px;\n}\n.av-special-heading.av-1zyhrn-dcdcfa66d1a7af41788b0cf313562ddb .av-subheading{\nfont-size:15px;\n}\n<\/style>\n<div  class='av-special-heading av-1zyhrn-dcdcfa66d1a7af41788b0cf313562ddb av-special-heading-h3  avia-builder-el-1  el_after_av_slideshow_full  el_before_av_hr  avia-builder-el-first  av-linked-heading'><h3 class='av-special-heading-tag'  itemprop=\"headline\"  >URLUS-s\u00e4\u00e4ti\u00f6n vuoden 2026 avustusp\u00e4\u00e4t\u00f6kset tehty<\/h3><div class=\"special-heading-border\"><div class=\"special-heading-inner-border\"><\/div><\/div><\/div>\n\n<style type=\"text\/css\" data-created_by=\"avia_inline_auto\" id=\"style-css-av-l3n1m91g-5ce10ec470c4d72286a58c0766f14b0f\">\n#top .hr.hr-invisible.av-l3n1m91g-5ce10ec470c4d72286a58c0766f14b0f{\nheight:50px;\n}\n<\/style>\n<div  class='hr av-l3n1m91g-5ce10ec470c4d72286a58c0766f14b0f hr-invisible  avia-builder-el-2  el_after_av_heading  el_before_av_two_third '><span class='hr-inner '><span class=\"hr-inner-style\"><\/span><\/span><\/div>\n\n<style type=\"text\/css\" data-created_by=\"avia_inline_auto\" id=\"style-css-av-ay7wq-c104a36afb9c1c42e445009c9c61380d\">\n.flex_column.av-ay7wq-c104a36afb9c1c42e445009c9c61380d{\nborder-radius:0px 0px 0px 0px;\npadding:0px 0px 0px 0px;\n}\n<\/style>\n<div  class='flex_column av-ay7wq-c104a36afb9c1c42e445009c9c61380d av_two_third  avia-builder-el-3  el_after_av_hr  el_before_av_one_third  first flex_column_div av-zero-column-padding  '     ><section  class='av_textblock_section av-2vlokj-5fa3d335cd30433c5e51a320c20801ce '   itemscope=\"itemscope\" itemtype=\"https:\/\/schema.org\/CreativeWork\" ><div class='avia_textblock'  itemprop=\"text\" ><p><em><strong>Urlus-S\u00e4\u00e4ti\u00f6 on my\u00f6nt\u00e4nyt avustuksia vuodesta 1953. \u201dS\u00e4\u00e4ti\u00f6n tarkoituksena on k\u00e4ytett\u00e4viss\u00e4\u00e4n olevilla varoilla tukea maan ja etenkin Helsingin seudun liikuntakasvatus- ja urheiluel\u00e4m\u00e4\u00e4 sek\u00e4 muutoin edist\u00e4\u00e4 maanpuolustuksellista ja muuta maan itsen\u00e4isyytt\u00e4 tukevaa toimintaa\u201d. T\u00e4t\u00e4 s\u00e4\u00e4nt\u00f6\u00e4 s\u00e4\u00e4ti\u00f6 on avustusp\u00e4\u00e4t\u00f6ksiss\u00e4\u00e4n t\u00e4n\u00e4kin vuonna noudattanut.<\/strong><\/em><\/p>\n<p><strong>Hakemuksia vastaanotettiin yhteens\u00e4 287 kappaletta<\/strong><\/p>\n<p>S\u00e4\u00e4ti\u00f6 vastaanotti vuoden vaihteessa p\u00e4\u00e4ttyneell\u00e4 hakukierroksella kaikkien aikojen toiseksi suurimman m\u00e4\u00e4r\u00e4n hakemuksia. Eniten hakemuksia saatiin liikunnan ja urheilun alalta, jossa hakemusm\u00e4\u00e4r\u00e4 oli 167 kappaletta. Nuorisotoimintaan saatiin 67 ja maanpuolustukseen 53 hakemusta.<\/p>\n<p><strong>T\u00e4n\u00e4 vuonna jaettiin kaikkien aikojen suurin avustuspotti<\/strong><\/p>\n<p>S\u00e4\u00e4ti\u00f6n hallitus p\u00e4\u00e4tti my\u00f6nt\u00e4\u00e4 avustuksia yhteens\u00e4 2,9 miljoonaa euroa. Summa on s\u00e4\u00e4ti\u00f6n historian kaikkien aikojen suurin.<\/p>\n<p>S\u00e4\u00e4ti\u00f6n avustustoimikunta teki hallitukselle esityksen my\u00f6nnett\u00e4vist\u00e4 avustuksista maaliskuun alussa pidetyss\u00e4 kokouksessa. Hallitus hyv\u00e4ksyi avustustoimikunnan esityksen. Avustuksia my\u00f6nnettiin 145 hakijalle. Hakijoista 46 % sai my\u00f6nteisen p\u00e4\u00e4t\u00f6ksen.<\/p>\n<p><strong>Maanpuolustus<\/strong><\/p>\n<p>Eniten tukea sai Maanpuolustus 1,24 miljoonaa euroa. Suurimpien tukien saajat olivat aikaisempien vuosien tapaan Maanpuolustuksen Tuki ry, Helsingin Reserviupseeripiiri ry ja Helsingin Seudun Reservil\u00e4ispiiri ry.<\/p>\n<p>T\u00e4n\u00e4 vuonna tuettiin merkitt\u00e4v\u00e4ll\u00e4 summalla my\u00f6s Maanpuolustuskoulutusyhdistyst\u00e4. Lis\u00e4ksi s\u00e4\u00e4ti\u00f6 tukee vuosittain puolustusvoimien ja rajavartiolaitoksen varusmiesten palkitsemisia.<\/p>\n<p><strong>Liikunta<\/strong><\/p>\n<p>Liikuntaan my\u00f6nnettiin avustuksia 900 000 euroa. Liikunnan osalta avustusp\u00e4\u00e4t\u00f6ksiss\u00e4 on priorisoitu lasten ja nuorten matalan kynnyksen harrastustoimintaa sek\u00e4 v\u00e4h\u00e4varaisten perheiden lasten ja nuorten liikuntaharrastuksen tukemista.<\/p>\n<p><strong>Nuorisoty\u00f6<\/strong><\/p>\n<p>Nuorisoty\u00f6h\u00f6n my\u00f6nnettiin tukea Urlus-S\u00e4\u00e4ti\u00f6n historian kaikkien aikojen suurin summa, 798 000 euroa. S\u00e4\u00e4ti\u00f6 haluaa olla mukana ajankohtaisissa hankkeissa, joilla rakennetaan parempaa ja turvallisempaa Suomea. Nuorisoty\u00f6n tuessa on priorisoitu syrj\u00e4ytymist\u00e4 ehk\u00e4isev\u00e4\u00e4 ty\u00f6t\u00e4.<\/p>\n<p><strong>Avustusp\u00e4\u00e4t\u00f6kset ja niiden julkistaminen<\/strong><\/p>\n<p>S\u00e4\u00e4ti\u00f6 l\u00e4hett\u00e4\u00e4 avustusp\u00e4\u00e4t\u00f6kset kaikille hakijoille seuraavan kahden viikon aikana. My\u00f6nteisen tukip\u00e4\u00e4t\u00f6ksen mukana tulevat ohjeet maksutietojen ilmoittamiseksi.<\/p>\n<p>S\u00e4\u00e4ti\u00f6 julkaisee huhtikuussa nettisivuillaan kaikki 5 000 euroa tai t\u00e4t\u00e4 suuremman avustuksen saaneet hakijat ja avustuksen p\u00e4\u00e4tarkoituksen.<\/p>\n<p><strong>Kiitokset<\/strong><\/p>\n<p>Urlus-S\u00e4\u00e4ti\u00f6 haluaa kiitt\u00e4\u00e4 kaikkia hakemuksen l\u00e4hett\u00e4neit\u00e4. Erityisen ilahduttavaa oli, ett\u00e4 monet hakijat olivat t\u00e4ll\u00e4kin kertaa todella panostaneet hakemuksiinsa.<\/p>\n<p>Seuraava haku j\u00e4rjestet\u00e4\u00e4n 1.12. \u2013 31.12.2026.<\/p>\n<p>Lis\u00e4tietoja:<\/p>\n<p>Urlus-S\u00e4\u00e4ti\u00f6<br \/>\nToimitusjohtaja Mika Piiroinen<br \/>\np. 040 542 0545<br \/>\nmikapiiroinen@gmail.com<\/p>\n<\/div><\/section><\/div>\n<style type=\"text\/css\" data-created_by=\"avia_inline_auto\" id=\"style-css-av-1uosct-db9e4db720f1c5b3ca2de655740149fe\">\n.flex_column.av-1uosct-db9e4db720f1c5b3ca2de655740149fe{\nborder-radius:0px 0px 0px 0px;\npadding:0px 0px 0px 0px;\n}\n<\/style>\n<div  class='flex_column av-1uosct-db9e4db720f1c5b3ca2de655740149fe av_one_third  avia-builder-el-5  el_after_av_two_third  el_before_av_one_full  flex_column_div av-zero-column-padding  '     ><\/div><\/p>\n\n<style type=\"text\/css\" data-created_by=\"avia_inline_auto\" id=\"style-css-av-ay7wq-2-c6884a403de0e7231960d0b5d368cf52\">\n.flex_column.av-ay7wq-2-c6884a403de0e7231960d0b5d368cf52{\nborder-radius:0px 0px 0px 0px;\npadding:0px 0px 0px 0px;\n}\n<\/style>\n<div  class='flex_column av-ay7wq-2-c6884a403de0e7231960d0b5d368cf52 av_one_full  avia-builder-el-6  el_after_av_one_third  avia-builder-el-last  first flex_column_div av-zero-column-padding  column-top-margin'     ><section  class='av_textblock_section av-kd3glxa1-1-deb9fded8c476a047b367e4647d95438 '   itemscope=\"itemscope\" itemtype=\"https:\/\/schema.org\/CreativeWork\" ><div class='avia_textblock'  itemprop=\"text\" ><p>P\u00e4\u00e4kuva: Nikolai Ylirotu<\/p>\n<\/div><\/section><\/div>\n","protected":false},"excerpt":{"rendered":"","protected":false},"author":5,"featured_media":1875,"parent":47,"menu_order":0,"comment_status":"closed","ping_status":"closed","template":"","meta":{"footnotes":""},"class_list":["post-2178","page","type-page","status-publish","has-post-thumbnail","hentry"],"_links":{"self":[{"href":"https:\/\/urlus.fi\/index.php\/wp-json\/wp\/v2\/pages\/2178","targetHints":{"allow":["GET"]}}],"collection":[{"href":"https:\/\/urlus.fi\/index.php\/wp-json\/wp\/v2\/pages"}],"about":[{"href":"https:\/\/urlus.fi\/index.php\/wp-json\/wp\/v2\/types\/page"}],"author":[{"embeddable":true,"href":"https:\/\/urlus.fi\/index.php\/wp-json\/wp\/v2\/users\/5"}],"replies":[{"embeddable":true,"href":"https:\/\/urlus.fi\/index.php\/wp-json\/wp\/v2\/comments?post=2178"}],"version-history":[{"count":2,"href":"https:\/\/urlus.fi\/index.php\/wp-json\/wp\/v2\/pages\/2178\/revisions"}],"predecessor-version":[{"id":2185,"href":"https:\/\/urlus.fi\/index.php\/wp-json\/wp\/v2\/pages\/2178\/revisions\/2185"}],"up":[{"embeddable":true,"href":"https:\/\/urlus.fi\/index.php\/wp-json\/wp\/v2\/pages\/47"}],"wp:featuredmedia":[{"embeddable":true,"href":"https:\/\/urlus.fi\/index.php\/wp-json\/wp\/v2\/media\/1875"}],"wp:attachment":[{"href":"https:\/\/urlus.fi\/index.php\/wp-json\/wp\/v2\/media?parent=2178"}],"curies":[{"name":"wp","href":"https:\/\/api.w.org\/{rel}","templated":true}]}}