{"id":2132,"date":"2025-11-26T11:20:08","date_gmt":"2025-11-26T11:20:08","guid":{"rendered":"https:\/\/urlus.fi\/?page_id=2132"},"modified":"2025-11-26T11:26:40","modified_gmt":"2025-11-26T11:26:40","slug":"tiina-laisi-puheloisesta-urlus-saation-hallituksen-uusi-jasen-2","status":"publish","type":"page","link":"https:\/\/urlus.fi\/index.php\/ajankohtaista\/tiina-laisi-puheloisesta-urlus-saation-hallituksen-uusi-jasen-2\/","title":{"rendered":"Tiina Laisi-Puheloisesta Urlus-s\u00e4\u00e4ti\u00f6n hallituksen uusi j\u00e4sen"},"content":{"rendered":"<div id='full_slider_1'  class='avia-fullwidth-slider main_color avia-shadow   avia-builder-el-0  el_before_av_heading  avia-builder-el-first   container_wrap sidebar_right'  ><div  class='avia-slideshow av-16ton-52c53f8246c4cd5d51894ae98176ec7e avia-slideshow-featured av_slideshow_full avia-slide-slider av-slideshow-ui av-control-default av-slideshow-manual av-loop-once av-loop-manual-endless av-default-height-applied   avia-slideshow-1' data-slideshow-options=\"{&quot;animation&quot;:&quot;slide&quot;,&quot;autoplay&quot;:false,&quot;loop_autoplay&quot;:&quot;once&quot;,&quot;interval&quot;:5,&quot;loop_manual&quot;:&quot;manual-endless&quot;,&quot;autoplay_stopper&quot;:false,&quot;noNavigation&quot;:false,&quot;bg_slider&quot;:false,&quot;keep_padding&quot;:false,&quot;hoverpause&quot;:false,&quot;show_slide_delay&quot;:0}\"  itemprop=\"image\" itemscope=\"itemscope\" itemtype=\"https:\/\/schema.org\/ImageObject\" ><ul class='avia-slideshow-inner ' style='padding-bottom: 28.648648648649%;'><li  class='avia-slideshow-slide av-16ton-52c53f8246c4cd5d51894ae98176ec7e__0  av-single-slide slide-1 slide-odd'><div data-rel='slideshow-1' class='avia-slide-wrap '   ><img fetchpriority=\"high\" class=\"wp-image-1409 avia-img-lazy-loading-not-1409\"  src='https:\/\/urlus.fi\/wp-content\/uploads\/2023\/05\/urlus_katunakyma.jpg' width='1480' height='424' title='urlus_katunakyma' alt=''  itemprop=\"thumbnailUrl\"   \/><\/div><\/li><\/ul><\/div><\/div><div id='after_full_slider_1'  class='main_color av_default_container_wrap container_wrap sidebar_right'  ><div class='container av-section-cont-open' ><div class='template-page content  av-content-small alpha units'><div class='post-entry post-entry-type-page post-entry-2132'><div class='entry-content-wrapper clearfix'>\n\n<style type=\"text\/css\" data-created_by=\"avia_inline_auto\" id=\"style-css-av-1zyhrn-d923f300edcfa754ea7e372f7d1b2b80\">\n#top .av-special-heading.av-1zyhrn-d923f300edcfa754ea7e372f7d1b2b80{\npadding-bottom:10px;\n}\nbody .av-special-heading.av-1zyhrn-d923f300edcfa754ea7e372f7d1b2b80 .av-special-heading-tag .heading-char{\nfont-size:25px;\n}\n.av-special-heading.av-1zyhrn-d923f300edcfa754ea7e372f7d1b2b80 .av-subheading{\nfont-size:15px;\n}\n<\/style>\n<div  class='av-special-heading av-1zyhrn-d923f300edcfa754ea7e372f7d1b2b80 av-special-heading-h3  avia-builder-el-1  el_after_av_slideshow_full  el_before_av_hr  avia-builder-el-first  av-linked-heading'><h3 class='av-special-heading-tag'  itemprop=\"headline\"  >Tiina Laisi-Puheloisesta Urlus-s\u00e4\u00e4ti\u00f6n hallituksen uusi j\u00e4sen<\/h3><div class=\"special-heading-border\"><div class=\"special-heading-inner-border\"><\/div><\/div><\/div>\n\n<style type=\"text\/css\" data-created_by=\"avia_inline_auto\" id=\"style-css-av-l3n1m91g-5ce10ec470c4d72286a58c0766f14b0f\">\n#top .hr.hr-invisible.av-l3n1m91g-5ce10ec470c4d72286a58c0766f14b0f{\nheight:50px;\n}\n<\/style>\n<div  class='hr av-l3n1m91g-5ce10ec470c4d72286a58c0766f14b0f hr-invisible  avia-builder-el-2  el_after_av_heading  el_before_av_two_third '><span class='hr-inner '><span class=\"hr-inner-style\"><\/span><\/span><\/div>\n\n<style type=\"text\/css\" data-created_by=\"avia_inline_auto\" id=\"style-css-av-ay7wq-c104a36afb9c1c42e445009c9c61380d\">\n.flex_column.av-ay7wq-c104a36afb9c1c42e445009c9c61380d{\nborder-radius:0px 0px 0px 0px;\npadding:0px 0px 0px 0px;\n}\n<\/style>\n<div  class='flex_column av-ay7wq-c104a36afb9c1c42e445009c9c61380d av_two_third  avia-builder-el-3  el_after_av_hr  el_before_av_one_third  first flex_column_div av-zero-column-padding  '     ><section  class='av_textblock_section av-2vlokj-5fa3d335cd30433c5e51a320c20801ce '   itemscope=\"itemscope\" itemtype=\"https:\/\/schema.org\/CreativeWork\" ><div class='avia_textblock'  itemprop=\"text\" ><div id=\"attachment_2108\" style=\"width: 162px\" class=\"wp-caption alignright\"><a href=\"https:\/\/urlus.fi\/wp-content\/uploads\/2025\/08\/tiina.png\"><img loading=\"lazy\" decoding=\"async\" aria-describedby=\"caption-attachment-2108\" class=\" wp-image-2108\" src=\"https:\/\/urlus.fi\/wp-content\/uploads\/2025\/08\/tiina.png\" alt=\"Tiina Laisi-Puheloisesta Urlus-s\u00e4\u00e4ti\u00f6n hallituksen uusi j\u00e4sen\" width=\"152\" height=\"195\" srcset=\"https:\/\/urlus.fi\/wp-content\/uploads\/2025\/08\/tiina.png 450w, https:\/\/urlus.fi\/wp-content\/uploads\/2025\/08\/tiina-94x120.png 94w\" sizes=\"auto, (max-width: 152px) 100vw, 152px\" \/><\/a><p id=\"caption-attachment-2108\" class=\"wp-caption-text\">Tiina Laisi-Puheloinen<br \/>Kuva FiBAN<\/p><\/div>\n<p>Urlus-s\u00e4\u00e4ti\u00f6n hallitus on valinnut s\u00e4\u00e4ti\u00f6n hallitukseen uudeksi j\u00e4seneksi kasvatustieteiden maisteri Tiina Laisi-Puheloisen. H\u00e4n ty\u00f6skentelee t\u00e4ll\u00e4 hetkell\u00e4 FiBANin eli Suomen enkelisijoittajayhdistyksen toimitusjohtajana. Tiina Laisi-Puheloinen on my\u00f6s ensimm\u00e4inen reservin upseerina majuriksi ylennetty nainen.<\/p>\n<p>\u201d <em>Olemme hyvin onnekkaita, ett\u00e4 j\u00e4lleen kerran saimme huippuosaajan meid\u00e4n hallitukseemme. Tiinalla on vahvaa osaamista niin puolustushallinnosta kuin liike-el\u00e4m\u00e4st\u00e4. T\u00e4ten Tiinan t\u00e4ydent\u00e4\u00e4 hyv\u00e4ll\u00e4 tavalla s\u00e4\u00e4ti\u00f6n hallitusta<\/em>\u201d, kertoo Urlus-s\u00e4\u00e4ti\u00f6n puheenjohtaja Antti-Matti Siikala.<\/p>\n<p>\u201d<em>On suuri kunnia liitty\u00e4 Urlus-s\u00e4\u00e4ti\u00f6n hallitukseen. S\u00e4\u00e4ti\u00f6n toiminta resonoi vahvasti omien arvojeni kanssa, ja haluan osaltani edist\u00e4\u00e4 s\u00e4\u00e4ti\u00f6n tavoitteita sek\u00e4 tukea vaikuttavaa ty\u00f6t\u00e4 yhdess\u00e4 muiden hallituksen j\u00e4senten kanssa<\/em>&#8221;, toteaa Tiina Laisi-Puheloinen.<\/p>\n<\/div><\/section><\/div>\n<style type=\"text\/css\" data-created_by=\"avia_inline_auto\" id=\"style-css-av-1uosct-db9e4db720f1c5b3ca2de655740149fe\">\n.flex_column.av-1uosct-db9e4db720f1c5b3ca2de655740149fe{\nborder-radius:0px 0px 0px 0px;\npadding:0px 0px 0px 0px;\n}\n<\/style>\n<div  class='flex_column av-1uosct-db9e4db720f1c5b3ca2de655740149fe av_one_third  avia-builder-el-5  el_after_av_two_third  el_before_av_one_full  flex_column_div av-zero-column-padding  '     ><\/div><\/p>\n\n<style type=\"text\/css\" data-created_by=\"avia_inline_auto\" id=\"style-css-av-ay7wq-2-c6884a403de0e7231960d0b5d368cf52\">\n.flex_column.av-ay7wq-2-c6884a403de0e7231960d0b5d368cf52{\nborder-radius:0px 0px 0px 0px;\npadding:0px 0px 0px 0px;\n}\n<\/style>\n<div  class='flex_column av-ay7wq-2-c6884a403de0e7231960d0b5d368cf52 av_one_full  avia-builder-el-6  el_after_av_one_third  avia-builder-el-last  first flex_column_div av-zero-column-padding  column-top-margin'     ><section  class='av_textblock_section av-kd3glxa1-1-deb9fded8c476a047b367e4647d95438 '   itemscope=\"itemscope\" itemtype=\"https:\/\/schema.org\/CreativeWork\" ><div class='avia_textblock'  itemprop=\"text\" ><p>P\u00e4\u00e4kuva: Nikolai Ylirotu<\/p>\n<\/div><\/section><\/div>\n","protected":false},"excerpt":{"rendered":"","protected":false},"author":5,"featured_media":2111,"parent":47,"menu_order":1,"comment_status":"closed","ping_status":"closed","template":"","meta":{"footnotes":""},"class_list":["post-2132","page","type-page","status-publish","has-post-thumbnail","hentry"],"_links":{"self":[{"href":"https:\/\/urlus.fi\/index.php\/wp-json\/wp\/v2\/pages\/2132","targetHints":{"allow":["GET"]}}],"collection":[{"href":"https:\/\/urlus.fi\/index.php\/wp-json\/wp\/v2\/pages"}],"about":[{"href":"https:\/\/urlus.fi\/index.php\/wp-json\/wp\/v2\/types\/page"}],"author":[{"embeddable":true,"href":"https:\/\/urlus.fi\/index.php\/wp-json\/wp\/v2\/users\/5"}],"replies":[{"embeddable":true,"href":"https:\/\/urlus.fi\/index.php\/wp-json\/wp\/v2\/comments?post=2132"}],"version-history":[{"count":2,"href":"https:\/\/urlus.fi\/index.php\/wp-json\/wp\/v2\/pages\/2132\/revisions"}],"predecessor-version":[{"id":2152,"href":"https:\/\/urlus.fi\/index.php\/wp-json\/wp\/v2\/pages\/2132\/revisions\/2152"}],"up":[{"embeddable":true,"href":"https:\/\/urlus.fi\/index.php\/wp-json\/wp\/v2\/pages\/47"}],"wp:featuredmedia":[{"embeddable":true,"href":"https:\/\/urlus.fi\/index.php\/wp-json\/wp\/v2\/media\/2111"}],"wp:attachment":[{"href":"https:\/\/urlus.fi\/index.php\/wp-json\/wp\/v2\/media?parent=2132"}],"curies":[{"name":"wp","href":"https:\/\/api.w.org\/{rel}","templated":true}]}}