{"id":2010,"date":"2025-03-31T16:49:14","date_gmt":"2025-03-31T16:49:14","guid":{"rendered":"https:\/\/urlus.fi\/?page_id=2010"},"modified":"2026-03-24T17:17:45","modified_gmt":"2026-03-24T17:17:45","slug":"stiftelsens-bidragsbeslut-for-2025","status":"publish","type":"page","link":"https:\/\/urlus.fi\/index.php\/sv\/understodsinfo-varifran-hur-och-nar-2\/stiftelsens-bidragsbeslut-for-2025\/","title":{"rendered":"Stiftelsens bidragsbeslut f\u00f6r 2025 gjort"},"content":{"rendered":"<div id='full_slider_1'  class='avia-fullwidth-slider main_color avia-shadow   avia-builder-el-0  el_before_av_heading  avia-builder-el-first   container_wrap sidebar_right'  ><div  class='avia-slideshow av-16ton-52c53f8246c4cd5d51894ae98176ec7e avia-slideshow-featured av_slideshow_full avia-slide-slider av-slideshow-ui av-control-default av-slideshow-manual av-loop-once av-loop-manual-endless av-default-height-applied   avia-slideshow-1' data-slideshow-options=\"{&quot;animation&quot;:&quot;slide&quot;,&quot;autoplay&quot;:false,&quot;loop_autoplay&quot;:&quot;once&quot;,&quot;interval&quot;:5,&quot;loop_manual&quot;:&quot;manual-endless&quot;,&quot;autoplay_stopper&quot;:false,&quot;noNavigation&quot;:false,&quot;bg_slider&quot;:false,&quot;keep_padding&quot;:false,&quot;hoverpause&quot;:false,&quot;show_slide_delay&quot;:0}\"  itemprop=\"image\" itemscope=\"itemscope\" itemtype=\"https:\/\/schema.org\/ImageObject\" ><ul class='avia-slideshow-inner ' style='padding-bottom: 28.666666666667%;'><li  class='avia-slideshow-slide av-16ton-52c53f8246c4cd5d51894ae98176ec7e__0  av-single-slide slide-1 slide-odd'><div data-rel='slideshow-1' class='avia-slide-wrap '   ><img fetchpriority=\"high\" class=\"wp-image-1047 avia-img-lazy-loading-not-1047\"  src='https:\/\/urlus.fi\/wp-content\/uploads\/2022\/04\/avustuspaatokset_VimaaniVipellys-1500x430.jpg' width='1500' height='430' title='avustuspaatokset_VimaaniVipellys' alt=''  itemprop=\"thumbnailUrl\"   \/><\/div><\/li><\/ul><\/div><\/div><div id='after_full_slider_1'  class='main_color av_default_container_wrap container_wrap sidebar_right'  ><div class='container av-section-cont-open' ><div class='template-page content  av-content-small alpha units'><div class='post-entry post-entry-type-page post-entry-2010'><div class='entry-content-wrapper clearfix'>\n\n<style type=\"text\/css\" data-created_by=\"avia_inline_auto\" id=\"style-css-av-av_heading-dd959da0f3a7f5f81982597761fc24e3\">\n#top .av-special-heading.av-av_heading-dd959da0f3a7f5f81982597761fc24e3{\npadding-bottom:10px;\n}\nbody .av-special-heading.av-av_heading-dd959da0f3a7f5f81982597761fc24e3 .av-special-heading-tag .heading-char{\nfont-size:25px;\n}\n.av-special-heading.av-av_heading-dd959da0f3a7f5f81982597761fc24e3 .av-subheading{\nfont-size:15px;\n}\n<\/style>\n<div  class='av-special-heading av-av_heading-dd959da0f3a7f5f81982597761fc24e3 av-special-heading-h3  avia-builder-el-1  el_after_av_slideshow_full  el_before_av_textblock  avia-builder-el-first '><h3 class='av-special-heading-tag'  itemprop=\"headline\"  >Stiftelsens bidragsbeslut f\u00f6r 2025 gjort<\/h3><div class=\"special-heading-border\"><div class=\"special-heading-inner-border\"><\/div><\/div><\/div>\n<section  class='av_textblock_section av-luztwalc-62155874f6433eab79f10a09c92f97e3 '   itemscope=\"itemscope\" itemtype=\"https:\/\/schema.org\/CreativeWork\" ><div class='avia_textblock'  itemprop=\"text\" ><p>Under de senaste \u00e5ren har Urlus-stiftelsen publicerat \u00f6ver 5 000 euro mottagare av stipendier och en kort beskrivning av vad stipendierna har beviljats f\u00f6r.<\/p>\n<p>H\u00e4r \u00e4r en lista \u00f6ver mottagarna av \u00e5rets stipendium p\u00e5 \u00f6ver 5 000 euro:<\/p>\n<\/div><\/section>\n<section  class='av_textblock_section av-kd3n21ug-233886d934bcd913ab73e0959c76b5a8 '   itemscope=\"itemscope\" itemtype=\"https:\/\/schema.org\/CreativeWork\" ><div class='avia_textblock'  itemprop=\"text\" ><table width=\"100%\">\n<tbody>\n<tr>\n<td width=\"35%\"><strong>Ungdom<\/strong><\/td>\n<td width=\"20%\"><\/td>\n<td width=\"45%\"><\/td>\n<\/tr>\n<tr>\n<td>Guider och scouter i huvudstadsregionen<\/td>\n<td>\n<p style=\"text-align: right;\">258 000 \u20ac<\/p>\n<\/td>\n<td>St\u00f6d f\u00f6r scoutverksamheten, gemensamt st\u00f6d f\u00f6r huvudstadsregionens guider och scouter, Svenska scouter i Helsingfors och Leirikes\u00e4 ry<\/td>\n<\/tr>\n<tr>\n<td>HelsingforsMission ry<\/td>\n<td>\n<p style=\"text-align: right;\">60 000 \u20ac<\/p>\n<\/td>\n<td>Agredi Primo (Ghetto Gym)<\/td>\n<\/tr>\n<tr>\n<td>Stationens barn<\/td>\n<td style=\"text-align: right;\">50 000 \u20ac<\/td>\n<td>Vandrare caf\u00e9<\/td>\n<\/tr>\n<tr>\n<td>Irti Huumeista ry<\/td>\n<td style=\"text-align: right;\">50 000 \u20ac<\/td>\n<td>Drogcoaching f\u00f6r unga<\/td>\n<\/tr>\n<tr>\n<td>Cirkus Magenta<\/td>\n<td style=\"text-align: right;\">42 000 \u20ac<\/td>\n<td>Cirkusaktiviteter i f\u00f6rorten<\/td>\n<\/tr>\n<tr>\n<td>Walter ry<\/td>\n<td style=\"text-align: right;\">40 000 \u20ac<\/td>\n<td>Programmet Det goda vardagsbyggarna (Havukoski)<\/td>\n<\/tr>\n<tr>\n<td>Ungas f\u00f6retagsamhet och ekonomi &#8211; NYT ry<\/td>\n<td style=\"text-align: right;\">30 000 \u20ac<\/td>\n<td>Arbetsplatsh\u00f6rnan i F\u00f6retagsbyn<\/td>\n<\/tr>\n<tr>\n<td>Tiina och Antti Herlins stiftelse<\/td>\n<td style=\"text-align: right;\">30 000 \u20ac<\/td>\n<td>Naturvandringar f\u00f6r barn och unga (pks)<\/td>\n<\/tr>\n<tr>\n<td>Helsingfors IceHearts ry<\/td>\n<td style=\"text-align: right;\">25 000 \u20ac<\/td>\n<td>St\u00f6d till IceHearts-gruppernas verksamhet<\/td>\n<\/tr>\n<tr>\n<td>Finlands Sj\u00f6r\u00e4ddningss\u00e4llskap<\/td>\n<td style=\"text-align: right;\">25 000 \u20ac<\/td>\n<td>Ungdomsverksamhet<\/td>\n<\/tr>\n<tr>\n<td>KFUM i Helsingfors<\/td>\n<td style=\"text-align: right;\">22 500 \u20ac<\/td>\n<td>STREET gruppaktiviteter<\/td>\n<\/tr>\n<tr>\n<td>Digital fred<\/td>\n<td style=\"text-align: right;\">15 000 \u20ac<\/td>\n<td>Utveckla m\u00f6jligheter f\u00f6r barn och unga till digital tillv\u00e4xt i fred<\/td>\n<\/tr>\n<tr>\n<td>Helsingfors r\u00e4ddningsf\u00f6rbund<\/td>\n<td style=\"text-align: right;\">10 000 \u20ac<\/td>\n<td>L\u00e4gerverksamhet och den f\u00f6rsta sl\u00e4ckningsutbildningen<\/td>\n<\/tr>\n<tr>\n<td>Suomen Johannittain Apu<\/td>\n<td style=\"text-align: right;\">10 000 \u20ac<\/td>\n<td>Utbildning i f\u00f6rsta hj\u00e4lpen i n\u00f6dsituationer f\u00f6r skolor<\/td>\n<\/tr>\n<tr>\n<td>Global Youth Basketball ry<\/td>\n<td style=\"text-align: right;\">7 500 \u20ac<\/td>\n<td>Ordnande av hobbyverksamhet med l\u00e5g tr\u00f6skel<\/td>\n<\/tr>\n<tr>\n<td>Opera Tellus<\/td>\n<td style=\"text-align: right;\">5 000 \u20ac<\/td>\n<td>Opera Tellus Junior-projektet<\/td>\n<\/tr>\n<tr>\n<td>Yhteiset Lapsemme ry<\/td>\n<td style=\"text-align: right;\">5 000 \u20ac<\/td>\n<td>Dansverksamhet f\u00f6r barn och unga<\/td>\n<\/tr>\n<tr>\n<td><strong>F\u00f6rsvar<\/strong><\/td>\n<td><\/td>\n<td><\/td>\n<\/tr>\n<tr>\n<td>St\u00f6d till f\u00f6rsvaret<\/td>\n<td style=\"text-align: right;\">256 000 \u20ac<\/td>\n<td>Bidrag till hyra<\/td>\n<\/tr>\n<tr>\n<td>Helsingfors reservofficersdistrikt<\/td>\n<td style=\"text-align: right;\">155 000 \u20ac<\/td>\n<td>St\u00f6d till verksamheten<\/td>\n<\/tr>\n<tr>\n<td>F\u00f6rbundet f\u00f6r F\u00f6rsvarsutbildning<\/td>\n<td style=\"text-align: right;\">130 000 \u20ac<\/td>\n<td>F\u00f6r olika destinationer<\/td>\n<\/tr>\n<tr>\n<td>F\u00f6rsvarsmakt<\/td>\n<td style=\"text-align: right;\">116 142 \u20ac<\/td>\n<td>Bev\u00e4ringars stipendier och idrottsutbildning<\/td>\n<\/tr>\n<tr>\n<td>Helsingforsregionens reservistdistrikt<\/td>\n<td style=\"text-align: right;\">115 000 \u20ac<\/td>\n<td>St\u00f6d till verksamheten<\/td>\n<\/tr>\n<tr>\n<td>Kadettk\u00e5ren<\/td>\n<td style=\"text-align: right;\">30 000 \u20ac<\/td>\n<td>Evenemanget Nationellt f\u00f6rsvar och evenemanget Turpotiet\u00e4j\u00e4 samt riksomfattande f\u00f6rsvarskommunikation som riktar sig till unga<\/td>\n<\/tr>\n<tr>\n<td>Arm\u00e9skolan<\/td>\n<td style=\"text-align: right;\">30 000 \u20ac<\/td>\n<td>Stipendier f\u00f6r studenter<\/td>\n<\/tr>\n<tr>\n<td>Bidrag f\u00f6r hyra av skjutbana<\/td>\n<td style=\"text-align: right;\">30 000 \u20ac<\/td>\n<td>Hyressubvention (gemensam HRUP och HSRESP)<\/td>\n<\/tr>\n<tr>\n<td>Finlands Fredsbevararsf\u00f6rbund<\/td>\n<td style=\"text-align: right;\">25 000 \u20ac<\/td>\n<td>St\u00f6dja idrotts- och motionsaktiviteter, aktiviteter och bel\u00f6ningar.<\/td>\n<\/tr>\n<tr>\n<td>Huvudstadsregionens hembygdsf\u00f6rening f\u00f6r krigen 1939-1945<\/td>\n<td style=\"text-align: right;\">20 000 \u20ac<\/td>\n<td>St\u00f6dverksamhet f\u00f6r veteraner, deras makar och \u00e4nkor<\/td>\n<\/tr>\n<tr>\n<td>Akademiska F\u00f6rsvarsf\u00f6rbundet (ARU)<\/td>\n<td style=\"text-align: right;\">18 200 \u20ac<\/td>\n<td>F\u00f6r sport- och skytteaktiviteter<\/td>\n<\/tr>\n<tr>\n<td>Gr\u00e4nsbevakningsv\u00e4sendet<\/td>\n<td style=\"text-align: right;\">15 000 \u20ac<\/td>\n<td>Stipendier f\u00f6r v\u00e4rnpliktiga<\/td>\n<\/tr>\n<tr>\n<td>Gardets j\u00e4garregementes gille<\/td>\n<td style=\"text-align: right;\">14 000 \u20ac<\/td>\n<td>Ers\u00e4ttning och st\u00f6d f\u00f6r MAAK:s verksamhet<\/td>\n<\/tr>\n<tr>\n<td>Studenternas reservofficersdistrikt<\/td>\n<td style=\"text-align: right;\">14 000 \u20ac<\/td>\n<td>St\u00f6djande verksamhet<\/td>\n<\/tr>\n<tr>\n<td>Nylands L\u00e4ns Kompanigille<\/td>\n<td style=\"text-align: right;\">12 000 \u20ac<\/td>\n<td>F\u00f6r att st\u00f6dja verksamheten<\/td>\n<\/tr>\n<tr>\n<td>Helsingfors milit\u00e4rpolisgille<\/td>\n<td style=\"text-align: right;\">11 000 \u20ac<\/td>\n<td>Anskaffning av bastuprojekt och utrustning<\/td>\n<\/tr>\n<tr>\n<td>Kadettitoverikunta ry<\/td>\n<td style=\"text-align: right;\">10 000 \u20ac<\/td>\n<td>Kadetter f\u00f6r \u00f6vning<\/td>\n<\/tr>\n<tr>\n<td>Riksf\u00f6rbundet f\u00f6r f\u00f6rsvarsst\u00f6d<\/td>\n<td style=\"text-align: right;\">10 000 \u20ac<\/td>\n<td>26.4.2025 St\u00f6d f\u00f6r evenemang<\/td>\n<\/tr>\n<tr>\n<td>Pelikangillet<\/td>\n<td style=\"text-align: right;\">10 000 \u20ac<\/td>\n<td>Oljebek\u00e4mpningsb\u00e5t f\u00f6r reparationer i Pia-Elisabeth<\/td>\n<\/tr>\n<tr>\n<td>Stiftelsen f\u00f6r s\u00e4kerhetsst\u00f6d<\/td>\n<td style=\"text-align: right;\">10 000 \u20ac<\/td>\n<td>Gemensamt st\u00f6dprojekt (bidrag fr\u00e5n Urlusis)<\/td>\n<\/tr>\n<tr>\n<td>Nylands reservistdistrikt och Nylands reservofficersdistrikt<\/td>\n<td style=\"text-align: right;\">9 500 \u20ac<\/td>\n<td>Ordnande av F\u00f6rsvarsdagarna i Nyland<\/td>\n<\/tr>\n<tr>\n<td>Soldathemsf\u00f6reningen vid kusten<\/td>\n<td style=\"text-align: right;\">8 000 \u20ac<\/td>\n<td>Ink\u00f6p av sportutrustning<\/td>\n<\/tr>\n<tr>\n<td>RUK Studentk\u00e5rens St\u00f6df\u00f6rening<\/td>\n<td style=\"text-align: right;\">8 000 \u20ac<\/td>\n<td>Bel\u00f6na bev\u00e4ringar<\/td>\n<\/tr>\n<tr>\n<td>Bev\u00e4ringarnas f\u00f6rbund<\/td>\n<td style=\"text-align: right;\">8 000 \u20ac<\/td>\n<td>Att st\u00f6da f\u00f6rbundets verksamhet<\/td>\n<\/tr>\n<tr>\n<td>Fallsk\u00e4rmsj\u00e4gare Gille<\/td>\n<td style=\"text-align: right;\">7 000 \u20ac<\/td>\n<td>Ink\u00f6p av utrustning och utbildning<\/td>\n<\/tr>\n<tr>\n<td>F\u00f6reningen f\u00f6r Gr\u00e4nssoldaternas Hem<\/td>\n<td style=\"text-align: right;\">6 000 \u20ac<\/td>\n<td>Fr\u00e4mjande av v\u00e4lbefinnandet hos personer som fullg\u00f6r bev\u00e4ringstj\u00e4nst<\/td>\n<\/tr>\n<tr>\n<td>Teknologreservister &#8211; TERES ry<\/td>\n<td style=\"text-align: right;\">6 000 \u20ac<\/td>\n<td>F\u00f6r att st\u00f6dja verksamheten<\/td>\n<\/tr>\n<tr>\n<td>Finska vikens maringille (Kilstar)<\/td>\n<td style=\"text-align: right;\">5 000 \u20ac<\/td>\n<td>F\u00f6rnyelse av m\/s Kilstars system<\/td>\n<\/tr>\n<tr>\n<td>Vaihtoin ry<\/td>\n<td style=\"text-align: right;\">5 000 \u20ac<\/td>\n<td>Pedagogisk verksamhet<\/td>\n<\/tr>\n<tr>\n<td><strong>Tr\u00e4ning &amp; Sport<\/strong><\/td>\n<td><\/td>\n<td><\/td>\n<\/tr>\n<tr>\n<td>Blackbirds United<\/td>\n<td style=\"text-align: right;\">7 000 \u20ac<\/td>\n<td>Uthyrning av hallar<\/td>\n<\/tr>\n<tr>\n<td>Er\u00e4Viikingit ry<\/td>\n<td style=\"text-align: right;\">9 000 \u20ac<\/td>\n<td>ERVI-fonden<\/td>\n<\/tr>\n<tr>\n<td>Esbo Bollklubb<\/td>\n<td style=\"text-align: right;\">5 000 \u20ac<\/td>\n<td>Garantifond<\/td>\n<\/tr>\n<tr>\n<td>Esbo Ism\u00e4starf\u00f6rening<\/td>\n<td style=\"text-align: right;\">5 000 \u20ac<\/td>\n<td>Garantifond<\/td>\n<\/tr>\n<tr>\n<td>S\u00f6dra Finlands Skidskyttef\u00f6rbund<\/td>\n<td style=\"text-align: right;\">9 000 \u20ac<\/td>\n<td>Utveckling av regional skidskytteverksamhet f\u00f6r barn och ungdomar<\/td>\n<\/tr>\n<tr>\n<td>FC Honka ry<\/td>\n<td style=\"text-align: right;\">10 000 \u20ac<\/td>\n<td>Garantifond<\/td>\n<\/tr>\n<tr>\n<td>FC Viikingit ry<\/td>\n<td style=\"text-align: right;\">7 000 \u20ac<\/td>\n<td>Garantifond<\/td>\n<\/tr>\n<tr>\n<td>Helsingfors reservofficersdistrikt och Helsingforsregionens reservistdistrikt<\/td>\n<td style=\"text-align: right;\">27 000 \u20ac<\/td>\n<td>Utveckling av skjutbanan<\/td>\n<\/tr>\n<tr>\n<td>St\u00f6df\u00f6reningen f\u00f6r skytte och idrott i huvudstadsregionen<\/td>\n<td style=\"text-align: right;\">5 000 \u20ac<\/td>\n<td>Utveckling av anv\u00e4ndningen av 300 m-banan<\/td>\n<\/tr>\n<tr>\n<td>Helsingin Suunnistajat ry<\/td>\n<td style=\"text-align: right;\">20 000 \u20ac<\/td>\n<td>F\u00f6r klubbens aktiviteter (m\u00e5nga platser)<\/td>\n<\/tr>\n<tr>\n<td>Helsingfors konst\u00e5kningsakademi<\/td>\n<td style=\"text-align: right;\">15 000 \u20ac<\/td>\n<td>Skridskoskoleverksamhet och st\u00f6d till klubbens st\u00f6dfond<\/td>\n<\/tr>\n<tr>\n<td>Helsingin Uimarit ry<\/td>\n<td style=\"text-align: right;\">6 000 \u20ac<\/td>\n<td>Hobbyavgifter f\u00f6r barn och unga fr\u00e5n familjer med l\u00e5ga inkomster<\/td>\n<\/tr>\n<tr>\n<td>Herttoniemen Toverit ry<\/td>\n<td style=\"text-align: right;\">8 500 \u20ac<\/td>\n<td>St\u00f6dfond och l\u00e5gtr\u00f6skelverksamhet<\/td>\n<\/tr>\n<tr>\n<td>HIFK Fotboll rf<\/td>\n<td style=\"text-align: right;\">5 000 \u20ac<\/td>\n<td>Hobbyavgifter f\u00f6r barn och unga fr\u00e5n familjer med l\u00e5ga inkomster<\/td>\n<\/tr>\n<tr>\n<td>HVS-Tennis ry<\/td>\n<td style=\"text-align: right;\">48 000 \u20ac<\/td>\n<td>Projektet Aktiva familjer och skolor<\/td>\n<\/tr>\n<tr>\n<td>H\u00e4lv\u00e4l\u00e4 Skyttesportcenter<\/td>\n<td style=\"text-align: right;\">21 880 \u20ac<\/td>\n<td>St\u00f6d till PKS-skyttar och utveckling av f\u00f6ruts\u00e4ttningarna f\u00f6r skyttesportcentret<\/td>\n<\/tr>\n<tr>\n<td>Helsinge Atlas Idrottsf\u00f6rening<\/td>\n<td style=\"text-align: right;\">5 000 \u20ac<\/td>\n<td>Expansion av verksamheten<\/td>\n<\/tr>\n<tr>\n<td>IF Gnistan<\/td>\n<td style=\"text-align: right;\">8 000 \u20ac<\/td>\n<td>Garantifond<\/td>\n<\/tr>\n<tr>\n<td>It\u00e4-Helsingin Kiekko ry<\/td>\n<td style=\"text-align: right;\">8 000 \u20ac<\/td>\n<td>St\u00f6d till verksamhet med l\u00e5g tr\u00f6skel f\u00f6r barn och unga<\/td>\n<\/tr>\n<tr>\n<td>Gamlas Gymnastik<\/td>\n<td style=\"text-align: right;\">10 000 \u20ac<\/td>\n<td>Motionsgrupper med l\u00e5g tr\u00f6skel f\u00f6r barn, unga och familjer.<\/td>\n<\/tr>\n<tr>\n<td>Kentt\u00e4urheilijat-58 ry<\/td>\n<td style=\"text-align: right;\">10 000 \u20ac<\/td>\n<td>Alla inblandade projekt<\/td>\n<\/tr>\n<tr>\n<td>Keravan Urheilijat ry\/Hiihtjaosto<\/td>\n<td style=\"text-align: right;\">8 000 \u20ac<\/td>\n<td>Verksamhet med l\u00e5g tr\u00f6skel<\/td>\n<\/tr>\n<tr>\n<td>Kiipeilyurheilijat ry<\/td>\n<td style=\"text-align: right;\">5 000 \u20ac<\/td>\n<td>Hobbyavgifter f\u00f6r barn och unga fr\u00e5n familjer med l\u00e5ga inkomster<\/td>\n<\/tr>\n<tr>\n<td>Kyrksl\u00e4tts Boxningsklubb<\/td>\n<td style=\"text-align: right;\">6 500 \u20ac<\/td>\n<td>Utveckling av infrastruktur och anskaffning av utrustning<\/td>\n<\/tr>\n<tr>\n<td>Koivukyl\u00e4n Palloseura ry<\/td>\n<td style=\"text-align: right;\">20 000 \u20ac<\/td>\n<td>Garantifond<\/td>\n<\/tr>\n<tr>\n<td>Kottby Pallo ry<\/td>\n<td style=\"text-align: right;\">10 000 \u20ac<\/td>\n<td>Nappuliiga<\/td>\n<\/tr>\n<tr>\n<td>Laajasalon Palloseura<\/td>\n<td style=\"text-align: right;\">5 000 \u20ac<\/td>\n<td>Garantifond<\/td>\n<\/tr>\n<tr>\n<td>Alberga Pallo ry<\/td>\n<td style=\"text-align: right;\">5 000 \u20ac<\/td>\n<td>Garantifond<\/td>\n<\/tr>\n<tr>\n<td>Malmin Palloseura<\/td>\n<td style=\"text-align: right;\">5 000 \u20ac<\/td>\n<td>Garantifond<\/td>\n<\/tr>\n<tr>\n<td>Mejlans Bollf\u00f6rening<\/td>\n<td style=\"text-align: right;\">7 000 \u20ac<\/td>\n<td>F\u00f6r klubbens aktiviteter (m\u00e5nga platser)<\/td>\n<\/tr>\n<tr>\n<td>Nummela Fotbollsklubb<\/td>\n<td style=\"text-align: right;\">15 000 \u20ac<\/td>\n<td>Utveckling av flickfotboll och st\u00f6dfond<\/td>\n<\/tr>\n<tr>\n<td>Nurmij\u00e4rvi reservofficersklubb<\/td>\n<td style=\"text-align: right;\">50 000 \u20ac<\/td>\n<td>Projekt p\u00e5 skjutbanan<\/td>\n<\/tr>\n<tr>\n<td>N\u00c5ID Friidrott<\/td>\n<td style=\"text-align: right;\">5 000 \u20ac<\/td>\n<td>L\u00e4gerverksamhet<\/td>\n<\/tr>\n<tr>\n<td>OK 77 rf<\/td>\n<td style=\"text-align: right;\">7 000 \u20ac<\/td>\n<td>Utveckling av infrastruktur<\/td>\n<\/tr>\n<tr>\n<td>Olari gymnaster<\/td>\n<td style=\"text-align: right;\">10 000 \u20ac<\/td>\n<td>Cheerdance-projekt<\/td>\n<\/tr>\n<tr>\n<td>Orimattila Region Sports Shooters Association<\/td>\n<td style=\"text-align: right;\">7 500 \u20ac<\/td>\n<td>Verksamhet f\u00f6r barn, unga och specialgrupper<\/td>\n<\/tr>\n<tr>\n<td>Pakkala Bollklubb<\/td>\n<td style=\"text-align: right;\">20 000 \u20ac<\/td>\n<td>Verksamhet med l\u00e5g tr\u00f6skel och st\u00f6dfond<\/td>\n<\/tr>\n<tr>\n<td>Pallokerho-35 ry<\/td>\n<td style=\"text-align: right;\">5 000 \u20ac<\/td>\n<td>Hobbygrupper med l\u00e5g tr\u00f6skel<\/td>\n<\/tr>\n<tr>\n<td>Pallopojat Juniors<\/td>\n<td style=\"text-align: right;\">15 000 \u20ac<\/td>\n<td>Garantifond<\/td>\n<\/tr>\n<tr>\n<td>Sockenbacka, Tarmo<\/td>\n<td style=\"text-align: right;\">8 000 \u20ac<\/td>\n<td>St\u00f6d f\u00f6r barns och ungas fritidsaktiviteter<\/td>\n<\/tr>\n<tr>\n<td>Prime Fighters Ry<\/td>\n<td style=\"text-align: right;\">6 800 \u20ac<\/td>\n<td>Aktiviteter p\u00e5 sommarl\u00e4ger<\/td>\n<\/tr>\n<tr>\n<td>Puotinkyl\u00e4n Valtti<\/td>\n<td style=\"text-align: right;\">5 000 \u20ac<\/td>\n<td>Garantifond<\/td>\n<\/tr>\n<tr>\n<td>Roihu ry<\/td>\n<td style=\"text-align: right;\">15 000 \u20ac<\/td>\n<td>Pesis gl\u00e4dje f\u00f6r barn och unga<\/td>\n<\/tr>\n<tr>\n<td>Santahaminan Er\u00e4miehet ry<\/td>\n<td style=\"text-align: right;\">25 000 \u20ac<\/td>\n<td>Utveckling av infrastruktur<\/td>\n<\/tr>\n<tr>\n<td>Stiftelsen SOS Barnbyar<\/td>\n<td style=\"text-align: right;\">84 000 \u20ac<\/td>\n<td>Dr\u00f6mmar g\u00e5r i uppfyllelse: hobbyst\u00f6d<\/td>\n<\/tr>\n<tr>\n<td>Sport Club Vantaa<\/td>\n<td style=\"text-align: right;\">25 000 \u20ac<\/td>\n<td>Fr\u00e4mjande av h\u00f6gklassig och m\u00e5ngsidig gymnastikverksamhet och st\u00f6d f\u00f6r hobbyavgifter f\u00f6r familjer med l\u00e5ga inkomster<\/td>\n<\/tr>\n<tr>\n<td>Finlands Skidskyttef\u00f6rbund<\/td>\n<td style=\"text-align: right;\">20 000 \u20ac<\/td>\n<td>Utvecklingsprojekt f\u00f6r barn- och ungdomsverksamhet<\/td>\n<\/tr>\n<tr>\n<td>Finlands D\u00f6vas Idrottsf\u00f6rbund<\/td>\n<td style=\"text-align: right;\">8 400 \u20ac<\/td>\n<td>Orienteringsverksamhet och l\u00e4gerverksamhet f\u00f6r barn och ungdomar<\/td>\n<\/tr>\n<tr>\n<td>Finlands Handbollsf\u00f6rbund<\/td>\n<td style=\"text-align: right;\">15 000 \u20ac<\/td>\n<td>L\u00e4gerverksamhet<\/td>\n<\/tr>\n<tr>\n<td>Finlands Volleybollf\u00f6rbund<\/td>\n<td style=\"text-align: right;\">8 000 \u20ac<\/td>\n<td>Alla ombord med Power&#8217;s<\/td>\n<\/tr>\n<tr>\n<td>Finlands Paralympiska Kommitt\u00e9<\/td>\n<td style=\"text-align: right;\">25 000 \u20ac<\/td>\n<td>Valtti-programmet<\/td>\n<\/tr>\n<tr>\n<td>Finlands Orienteringsf\u00f6rbund<\/td>\n<td style=\"text-align: right;\">20 000 \u20ac<\/td>\n<td>Aktiviteter f\u00f6r barn och ungdomar (m\u00e5nga platser)<\/td>\n<\/tr>\n<tr>\n<td>Vilja<\/td>\n<td style=\"text-align: right;\">25 000 \u20ac<\/td>\n<td>Tr\u00e4nings\u00e4ventyr<\/td>\n<\/tr>\n<tr>\n<td>Tapanilan Er\u00e4s judosektion<\/td>\n<td style=\"text-align: right;\">5 000 \u20ac<\/td>\n<td>Hobbyverksamhet med l\u00e5g tr\u00f6skel<\/td>\n<\/tr>\n<tr>\n<td>Tikkurilan Palloseura<\/td>\n<td style=\"text-align: right;\">5 000 \u20ac<\/td>\n<td>Hobbyavgifter f\u00f6r barn och unga fr\u00e5n familjer med l\u00e5ga inkomster<\/td>\n<\/tr>\n<tr>\n<td>Vanda Skidklubb<\/td>\n<td style=\"text-align: right;\">16 000 \u20ac<\/td>\n<td>Aktiviteter f\u00f6r barn och ungdomar (m\u00e5nga platser)<\/td>\n<\/tr>\n<tr>\n<td>Vanda fotbollsklubb<\/td>\n<td style=\"text-align: right;\">25 000 \u20ac<\/td>\n<td>Garantifond<\/td>\n<\/tr>\n<tr>\n<td>Vanda Blixtnedslag<\/td>\n<td style=\"text-align: right;\">5 000 \u20ac<\/td>\n<td>Hyreskostnader f\u00f6r tr\u00e4ningslokaler<\/td>\n<\/tr>\n<tr>\n<td>Vanda gymnastikf\u00f6rening<\/td>\n<td style=\"text-align: right;\">8 000 \u20ac<\/td>\n<td>Hobbyavgifter f\u00f6r barn och unga fr\u00e5n familjer med l\u00e5ga inkomster<\/td>\n<\/tr>\n<tr>\n<td>Gymnastikklubben Keski-uusimaa ry<\/td>\n<td style=\"text-align: right;\">11 000 \u20ac<\/td>\n<td>Ink\u00f6p av tr\u00e4ningsutrustning<\/td>\n<\/tr>\n<tr>\n<td>Warriors Rugby Club<\/td>\n<td style=\"text-align: right;\">7 500 \u20ac<\/td>\n<td>Aktiviteter p\u00e5 sommarl\u00e4ger<\/td>\n<\/tr>\n<tr>\n<td>Westend-indianer<\/td>\n<td style=\"text-align: right;\">8 000 \u20ac<\/td>\n<td>&#8221;Specials-Tribe&#8221; aktiviteter<\/td>\n<\/tr>\n<tr>\n<td>Westend Tribe Fotboll ry<\/td>\n<td style=\"text-align: right;\">5 000 \u20ac<\/td>\n<td>L\u00e4gerverksamhet f\u00f6r barn och unga<\/td>\n<\/tr>\n<tr>\n<td>KFUM Heinola ry<\/td>\n<td style=\"text-align: right;\">10 000 \u20ac<\/td>\n<td>PKS:s l\u00e4gerverksamhet f\u00f6r barn och unga<\/td>\n<\/tr>\n<\/tbody>\n<\/table>\n<\/div><\/section>\n<section  class='av_textblock_section av-kd3n21ug-233886d934bcd913ab73e0959c76b5a8 '   itemscope=\"itemscope\" itemtype=\"https:\/\/schema.org\/CreativeWork\" ><div class='avia_textblock'  itemprop=\"text\" ><p>Foto: Susanna Mikander<\/p>\n<\/div><\/section>\n","protected":false},"excerpt":{"rendered":"","protected":false},"author":5,"featured_media":0,"parent":157,"menu_order":3,"comment_status":"closed","ping_status":"closed","template":"","meta":{"footnotes":""},"class_list":["post-2010","page","type-page","status-publish","hentry"],"_links":{"self":[{"href":"https:\/\/urlus.fi\/index.php\/wp-json\/wp\/v2\/pages\/2010","targetHints":{"allow":["GET"]}}],"collection":[{"href":"https:\/\/urlus.fi\/index.php\/wp-json\/wp\/v2\/pages"}],"about":[{"href":"https:\/\/urlus.fi\/index.php\/wp-json\/wp\/v2\/types\/page"}],"author":[{"embeddable":true,"href":"https:\/\/urlus.fi\/index.php\/wp-json\/wp\/v2\/users\/5"}],"replies":[{"embeddable":true,"href":"https:\/\/urlus.fi\/index.php\/wp-json\/wp\/v2\/comments?post=2010"}],"version-history":[{"count":7,"href":"https:\/\/urlus.fi\/index.php\/wp-json\/wp\/v2\/pages\/2010\/revisions"}],"predecessor-version":[{"id":2210,"href":"https:\/\/urlus.fi\/index.php\/wp-json\/wp\/v2\/pages\/2010\/revisions\/2210"}],"up":[{"embeddable":true,"href":"https:\/\/urlus.fi\/index.php\/wp-json\/wp\/v2\/pages\/157"}],"wp:attachment":[{"href":"https:\/\/urlus.fi\/index.php\/wp-json\/wp\/v2\/media?parent=2010"}],"curies":[{"name":"wp","href":"https:\/\/api.w.org\/{rel}","templated":true}]}}