{"id":1979,"date":"2025-03-17T10:14:44","date_gmt":"2025-03-17T10:14:44","guid":{"rendered":"https:\/\/urlus.fi\/?page_id=1979"},"modified":"2025-03-17T10:14:44","modified_gmt":"2025-03-17T10:14:44","slug":"urlusstiftelsens-bidragsbeslut-for-2025","status":"publish","type":"page","link":"https:\/\/urlus.fi\/index.php\/sv\/aktuelt\/urlusstiftelsens-bidragsbeslut-for-2025\/","title":{"rendered":"Urlusstiftelsens bidragsbeslut f\u00f6r 2025"},"content":{"rendered":"<div id='full_slider_1'  class='avia-fullwidth-slider main_color avia-shadow   avia-builder-el-0  el_before_av_heading  avia-builder-el-first   container_wrap sidebar_right'  ><div  class='avia-slideshow av-16ton-52c53f8246c4cd5d51894ae98176ec7e avia-slideshow-featured av_slideshow_full avia-slide-slider av-slideshow-ui av-control-default av-slideshow-manual av-loop-once av-loop-manual-endless av-default-height-applied   avia-slideshow-1' data-slideshow-options=\"{&quot;animation&quot;:&quot;slide&quot;,&quot;autoplay&quot;:false,&quot;loop_autoplay&quot;:&quot;once&quot;,&quot;interval&quot;:5,&quot;loop_manual&quot;:&quot;manual-endless&quot;,&quot;autoplay_stopper&quot;:false,&quot;noNavigation&quot;:false,&quot;bg_slider&quot;:false,&quot;keep_padding&quot;:false,&quot;hoverpause&quot;:false,&quot;show_slide_delay&quot;:0}\"  itemprop=\"image\" itemscope=\"itemscope\" itemtype=\"https:\/\/schema.org\/ImageObject\" ><ul class='avia-slideshow-inner ' style='padding-bottom: 28.648648648649%;'><li  class='avia-slideshow-slide av-16ton-52c53f8246c4cd5d51894ae98176ec7e__0  av-single-slide slide-1 slide-odd'><div data-rel='slideshow-1' class='avia-slide-wrap '   ><img fetchpriority=\"high\" class=\"wp-image-1409 avia-img-lazy-loading-not-1409\"  src='https:\/\/urlus.fi\/wp-content\/uploads\/2023\/05\/urlus_katunakyma.jpg' width='1480' height='424' title='urlus_katunakyma' alt=''  itemprop=\"thumbnailUrl\"   \/><\/div><\/li><\/ul><\/div><\/div><div id='after_full_slider_1'  class='main_color av_default_container_wrap container_wrap sidebar_right'  ><div class='container av-section-cont-open' ><div class='template-page content  av-content-small alpha units'><div class='post-entry post-entry-type-page post-entry-1979'><div class='entry-content-wrapper clearfix'>\n\n<style type=\"text\/css\" data-created_by=\"avia_inline_auto\" id=\"style-css-av-m8cvwx4r-207d590044173f8e0dbc8b5b73ea1837\">\n#top .av-special-heading.av-m8cvwx4r-207d590044173f8e0dbc8b5b73ea1837{\npadding-bottom:10px;\n}\nbody .av-special-heading.av-m8cvwx4r-207d590044173f8e0dbc8b5b73ea1837 .av-special-heading-tag .heading-char{\nfont-size:25px;\n}\n.av-special-heading.av-m8cvwx4r-207d590044173f8e0dbc8b5b73ea1837 .av-subheading{\nfont-size:15px;\n}\n<\/style>\n<div  class='av-special-heading av-m8cvwx4r-207d590044173f8e0dbc8b5b73ea1837 av-special-heading-h3  avia-builder-el-1  el_after_av_slideshow_full  el_before_av_hr  avia-builder-el-first '><h3 class='av-special-heading-tag'  itemprop=\"headline\"  >Urlusstiftelsens bidragsbeslut f\u00f6r 2025<\/h3><div class=\"special-heading-border\"><div class=\"special-heading-inner-border\"><\/div><\/div><\/div>\n\n<style type=\"text\/css\" data-created_by=\"avia_inline_auto\" id=\"style-css-av-l3n1m91g-5ce10ec470c4d72286a58c0766f14b0f\">\n#top .hr.hr-invisible.av-l3n1m91g-5ce10ec470c4d72286a58c0766f14b0f{\nheight:50px;\n}\n<\/style>\n<div  class='hr av-l3n1m91g-5ce10ec470c4d72286a58c0766f14b0f hr-invisible  avia-builder-el-2  el_after_av_heading  el_before_av_two_third '><span class='hr-inner '><span class=\"hr-inner-style\"><\/span><\/span><\/div>\n\n<style type=\"text\/css\" data-created_by=\"avia_inline_auto\" id=\"style-css-av-ay7wq-c104a36afb9c1c42e445009c9c61380d\">\n.flex_column.av-ay7wq-c104a36afb9c1c42e445009c9c61380d{\nborder-radius:0px 0px 0px 0px;\npadding:0px 0px 0px 0px;\n}\n<\/style>\n<div  class='flex_column av-ay7wq-c104a36afb9c1c42e445009c9c61380d av_two_third  avia-builder-el-3  el_after_av_hr  el_before_av_one_third  first flex_column_div av-zero-column-padding  '     ><section  class='av_textblock_section av-kd3glxa1-278439855b147618e591e7e2b9138072 '   itemscope=\"itemscope\" itemtype=\"https:\/\/schema.org\/CreativeWork\" ><div class='avia_textblock'  itemprop=\"text\" ><p><em><strong>Stiftelsens styrelse beslutade att dela ut sammanlagt 2,8 miljoner euro i stipendier. Summan \u00e4r den st\u00f6rsta n\u00e5gonsin i stiftelsens historia. Stipendier beviljades till 146 s\u00f6kande. N\u00e5got \u00f6ver h\u00e4lften, dvs. 55 procent, av de s\u00f6kande fick ett positivt beslut.<\/strong><\/em><\/p>\n<p><strong>Om ans\u00f6kningsprocessen<\/strong><\/p>\n<p>I den ans\u00f6kningsomg\u00e5ng som avslutades vid \u00e5rsskiftet fick stiftelsen det n\u00e4st h\u00f6gsta antalet ans\u00f6kningar n\u00e5gonsin. Det totala beloppet av bidrag som s\u00f6ktes genom ans\u00f6kningar var 7,3 miljoner euro, vilket \u00e4r det h\u00f6gsta beloppet n\u00e5gonsin.<\/p>\n<p>Flest ans\u00f6kningar kom det in inom motion och idrott, d\u00e4r antalet ans\u00f6kningar var 166. Till ungdomsverksamheten inkom 44 ans\u00f6kningar och till f\u00f6rsvaret 55.<\/p>\n<p>Stiftelsen fick ett stort antal ans\u00f6kningar fr\u00e5n nya s\u00f6kande, s\u00e4rskilt inom ungdomsarbete.<\/p>\n<p><strong>Beslut om bidrag<\/strong><\/p>\n<p>Stiftelsens stipendiekommitt\u00e9 l\u00e4mnade vid sitt m\u00f6te den 5 mars 2025 ett f\u00f6rslag till styrelsen om vilka stipendier som ska beviljas. Regeringen godk\u00e4nde propositionen den 12 mars 2025.<\/p>\n<p>P\u00e5 grund av det geopolitiska l\u00e4get riktades st\u00f6rsta delen av underst\u00f6den till f\u00f6rsvaret. Beloppet uppgick till 1,11 miljoner euro och det \u00e4r 40,5 procent av stiftelsens totala stipendier. Liksom under tidigare \u00e5r fick de st\u00f6rsta bidragen F\u00f6rbundet f\u00f6r st\u00f6d till f\u00f6rsvaret, Helsingfors reservofficersdistrikt och Helsingforsregionens reservistdistrikt.<\/p>\n<p>I \u00e5r anvisades ocks\u00e5 ett betydande belopp till F\u00f6rsvarsutbildningsf\u00f6rbundet och det utbildnings- och utvecklingsarbete som utf\u00f6rs inom f\u00f6rbundet i anslutning till dr\u00f6nare.<\/p>\n<p>Dessutom st\u00f6der stiftelsen \u00e5rligen arvoden till bev\u00e4ringar vid f\u00f6rsvarsmakten och gr\u00e4nsbevakningsv\u00e4sendet.<\/p>\n<p>F\u00f6r idrott delades 950 000 euro ut, vilket \u00e4r 34,5 procent av alla stipendier. N\u00e4r det g\u00e4ller idrott har man i underst\u00f6dsbesluten prioriterat hobbyverksamhet med l\u00e5g tr\u00f6skel f\u00f6r barn och unga samt st\u00f6d f\u00f6r idrottshobbyer f\u00f6r barn och unga fr\u00e5n familjer med l\u00e5ga inkomster.<\/p>\n<p>Det st\u00f6rsta st\u00f6det n\u00e5gonsin i Urlus-stiftelsens historia, 700 000 euro, beviljades f\u00f6r ungdomsarbete, vilket motsvarar 25 procent av alla stipendier. F\u00f6rebyggande arbete i anslutning till marginalisering har prioriterats starkt inom st\u00f6det till ungdomsarbetet. Stiftelsen vill vara med och delta i aktuella projekt som bygger ett b\u00e4ttre och tryggare Finland.<\/p>\n<p>Dessutom har stiftelsen traditionellt st\u00f6tt veteranarbete i huvudstadsregionen.<\/p>\n<p>Stiftelsen kommer att skicka bidragsbeslut till alla s\u00f6kande inom de n\u00e4rmaste tv\u00e5 veckorna. Med ett positivt st\u00f6dbeslut bifogas anvisningar om hur betalningsuppgifterna ska l\u00e4mnas.<\/p>\n<p>Stiftelsen publicerar i april p\u00e5 sin webbplats alla s\u00f6kande som f\u00e5tt ett stipendium p\u00e5 5 000 euro eller mer samt det huvudsakliga syftet med stipendiet.<\/p>\n<p>Urlus Foundation vill tacka alla som skickat in en ans\u00f6kan. Det var s\u00e4rskilt gl\u00e4djande att m\u00e5nga s\u00f6kande verkligen hade satsat p\u00e5 sina ans\u00f6kningar \u00e4ven denna g\u00e5ng. Tyv\u00e4rr har stiftelsen dock inte m\u00f6jlighet att st\u00f6dja alla s\u00f6kande. Detta \u00e4r baksidan av att g\u00f6ra gott.<\/p>\n<p><strong>N\u00e4sta s\u00f6kning<\/strong><\/p>\n<p>Under \u00e5rets ans\u00f6kningsomg\u00e5ng f\u00f6ljde man dagligen upp utvecklingen av antalet ans\u00f6kningar. D\u00e4rf\u00f6r har stiftelsen redan fr\u00e5n b\u00f6rjan beslutat att f\u00f6rkorta ans\u00f6kningstiden f\u00f6r 2025: ans\u00f6kningstiden f\u00f6r 2025 \u00e5rs stipendier \u00e4r 1.12.\u201331.12.2025.<\/p>\n<\/div><\/section><\/div>\n<style type=\"text\/css\" data-created_by=\"avia_inline_auto\" id=\"style-css-av-1uosct-db9e4db720f1c5b3ca2de655740149fe\">\n.flex_column.av-1uosct-db9e4db720f1c5b3ca2de655740149fe{\nborder-radius:0px 0px 0px 0px;\npadding:0px 0px 0px 0px;\n}\n<\/style>\n<div  class='flex_column av-1uosct-db9e4db720f1c5b3ca2de655740149fe av_one_third  avia-builder-el-5  el_after_av_two_third  el_before_av_one_full  flex_column_div av-zero-column-padding  '     ><\/div><\/p>\n\n<style type=\"text\/css\" data-created_by=\"avia_inline_auto\" id=\"style-css-av-ay7wq-c104a36afb9c1c42e445009c9c61380d\">\n.flex_column.av-ay7wq-c104a36afb9c1c42e445009c9c61380d{\nborder-radius:0px 0px 0px 0px;\npadding:0px 0px 0px 0px;\n}\n<\/style>\n<div  class='flex_column av-ay7wq-c104a36afb9c1c42e445009c9c61380d av_one_full  avia-builder-el-6  el_after_av_one_third  avia-builder-el-last  first flex_column_div av-zero-column-padding  column-top-margin'     ><section  class='av_textblock_section av-kd3glxa1-278439855b147618e591e7e2b9138072 '   itemscope=\"itemscope\" itemtype=\"https:\/\/schema.org\/CreativeWork\" ><div class='avia_textblock'  itemprop=\"text\" ><p>Henkil\u00f6kuva: Ilmarinen<br \/>\nP\u00e4\u00e4kuva: Nikolai Ylirotu<\/p>\n<\/div><\/section><\/div>\n","protected":false},"excerpt":{"rendered":"","protected":false},"author":5,"featured_media":1875,"parent":135,"menu_order":0,"comment_status":"closed","ping_status":"closed","template":"","meta":{"footnotes":""},"class_list":["post-1979","page","type-page","status-publish","has-post-thumbnail","hentry"],"_links":{"self":[{"href":"https:\/\/urlus.fi\/index.php\/wp-json\/wp\/v2\/pages\/1979","targetHints":{"allow":["GET"]}}],"collection":[{"href":"https:\/\/urlus.fi\/index.php\/wp-json\/wp\/v2\/pages"}],"about":[{"href":"https:\/\/urlus.fi\/index.php\/wp-json\/wp\/v2\/types\/page"}],"author":[{"embeddable":true,"href":"https:\/\/urlus.fi\/index.php\/wp-json\/wp\/v2\/users\/5"}],"replies":[{"embeddable":true,"href":"https:\/\/urlus.fi\/index.php\/wp-json\/wp\/v2\/comments?post=1979"}],"version-history":[{"count":2,"href":"https:\/\/urlus.fi\/index.php\/wp-json\/wp\/v2\/pages\/1979\/revisions"}],"predecessor-version":[{"id":1981,"href":"https:\/\/urlus.fi\/index.php\/wp-json\/wp\/v2\/pages\/1979\/revisions\/1981"}],"up":[{"embeddable":true,"href":"https:\/\/urlus.fi\/index.php\/wp-json\/wp\/v2\/pages\/135"}],"wp:featuredmedia":[{"embeddable":true,"href":"https:\/\/urlus.fi\/index.php\/wp-json\/wp\/v2\/media\/1875"}],"wp:attachment":[{"href":"https:\/\/urlus.fi\/index.php\/wp-json\/wp\/v2\/media?parent=1979"}],"curies":[{"name":"wp","href":"https:\/\/api.w.org\/{rel}","templated":true}]}}