{"id":1781,"date":"2024-04-29T09:49:54","date_gmt":"2024-04-29T09:49:54","guid":{"rendered":"https:\/\/urlus.fi\/?page_id=1781"},"modified":"2024-04-29T09:55:16","modified_gmt":"2024-04-29T09:55:16","slug":"2024-urlus-awards-for-fyra-idrottsklubbar","status":"publish","type":"page","link":"https:\/\/urlus.fi\/index.php\/sv\/aktuelt\/2024-urlus-awards-for-fyra-idrottsklubbar\/","title":{"rendered":"2024 Urlus Awards f\u00f6r fyra idrottsklubbar"},"content":{"rendered":"<div id='full_slider_1'  class='avia-fullwidth-slider main_color avia-shadow   avia-builder-el-0  el_before_av_heading  avia-builder-el-first   container_wrap sidebar_right'  ><div  class='avia-slideshow av-16ton-52c53f8246c4cd5d51894ae98176ec7e avia-slideshow-featured av_slideshow_full avia-slide-slider av-slideshow-ui av-control-default av-slideshow-manual av-loop-once av-loop-manual-endless av-default-height-applied   avia-slideshow-1' data-slideshow-options=\"{&quot;animation&quot;:&quot;slide&quot;,&quot;autoplay&quot;:false,&quot;loop_autoplay&quot;:&quot;once&quot;,&quot;interval&quot;:5,&quot;loop_manual&quot;:&quot;manual-endless&quot;,&quot;autoplay_stopper&quot;:false,&quot;noNavigation&quot;:false,&quot;bg_slider&quot;:false,&quot;keep_padding&quot;:false,&quot;hoverpause&quot;:false,&quot;show_slide_delay&quot;:0}\"  itemprop=\"image\" itemscope=\"itemscope\" itemtype=\"https:\/\/schema.org\/ImageObject\" ><ul class='avia-slideshow-inner ' style='padding-bottom: 28.648648648649%;'><li  class='avia-slideshow-slide av-16ton-52c53f8246c4cd5d51894ae98176ec7e__0  av-single-slide slide-1 slide-odd'><div data-rel='slideshow-1' class='avia-slide-wrap '   ><img fetchpriority=\"high\" class=\"wp-image-1409 avia-img-lazy-loading-not-1409\"  src='https:\/\/urlus.fi\/wp-content\/uploads\/2023\/05\/urlus_katunakyma.jpg' width='1480' height='424' title='urlus_katunakyma' alt=''  itemprop=\"thumbnailUrl\"   \/><\/div><\/li><\/ul><\/div><\/div><div id='after_full_slider_1'  class='main_color av_default_container_wrap container_wrap sidebar_right'  ><div class='container av-section-cont-open' ><div class='template-page content  av-content-small alpha units'><div class='post-entry post-entry-type-page post-entry-1781'><div class='entry-content-wrapper clearfix'>\n\n<style type=\"text\/css\" data-created_by=\"avia_inline_auto\" id=\"style-css-av-av_heading-9777faf42141a1b0b73c590a21d4271d\">\n#top .av-special-heading.av-av_heading-9777faf42141a1b0b73c590a21d4271d{\npadding-bottom:10px;\n}\nbody .av-special-heading.av-av_heading-9777faf42141a1b0b73c590a21d4271d .av-special-heading-tag .heading-char{\nfont-size:25px;\n}\n.av-special-heading.av-av_heading-9777faf42141a1b0b73c590a21d4271d .av-subheading{\nfont-size:15px;\n}\n<\/style>\n<div  class='av-special-heading av-av_heading-9777faf42141a1b0b73c590a21d4271d av-special-heading-h3  avia-builder-el-1  el_after_av_slideshow_full  el_before_av_hr  avia-builder-el-first '><h3 class='av-special-heading-tag'  itemprop=\"headline\"  >2024 Urlus Awards f\u00f6r fyra idrottsklubbar<\/h3><div class=\"special-heading-border\"><div class=\"special-heading-inner-border\"><\/div><\/div><\/div>\n\n<style type=\"text\/css\" data-created_by=\"avia_inline_auto\" id=\"style-css-av-l3n1m91g-5ce10ec470c4d72286a58c0766f14b0f\">\n#top .hr.hr-invisible.av-l3n1m91g-5ce10ec470c4d72286a58c0766f14b0f{\nheight:50px;\n}\n<\/style>\n<div  class='hr av-l3n1m91g-5ce10ec470c4d72286a58c0766f14b0f hr-invisible  avia-builder-el-2  el_after_av_heading  el_before_av_two_third '><span class='hr-inner '><span class=\"hr-inner-style\"><\/span><\/span><\/div>\n\n<style type=\"text\/css\" data-created_by=\"avia_inline_auto\" id=\"style-css-av-ay7wq-c104a36afb9c1c42e445009c9c61380d\">\n.flex_column.av-ay7wq-c104a36afb9c1c42e445009c9c61380d{\nborder-radius:0px 0px 0px 0px;\npadding:0px 0px 0px 0px;\n}\n<\/style>\n<div  class='flex_column av-ay7wq-c104a36afb9c1c42e445009c9c61380d av_two_third  avia-builder-el-3  el_after_av_hr  el_before_av_one_third  first flex_column_div av-zero-column-padding  '     ><section  class='av_textblock_section av-kd3glxa1-278439855b147618e591e7e2b9138072 '   itemscope=\"itemscope\" itemtype=\"https:\/\/schema.org\/CreativeWork\" ><div class='avia_textblock'  itemprop=\"text\" ><p><img loading=\"lazy\" decoding=\"async\" class=\"alignnone size-medium wp-image-1765\" src=\"https:\/\/urlus.fi\/wp-content\/uploads\/2024\/04\/yhteiskuva-1_16x10-800x501.png\" alt=\"\" width=\"800\" height=\"501\" srcset=\"https:\/\/urlus.fi\/wp-content\/uploads\/2024\/04\/yhteiskuva-1_16x10-800x501.png 800w, https:\/\/urlus.fi\/wp-content\/uploads\/2024\/04\/yhteiskuva-1_16x10-120x75.png 120w, https:\/\/urlus.fi\/wp-content\/uploads\/2024\/04\/yhteiskuva-1_16x10-768x480.png 768w, https:\/\/urlus.fi\/wp-content\/uploads\/2024\/04\/yhteiskuva-1_16x10-705x441.png 705w, https:\/\/urlus.fi\/wp-content\/uploads\/2024\/04\/yhteiskuva-1_16x10.png 1381w\" sizes=\"auto, (max-width: 800px) 100vw, 800px\" \/><\/p>\n<p><em><strong>Stiftelsen Urlus delar \u00e5rligen ut Urluspriset, som b\u00e4r stiftelsens namn. Fr\u00e5n och med 2018 har priset vartannat \u00e5r delats ut till ungdomsarbete, motion och idrott samt till sammanslutningar som bedriver frivilligt f\u00f6rsvarsarbete. I \u00e5r var det dags f\u00f6r tr\u00e4ning igen.<\/strong><\/em><\/p>\n<p>Urlus priser delades ut till f\u00f6ljande fyra idrottsf\u00f6reningar i huvudstadsregionen:<\/p>\n<ul>\n<li>Helsingfors YMKY (basket)<\/li>\n<li>Koivukyl\u00e4n Palloseura<\/li>\n<li>Vildmark Vikingar<\/li>\n<li>Westend lndians (Tribe Specials aktiviteter).<\/li>\n<\/ul>\n<p>Varje klubb tilldelades ett pris v\u00e4rt 15 000 euro. Det som f\u00f6renar de prisbel\u00f6nta klubbarna \u00e4r att de b\u00e5da g\u00f6r ett mycket v\u00e4rdefullt arbete med barn och unga genom att m\u00f6jligg\u00f6ra hobbyverksamhet med l\u00e5g tr\u00f6skel.<\/p>\n<p>Priserna delades ut i Urlus Stiftelsens lokaler i T\u00f6l\u00f6 i Helsingfors tisdagen den 23.4. I b\u00f6rjan av evenemanget\u00a0 ber\u00e4ttade stiftelsens ordf\u00f6rande <strong>Mikko Koskimies<\/strong> om Urlus-stiftelsen och priset. Koskimies betonade att priset bel\u00f6nar sk\u00e5despelare f\u00f6r exceptionellt bra arbete och verksamhet.<\/p>\n<p>Klubbarnas ers\u00e4ttningskriterier sammanfattades enligt f\u00f6ljande:<\/p>\n<p><strong>HNMKY (basket)<\/strong><\/p>\n<p><em>HNMKY (basket) har lyckats locka barn och unga med olika kulturell och spr\u00e5klig bakgrund att idrotta.<\/em><\/p>\n<p><em>M\u00e4tt i timmar flyttar HNMKY ry st\u00f6rsta delen av barnen och ungdomarna till omr\u00e5den d\u00e4r staden har koncentrerat \u00e5tg\u00e4rderna f\u00f6r att f\u00f6rebygga segregation. HNMKY ry (basketboll) har ocks\u00e5 varit aktiv i utvecklingen av hela klubbverksamheten i Helsingfors.<\/em><\/p>\n<p><strong>Koivukyl\u00e4n Palloseura<\/strong><\/p>\n<p><em>Koivukyl\u00e4n Palloseura har p\u00e5 ett utm\u00e4rkt s\u00e4tt n\u00e5tt ut till inv\u00e5narna i sina verksamhetsomr\u00e5den.<\/em><\/p>\n<p><em>I Koivukyl\u00e4n Palloseura finns verksamhet f\u00f6r alla \u00e5ldrar, fr\u00e5n minifotboll f\u00f6r barn i \u00e5ldern 3\u20134 \u00e5r till amat\u00f6rfotboll f\u00f6r vuxna. Dessutom har klubben en s\u00e4rskild barn- och ungdomsgrupp.<\/em><\/p>\n<p><em>I enlighet med sitt uppdrag \u00e4r klubben en regional fr\u00e4mjare av v\u00e4lbefinnande och en bibeh\u00e5llen fotbollsgemenskap.<\/em><\/p>\n<p><strong>Er\u00e4Viikingit<\/strong><\/p>\n<p><em>Er\u00e4Viikingit \u00e4r en innebandyklubb med cirka 2 000 barn, ungdomar och vuxna.<\/em><\/p>\n<p><em>Er\u00e4Vikings samh\u00e4llsansvarsprogram &#8221;Floorball for Happiness&#8221; fr\u00e4mjar hobbyverksamhet med l\u00e5g tr\u00f6skel. I samband med detta ordnar klubben h\u00f6gklassig hobbyverksamhet f\u00f6r olika m\u00e5lgrupper p\u00e5 olika h\u00e5ll i huvudstadsregionen.<\/em><\/p>\n<p><em>Klubben skapar v\u00e4lbefinnande och gl\u00e4dje genom motion och social samvaro.<\/em><\/p>\n<p><strong>Westend lndians<\/strong><\/p>\n<p><em>Westend lndians, Heimo, \u00e4r ett j\u00e4mlikt och m\u00e5ngkulturellt samh\u00e4lle d\u00e4r ingen diskrimineras.<\/em><\/p>\n<p><em>En konkret indikation p\u00e5 detta \u00e4r Westends idrottsaktiviteter f\u00f6r specialgrupper.<\/em><\/p>\n<p><em>Klubben genomf\u00f6r unika Heimo Specials-aktiviteter f\u00f6r barn och ungdomar i behov av s\u00e4rskilt st\u00f6d. Under \u00e5rens lopp har verksamheten vuxit och nu \u00e4r det mer \u00e4n 100 eldsj\u00e4lar som \u00e4r engagerade i flera olika grupper.<\/em><\/p>\n<p>Vid prisutdelningen gav ocks\u00e5 representanter f\u00f6r respektive klubb sina tankar om vilka aktiviteter klubbarna kommer att rikta in sig p\u00e5 f\u00f6r utm\u00e4rkelsen.<\/p>\n<p>Stiftelsen Urlus fick v\u00e4rdefullt st\u00f6d f\u00f6r \u00e5rets pris av Helsingfors och Vanda stads idrottsledning, vilket jag vill tacka dem f\u00f6r.<\/p>\n<p><em>Mika Piiroinen<\/em><\/p>\n<\/div><\/section><\/div>\n\n<style type=\"text\/css\" data-created_by=\"avia_inline_auto\" id=\"style-css-av-1uosct-db9e4db720f1c5b3ca2de655740149fe\">\n.flex_column.av-1uosct-db9e4db720f1c5b3ca2de655740149fe{\nborder-radius:0px 0px 0px 0px;\npadding:0px 0px 0px 0px;\n}\n<\/style>\n<div  class='flex_column av-1uosct-db9e4db720f1c5b3ca2de655740149fe av_one_third  avia-builder-el-5  el_after_av_two_third  el_before_av_one_full  flex_column_div av-zero-column-padding  '     ><\/div>\n\n<style type=\"text\/css\" data-created_by=\"avia_inline_auto\" id=\"style-css-av-ay7wq-c104a36afb9c1c42e445009c9c61380d\">\n.flex_column.av-ay7wq-c104a36afb9c1c42e445009c9c61380d{\nborder-radius:0px 0px 0px 0px;\npadding:0px 0px 0px 0px;\n}\n<\/style>\n<div  class='flex_column av-ay7wq-c104a36afb9c1c42e445009c9c61380d av_one_full  avia-builder-el-6  el_after_av_one_third  avia-builder-el-last  first flex_column_div av-zero-column-padding  column-top-margin'     ><section  class='av_textblock_section av-kd3glxa1-278439855b147618e591e7e2b9138072 '   itemscope=\"itemscope\" itemtype=\"https:\/\/schema.org\/CreativeWork\" ><div class='avia_textblock'  itemprop=\"text\" ><p>Gruppbild: Mika Piiroinen<br \/>\nHuvudbild: Nikolai Ylirotu<\/p>\n<\/div><\/section><\/div>\n","protected":false},"excerpt":{"rendered":"","protected":false},"author":5,"featured_media":1767,"parent":135,"menu_order":1,"comment_status":"closed","ping_status":"closed","template":"","meta":{"footnotes":""},"class_list":["post-1781","page","type-page","status-publish","has-post-thumbnail","hentry"],"_links":{"self":[{"href":"https:\/\/urlus.fi\/index.php\/wp-json\/wp\/v2\/pages\/1781","targetHints":{"allow":["GET"]}}],"collection":[{"href":"https:\/\/urlus.fi\/index.php\/wp-json\/wp\/v2\/pages"}],"about":[{"href":"https:\/\/urlus.fi\/index.php\/wp-json\/wp\/v2\/types\/page"}],"author":[{"embeddable":true,"href":"https:\/\/urlus.fi\/index.php\/wp-json\/wp\/v2\/users\/5"}],"replies":[{"embeddable":true,"href":"https:\/\/urlus.fi\/index.php\/wp-json\/wp\/v2\/comments?post=1781"}],"version-history":[{"count":4,"href":"https:\/\/urlus.fi\/index.php\/wp-json\/wp\/v2\/pages\/1781\/revisions"}],"predecessor-version":[{"id":1785,"href":"https:\/\/urlus.fi\/index.php\/wp-json\/wp\/v2\/pages\/1781\/revisions\/1785"}],"up":[{"embeddable":true,"href":"https:\/\/urlus.fi\/index.php\/wp-json\/wp\/v2\/pages\/135"}],"wp:featuredmedia":[{"embeddable":true,"href":"https:\/\/urlus.fi\/index.php\/wp-json\/wp\/v2\/media\/1767"}],"wp:attachment":[{"href":"https:\/\/urlus.fi\/index.php\/wp-json\/wp\/v2\/media?parent=1781"}],"curies":[{"name":"wp","href":"https:\/\/api.w.org\/{rel}","templated":true}]}}