{"id":155,"date":"2020-07-27T11:02:51","date_gmt":"2020-07-27T11:02:51","guid":{"rendered":"http:\/\/urlus.fi\/?page_id=155"},"modified":"2020-09-11T11:59:54","modified_gmt":"2020-09-11T11:59:54","slug":"understods-och-dataskyddsinstruktion","status":"publish","type":"page","link":"https:\/\/urlus.fi\/index.php\/sv\/understodsinfo-varifran-hur-och-nar-2\/understods-och-dataskyddsinstruktion\/","title":{"rendered":"Underst\u00f6ds- och dataskyddsinstruktion"},"content":{"rendered":"<div id='full_slider_1'  class='avia-fullwidth-slider main_color avia-shadow   avia-builder-el-0  el_before_av_heading  avia-builder-el-first   container_wrap sidebar_right'  ><div  class='avia-slideshow av-16ton-52c53f8246c4cd5d51894ae98176ec7e avia-slideshow-featured av_slideshow_full avia-slide-slider av-slideshow-ui av-control-default av-slideshow-manual av-loop-once av-loop-manual-endless av-default-height-applied   avia-slideshow-1' data-slideshow-options=\"{&quot;animation&quot;:&quot;slide&quot;,&quot;autoplay&quot;:false,&quot;loop_autoplay&quot;:&quot;once&quot;,&quot;interval&quot;:5,&quot;loop_manual&quot;:&quot;manual-endless&quot;,&quot;autoplay_stopper&quot;:false,&quot;noNavigation&quot;:false,&quot;bg_slider&quot;:false,&quot;keep_padding&quot;:false,&quot;hoverpause&quot;:false,&quot;show_slide_delay&quot;:0}\"  itemprop=\"image\" itemscope=\"itemscope\" itemtype=\"https:\/\/schema.org\/ImageObject\" ><ul class='avia-slideshow-inner ' style='padding-bottom: 28.666666666667%;'><li  class='avia-slideshow-slide av-16ton-52c53f8246c4cd5d51894ae98176ec7e__0  av-single-slide slide-1 slide-odd'><div data-rel='slideshow-1' class='avia-slide-wrap '   ><img fetchpriority=\"high\" class=\"wp-image-631 avia-img-lazy-loading-not-631\"  src='https:\/\/urlus.fi\/wp-content\/uploads\/2020\/09\/hakuehdot_2-1500x430.png' width='1500' height='430' title='hakuehdot_2' alt=''  itemprop=\"thumbnailUrl\"   \/><\/div><\/li><\/ul><\/div><\/div><div id='after_full_slider_1'  class='main_color av_default_container_wrap container_wrap sidebar_right'  ><div class='container av-section-cont-open' ><div class='template-page content  av-content-small alpha units'><div class='post-entry post-entry-type-page post-entry-155'><div class='entry-content-wrapper clearfix'>\n\n<style type=\"text\/css\" data-created_by=\"avia_inline_auto\" id=\"style-css-av-av_heading-df1170ba4ab1518b771647c8cd295c98\">\n#top .av-special-heading.av-av_heading-df1170ba4ab1518b771647c8cd295c98{\npadding-bottom:10px;\n}\nbody .av-special-heading.av-av_heading-df1170ba4ab1518b771647c8cd295c98 .av-special-heading-tag .heading-char{\nfont-size:25px;\n}\n.av-special-heading.av-av_heading-df1170ba4ab1518b771647c8cd295c98 .av-subheading{\nfont-size:15px;\n}\n<\/style>\n<div  class='av-special-heading av-av_heading-df1170ba4ab1518b771647c8cd295c98 av-special-heading-h3  avia-builder-el-1  el_after_av_slideshow_full  el_before_av_textblock  avia-builder-el-first '><h3 class='av-special-heading-tag'  itemprop=\"headline\"  >Underst\u00f6ds- och dataskyddsinstruktion<\/h3><div class=\"special-heading-border\"><div class=\"special-heading-inner-border\"><\/div><\/div><\/div>\n<section  class='av_textblock_section av-kd4ej60m-d3d67c55bdc3ceb1baadff08d1061972 '   itemscope=\"itemscope\" itemtype=\"https:\/\/schema.org\/CreativeWork\" ><div class='avia_textblock'  itemprop=\"text\" ><p><strong>Underst\u00f6dsinstruktion<\/strong><\/p>\n<p>S\u00f6kanden ska i ans\u00f6kan koncentrera sig p\u00e5 fakta och det v\u00e4sentliga. Den elektroniska ans\u00f6kningsblanketten ska ifyllas enligt anvisningarna och s\u00e5 noggrant och detaljerat som m\u00f6jligt. Underst\u00f6dsans\u00f6kan m\u00e5ste undertecknas av det ans\u00f6kande samfundets operativa eller f\u00f6rtroendevalda ledning. Den elektroniska ans\u00f6kans underskrift verifieras genom att sidan med plats f\u00f6r underskriften i ans\u00f6kningsblanketten skrivs ut, skrivs under och skannas samt fogas som en separat bilaga till \u00f6vriga bilagor, vilka som regel ska vara i elektronisk form.<\/p>\n<p>Vid problem eller fr\u00e5gor i samband med ifyllandet av den elektroniska ans\u00f6kan, ta per e-post kontakt med Stiftelsens ombudsman.<\/p>\n<p>N\u00e4r det g\u00e4ller av Stiftelsen tidigare beviljade underst\u00f6d, bl.a. f\u00f6r fler\u00e5riga projekt, f\u00f6ruts\u00e4tts \u00e5rlig rapportering, innefattande ocks\u00e5 en rapport om underst\u00f6dets effekt. Rapporten kan fogas till en eventuell ny ans\u00f6kan. F\u00f6r utveckling av Stiftelsens underst\u00f6dsverksamhet \u00e4r en analytisk, s\u00e5v\u00e4l kvalitativ som kvantitativ bed\u00f6mning av effekten samt \u00e4ven annan feedback s\u00e4rskilt viktig.<\/p>\n<p>Som regel ska det beviljade st\u00f6det anv\u00e4ndas under ans\u00f6knings\u00e5ret. Med ombudsmannen ska f\u00f6rhandlas om betydande avsteg och eventuella f\u00f6r\u00e4ndringar ska beaktas i samband med n\u00e4sta ans\u00f6kan.<\/p>\n<p><strong>Dataskyddsinstruktion<\/strong><\/p>\n<p>Urlus-Stiftelsen f\u00f6ljer EU:s dataskyddsf\u00f6rordning. Stiftelsen har tagit fram sina dataskydds\u00e5tg\u00e4rder utifr\u00e5n de anvisningar som Delegationen f\u00f6r stiftelser och fonder (SRNK) publicerat, \u201dGod informationshantering f\u00f6r stiftelser\u201d.<\/p>\n<p>Enligt dataombudsmannens tolkning kan de som ans\u00f6ker om underst\u00f6d anses vara kunder hos Stiftelsen, och stiftelsen kan behandla deras personuppgifter utifr\u00e5n ett ber\u00e4ttigat intresse.<\/p>\n<p>Urlus-Stiftelsen \u00e4r registeransvarig och ombudsmannen dataskyddsombud f\u00f6r personregistret som uppkommer vid behandlingen av underst\u00f6den. Personuppgifterna behandlas bara i den utstr\u00e4ckning som \u00e4r n\u00f6dv\u00e4ndig f\u00f6r underst\u00f6dsans\u00f6kan och l\u00e4mnas inte ut till n\u00e5gon utanf\u00f6r Stiftelsen.<\/p>\n<p>De som ans\u00f6ker om underst\u00f6d av Stiftelsen \u00e4r i regel f\u00f6reningar eller andra samfund. Personuppgifter samlas in bara om n\u00f6dv\u00e4ndiga ansvariga och kontaktpersoner.<\/p>\n<p>Personuppgifterna samlas in i en separat och skyddad Urlus-fil i expertf\u00f6retaget Datalink Oy:s databas. F\u00f6retaget har specialiserat sig p\u00e5 informationssystemtj\u00e4nster f\u00f6r stiftelser och fonder som delar ut underst\u00f6d. Datalink svarar f\u00f6r att serverutrymmet \u00e4r skyddat.<\/p>\n<p>Inom Urlus-Stiftelsen \u00e4r det bara ombudsmannen som har \u00e5tkomst till databasen och p\u00e5 s\u00e4rskild beg\u00e4ran \u00e4ven styrelseordf\u00f6randen och ordf\u00f6randen f\u00f6r underst\u00f6dsutskottet. Ans\u00f6kningar behandlas inte i n\u00e5got skede automatiskt. Ombudsmannen f\u00f6rel\u00e4gger underst\u00f6dsutskottet och styrelsen ans\u00f6kningarna utan personuppgifter.<\/p>\n<p>Stiftelsen sparar behandlade elektroniska och skriftliga ans\u00f6kningar i tio \u00e5r f\u00f6r att vid behov kunna se en s\u00f6kandes ans\u00f6kningshistorik och beviljade underst\u00f6d och d\u00e4rigenom f\u00e5 underlag f\u00f6r ett s\u00e5 r\u00e4ttvist beslut som m\u00f6jligt. Elektroniska uppgifter f\u00f6rvaras p\u00e5 Datalinks server och skriftliga ans\u00f6kningar i Stiftelsens l\u00e5sta arkiv. Ans\u00f6kningar fr\u00e5n 2015 och tidigare behandlades endast i skriftlig form. Hith\u00f6rande personuppgifter \u00e4r ocks\u00e5 arkiverade i det l\u00e5sta arkivet.<\/p>\n<p>Den som vill kontrollera, \u00e4ndra eller radera sina uppgifter i Urlus-Stiftelsens personregister ska kontakta ombudsmannen.<\/p>\n<\/div><\/section>\n\n<style type=\"text\/css\" data-created_by=\"avia_inline_auto\" id=\"style-css-av-av_one_half-1e26125d131ba13f1accaa8241be1528\">\n.flex_column.av-av_one_half-1e26125d131ba13f1accaa8241be1528{\nborder-radius:0px 0px 0px 0px;\npadding:0px 0px 0px 0px;\n}\n<\/style>\n<div  class='flex_column av-av_one_half-1e26125d131ba13f1accaa8241be1528 av_one_half  avia-builder-el-3  el_after_av_textblock  el_before_av_one_half  first flex_column_div av-zero-column-padding  column-top-margin'     ><div  class='avia-button-wrap av-kexxtiq3-6bd15f6be0134c5803cced1eb4cfef5c-wrap avia-button-center  avia-builder-el-4  avia-builder-el-no-sibling '><a href='https:\/\/urlus.fi\/index.php\/sv\/understodsinfo-varifran-hur-och-nar-2\/ansokningarnas-behandling\/'  class='avia-button av-kexxtiq3-6bd15f6be0134c5803cced1eb4cfef5c avia-icon_select-yes-left-icon avia-size-small avia-position-center avia-color-theme-color'  ><span class='avia_button_icon avia_button_icon_left' aria-hidden='true' data-av_icon='\ue884' data-av_iconfont='entypo-fontello'><\/span><span class='avia_iconbox_title' >Ans\u00f6kningarnas behandling<\/span><\/a><\/div><\/div>\n<style type=\"text\/css\" data-created_by=\"avia_inline_auto\" id=\"style-css-av-av_one_half-da852e3ef3e55b029d2629c41a20524d\">\n.flex_column.av-av_one_half-da852e3ef3e55b029d2629c41a20524d{\nborder-radius:0px 0px 0px 0px;\npadding:0px 0px 0px 0px;\n}\n<\/style>\n<div  class='flex_column av-av_one_half-da852e3ef3e55b029d2629c41a20524d av_one_half  avia-builder-el-5  el_after_av_one_half  avia-builder-el-last  flex_column_div av-zero-column-padding  column-top-margin'     ><div  class='avia-button-wrap av-kexxtiq3-55edd4926f6af6a62473cb4d33df58f6-wrap avia-button-center  avia-builder-el-6  avia-builder-el-no-sibling '><a href='https:\/\/urlus.fi\/index.php\/sv\/understodsinfo-varifran-hur-och-nar-2\/3-4-soka-understod\/'  class='avia-button av-kexxtiq3-55edd4926f6af6a62473cb4d33df58f6 avia-icon_select-yes-right-icon avia-size-small avia-position-center avia-color-theme-color'  ><span class='avia_iconbox_title' >S\u00f6ka underst\u00f6d<\/span><span class='avia_button_icon avia_button_icon_right' aria-hidden='true' data-av_icon='\ue885' data-av_iconfont='entypo-fontello'><\/span><\/a><\/div><\/div><\/p>\n","protected":false},"excerpt":{"rendered":"","protected":false},"author":4,"featured_media":0,"parent":157,"menu_order":3,"comment_status":"closed","ping_status":"closed","template":"","meta":{"footnotes":""},"class_list":["post-155","page","type-page","status-publish","hentry"],"_links":{"self":[{"href":"https:\/\/urlus.fi\/index.php\/wp-json\/wp\/v2\/pages\/155","targetHints":{"allow":["GET"]}}],"collection":[{"href":"https:\/\/urlus.fi\/index.php\/wp-json\/wp\/v2\/pages"}],"about":[{"href":"https:\/\/urlus.fi\/index.php\/wp-json\/wp\/v2\/types\/page"}],"author":[{"embeddable":true,"href":"https:\/\/urlus.fi\/index.php\/wp-json\/wp\/v2\/users\/4"}],"replies":[{"embeddable":true,"href":"https:\/\/urlus.fi\/index.php\/wp-json\/wp\/v2\/comments?post=155"}],"version-history":[{"count":9,"href":"https:\/\/urlus.fi\/index.php\/wp-json\/wp\/v2\/pages\/155\/revisions"}],"predecessor-version":[{"id":661,"href":"https:\/\/urlus.fi\/index.php\/wp-json\/wp\/v2\/pages\/155\/revisions\/661"}],"up":[{"embeddable":true,"href":"https:\/\/urlus.fi\/index.php\/wp-json\/wp\/v2\/pages\/157"}],"wp:attachment":[{"href":"https:\/\/urlus.fi\/index.php\/wp-json\/wp\/v2\/media?parent=155"}],"curies":[{"name":"wp","href":"https:\/\/api.w.org\/{rel}","templated":true}]}}