{"id":153,"date":"2020-07-27T10:58:09","date_gmt":"2020-07-27T10:58:09","guid":{"rendered":"http:\/\/urlus.fi\/?page_id=153"},"modified":"2020-09-11T12:22:58","modified_gmt":"2020-09-11T12:22:58","slug":"insatsomraden-for-understoden","status":"publish","type":"page","link":"https:\/\/urlus.fi\/index.php\/sv\/understodsinfo-vilka-vi-understoder\/insatsomraden-for-understoden\/","title":{"rendered":"Insatsomr\u00e5den f\u00f6r underst\u00f6den"},"content":{"rendered":"<div id='full_slider_1'  class='avia-fullwidth-slider main_color avia-shadow   avia-builder-el-0  el_before_av_heading  avia-builder-el-first   container_wrap sidebar_right'  ><div  class='avia-slideshow av-16ton-52c53f8246c4cd5d51894ae98176ec7e avia-slideshow-featured av_slideshow_full avia-slide-slider av-slideshow-ui av-control-default av-slideshow-manual av-loop-once av-loop-manual-endless av-default-height-applied   avia-slideshow-1' data-slideshow-options=\"{&quot;animation&quot;:&quot;slide&quot;,&quot;autoplay&quot;:false,&quot;loop_autoplay&quot;:&quot;once&quot;,&quot;interval&quot;:5,&quot;loop_manual&quot;:&quot;manual-endless&quot;,&quot;autoplay_stopper&quot;:false,&quot;noNavigation&quot;:false,&quot;bg_slider&quot;:false,&quot;keep_padding&quot;:false,&quot;hoverpause&quot;:false,&quot;show_slide_delay&quot;:0}\"  itemprop=\"image\" itemscope=\"itemscope\" itemtype=\"https:\/\/schema.org\/ImageObject\" ><ul class='avia-slideshow-inner ' style='padding-bottom: 28.666666666667%;'><li  class='avia-slideshow-slide av-16ton-52c53f8246c4cd5d51894ae98176ec7e__0  av-single-slide slide-1 slide-odd'><div data-rel='slideshow-1' class='avia-slide-wrap '   ><img fetchpriority=\"high\" class=\"wp-image-434 avia-img-lazy-loading-not-434\"  src='https:\/\/urlus.fi\/wp-content\/uploads\/2020\/08\/ots_partiolaiset-1500x430.png' width='1500' height='430' title='' alt=''  itemprop=\"thumbnailUrl\"   \/><\/div><\/li><\/ul><\/div><\/div><div id='after_full_slider_1'  class='main_color av_default_container_wrap container_wrap sidebar_right'  ><div class='container av-section-cont-open' ><div class='template-page content  av-content-small alpha units'><div class='post-entry post-entry-type-page post-entry-153'><div class='entry-content-wrapper clearfix'>\n\n<style type=\"text\/css\" data-created_by=\"avia_inline_auto\" id=\"style-css-av-av_heading-5dd84ec872050d00dd2e77a6613a3ded\">\n#top .av-special-heading.av-av_heading-5dd84ec872050d00dd2e77a6613a3ded{\npadding-bottom:10px;\n}\nbody .av-special-heading.av-av_heading-5dd84ec872050d00dd2e77a6613a3ded .av-special-heading-tag .heading-char{\nfont-size:25px;\n}\n.av-special-heading.av-av_heading-5dd84ec872050d00dd2e77a6613a3ded .av-subheading{\nfont-size:15px;\n}\n<\/style>\n<div  class='av-special-heading av-av_heading-5dd84ec872050d00dd2e77a6613a3ded av-special-heading-h3  avia-builder-el-1  el_after_av_slideshow_full  el_before_av_textblock  avia-builder-el-first '><h3 class='av-special-heading-tag'  itemprop=\"headline\"  >Insatsomr\u00e5den f\u00f6r underst\u00f6den<\/h3><div class=\"special-heading-border\"><div class=\"special-heading-inner-border\"><\/div><\/div><\/div>\n<section  class='av_textblock_section av-kd4edkzi-d876fa9d06439d31e7df166f0a453ee3 '   itemscope=\"itemscope\" itemtype=\"https:\/\/schema.org\/CreativeWork\" ><div class='avia_textblock'  itemprop=\"text\" ><p><strong>Stiftelsen har sitt fokus p\u00e5 framtiden och dess uppbyggande. Insatsomr\u00e5dena \u00e4r ungdom, idrott och frivilligt f\u00f6rsvar.<\/strong><\/p>\n<p>Underst\u00f6dsverksamhetens specifika m\u00e5l som ber\u00f6r ungdomar \u00e4r huvudstadsregionens scouter, idrottsf\u00f6reningar samt att f\u00f6rebygga social utslagning av barn och unga.<\/p>\n<p>Inom idrott och fysisk fostran inriktas underst\u00f6den p\u00e5 orientering, skytte, skid\u00e5kning samt skidskytte, dock utan att andra grenar \u00e5sidos\u00e4tts. Stiftelsen har som m\u00e5l att barn och ungdomar ska kunna ut\u00f6va sin hobby s\u00e5 l\u00e4nge och p\u00e5 s\u00e5 bred front som m\u00f6jligt. Stiftelsen st\u00f6der inte elitidrott p\u00e5 n\u00e5gon niv\u00e5, oavsett gren.<\/p>\n<p>St\u00f6det till bev\u00e4ringar g\u00e5r till f\u00f6rsvarsmaktens truppf\u00f6rband och \u00e4r avsett att bel\u00f6na och sporra v\u00e4rnpliktiga.<\/p>\n<p>Frivilligt f\u00f6rsvar, speciellt i Helsingforsnejden, \u00e4r ett s\u00e4rskilt m\u00e5l f\u00f6r Stiftelsens underst\u00f6dsverksamhet. Stiftelsen v\u00e4rdes\u00e4tter krigsveteranernas v\u00e4lbefinnande.<\/p>\n<p>Underst\u00f6d till enskilda personer eller persongrupper beviljar Stiftelsen endast i undantagsfall. I regel ska den s\u00f6kande vara ett registrerat, seri\u00f6st samfund.<\/p>\n<\/div><\/section>\n\n<style type=\"text\/css\" data-created_by=\"avia_inline_auto\" id=\"style-css-av-r8tt-b4c4a61c2b5608fb60dd0b5ba98533e4\">\n.flex_column.av-r8tt-b4c4a61c2b5608fb60dd0b5ba98533e4{\nborder-radius:0px 0px 0px 0px;\npadding:0px 0px 0px 0px;\n}\n<\/style>\n<div  class='flex_column av-r8tt-b4c4a61c2b5608fb60dd0b5ba98533e4 av_one_full  avia-builder-el-3  el_after_av_textblock  avia-builder-el-last  first flex_column_div av-zero-column-padding  column-top-margin'     ><div  class='avia-button-wrap av-kexxtiq3-bf6cff9c19cad1d34b9c214c27ec4509-wrap avia-button-center  avia-builder-el-4  avia-builder-el-no-sibling '><a href='https:\/\/urlus.fi\/index.php\/sv\/understodsinfo-vilka-vi-understoder\/understoden-gor-skillnad\/'  class='avia-button av-kexxtiq3-bf6cff9c19cad1d34b9c214c27ec4509 avia-icon_select-yes-right-icon avia-size-small avia-position-center avia-color-theme-color'  ><span class='avia_iconbox_title' >Underst\u00f6den g\u00f6r skillnad<\/span><span class='avia_button_icon avia_button_icon_right' aria-hidden='true' data-av_icon='\ue885' data-av_iconfont='entypo-fontello'><\/span><\/a><\/div><\/div>\n","protected":false},"excerpt":{"rendered":"","protected":false},"author":4,"featured_media":0,"parent":148,"menu_order":1,"comment_status":"closed","ping_status":"closed","template":"","meta":{"footnotes":""},"class_list":["post-153","page","type-page","status-publish","hentry"],"_links":{"self":[{"href":"https:\/\/urlus.fi\/index.php\/wp-json\/wp\/v2\/pages\/153","targetHints":{"allow":["GET"]}}],"collection":[{"href":"https:\/\/urlus.fi\/index.php\/wp-json\/wp\/v2\/pages"}],"about":[{"href":"https:\/\/urlus.fi\/index.php\/wp-json\/wp\/v2\/types\/page"}],"author":[{"embeddable":true,"href":"https:\/\/urlus.fi\/index.php\/wp-json\/wp\/v2\/users\/4"}],"replies":[{"embeddable":true,"href":"https:\/\/urlus.fi\/index.php\/wp-json\/wp\/v2\/comments?post=153"}],"version-history":[{"count":9,"href":"https:\/\/urlus.fi\/index.php\/wp-json\/wp\/v2\/pages\/153\/revisions"}],"predecessor-version":[{"id":668,"href":"https:\/\/urlus.fi\/index.php\/wp-json\/wp\/v2\/pages\/153\/revisions\/668"}],"up":[{"embeddable":true,"href":"https:\/\/urlus.fi\/index.php\/wp-json\/wp\/v2\/pages\/148"}],"wp:attachment":[{"href":"https:\/\/urlus.fi\/index.php\/wp-json\/wp\/v2\/media?parent=153"}],"curies":[{"name":"wp","href":"https:\/\/api.w.org\/{rel}","templated":true}]}}