{"id":151,"date":"2020-07-27T10:53:22","date_gmt":"2020-07-27T10:53:22","guid":{"rendered":"http:\/\/urlus.fi\/?page_id=151"},"modified":"2020-09-11T12:22:37","modified_gmt":"2020-09-11T12:22:37","slug":"vilkor-for-understod","status":"publish","type":"page","link":"https:\/\/urlus.fi\/index.php\/sv\/understodsinfo-varifran-hur-och-nar-2\/vilkor-for-understod\/","title":{"rendered":"Vilkor f\u00f6r underst\u00f6d"},"content":{"rendered":"<div id='full_slider_1'  class='avia-fullwidth-slider main_color avia-shadow   avia-builder-el-0  el_before_av_heading  avia-builder-el-first   container_wrap sidebar_right'  ><div  class='avia-slideshow av-16ton-52c53f8246c4cd5d51894ae98176ec7e avia-slideshow-featured av_slideshow_full avia-slide-slider av-slideshow-ui av-control-default av-slideshow-manual av-loop-once av-loop-manual-endless av-default-height-applied   avia-slideshow-1' data-slideshow-options=\"{&quot;animation&quot;:&quot;slide&quot;,&quot;autoplay&quot;:false,&quot;loop_autoplay&quot;:&quot;once&quot;,&quot;interval&quot;:5,&quot;loop_manual&quot;:&quot;manual-endless&quot;,&quot;autoplay_stopper&quot;:false,&quot;noNavigation&quot;:false,&quot;bg_slider&quot;:false,&quot;keep_padding&quot;:false,&quot;hoverpause&quot;:false,&quot;show_slide_delay&quot;:0}\"  itemprop=\"image\" itemscope=\"itemscope\" itemtype=\"https:\/\/schema.org\/ImageObject\" ><ul class='avia-slideshow-inner ' style='padding-bottom: 28.666666666667%;'><li  class='avia-slideshow-slide av-16ton-52c53f8246c4cd5d51894ae98176ec7e__0  av-single-slide slide-1 slide-odd'><div data-rel='slideshow-1' class='avia-slide-wrap '   ><img fetchpriority=\"high\" class=\"wp-image-593 avia-img-lazy-loading-not-593\"  src='https:\/\/urlus.fi\/wp-content\/uploads\/2020\/09\/Urluksen_hallitus_tervehtii-1500x430.png' width='1500' height='430' title='Urluksen hallitus tervehtii' alt=''  itemprop=\"thumbnailUrl\"   \/><\/div><\/li><\/ul><\/div><\/div><div id='after_full_slider_1'  class='main_color av_default_container_wrap container_wrap sidebar_right'  ><div class='container av-section-cont-open' ><div class='template-page content  av-content-small alpha units'><div class='post-entry post-entry-type-page post-entry-151'><div class='entry-content-wrapper clearfix'>\n\n<style type=\"text\/css\" data-created_by=\"avia_inline_auto\" id=\"style-css-av-av_heading-07cf9fa8578867e20f6525202c465138\">\n#top .av-special-heading.av-av_heading-07cf9fa8578867e20f6525202c465138{\npadding-bottom:10px;\n}\nbody .av-special-heading.av-av_heading-07cf9fa8578867e20f6525202c465138 .av-special-heading-tag .heading-char{\nfont-size:25px;\n}\n.av-special-heading.av-av_heading-07cf9fa8578867e20f6525202c465138 .av-subheading{\nfont-size:15px;\n}\n<\/style>\n<div  class='av-special-heading av-av_heading-07cf9fa8578867e20f6525202c465138 av-special-heading-h3  avia-builder-el-1  el_after_av_slideshow_full  el_before_av_textblock  avia-builder-el-first '><h3 class='av-special-heading-tag'  itemprop=\"headline\"  >Vilkor f\u00f6r underst\u00f6d<\/h3><div class=\"special-heading-border\"><div class=\"special-heading-inner-border\"><\/div><\/div><\/div>\n<section  class='av_textblock_section av-kd4e766j-84fbb744ed5e405e31490fde2acb8bc3 '   itemscope=\"itemscope\" itemtype=\"https:\/\/schema.org\/CreativeWork\" ><div class='avia_textblock'  itemprop=\"text\" ><p>Urlus-Stiftelsen betonar att underst\u00f6dsverksamheten grundar sig p\u00e5 Stiftelsens syfte och \u00f6msesidigt f\u00f6rtroende.<\/p>\n<p>Underst\u00f6d \u00e4r: verksamhetsunderst\u00f6d till det ans\u00f6kande samfundets vanligen \u00e5rliga normala eller egentliga verksamhet samt ett av Stiftelsen rekommenderat, vanligen ett- eller h\u00f6gst tre\u00e5rigt tidsbundet projektunderst\u00f6d av eng\u00e5ngsnatur f\u00f6r en specifik verksamhet eller ett specifikt projekt i det ans\u00f6kande samfundets regi.<\/p>\n<p>Underst\u00f6det f\u00e5r endast anv\u00e4ndas f\u00f6r i ans\u00f6kan n\u00e4mnda syften eller f\u00f6r i underst\u00f6dsbeslutet separat avgr\u00e4nsade \u00e4ndam\u00e5l. Underst\u00f6det ska som regel anv\u00e4ndas under det kalender\u00e5r f\u00f6r vilket underst\u00f6det beviljats.<\/p>\n<p>Stiftelsens eventuella fler\u00e5riga \u00e5taganden ska fullg\u00f6ras enligt den i ans\u00f6kan presenterade planen. Finansieringen f\u00f6ruts\u00e4tter att helhetsplanen f\u00f6r verksamheten eller projektet med m\u00e5l och risker \u00e4r inv\u00e4ndningsfri samt att lagstadgade myndighetsbest\u00e4mmelser \u00e4r uppfyllda. \u00c4r det ovann\u00e4mnda inte fallet ska d\u00e4rom f\u00f6rhandlas separat med Stiftelsen.<\/p>\n<p>Om underst\u00f6d s\u00f6ks eller redan erh\u00e5llits fr\u00e5n flera h\u00e5ll ska det framg\u00e5 av ans\u00f6kan och anges i rapporten om underst\u00f6dets effekt. Vid stora projekt som eventuellt st\u00f6ds av flera finansi\u00e4rer \u00e4r det n\u00f6dv\u00e4ndigt att f\u00f6rhandla med stiftelsens ombudsman.<\/p>\n<p>Stiftelsen vill att dess underst\u00f6d g\u00e5r direkt till avsett \u00e4ndam\u00e5l och under Stiftelsens eget namn och f\u00f6ruts\u00e4tter att dess underst\u00f6d n\u00e4mns dels n\u00e4r underst\u00f6det \u00f6verl\u00e4mnas och dels i samfundens \u00e5rs- eller verksamhetsber\u00e4ttelse.<\/p>\n<p>Stiftelsen anser det inte \u00e4ndam\u00e5lsenligt att beviljade underst\u00f6d har f\u00f6ljder f\u00f6r Stiftelsens eller st\u00f6dtagarens beskattning.<\/p>\n<p>Med Stiftelsens underst\u00f6d ska verksamhet i regel st\u00f6das och inte uppr\u00e4tth\u00e5llas. D\u00e4rf\u00f6r ligger vikten vid det ans\u00f6kande samfundets egenfinansiering och annan av Stiftelsen oberoende medelanskaffning. Inget samfund kan bygga sin verksamhet uteslutande eller huvudsakligen p\u00e5 st\u00f6d av Urlus-Stiftelsen.<\/p>\n<\/div><\/section>\n\n<style type=\"text\/css\" data-created_by=\"avia_inline_auto\" id=\"style-css-av-ah7lb-16f14633c6f46130ccb4e0f07e69ff61\">\n.flex_column.av-ah7lb-16f14633c6f46130ccb4e0f07e69ff61{\nborder-radius:0px 0px 0px 0px;\npadding:0px 0px 0px 0px;\n}\n<\/style>\n<div  class='flex_column av-ah7lb-16f14633c6f46130ccb4e0f07e69ff61 av_one_full  avia-builder-el-3  el_after_av_textblock  avia-builder-el-last  first flex_column_div av-zero-column-padding  column-top-margin'     ><div  class='avia-button-wrap av-kexxtiq3-c23a26e4bc1af336ba040c3bcf827923-wrap avia-button-center  avia-builder-el-4  avia-builder-el-no-sibling '><a href='https:\/\/urlus.fi\/index.php\/sv\/understodsinfo-varifran-hur-och-nar-2\/ansokningarnas-behandling\/'  class='avia-button av-kexxtiq3-c23a26e4bc1af336ba040c3bcf827923 avia-icon_select-yes-right-icon avia-size-small avia-position-center avia-color-theme-color'  ><span class='avia_iconbox_title' >Ans\u00f6kningarnas behandling<\/span><span class='avia_button_icon avia_button_icon_right' aria-hidden='true' data-av_icon='\ue885' data-av_iconfont='entypo-fontello'><\/span><\/a><\/div><\/div>\n","protected":false},"excerpt":{"rendered":"","protected":false},"author":4,"featured_media":0,"parent":157,"menu_order":1,"comment_status":"closed","ping_status":"closed","template":"","meta":{"footnotes":""},"class_list":["post-151","page","type-page","status-publish","hentry"],"_links":{"self":[{"href":"https:\/\/urlus.fi\/index.php\/wp-json\/wp\/v2\/pages\/151","targetHints":{"allow":["GET"]}}],"collection":[{"href":"https:\/\/urlus.fi\/index.php\/wp-json\/wp\/v2\/pages"}],"about":[{"href":"https:\/\/urlus.fi\/index.php\/wp-json\/wp\/v2\/types\/page"}],"author":[{"embeddable":true,"href":"https:\/\/urlus.fi\/index.php\/wp-json\/wp\/v2\/users\/4"}],"replies":[{"embeddable":true,"href":"https:\/\/urlus.fi\/index.php\/wp-json\/wp\/v2\/comments?post=151"}],"version-history":[{"count":10,"href":"https:\/\/urlus.fi\/index.php\/wp-json\/wp\/v2\/pages\/151\/revisions"}],"predecessor-version":[{"id":666,"href":"https:\/\/urlus.fi\/index.php\/wp-json\/wp\/v2\/pages\/151\/revisions\/666"}],"up":[{"embeddable":true,"href":"https:\/\/urlus.fi\/index.php\/wp-json\/wp\/v2\/pages\/157"}],"wp:attachment":[{"href":"https:\/\/urlus.fi\/index.php\/wp-json\/wp\/v2\/media?parent=151"}],"curies":[{"name":"wp","href":"https:\/\/api.w.org\/{rel}","templated":true}]}}