{"id":146,"date":"2020-07-27T10:17:52","date_gmt":"2020-07-27T10:17:52","guid":{"rendered":"http:\/\/urlus.fi\/?page_id=146"},"modified":"2020-09-11T11:58:01","modified_gmt":"2020-09-11T11:58:01","slug":"ansokningarnas-behandling","status":"publish","type":"page","link":"https:\/\/urlus.fi\/index.php\/sv\/understodsinfo-varifran-hur-och-nar-2\/ansokningarnas-behandling\/","title":{"rendered":"Ans\u00f6kningarnas behandling"},"content":{"rendered":"<div id='full_slider_1'  class='avia-fullwidth-slider main_color avia-shadow   avia-builder-el-0  el_before_av_heading  avia-builder-el-first   container_wrap sidebar_right'  ><div  class='avia-slideshow av-16ton-52c53f8246c4cd5d51894ae98176ec7e avia-slideshow-featured av_slideshow_full avia-slide-slider av-slideshow-ui av-control-default av-slideshow-manual av-loop-once av-loop-manual-endless av-default-height-applied   avia-slideshow-1' data-slideshow-options=\"{&quot;animation&quot;:&quot;slide&quot;,&quot;autoplay&quot;:false,&quot;loop_autoplay&quot;:&quot;once&quot;,&quot;interval&quot;:5,&quot;loop_manual&quot;:&quot;manual-endless&quot;,&quot;autoplay_stopper&quot;:false,&quot;noNavigation&quot;:false,&quot;bg_slider&quot;:false,&quot;keep_padding&quot;:false,&quot;hoverpause&quot;:false,&quot;show_slide_delay&quot;:0}\"  itemprop=\"image\" itemscope=\"itemscope\" itemtype=\"https:\/\/schema.org\/ImageObject\" ><ul class='avia-slideshow-inner ' style='padding-bottom: 28.666666666667%;'><li  class='avia-slideshow-slide av-16ton-52c53f8246c4cd5d51894ae98176ec7e__0  av-single-slide slide-1 slide-odd'><div data-rel='slideshow-1' class='avia-slide-wrap '   ><img fetchpriority=\"high\" class=\"wp-image-641 avia-img-lazy-loading-not-641\"  src='https:\/\/urlus.fi\/wp-content\/uploads\/2020\/09\/hakemus_kasittely-1500x430.png' width='1500' height='430' title='hakemus_kasittely' alt=''  itemprop=\"thumbnailUrl\"   \/><\/div><\/li><\/ul><\/div><\/div><div id='after_full_slider_1'  class='main_color av_default_container_wrap container_wrap sidebar_right'  ><div class='container av-section-cont-open' ><div class='template-page content  av-content-small alpha units'><div class='post-entry post-entry-type-page post-entry-146'><div class='entry-content-wrapper clearfix'>\n\n<style type=\"text\/css\" data-created_by=\"avia_inline_auto\" id=\"style-css-av-av_heading-d990d1c5974baa812ca1a1806bc31af4\">\n#top .av-special-heading.av-av_heading-d990d1c5974baa812ca1a1806bc31af4{\npadding-bottom:10px;\n}\nbody .av-special-heading.av-av_heading-d990d1c5974baa812ca1a1806bc31af4 .av-special-heading-tag .heading-char{\nfont-size:25px;\n}\n.av-special-heading.av-av_heading-d990d1c5974baa812ca1a1806bc31af4 .av-subheading{\nfont-size:15px;\n}\n<\/style>\n<div  class='av-special-heading av-av_heading-d990d1c5974baa812ca1a1806bc31af4 av-special-heading-h3  avia-builder-el-1  el_after_av_slideshow_full  el_before_av_one_full  avia-builder-el-first '><h3 class='av-special-heading-tag'  itemprop=\"headline\"  >Ans\u00f6kningarnas behandling<\/h3><div class=\"special-heading-border\"><div class=\"special-heading-inner-border\"><\/div><\/div><\/div>\n\n<style type=\"text\/css\" data-created_by=\"avia_inline_auto\" id=\"style-css-av-b5te2-00962c90b086a1b1658de5f70654454c\">\n.flex_column.av-b5te2-00962c90b086a1b1658de5f70654454c{\nborder-radius:0px 0px 0px 0px;\npadding:0px 0px 0px 0px;\n}\n<\/style>\n<div  class='flex_column av-b5te2-00962c90b086a1b1658de5f70654454c av_one_full  avia-builder-el-2  el_after_av_heading  el_before_av_one_half  first flex_column_div av-zero-column-padding  '     ><section  class='av_textblock_section av-kd4cx8oj-841282e54e94664e90337a299a2d4a8b '   itemscope=\"itemscope\" itemtype=\"https:\/\/schema.org\/CreativeWork\" ><div class='avia_textblock'  itemprop=\"text\" ><p>Ans\u00f6kningarna skall s\u00e4ndas till Stiftelsens ombudsman med elektronisk ans\u00f6kningsblankett inom utsatt tid (\u00e5rlig ans\u00f6kningstid 1.10.20xx \u2013 31.12.20xx).<\/p>\n<p>Ans\u00f6kningarna kan i undantagsfall och p\u00e5 s\u00e4rskild beg\u00e4ran s\u00e4ndas ocks\u00e5 per e-post eller vanlig post direkt till ombudsmannen. Ocks\u00e5 i detta fall ska ans\u00f6kningens inneh\u00e5ll vara det samma som i den elektroniska ans\u00f6kan.<\/p>\n<p>Stiftelsens styrelse behandlar underst\u00f6dsans\u00f6kningar en g\u00e5ng om \u00e5ret, i mars under det \u00e5r f\u00f6r vilket underst\u00f6det s\u00f6ks, och informerar om beslutet per e-post senast i b\u00f6rjan av april. Stiftelsen str\u00e4var efter att utbetala beviljade, \u00e5rliga underst\u00f6d senast i april. S\u00f6kandena ombeds beakta n\u00e4mnda tidtabell vid planeringen och genomf\u00f6randet av verksamheten och projekten under underst\u00f6ds\u00e5ret.<\/p>\n<\/div><\/section><\/div>\n\n<style type=\"text\/css\" data-created_by=\"avia_inline_auto\" id=\"style-css-av-av_one_half-1e26125d131ba13f1accaa8241be1528\">\n.flex_column.av-av_one_half-1e26125d131ba13f1accaa8241be1528{\nborder-radius:0px 0px 0px 0px;\npadding:0px 0px 0px 0px;\n}\n<\/style>\n<div  class='flex_column av-av_one_half-1e26125d131ba13f1accaa8241be1528 av_one_half  avia-builder-el-4  el_after_av_one_full  el_before_av_one_half  first flex_column_div av-zero-column-padding  column-top-margin'     ><div  class='avia-button-wrap av-kexxtiq3-a818d275106598696a83b98e771f5d3c-wrap avia-button-center  avia-builder-el-5  avia-builder-el-no-sibling '><a href='https:\/\/urlus.fi\/index.php\/sv\/understodsinfo-varifran-hur-och-nar-2\/vilkor-for-understod\/'  class='avia-button av-kexxtiq3-a818d275106598696a83b98e771f5d3c avia-icon_select-yes-left-icon avia-size-small avia-position-center avia-color-theme-color'  ><span class='avia_button_icon avia_button_icon_left' aria-hidden='true' data-av_icon='\ue884' data-av_iconfont='entypo-fontello'><\/span><span class='avia_iconbox_title' >Vilkor f\u00f6r underst\u00f6d<\/span><\/a><\/div><\/div>\n<style type=\"text\/css\" data-created_by=\"avia_inline_auto\" id=\"style-css-av-av_one_half-da852e3ef3e55b029d2629c41a20524d\">\n.flex_column.av-av_one_half-da852e3ef3e55b029d2629c41a20524d{\nborder-radius:0px 0px 0px 0px;\npadding:0px 0px 0px 0px;\n}\n<\/style>\n<div  class='flex_column av-av_one_half-da852e3ef3e55b029d2629c41a20524d av_one_half  avia-builder-el-6  el_after_av_one_half  avia-builder-el-last  flex_column_div av-zero-column-padding  column-top-margin'     ><div  class='avia-button-wrap av-kexxtiq3-557f8f828bc764e7459ebbc24e7b7227-wrap avia-button-center  avia-builder-el-7  avia-builder-el-no-sibling '><a href='https:\/\/urlus.fi\/index.php\/sv\/understodsinfo-varifran-hur-och-nar-2\/understods-och-dataskyddsinstruktion\/'  class='avia-button av-kexxtiq3-557f8f828bc764e7459ebbc24e7b7227 avia-icon_select-yes-right-icon avia-size-small avia-position-center avia-color-theme-color'  ><span class='avia_iconbox_title' >Underst\u00f6ds- och dataskyddsinstruktion<\/span><span class='avia_button_icon avia_button_icon_right' aria-hidden='true' data-av_icon='\ue885' data-av_iconfont='entypo-fontello'><\/span><\/a><\/div><\/div><\/p>\n","protected":false},"excerpt":{"rendered":"","protected":false},"author":4,"featured_media":0,"parent":157,"menu_order":2,"comment_status":"closed","ping_status":"closed","template":"","meta":{"footnotes":""},"class_list":["post-146","page","type-page","status-publish","hentry"],"_links":{"self":[{"href":"https:\/\/urlus.fi\/index.php\/wp-json\/wp\/v2\/pages\/146","targetHints":{"allow":["GET"]}}],"collection":[{"href":"https:\/\/urlus.fi\/index.php\/wp-json\/wp\/v2\/pages"}],"about":[{"href":"https:\/\/urlus.fi\/index.php\/wp-json\/wp\/v2\/types\/page"}],"author":[{"embeddable":true,"href":"https:\/\/urlus.fi\/index.php\/wp-json\/wp\/v2\/users\/4"}],"replies":[{"embeddable":true,"href":"https:\/\/urlus.fi\/index.php\/wp-json\/wp\/v2\/comments?post=146"}],"version-history":[{"count":11,"href":"https:\/\/urlus.fi\/index.php\/wp-json\/wp\/v2\/pages\/146\/revisions"}],"predecessor-version":[{"id":659,"href":"https:\/\/urlus.fi\/index.php\/wp-json\/wp\/v2\/pages\/146\/revisions\/659"}],"up":[{"embeddable":true,"href":"https:\/\/urlus.fi\/index.php\/wp-json\/wp\/v2\/pages\/157"}],"wp:attachment":[{"href":"https:\/\/urlus.fi\/index.php\/wp-json\/wp\/v2\/media?parent=146"}],"curies":[{"name":"wp","href":"https:\/\/api.w.org\/{rel}","templated":true}]}}