{"id":144,"date":"2020-07-27T10:14:31","date_gmt":"2020-07-27T10:14:31","guid":{"rendered":"http:\/\/urlus.fi\/?page_id=144"},"modified":"2021-11-29T22:38:43","modified_gmt":"2021-11-29T22:38:43","slug":"helsingfors-daghem-och-tre-foreningar-prisbelonades","status":"publish","type":"page","link":"https:\/\/urlus.fi\/index.php\/sv\/aktuelt\/helsingfors-daghem-och-tre-foreningar-prisbelonades\/","title":{"rendered":"Helsingfors daghem och tre f\u00f6reningar prisbel\u00f6nades"},"content":{"rendered":"<div id='full_slider_1'  class='avia-fullwidth-slider main_color avia-shadow   avia-builder-el-0  el_before_av_heading  avia-builder-el-first   container_wrap sidebar_right'  ><div  class='avia-slideshow av-16ton-52c53f8246c4cd5d51894ae98176ec7e avia-slideshow-featured av_slideshow_full avia-slide-slider av-slideshow-ui av-control-default av-slideshow-manual av-loop-once av-loop-manual-endless av-default-height-applied   avia-slideshow-1' data-slideshow-options=\"{&quot;animation&quot;:&quot;slide&quot;,&quot;autoplay&quot;:false,&quot;loop_autoplay&quot;:&quot;once&quot;,&quot;interval&quot;:5,&quot;loop_manual&quot;:&quot;manual-endless&quot;,&quot;autoplay_stopper&quot;:false,&quot;noNavigation&quot;:false,&quot;bg_slider&quot;:false,&quot;keep_padding&quot;:false,&quot;hoverpause&quot;:false,&quot;show_slide_delay&quot;:0}\"  itemprop=\"image\" itemscope=\"itemscope\" itemtype=\"https:\/\/schema.org\/ImageObject\" ><ul class='avia-slideshow-inner ' style='padding-bottom: 28.6%;'><li  class='avia-slideshow-slide av-16ton-52c53f8246c4cd5d51894ae98176ec7e__0  av-single-slide slide-1 slide-odd'><div data-rel='slideshow-1' class='avia-slide-wrap '   ><img fetchpriority=\"high\" class=\"wp-image-574 avia-img-lazy-loading-not-574\"  src='https:\/\/urlus.fi\/wp-content\/uploads\/2020\/09\/Urluksen_palkitut_2020.png' width='1500' height='429' title='Urluksen palkitut 2020' alt=''  itemprop=\"thumbnailUrl\"   \/><\/div><\/li><\/ul><\/div><\/div><div id='after_full_slider_1'  class='main_color av_default_container_wrap container_wrap sidebar_right'  ><div class='container av-section-cont-open' ><div class='template-page content  av-content-small alpha units'><div class='post-entry post-entry-type-page post-entry-144'><div class='entry-content-wrapper clearfix'>\n\n<style type=\"text\/css\" data-created_by=\"avia_inline_auto\" id=\"style-css-av-av_heading-6441d4f3bdcba3bfd187d265fe93b3e6\">\n#top .av-special-heading.av-av_heading-6441d4f3bdcba3bfd187d265fe93b3e6{\npadding-bottom:10px;\n}\nbody .av-special-heading.av-av_heading-6441d4f3bdcba3bfd187d265fe93b3e6 .av-special-heading-tag .heading-char{\nfont-size:25px;\n}\n.av-special-heading.av-av_heading-6441d4f3bdcba3bfd187d265fe93b3e6 .av-subheading{\nfont-size:15px;\n}\n<\/style>\n<div  class='av-special-heading av-av_heading-6441d4f3bdcba3bfd187d265fe93b3e6 av-special-heading-h3  avia-builder-el-1  el_after_av_slideshow_full  el_before_av_textblock  avia-builder-el-first '><h3 class='av-special-heading-tag'  itemprop=\"headline\"  >Helsingfors daghem och tre f\u00f6reningar prisbel\u00f6nades<\/h3><div class=\"special-heading-border\"><div class=\"special-heading-inner-border\"><\/div><\/div><\/div>\n<section  class='av_textblock_section av-kd4ctjrz-dd93efeaf7887f6e3b6c187ed4b4a51c '   itemscope=\"itemscope\" itemtype=\"https:\/\/schema.org\/CreativeWork\" ><div class='avia_textblock'  itemprop=\"text\" ><p>Stiftelsen utdelade sina \u00e5rliga Urlus-pris vid en prisceremoni den 19 augusti. F\u00f6r \u00e5ret hade styrelsen beslutat bel\u00f6na akt\u00f6rer i Helsingfors, med tonvikt p\u00e5 unga och idrott och f\u00f6rhindrande av marginalisering. Prisutdelningen f\u00f6regicks av ett utredningsarbete d\u00e4r s\u00e4rskilt Helsingfors stads ungdomsservice st\u00f6dde Stiftelsen.<\/p>\n<p>Prissumman uppgick till 95\u00a0000\u00a0euro. Priserna f\u00f6rdelades p\u00e5 ett pris om 50\u00a0000\u00a0euro och tre priser om 15\u00a0000\u00a0euro.<\/p>\n<p>Det f\u00f6rstn\u00e4mnda priset gick till Helsingfors finsk- och svenskspr\u00e5kiga daghem. Med prissumman anskaffar staden f\u00f6rutom med sina normala anslag totalt 100\u00a0st &#8221;motionsredskapspaket&#8221; om 500\u00a0euro. Paketen utdelas under h\u00f6sten till daghemmen enligt stadens f\u00f6rslag.<\/p>\n<p>F\u00f6r effektivt brytande av den onda cirkel som orsakas av ensamhet och utanf\u00f6rskap bel\u00f6nades Kohtaus ry, som st\u00e4ller &#8221;vardagsrum&#8221; med l\u00e5g tr\u00f6skel till f\u00f6rfogande i Vallg\u00e5rd och Malm. Priset g\u00e4ller projekt f\u00f6r vilka f\u00f6reningens normala medelanskaffning inte t\u00e4cker.<\/p>\n<p>I Helsingfors bedrivs h\u00f6gklassig friidrottsverksamhet f\u00f6r unga, d\u00e4r s\u00e4rskilt Helsingin Kisaveikot och Viipurin Urheilijat utm\u00e4rkt sig. Prisen till dessa f\u00f6reningar gavs f\u00f6r idrott bland barn och unga och f\u00f6r insatser f\u00f6r att h\u00e5lla kvar potentiella avhoppare.<\/p>\n<p>De bel\u00f6nade presenterade sin verksamhet under prisutdelningsceremonin.<\/p>\n<\/div><\/section>\n","protected":false},"excerpt":{"rendered":"","protected":false},"author":4,"featured_media":0,"parent":135,"menu_order":7,"comment_status":"closed","ping_status":"closed","template":"","meta":{"footnotes":""},"class_list":["post-144","page","type-page","status-publish","hentry"],"_links":{"self":[{"href":"https:\/\/urlus.fi\/index.php\/wp-json\/wp\/v2\/pages\/144","targetHints":{"allow":["GET"]}}],"collection":[{"href":"https:\/\/urlus.fi\/index.php\/wp-json\/wp\/v2\/pages"}],"about":[{"href":"https:\/\/urlus.fi\/index.php\/wp-json\/wp\/v2\/types\/page"}],"author":[{"embeddable":true,"href":"https:\/\/urlus.fi\/index.php\/wp-json\/wp\/v2\/users\/4"}],"replies":[{"embeddable":true,"href":"https:\/\/urlus.fi\/index.php\/wp-json\/wp\/v2\/comments?post=144"}],"version-history":[{"count":8,"href":"https:\/\/urlus.fi\/index.php\/wp-json\/wp\/v2\/pages\/144\/revisions"}],"predecessor-version":[{"id":580,"href":"https:\/\/urlus.fi\/index.php\/wp-json\/wp\/v2\/pages\/144\/revisions\/580"}],"up":[{"embeddable":true,"href":"https:\/\/urlus.fi\/index.php\/wp-json\/wp\/v2\/pages\/135"}],"wp:attachment":[{"href":"https:\/\/urlus.fi\/index.php\/wp-json\/wp\/v2\/media?parent=144"}],"curies":[{"name":"wp","href":"https:\/\/api.w.org\/{rel}","templated":true}]}}