{"id":1426,"date":"2023-09-19T14:30:11","date_gmt":"2023-09-19T14:30:11","guid":{"rendered":"https:\/\/urlus.fi\/?page_id=1426"},"modified":"2023-09-19T15:03:22","modified_gmt":"2023-09-19T15:03:22","slug":"hakuohjeet","status":"publish","type":"page","link":"https:\/\/urlus.fi\/index.php\/hakuohjeet\/","title":{"rendered":"Hakuohjeet"},"content":{"rendered":"<div id='full_slider_1'  class='avia-fullwidth-slider main_color avia-shadow   avia-builder-el-0  el_before_av_heading  avia-builder-el-first   container_wrap sidebar_right'  ><div  class='avia-slideshow av-16ton-52c53f8246c4cd5d51894ae98176ec7e avia-slideshow-featured av_slideshow_full avia-slide-slider av-slideshow-ui av-control-default av-slideshow-manual av-loop-once av-loop-manual-endless av-default-height-applied   avia-slideshow-1' data-slideshow-options=\"{&quot;animation&quot;:&quot;slide&quot;,&quot;autoplay&quot;:false,&quot;loop_autoplay&quot;:&quot;once&quot;,&quot;interval&quot;:5,&quot;loop_manual&quot;:&quot;manual-endless&quot;,&quot;autoplay_stopper&quot;:false,&quot;noNavigation&quot;:false,&quot;bg_slider&quot;:false,&quot;keep_padding&quot;:false,&quot;hoverpause&quot;:false,&quot;show_slide_delay&quot;:0}\"  itemprop=\"image\" itemscope=\"itemscope\" itemtype=\"https:\/\/schema.org\/ImageObject\" ><ul class='avia-slideshow-inner ' style='padding-bottom: 28.666666666667%;'><li  class='avia-slideshow-slide av-16ton-52c53f8246c4cd5d51894ae98176ec7e__0  av-single-slide slide-1 slide-odd'><div data-rel='slideshow-1' class='avia-slide-wrap '   ><img fetchpriority=\"high\" class=\"wp-image-593 avia-img-lazy-loading-not-593\"  src='https:\/\/urlus.fi\/wp-content\/uploads\/2020\/09\/Urluksen_hallitus_tervehtii-1500x430.png' width='1500' height='430' title='Urluksen hallitus tervehtii' alt=''  itemprop=\"thumbnailUrl\"   \/><\/div><\/li><\/ul><\/div><\/div><div id='after_full_slider_1'  class='main_color av_default_container_wrap container_wrap sidebar_right'  ><div class='container av-section-cont-open' ><div class='template-page content  av-content-small alpha units'><div class='post-entry post-entry-type-page post-entry-1426'><div class='entry-content-wrapper clearfix'>\n\n<style type=\"text\/css\" data-created_by=\"avia_inline_auto\" id=\"style-css-av-av_heading-e157dabdf71f5ff0cdd092f9b05c4819\">\n#top .av-special-heading.av-av_heading-e157dabdf71f5ff0cdd092f9b05c4819{\npadding-bottom:10px;\n}\nbody .av-special-heading.av-av_heading-e157dabdf71f5ff0cdd092f9b05c4819 .av-special-heading-tag .heading-char{\nfont-size:25px;\n}\n.av-special-heading.av-av_heading-e157dabdf71f5ff0cdd092f9b05c4819 .av-subheading{\nfont-size:15px;\n}\n<\/style>\n<div  class='av-special-heading av-av_heading-e157dabdf71f5ff0cdd092f9b05c4819 av-special-heading-h3  avia-builder-el-1  el_after_av_slideshow_full  el_before_av_textblock  avia-builder-el-first '><h3 class='av-special-heading-tag'  itemprop=\"headline\"  >Hakulomakkeen k\u00e4ytt\u00f6ohjeet<\/h3><div class=\"special-heading-border\"><div class=\"special-heading-inner-border\"><\/div><\/div><\/div>\n<section  class='av_textblock_section av-kd3gsgzl-58fe3c0133379cb210003698a24ff1cc '   itemscope=\"itemscope\" itemtype=\"https:\/\/schema.org\/CreativeWork\" ><div class='avia_textblock'  itemprop=\"text\" ><p><em><strong>Urlus-s\u00e4\u00e4ti\u00f6 sr on uusinut hakulomaketta. T\u00e4ss\u00e4 dokumentissa on ohjeet haku-lomakkeen t\u00e4ytt\u00e4mist\u00e4 varten. Lue ohjeet ennen kuin alat tekem\u00e4\u00e4n hakua.<\/strong><\/em><\/p>\n<p>Hakulomakkeen t\u00e4ytt\u00f6 koostuu nelj\u00e4st\u00e4 osasta.<\/p>\n<ul>\n<li>Hakija (tiedot hakijasta)<\/li>\n<li>Hakemus (varsinainen hakemus)<\/li>\n<li>Liitteet (t\u00e4h\u00e4n liit\u00e4 pakolliset ja muut liitteet)<\/li>\n<li>Sitoumus<\/li>\n<\/ul>\n<p>Voit t\u00e4ytt\u00e4\u00e4 lomakkeet haluamassasi j\u00e4rjestyksess\u00e4.<\/p>\n<div id=\"attachment_1429\" style=\"width: 490px\" class=\"wp-caption aligncenter\"><a href=\"https:\/\/urlus.fi\/wp-content\/uploads\/2023\/09\/kuva-1.jpg\"><img loading=\"lazy\" decoding=\"async\" aria-describedby=\"caption-attachment-1429\" class=\"wp-image-1429\" src=\"https:\/\/urlus.fi\/wp-content\/uploads\/2023\/09\/kuva-1-800x340.jpg\" alt=\"Hakemukseen liitett\u00e4v\u00e4t lomakkeet\" width=\"480\" height=\"204\" srcset=\"https:\/\/urlus.fi\/wp-content\/uploads\/2023\/09\/kuva-1-800x340.jpg 800w, https:\/\/urlus.fi\/wp-content\/uploads\/2023\/09\/kuva-1-120x51.jpg 120w, https:\/\/urlus.fi\/wp-content\/uploads\/2023\/09\/kuva-1-768x327.jpg 768w, https:\/\/urlus.fi\/wp-content\/uploads\/2023\/09\/kuva-1-705x300.jpg 705w, https:\/\/urlus.fi\/wp-content\/uploads\/2023\/09\/kuva-1.jpg 1405w\" sizes=\"auto, (max-width: 480px) 100vw, 480px\" \/><\/a><p id=\"caption-attachment-1429\" class=\"wp-caption-text\">Hakemukseen liitett\u00e4v\u00e4t lomakkeet. Kuva avautuu klikkaamalla suuremmaksi.<\/p><\/div>\n<p>Muista, ett\u00e4 voit t\u00e4ydent\u00e4\u00e4, muokata ja tulostaa hakemuksen tietoja hakuajan p\u00e4\u00e4ttymiseen saakka. Hakuaika p\u00e4\u00e4ttyy 31.12.2023 kello 23:59.<\/p>\n<h4>1.\u00a0\u00a0\u00a0 Palveluun kirjautuminen<\/h4>\n<p>Voit kirjautua palveluun henkil\u00f6kohtaisilla pankkitunnuksillasi, mobiilivarmenteella tai sirullisella henkil\u00f6kortilla (t\u00e4ll\u00f6in muista k\u00e4ytt\u00e4\u00e4 lukijaa).<\/p>\n<h4>2.\u00a0\u00a0\u00a0 Avustushakemuksen tekeminen<\/h4>\n<p>Luo uusi hakemus painamalla <strong>Luo<\/strong>\u2013nappia.<\/p>\n<h4>3.\u00a0\u00a0\u00a0 Hakija (lomakkeen t\u00e4ytt\u00e4minen)<\/h4>\n<p>Paina Hakijan rivilt\u00e4 kohtaa <strong>Muokkaa<\/strong>.<\/p>\n<p>T\u00e4yt\u00e4 avustusta hakevasta organisaatiosta seuraavat tiedot;<\/p>\n<ul>\n<li>Nimi<\/li>\n<li>Y-tunnus<\/li>\n<li>Kotipaikka<\/li>\n<li>Osoite<\/li>\n<li>Puhelin ja<\/li>\n<li>S\u00e4hk\u00f6posti<\/li>\n<\/ul>\n<p>T\u00e4yt\u00e4 organisaation puolesta avustusta hakevasta henkil\u00f6st\u00e4 seuraavat tiedot;<\/p>\n<ul>\n<li>Sukunimi<\/li>\n<li>Etunimi<\/li>\n<li>Asema hakijayhteis\u00f6ss\u00e4<\/li>\n<li>Osoite<\/li>\n<li>Puhelin (hakemuksen tekij\u00e4n)<\/li>\n<li>S\u00e4hk\u00f6postiosoite (hakemuksen tekij\u00e4n)<\/li>\n<\/ul>\n<p>Kun olet t\u00e4ytt\u00e4nyt tarvittavat tiedot paina <strong>Tallenna<\/strong>.<\/p>\n<h4>4.\u00a0\u00a0\u00a0 Hakemus (lomakkeen t\u00e4ytt\u00e4minen)<\/h4>\n<p>Ruksaa tarvittavat kohdat (voit valita useampia vaihtoehtoja).<\/p>\n<p><strong>Luokitukset<\/strong><\/p>\n<ul>\n<li>Valitse mihin anomuksessa haettuja varoja k\u00e4ytett\u00e4isiin (toimintaan\/hankkeeseen),<\/li>\n<li>Onko kyseess\u00e4 m\u00e4\u00e4r\u00e4aikainen (useampivuotinen) vai kertaluontoinen hanke,<\/li>\n<li>Onko kyseess\u00e4 p\u00e4\u00e4kaupunkiseudulla toimiva hakija vai toimitaanko koko valtakunnan alueella<\/li>\n<li>Jos ette ole saaneet tukea vuosina 2022 tai 2023 valitse silloin kohta uusi.<\/li>\n<\/ul>\n<p><strong>Painopistealue<\/strong><\/p>\n<ul>\n<li>Valitse avustusta hakevan organisaation painopistealue (voit tarvittaessa valita useita)<\/li>\n<li>Jos valitset kohdan muu, t\u00e4ydenn\u00e4 alla olevaan laatikkoon, mist\u00e4 hakemuksessa on kyse<\/li>\n<\/ul>\n<p><strong>Mihin haette avustusta<\/strong> (lyhyt tiivistelm\u00e4 hakemuksesta)<\/p>\n<ul>\n<li>Kuvaile yhdell\u00e4 tai kahdella lauseella, mihin haette avustusta (laatimanne kuvaus julkaistaan, kun Urlus-S\u00e4\u00e4ti\u00f6 ilmoittaa avustusten saajista nettisivuillaan).<\/li>\n<\/ul>\n<p><strong>Haettu raham\u00e4\u00e4r\u00e4<\/strong><\/p>\n<ul>\n<li>Merkitse haettava rahasumma<\/li>\n<\/ul>\n<div id=\"attachment_1430\" style=\"width: 490px\" class=\"wp-caption aligncenter\"><a href=\"https:\/\/urlus.fi\/wp-content\/uploads\/2023\/09\/kuva-2.jpg\"><img loading=\"lazy\" decoding=\"async\" aria-describedby=\"caption-attachment-1430\" class=\"wp-image-1430\" src=\"https:\/\/urlus.fi\/wp-content\/uploads\/2023\/09\/kuva-2-800x566.jpg\" alt=\"Haettava raham\u00e4\u00e4r\u00e4\" width=\"480\" height=\"340\" srcset=\"https:\/\/urlus.fi\/wp-content\/uploads\/2023\/09\/kuva-2-800x566.jpg 800w, https:\/\/urlus.fi\/wp-content\/uploads\/2023\/09\/kuva-2-120x85.jpg 120w, https:\/\/urlus.fi\/wp-content\/uploads\/2023\/09\/kuva-2-768x543.jpg 768w, https:\/\/urlus.fi\/wp-content\/uploads\/2023\/09\/kuva-2-260x185.jpg 260w, https:\/\/urlus.fi\/wp-content\/uploads\/2023\/09\/kuva-2-705x499.jpg 705w, https:\/\/urlus.fi\/wp-content\/uploads\/2023\/09\/kuva-2.jpg 1019w\" sizes=\"auto, (max-width: 480px) 100vw, 480px\" \/><\/a><p id=\"caption-attachment-1430\" class=\"wp-caption-text\">Haettava raham\u00e4\u00e4r\u00e4. Kuva avautuu klikkaamalla suuremmaksi.<\/p><\/div>\n<p><strong>Avustuksen kohteena olevan hankkeen\/toiminnan budjetti<\/strong> mukaanlukien\u00a0 omarahoitusosuus.\u00a0 Budjetin voi j\u00e4tt\u00e4\u00e4 my\u00f6s liitemuodossa.<\/p>\n<ul>\n<li>Kirjoita hankkeen\/toiminnan budjetti.<\/li>\n<li>Merkitse my\u00f6s hankkeen\/toiminnan omarahoitusosuus<\/li>\n<li>Tarvittaessa voit j\u00e4tt\u00e4\u00e4 budjetin liitteen\u00e4.<\/li>\n<\/ul>\n<p><strong>Tarkempi kuvausta hankkeesta\/toiminnasta, johon haette avustusta. <\/strong>Kuvauksen\u00a0voi j\u00e4tt\u00e4\u00e4 hakemukseen my\u00f6s liitemuodossa.<\/p>\n<ul>\n<li>Tee t\u00e4h\u00e4n lyhyt ja ytimek\u00e4s hakemus siit\u00e4 asiasta, mihin haette avustusta.<\/li>\n<\/ul>\n<div id=\"attachment_1431\" style=\"width: 490px\" class=\"wp-caption aligncenter\"><a href=\"https:\/\/urlus.fi\/wp-content\/uploads\/2023\/09\/kuva-3.jpg\"><img loading=\"lazy\" decoding=\"async\" aria-describedby=\"caption-attachment-1431\" class=\"wp-image-1431\" src=\"https:\/\/urlus.fi\/wp-content\/uploads\/2023\/09\/kuva-3-800x341.jpg\" alt=\"Toiminnan budjetti ja kuvaus\" width=\"480\" height=\"205\" srcset=\"https:\/\/urlus.fi\/wp-content\/uploads\/2023\/09\/kuva-3-800x341.jpg 800w, https:\/\/urlus.fi\/wp-content\/uploads\/2023\/09\/kuva-3-120x51.jpg 120w, https:\/\/urlus.fi\/wp-content\/uploads\/2023\/09\/kuva-3-768x327.jpg 768w, https:\/\/urlus.fi\/wp-content\/uploads\/2023\/09\/kuva-3-705x301.jpg 705w, https:\/\/urlus.fi\/wp-content\/uploads\/2023\/09\/kuva-3.jpg 1318w\" sizes=\"auto, (max-width: 480px) 100vw, 480px\" \/><\/a><p id=\"caption-attachment-1431\" class=\"wp-caption-text\">Toiminnan budjetti ja kuvaus. Kuva avautuu klikkaamalla suuremmaksi.<\/p><\/div>\n<p><strong>Urlukselta kahtena edellisen\u00e4 vuotena saadut avustukset<\/strong><\/p>\n<ul>\n<li>Jos olette saaneet avustusta vuonna 2023\n<ul>\n<li>Paina kohtaa <strong>Lis\u00e4\u00e4 uusi rivi<\/strong><\/li>\n<\/ul>\n<\/li>\n<li>T\u00e4ll\u00f6in avautuu mahdollisuus kirjoittaa\n<ul>\n<li>Vuosi, jolloin olette saaneet avustusta (2023)<\/li>\n<li>Lyhyt k\u00e4ytt\u00f6tarkoitus, johon avustusta on saatu<\/li>\n<li>Summa<\/li>\n<\/ul>\n<\/li>\n<li>Jos olette saaneet avustusta my\u00f6s vuonna 2022\n<ul>\n<li>Paina kohtaa <strong>Lis\u00e4\u00e4 uusi rivi<\/strong><\/li>\n<\/ul>\n<\/li>\n<li>T\u00e4ll\u00f6in avautuu mahdollisuus kirjoittaa\n<ul>\n<li>Vuosi, jolloin olette saaneet avustusta (2022)<\/li>\n<li>Lyhyt k\u00e4ytt\u00f6tarkoitus, johon avustusta on saatu<\/li>\n<li>Summa<\/li>\n<\/ul>\n<\/li>\n<\/ul>\n<div id=\"attachment_1432\" style=\"width: 490px\" class=\"wp-caption aligncenter\"><a href=\"https:\/\/urlus.fi\/wp-content\/uploads\/2023\/09\/kuva-4.jpg\"><img loading=\"lazy\" decoding=\"async\" aria-describedby=\"caption-attachment-1432\" class=\"wp-image-1432\" src=\"https:\/\/urlus.fi\/wp-content\/uploads\/2023\/09\/kuva-4-800x337.jpg\" alt=\"Aikaisemmat saadut avustukset\" width=\"480\" height=\"202\" srcset=\"https:\/\/urlus.fi\/wp-content\/uploads\/2023\/09\/kuva-4-800x337.jpg 800w, https:\/\/urlus.fi\/wp-content\/uploads\/2023\/09\/kuva-4-120x51.jpg 120w, https:\/\/urlus.fi\/wp-content\/uploads\/2023\/09\/kuva-4-768x324.jpg 768w, https:\/\/urlus.fi\/wp-content\/uploads\/2023\/09\/kuva-4-705x297.jpg 705w, https:\/\/urlus.fi\/wp-content\/uploads\/2023\/09\/kuva-4.jpg 1329w\" sizes=\"auto, (max-width: 480px) 100vw, 480px\" \/><\/a><p id=\"caption-attachment-1432\" class=\"wp-caption-text\">Aikaisemmat saadut avustukset. Kuva avautuu klikkaamalla suuremmaksi.<\/p><\/div>\n<p><strong>Edellisen vuoden avustuksen raportti<\/strong><\/p>\n<ul>\n<li>Kerro lyhyesti mit\u00e4 teitte aikaisemmin my\u00f6nnetyll\u00e4 avustuksella ja mink\u00e4lainen vaikuttavuus avustuksella saatiin aikaan<\/li>\n<li>Voit j\u00e4tt\u00e4\u00e4 raportin my\u00f6s liitteen\u00e4<\/li>\n<li>Voit j\u00e4tt\u00e4\u00e4 raportin my\u00f6s siin\u00e4 muodossa, miten olette raportoineet asiasta mahdollisesti muille tahoille (esim STEA) tai jos olette tehneet esimerkiksi SROI-raportin.<\/li>\n<\/ul>\n<p>Kun olet t\u00e4ytt\u00e4nyt tarvittavat tiedot paina <strong>Tallenna<\/strong>.<\/p>\n<h4>5.\u00a0\u00a0\u00a0 Liitteet<\/h4>\n<p>Lis\u00e4\u00e4 tarvittavat liitteet hakemukseen pdf-tiedostoina<\/p>\n<ul>\n<li>Valitse <strong>Tiedosto<\/strong>-painike<\/li>\n<li>Valitse liitett\u00e4v\u00e4 tiedosto<\/li>\n<li>Paina <strong>Lis\u00e4\u00e4 liite<\/strong><\/li>\n<li>Toista sama toiminta kaikkien liitteiden osalta<\/li>\n<\/ul>\n<p>Pakolliset liitteet<\/p>\n<ul>\n<li>Viimeinen vahvistettu tilinp\u00e4\u00e4t\u00f6s ja tase<\/li>\n<li>Viimeisin toiminnan- tai tilintarkastajan lausunto (allekirjoitettu)<\/li>\n<\/ul>\n<p>Ehdolliset liitteet<\/p>\n<ul>\n<li>Edellisen vuoden avustuksen raportti (jos raporttia ei ole j\u00e4tetty hakemukselle)<\/li>\n<li>Hakijayhteis\u00f6n toiminnan yleinen tarkoitus, laajuus, laatu ja vaikuttavuus, ellei hakija ole s\u00e4\u00e4ti\u00f6lle ennalta tuttu<\/li>\n<li>Varsinainen hakemus (jos ei ole kirjoitettu hakemus-kohtaan)<\/li>\n<li>Avustuksen kohteena olevan hankkeen\/toiminnan budjetti (ml omarahoitusosuus)<\/li>\n<\/ul>\n<div id=\"attachment_1433\" style=\"width: 490px\" class=\"wp-caption aligncenter\"><a href=\"https:\/\/urlus.fi\/wp-content\/uploads\/2023\/09\/kuva-5.jpg\"><img loading=\"lazy\" decoding=\"async\" aria-describedby=\"caption-attachment-1433\" class=\"wp-image-1433\" src=\"https:\/\/urlus.fi\/wp-content\/uploads\/2023\/09\/kuva-5-800x75.jpg\" alt=\"Liitteiden m\u00e4\u00e4rittely\" width=\"480\" height=\"45\" srcset=\"https:\/\/urlus.fi\/wp-content\/uploads\/2023\/09\/kuva-5-800x75.jpg 800w, https:\/\/urlus.fi\/wp-content\/uploads\/2023\/09\/kuva-5-120x11.jpg 120w, https:\/\/urlus.fi\/wp-content\/uploads\/2023\/09\/kuva-5-768x72.jpg 768w, https:\/\/urlus.fi\/wp-content\/uploads\/2023\/09\/kuva-5-705x66.jpg 705w, https:\/\/urlus.fi\/wp-content\/uploads\/2023\/09\/kuva-5.jpg 1304w\" sizes=\"auto, (max-width: 480px) 100vw, 480px\" \/><\/a><p id=\"caption-attachment-1433\" class=\"wp-caption-text\">Liitteiden m\u00e4\u00e4rittely. Kuva avautuu klikkaamalla suuremmaksi.<\/p><\/div>\n<p>Kun olet t\u00e4ytt\u00e4nyt tarvittavat tiedot paina <strong>Tallenna<\/strong>.<\/p>\n<h4>6.\u00a0\u00a0\u00a0 Sitoumus<\/h4>\n<p>Lue ensin kohdan tekstit.<\/p>\n<ul>\n<li>Laita rasti kohtaan \u201d<em>Vakuutan, ett\u00e4 antamani tiedot ovat oikeita ja annan suostumukseni tietojen ja asiakirjojen k\u00e4ytt\u00f6\u00f6n<\/em>\u201d.<\/li>\n<li>Paina <strong>Allekirjoita s\u00e4hk\u00f6isesti<\/strong>.<\/li>\n<li>T\u00e4m\u00e4n j\u00e4lkeen paina <strong>Tallenna<\/strong>.<\/li>\n<\/ul>\n<div id=\"attachment_1434\" style=\"width: 490px\" class=\"wp-caption aligncenter\"><a href=\"https:\/\/urlus.fi\/wp-content\/uploads\/2023\/09\/kuva-6.jpg\"><img loading=\"lazy\" decoding=\"async\" aria-describedby=\"caption-attachment-1434\" class=\"wp-image-1434\" src=\"https:\/\/urlus.fi\/wp-content\/uploads\/2023\/09\/kuva-6-800x287.jpg\" alt=\"\" width=\"480\" height=\"172\" srcset=\"https:\/\/urlus.fi\/wp-content\/uploads\/2023\/09\/kuva-6-800x287.jpg 800w, https:\/\/urlus.fi\/wp-content\/uploads\/2023\/09\/kuva-6-120x43.jpg 120w, https:\/\/urlus.fi\/wp-content\/uploads\/2023\/09\/kuva-6-768x276.jpg 768w, https:\/\/urlus.fi\/wp-content\/uploads\/2023\/09\/kuva-6-705x253.jpg 705w, https:\/\/urlus.fi\/wp-content\/uploads\/2023\/09\/kuva-6.jpg 1358w\" sizes=\"auto, (max-width: 480px) 100vw, 480px\" \/><\/a><p id=\"caption-attachment-1434\" class=\"wp-caption-text\">Sitoumus. Kuva avautuu klikkaamalla suuremmaksi.<\/p><\/div>\n<h4>7.\u00a0\u00a0\u00a0 Hakemuksen l\u00e4hett\u00e4minen<\/h4>\n<p>Voit halutessasi <strong>tulostaa<\/strong> hakemuksen itsellesi. T\u00e4ll\u00f6in j\u00e4rjestelm\u00e4 tekee hakemuksestasi pdf:n ja silloin voit tulostaa hakemuksen omaan tulostimeen.<\/p>\n<p>Voit my\u00f6s <strong>tallentaa<\/strong> hakemuksen omiin tiedostoihin. T\u00e4ll\u00f6in j\u00e4rjestelm\u00e4 tekee siit\u00e4 pdf:n ja voit tallentaa sen haluamasi paikkaan.<\/p>\n<p>Voit my\u00f6s <strong>l\u00e4hett\u00e4\u00e4<\/strong> hakemuksen itsellesi omaan s\u00e4hk\u00f6postiisi. T\u00e4ll\u00f6in j\u00e4rjestelm\u00e4 l\u00e4hett\u00e4\u00e4 hakemuksen pdf:n\u00e4 sinun antamaasi s\u00e4hk\u00f6postiin.<\/p>\n<p>Voit tarvittaessa <strong>tuhota<\/strong> hakemuksen ja aloittaa sen laadinta alusta. T\u00e4ll\u00f6in j\u00e4rjestelm\u00e4 kysyy viel\u00e4, haluatko tuhota hakemuksen. Jos haluat valitse vaihtoehto kyll\u00e4.<\/p>\n<p>Lopuksi valitse kohta <strong>Hyv\u00e4ksy hakemus ja l\u00e4het\u00e4 se Urlus-s\u00e4\u00e4ti\u00f6lle<\/strong>.<\/p>\n<div id=\"attachment_1435\" style=\"width: 490px\" class=\"wp-caption aligncenter\"><a href=\"https:\/\/urlus.fi\/wp-content\/uploads\/2023\/09\/kuva-7.jpg\"><img loading=\"lazy\" decoding=\"async\" aria-describedby=\"caption-attachment-1435\" class=\"wp-image-1435\" src=\"https:\/\/urlus.fi\/wp-content\/uploads\/2023\/09\/kuva-7-800x163.jpg\" alt=\"\" width=\"480\" height=\"98\" srcset=\"https:\/\/urlus.fi\/wp-content\/uploads\/2023\/09\/kuva-7-800x163.jpg 800w, https:\/\/urlus.fi\/wp-content\/uploads\/2023\/09\/kuva-7-120x25.jpg 120w, https:\/\/urlus.fi\/wp-content\/uploads\/2023\/09\/kuva-7-768x157.jpg 768w, https:\/\/urlus.fi\/wp-content\/uploads\/2023\/09\/kuva-7-705x144.jpg 705w, https:\/\/urlus.fi\/wp-content\/uploads\/2023\/09\/kuva-7.jpg 1376w\" sizes=\"auto, (max-width: 480px) 100vw, 480px\" \/><\/a><p id=\"caption-attachment-1435\" class=\"wp-caption-text\">Toiminnot Tuhoa, Tallenna ja Aloita uusi. Kuva avautuu klikkaamalla suuremmaksi.<\/p><\/div>\n<\/div><\/section>\n\n<style type=\"text\/css\" data-created_by=\"avia_inline_auto\" id=\"style-css-av-36cyz6-d07558f56ce53a3aa181b0fbccce92c3\">\n.flex_column.av-36cyz6-d07558f56ce53a3aa181b0fbccce92c3{\nborder-radius:0px 0px 0px 0px;\npadding:0px 0px 0px 0px;\n}\n<\/style>\n<div  class='flex_column av-36cyz6-d07558f56ce53a3aa181b0fbccce92c3 av_one_full  avia-builder-el-3  el_after_av_textblock  avia-builder-el-last  first flex_column_div av-zero-column-padding  column-top-margin'     ><div  class='avia-button-wrap av-kexxtiq3-35d5c60ff2c71e8072f53faab4db4b01-wrap avia-button-center  avia-builder-el-4  avia-builder-el-no-sibling '><a href='https:\/\/urlus.fi\/index.php\/avustustietoa-mista-miten-ja-koska\/hakemusten-kasittely\/'  class='avia-button av-kexxtiq3-35d5c60ff2c71e8072f53faab4db4b01 avia-icon_select-yes-right-icon avia-size-small avia-position-center avia-color-theme-color'  ><span class='avia_iconbox_title' >Hakemusten k\u00e4sittely<\/span><span class='avia_button_icon avia_button_icon_right' aria-hidden='true' data-av_icon='\ue885' data-av_iconfont='entypo-fontello'><\/span><\/a><\/div><\/div>\n","protected":false},"excerpt":{"rendered":"","protected":false},"author":4,"featured_media":0,"parent":0,"menu_order":1,"comment_status":"closed","ping_status":"closed","template":"","meta":{"footnotes":""},"class_list":["post-1426","page","type-page","status-publish","hentry"],"_links":{"self":[{"href":"https:\/\/urlus.fi\/index.php\/wp-json\/wp\/v2\/pages\/1426","targetHints":{"allow":["GET"]}}],"collection":[{"href":"https:\/\/urlus.fi\/index.php\/wp-json\/wp\/v2\/pages"}],"about":[{"href":"https:\/\/urlus.fi\/index.php\/wp-json\/wp\/v2\/types\/page"}],"author":[{"embeddable":true,"href":"https:\/\/urlus.fi\/index.php\/wp-json\/wp\/v2\/users\/4"}],"replies":[{"embeddable":true,"href":"https:\/\/urlus.fi\/index.php\/wp-json\/wp\/v2\/comments?post=1426"}],"version-history":[{"count":7,"href":"https:\/\/urlus.fi\/index.php\/wp-json\/wp\/v2\/pages\/1426\/revisions"}],"predecessor-version":[{"id":1464,"href":"https:\/\/urlus.fi\/index.php\/wp-json\/wp\/v2\/pages\/1426\/revisions\/1464"}],"wp:attachment":[{"href":"https:\/\/urlus.fi\/index.php\/wp-json\/wp\/v2\/media?parent=1426"}],"curies":[{"name":"wp","href":"https:\/\/api.w.org\/{rel}","templated":true}]}}