{"id":141,"date":"2020-07-27T10:12:18","date_gmt":"2020-07-27T10:12:18","guid":{"rendered":"http:\/\/urlus.fi\/?page_id=141"},"modified":"2021-11-29T22:49:18","modified_gmt":"2021-11-29T22:49:18","slug":"4-3-urlus-arliga-understodsbelopp-narmar-sig-tva-miljoner-euro","status":"publish","type":"page","link":"https:\/\/urlus.fi\/index.php\/sv\/aktuelt\/4-3-urlus-arliga-understodsbelopp-narmar-sig-tva-miljoner-euro\/","title":{"rendered":"Urlus \u00e5rliga underst\u00f6dsbelopp n\u00e4rmar sig tv\u00e5 miljoner euro"},"content":{"rendered":"<div id='full_slider_1'  class='avia-fullwidth-slider main_color avia-shadow   avia-builder-el-0  el_before_av_heading  avia-builder-el-first   container_wrap sidebar_right'  ><div  class='avia-slideshow av-16ton-52c53f8246c4cd5d51894ae98176ec7e avia-slideshow-featured av_slideshow_full avia-slide-slider av-slideshow-ui av-control-default av-slideshow-manual av-loop-once av-loop-manual-endless av-default-height-applied   avia-slideshow-1' data-slideshow-options=\"{&quot;animation&quot;:&quot;slide&quot;,&quot;autoplay&quot;:false,&quot;loop_autoplay&quot;:&quot;once&quot;,&quot;interval&quot;:5,&quot;loop_manual&quot;:&quot;manual-endless&quot;,&quot;autoplay_stopper&quot;:false,&quot;noNavigation&quot;:false,&quot;bg_slider&quot;:false,&quot;keep_padding&quot;:false,&quot;hoverpause&quot;:false,&quot;show_slide_delay&quot;:0}\"  itemprop=\"image\" itemscope=\"itemscope\" itemtype=\"https:\/\/schema.org\/ImageObject\" ><ul class='avia-slideshow-inner ' style='padding-bottom: 28.666666666667%;'><li  class='avia-slideshow-slide av-16ton-52c53f8246c4cd5d51894ae98176ec7e__0  av-single-slide slide-1 slide-odd'><div data-rel='slideshow-1' class='avia-slide-wrap '   ><img fetchpriority=\"high\" class=\"wp-image-465 avia-img-lazy-loading-not-465\"  src='https:\/\/urlus.fi\/wp-content\/uploads\/2020\/08\/ots_vuotuinen-1500x430.png' width='1500' height='430' title='' alt=''  itemprop=\"thumbnailUrl\"   \/><\/div><\/li><\/ul><\/div><\/div><div id='after_full_slider_1'  class='main_color av_default_container_wrap container_wrap sidebar_right'  ><div class='container av-section-cont-open' ><div class='template-page content  av-content-small alpha units'><div class='post-entry post-entry-type-page post-entry-141'><div class='entry-content-wrapper clearfix'>\n\n<style type=\"text\/css\" data-created_by=\"avia_inline_auto\" id=\"style-css-av-av_heading-585bbf73fdad85b96266a49a363f1c4c\">\n#top .av-special-heading.av-av_heading-585bbf73fdad85b96266a49a363f1c4c{\npadding-bottom:10px;\n}\nbody .av-special-heading.av-av_heading-585bbf73fdad85b96266a49a363f1c4c .av-special-heading-tag .heading-char{\nfont-size:25px;\n}\n.av-special-heading.av-av_heading-585bbf73fdad85b96266a49a363f1c4c .av-subheading{\nfont-size:15px;\n}\n<\/style>\n<div  class='av-special-heading av-av_heading-585bbf73fdad85b96266a49a363f1c4c av-special-heading-h3  avia-builder-el-1  el_after_av_slideshow_full  el_before_av_textblock  avia-builder-el-first '><h3 class='av-special-heading-tag'  itemprop=\"headline\"  >Urlus \u00e5rliga underst\u00f6dsbelopp n\u00e4rmar sig tv\u00e5 miljoner euro<\/h3><div class=\"special-heading-border\"><div class=\"special-heading-inner-border\"><\/div><\/div><\/div>\n<section  class='av_textblock_section av-kd4cqkal-c30741fc5eb5ff3a622ebc3ca1674ebd '   itemscope=\"itemscope\" itemtype=\"https:\/\/schema.org\/CreativeWork\" ><div class='avia_textblock'  itemprop=\"text\" ><p>Stiftelsens underst\u00f6d \u00f6kade med 15\u00a0% fr\u00e5n \u00e5ret innan till 1,76 miljoner euro (Urlus-priserna inte medr\u00e4knade). Beloppet var det st\u00f6rsta n\u00e5gonsin. Antalet st\u00f6dda f\u00f6reningar har stadigt \u00f6kat redan i n\u00e5gra \u00e5r och samtidigt har underst\u00f6dsbeloppet vuxit med 50\u00a0% p\u00e5 fyra \u00e5r. Under de senaste 15 \u00e5ren har Urlus delat ut sammanlagt ca 20 miljoner euro i underst\u00f6d. De underst\u00f6dda objekten under innevarande \u00e5r \u00e5terfinns under &#8221;Underst\u00f6dsinfo&#8221; p\u00e5 webbplatsen.<\/p>\n<\/div><\/section>\n","protected":false},"excerpt":{"rendered":"","protected":false},"author":4,"featured_media":0,"parent":135,"menu_order":9,"comment_status":"closed","ping_status":"closed","template":"","meta":{"footnotes":""},"class_list":["post-141","page","type-page","status-publish","hentry"],"_links":{"self":[{"href":"https:\/\/urlus.fi\/index.php\/wp-json\/wp\/v2\/pages\/141","targetHints":{"allow":["GET"]}}],"collection":[{"href":"https:\/\/urlus.fi\/index.php\/wp-json\/wp\/v2\/pages"}],"about":[{"href":"https:\/\/urlus.fi\/index.php\/wp-json\/wp\/v2\/types\/page"}],"author":[{"embeddable":true,"href":"https:\/\/urlus.fi\/index.php\/wp-json\/wp\/v2\/users\/4"}],"replies":[{"embeddable":true,"href":"https:\/\/urlus.fi\/index.php\/wp-json\/wp\/v2\/comments?post=141"}],"version-history":[{"count":4,"href":"https:\/\/urlus.fi\/index.php\/wp-json\/wp\/v2\/pages\/141\/revisions"}],"predecessor-version":[{"id":466,"href":"https:\/\/urlus.fi\/index.php\/wp-json\/wp\/v2\/pages\/141\/revisions\/466"}],"up":[{"embeddable":true,"href":"https:\/\/urlus.fi\/index.php\/wp-json\/wp\/v2\/pages\/135"}],"wp:attachment":[{"href":"https:\/\/urlus.fi\/index.php\/wp-json\/wp\/v2\/media?parent=141"}],"curies":[{"name":"wp","href":"https:\/\/api.w.org\/{rel}","templated":true}]}}