{"id":137,"date":"2021-09-12T10:07:46","date_gmt":"2021-09-12T10:07:46","guid":{"rendered":"http:\/\/urlus.fi\/?page_id=137"},"modified":"2022-06-03T08:25:58","modified_gmt":"2022-06-03T08:25:58","slug":"stiftelsens-system-for-ansokan-om-bidrag-oppnas-1-10-2021","status":"publish","type":"page","link":"https:\/\/urlus.fi\/index.php\/sv\/aktuelt\/stiftelsens-system-for-ansokan-om-bidrag-oppnas-1-10-2021\/","title":{"rendered":"Stiftelsens system f\u00f6r ans\u00f6kan om bidrag \u00f6ppnas 1.10.2021"},"content":{"rendered":"<div id='full_slider_1'  class='avia-fullwidth-slider main_color avia-shadow   avia-builder-el-0  el_before_av_heading  avia-builder-el-first   container_wrap sidebar_right'  ><div  class='avia-slideshow av-16ton-52c53f8246c4cd5d51894ae98176ec7e avia-slideshow-featured av_slideshow_full avia-slide-slider av-slideshow-ui av-control-default av-slideshow-manual av-loop-once av-loop-manual-endless av-default-height-applied   avia-slideshow-1' data-slideshow-options=\"{&quot;animation&quot;:&quot;slide&quot;,&quot;autoplay&quot;:false,&quot;loop_autoplay&quot;:&quot;once&quot;,&quot;interval&quot;:5,&quot;loop_manual&quot;:&quot;manual-endless&quot;,&quot;autoplay_stopper&quot;:false,&quot;noNavigation&quot;:false,&quot;bg_slider&quot;:false,&quot;keep_padding&quot;:false,&quot;hoverpause&quot;:false,&quot;show_slide_delay&quot;:0}\"  itemprop=\"image\" itemscope=\"itemscope\" itemtype=\"https:\/\/schema.org\/ImageObject\" ><ul class='avia-slideshow-inner ' style='padding-bottom: 28.666666666667%;'><li  class='avia-slideshow-slide av-16ton-52c53f8246c4cd5d51894ae98176ec7e__0  av-single-slide slide-1 slide-odd'><div data-rel='slideshow-1' class='avia-slide-wrap '   ><img fetchpriority=\"high\" class=\"wp-image-719 avia-img-lazy-loading-not-719\"  src='https:\/\/urlus.fi\/wp-content\/uploads\/2020\/09\/2021_haku_alkaa-1500x430.png' width='1500' height='430' title='2021_haku_alkaa' alt=''  itemprop=\"thumbnailUrl\"   \/><\/div><\/li><\/ul><\/div><\/div><div id='after_full_slider_1'  class='main_color av_default_container_wrap container_wrap sidebar_right'  ><div class='container av-section-cont-open' ><div class='template-page content  av-content-small alpha units'><div class='post-entry post-entry-type-page post-entry-137'><div class='entry-content-wrapper clearfix'>\n\n<style type=\"text\/css\" data-created_by=\"avia_inline_auto\" id=\"style-css-av-av_heading-2b6c6fe1b8da5e2df7990d0ad5d744f1\">\n#top .av-special-heading.av-av_heading-2b6c6fe1b8da5e2df7990d0ad5d744f1{\npadding-bottom:10px;\n}\nbody .av-special-heading.av-av_heading-2b6c6fe1b8da5e2df7990d0ad5d744f1 .av-special-heading-tag .heading-char{\nfont-size:25px;\n}\n.av-special-heading.av-av_heading-2b6c6fe1b8da5e2df7990d0ad5d744f1 .av-subheading{\nfont-size:15px;\n}\n<\/style>\n<div  class='av-special-heading av-av_heading-2b6c6fe1b8da5e2df7990d0ad5d744f1 av-special-heading-h3  avia-builder-el-1  el_after_av_slideshow_full  el_before_av_hr  avia-builder-el-first '><h3 class='av-special-heading-tag'  itemprop=\"headline\"  >Stiftelsens system f\u00f6r ans\u00f6kan om bidrag \u00f6ppnas 1.10.2021<\/h3><div class=\"special-heading-border\"><div class=\"special-heading-inner-border\"><\/div><\/div><\/div>\n\n<style type=\"text\/css\" data-created_by=\"avia_inline_auto\" id=\"style-css-av-klamv9z4-de18adb246c4e2270bfdc53fe446aab1\">\n#top .hr.hr-invisible.av-klamv9z4-de18adb246c4e2270bfdc53fe446aab1{\nheight:20px;\n}\n<\/style>\n<div  class='hr av-klamv9z4-de18adb246c4e2270bfdc53fe446aab1 hr-invisible  avia-builder-el-2  el_after_av_heading  el_before_av_one_half '><span class='hr-inner '><span class=\"hr-inner-style\"><\/span><\/span><\/div>\n\n<style type=\"text\/css\" data-created_by=\"avia_inline_auto\" id=\"style-css-av-8cvw9-ba1a635186fcba060d15a94217a4cff6\">\n.flex_column.av-8cvw9-ba1a635186fcba060d15a94217a4cff6{\nborder-radius:0px 0px 0px 0px;\npadding:0px 0px 0px 0px;\n}\n<\/style>\n<div  class='flex_column av-8cvw9-ba1a635186fcba060d15a94217a4cff6 av_one_half  avia-builder-el-3  el_after_av_hr  el_before_av_one_half  first flex_column_div av-zero-column-padding  '     ><p>\n<style type=\"text\/css\" data-created_by=\"avia_inline_auto\" id=\"style-css-av-kthe251v-43df3470965c3769642dea1c7c7938af\">\n#top .hr.hr-invisible.av-kthe251v-43df3470965c3769642dea1c7c7938af{\nheight:20px;\n}\n<\/style>\n<div  class='hr av-kthe251v-43df3470965c3769642dea1c7c7938af hr-invisible  avia-builder-el-4  el_before_av_image  avia-builder-el-first '><span class='hr-inner '><span class=\"hr-inner-style\"><\/span><\/span><\/div><br \/>\n\n<style type=\"text\/css\" data-created_by=\"avia_inline_auto\" id=\"style-css-av-kext3bqb-871b45c0466422fcabd2f0cb022702fa\">\n.avia-image-container.av-kext3bqb-871b45c0466422fcabd2f0cb022702fa img.avia_image{\nbox-shadow:none;\n}\n.avia-image-container.av-kext3bqb-871b45c0466422fcabd2f0cb022702fa .av-image-caption-overlay-center{\ncolor:#ffffff;\n}\n<\/style>\n<div  class='avia-image-container av-kext3bqb-871b45c0466422fcabd2f0cb022702fa av-styling- avia-align-center  avia-builder-el-5  el_after_av_hr  avia-builder-el-last '   itemprop=\"image\" itemscope=\"itemscope\" itemtype=\"https:\/\/schema.org\/ImageObject\" ><div class=\"avia-image-container-inner\"><div class=\"avia-image-overlay-wrap\"><img fetchpriority=\"high\" class='wp-image-935 avia-img-lazy-loading-not-935 avia_image ' src='https:\/\/urlus.fi\/wp-content\/uploads\/2021\/09\/avustukset_2022.png' alt='' title='avustukset_2022'  height=\"600\" width=\"800\"  itemprop=\"thumbnailUrl\"  \/><\/div><\/div><\/div><\/p><\/div>\n\n<style type=\"text\/css\" data-created_by=\"avia_inline_auto\" id=\"style-css-av-1g3vl-b67384613876ebf6238dfcf4c0578764\">\n.flex_column.av-1g3vl-b67384613876ebf6238dfcf4c0578764{\nborder-radius:0px 0px 0px 0px;\npadding:0px 0px 0px 0px;\n}\n<\/style>\n<div  class='flex_column av-1g3vl-b67384613876ebf6238dfcf4c0578764 av_one_half  avia-builder-el-6  el_after_av_one_half  avia-builder-el-last  flex_column_div av-zero-column-padding  '     ><section  class='av_textblock_section av-kd4cl324-4a5a16419d2721ddb2abe705b4def30a '   itemscope=\"itemscope\" itemtype=\"https:\/\/schema.org\/CreativeWork\" ><div class='avia_textblock'  itemprop=\"text\" ><p>Urlus ekonomiska m\u00f6jligheter att st\u00f6dja enheter och aktiviteter i enlighet med reglerna har ytterligare f\u00f6rb\u00e4ttras. \u00a0F\u00f6rutom de traditionella s\u00f6kande, vill stiftelsens styrelse ocks\u00e5 uppmuntra nya s\u00f6kande och \u00a0innovativa ans\u00f6kningar.<\/p>\n<p>Vi \u00e4r s\u00e4rskilt intresserade av ans\u00f6kningar d\u00e4r man systematiskt och entusiastiskt letar efter nya l\u00f6sningar p\u00e5 minskningen av hobbyverksamheten som corona har f\u00f6rorsakad.<\/p>\n<p>N\u00e4sta \u00e5rs bidrag kan s\u00f6kas fram till slutet av december i \u00e5r. Du hittar mer detaljerade instruktioner p\u00e5 v\u00e5r webbplats i avsnittet S\u00f6kanvisningar.<\/p>\n<p><strong>Ans\u00f6k g\u00e4rna!<\/strong><\/p>\n<\/div><\/section><\/div>\n","protected":false},"excerpt":{"rendered":"","protected":false},"author":4,"featured_media":0,"parent":135,"menu_order":4,"comment_status":"closed","ping_status":"closed","template":"","meta":{"footnotes":""},"class_list":["post-137","page","type-page","status-publish","hentry"],"_links":{"self":[{"href":"https:\/\/urlus.fi\/index.php\/wp-json\/wp\/v2\/pages\/137","targetHints":{"allow":["GET"]}}],"collection":[{"href":"https:\/\/urlus.fi\/index.php\/wp-json\/wp\/v2\/pages"}],"about":[{"href":"https:\/\/urlus.fi\/index.php\/wp-json\/wp\/v2\/types\/page"}],"author":[{"embeddable":true,"href":"https:\/\/urlus.fi\/index.php\/wp-json\/wp\/v2\/users\/4"}],"replies":[{"embeddable":true,"href":"https:\/\/urlus.fi\/index.php\/wp-json\/wp\/v2\/comments?post=137"}],"version-history":[{"count":16,"href":"https:\/\/urlus.fi\/index.php\/wp-json\/wp\/v2\/pages\/137\/revisions"}],"predecessor-version":[{"id":950,"href":"https:\/\/urlus.fi\/index.php\/wp-json\/wp\/v2\/pages\/137\/revisions\/950"}],"up":[{"embeddable":true,"href":"https:\/\/urlus.fi\/index.php\/wp-json\/wp\/v2\/pages\/135"}],"wp:attachment":[{"href":"https:\/\/urlus.fi\/index.php\/wp-json\/wp\/v2\/media?parent=137"}],"curies":[{"name":"wp","href":"https:\/\/api.w.org\/{rel}","templated":true}]}}