{"id":1367,"date":"2023-04-19T07:56:19","date_gmt":"2023-04-19T07:56:19","guid":{"rendered":"https:\/\/urlus.fi\/?page_id=1367"},"modified":"2023-05-21T15:10:24","modified_gmt":"2023-05-21T15:10:24","slug":"saation-vuoden-2023-urlus-palkinnot-jaettu","status":"publish","type":"page","link":"https:\/\/urlus.fi\/index.php\/ajankohtaista\/saation-vuoden-2023-urlus-palkinnot-jaettu\/","title":{"rendered":"S\u00e4\u00e4ti\u00f6n vuoden 2023 Urlus-palkinnot jaettu"},"content":{"rendered":"<div id='full_slider_1'  class='avia-fullwidth-slider main_color avia-shadow   avia-builder-el-0  el_before_av_heading  avia-builder-el-first   container_wrap sidebar_right'  ><div  class='avia-slideshow av-16ton-52c53f8246c4cd5d51894ae98176ec7e avia-slideshow-featured av_slideshow_full avia-slide-slider av-slideshow-ui av-control-default av-slideshow-manual av-loop-once av-loop-manual-endless av-default-height-applied   avia-slideshow-1' data-slideshow-options=\"{&quot;animation&quot;:&quot;slide&quot;,&quot;autoplay&quot;:false,&quot;loop_autoplay&quot;:&quot;once&quot;,&quot;interval&quot;:5,&quot;loop_manual&quot;:&quot;manual-endless&quot;,&quot;autoplay_stopper&quot;:false,&quot;noNavigation&quot;:false,&quot;bg_slider&quot;:false,&quot;keep_padding&quot;:false,&quot;hoverpause&quot;:false,&quot;show_slide_delay&quot;:0}\"  itemprop=\"image\" itemscope=\"itemscope\" itemtype=\"https:\/\/schema.org\/ImageObject\" ><ul class='avia-slideshow-inner ' style='padding-bottom: 28.72411489646%;'><li  class='avia-slideshow-slide av-16ton-52c53f8246c4cd5d51894ae98176ec7e__0  av-single-slide slide-1 slide-odd'><div data-rel='slideshow-1' class='avia-slide-wrap '   ><img fetchpriority=\"high\" class=\"wp-image-1371 avia-img-lazy-loading-not-1371\"  src='https:\/\/urlus.fi\/wp-content\/uploads\/2023\/04\/Urlus-palkintojen-luovutus-2023.png' width='1497' height='430' title='Urlus-palkintojen luovutus 2023' alt=''  itemprop=\"thumbnailUrl\"   \/><\/div><\/li><\/ul><\/div><\/div><div id='after_full_slider_1'  class='main_color av_default_container_wrap container_wrap sidebar_right'  ><div class='container av-section-cont-open' ><div class='template-page content  av-content-small alpha units'><div class='post-entry post-entry-type-page post-entry-1367'><div class='entry-content-wrapper clearfix'>\n\n<style type=\"text\/css\" data-created_by=\"avia_inline_auto\" id=\"style-css-av-av_heading-de52c3f876a929eb78a9cc8d4c3b4c72\">\n#top .av-special-heading.av-av_heading-de52c3f876a929eb78a9cc8d4c3b4c72{\npadding-bottom:10px;\n}\nbody .av-special-heading.av-av_heading-de52c3f876a929eb78a9cc8d4c3b4c72 .av-special-heading-tag .heading-char{\nfont-size:25px;\n}\n.av-special-heading.av-av_heading-de52c3f876a929eb78a9cc8d4c3b4c72 .av-subheading{\nfont-size:15px;\n}\n<\/style>\n<div  class='av-special-heading av-av_heading-de52c3f876a929eb78a9cc8d4c3b4c72 av-special-heading-h3  avia-builder-el-1  el_after_av_slideshow_full  el_before_av_hr  avia-builder-el-first '><h3 class='av-special-heading-tag'  itemprop=\"headline\"  >S\u00e4\u00e4ti\u00f6n vuoden 2023 Urlus-palkinnot jaettu<\/h3><div class=\"special-heading-border\"><div class=\"special-heading-inner-border\"><\/div><\/div><\/div>\n\n<style type=\"text\/css\" data-created_by=\"avia_inline_auto\" id=\"style-css-av-l3n1m91g-5ce10ec470c4d72286a58c0766f14b0f\">\n#top .hr.hr-invisible.av-l3n1m91g-5ce10ec470c4d72286a58c0766f14b0f{\nheight:50px;\n}\n<\/style>\n<div  class='hr av-l3n1m91g-5ce10ec470c4d72286a58c0766f14b0f hr-invisible  avia-builder-el-2  el_after_av_heading  el_before_av_two_third '><span class='hr-inner '><span class=\"hr-inner-style\"><\/span><\/span><\/div>\n\n<style type=\"text\/css\" data-created_by=\"avia_inline_auto\" id=\"style-css-av-ay7wq-c104a36afb9c1c42e445009c9c61380d\">\n.flex_column.av-ay7wq-c104a36afb9c1c42e445009c9c61380d{\nborder-radius:0px 0px 0px 0px;\npadding:0px 0px 0px 0px;\n}\n<\/style>\n<div  class='flex_column av-ay7wq-c104a36afb9c1c42e445009c9c61380d av_two_third  avia-builder-el-3  el_after_av_hr  el_before_av_one_third  first flex_column_div av-zero-column-padding  '     ><section  class='av_textblock_section av-kd3glxa1-278439855b147618e591e7e2b9138072 '   itemscope=\"itemscope\" itemtype=\"https:\/\/schema.org\/CreativeWork\" ><div class='avia_textblock'  itemprop=\"text\" ><p><em><strong>Urlus-S\u00e4\u00e4ti\u00f6 jakaa vuosittain s\u00e4\u00e4ti\u00f6n nime\u00e4 kantavan Urlus-palkinnon. Palkintoa on jaettu vuodesta 1984 alkaen. Aikaisemmin palkinto kantoi pitk\u00e4aikaisen s\u00e4\u00e4ti\u00f6n puheenjohtajan Eero Harkian nime\u00e4.<\/strong><\/em><\/p>\n<p>T\u00e4n\u00e4 vuonna hallitus p\u00e4\u00e4tti jakaa palkinnon hyvin ajankohtaiseen asiaan &#8211; katujengien ja huumeiden vastaiseen ty\u00f6h\u00f6n. Palkinnon saajia oli kaksi &#8211; Aseman Lapset ry ja Irti Huumeist\u00e4 ry. Molemmat yhdistykset palkittiin 25\u00a0000 eurolla heid\u00e4n arvokkaasta ty\u00f6st\u00e4 paremman huomisen puolesta. Palkinnonsaajia valittaessa s\u00e4\u00e4ti\u00f6 hy\u00f6dynsi my\u00f6s viranomaisten n\u00e4kemyksi\u00e4.<\/p>\n<p>Aseman Lasten osalta palkitsemisperusteet olivat seuraavat: <em>Aseman Lapset ry toimii kaduilla ja pyrkii ennalta ehk\u00e4isev\u00e4sti puuttumaan katuv\u00e4kivaltaan ja muihin lieveilmi\u00f6ihin. Tunnetuin Aseman Lapsien toimintamuoto on Walkers-toiminta. <\/em><\/p>\n<p><em>Aseman Lapset tekee nuorten parissa konflikteja ehk\u00e4isev\u00e4\u00e4 Bunkkeri-ty\u00f6t\u00e4. T\u00e4h\u00e4n ty\u00f6h\u00f6n kuuluu katusovittelu ja kiusaamiseen puuttuva toiminta. Aseman Lapset toimii yhteistoiminnassa Helsingin poliisin nuorisoryhm\u00e4n, lastensuojelun ja sovittelun kautta sek\u00e4 on mukana my\u00f6s asiaan liittyviss\u00e4 tutkimushankkeissa. <\/em><\/p>\n<p>Irti Huumeista ry:n osalta perustelut olivat seuraavat: <em>Irti Huumeista ry tarjoaa vertais- ja ammattituki-palveluita huumeongelmaisten l\u00e4heisille, toipuville ja huumeita k\u00e4ytt\u00e4ville. Lis\u00e4ksi yhdistys kouluttaa sote-ammattilaisia huumeita k\u00e4ytt\u00e4v\u00e4n ja l\u00e4heisen ongelmiin ja kuinka kohdata heid\u00e4t. \u00a0<\/em><\/p>\n<p><em>Yhdistyksen toiminnan tarkoituksena on v\u00e4hent\u00e4\u00e4 ja ehk\u00e4ist\u00e4 huumeiden k\u00e4yt\u00f6st\u00e4 aiheutuvia haittoja sek\u00e4 yksil\u00f6lle ett\u00e4 yhteiskunnalle. Irti huumeista ry:n toiminta on konkreettista arjen toimintaa. Toiminnassa merkitt\u00e4v\u00e4ss\u00e4 roolissa ovat vapaaehtoiset toimijat ja kokemusasiantuntijat.<\/em><\/p>\n<p>Palkitsemistilaisuudessa kuultiin Aseman Lapset ry:n toiminnanjohtajan Christian Wentzelin ja Irti Huumeista ry:n varapuheenjohtajan Jari Kyll\u00f6sen puheenvuorot j\u00e4rjest\u00f6jen toiminnasta sek\u00e4 alustavia ajatuksia mihin toimintaa j\u00e4rjest\u00f6t kohdentavat palkinnon.<\/p>\n<p>Urlus-S\u00e4\u00e4ti\u00f6 onnittelee l\u00e4mpim\u00e4sti palkinnon saajia.<\/p>\n<\/div><\/section><\/div>\n\n<style type=\"text\/css\" data-created_by=\"avia_inline_auto\" id=\"style-css-av-1uosct-db9e4db720f1c5b3ca2de655740149fe\">\n.flex_column.av-1uosct-db9e4db720f1c5b3ca2de655740149fe{\nborder-radius:0px 0px 0px 0px;\npadding:0px 0px 0px 0px;\n}\n<\/style>\n<div  class='flex_column av-1uosct-db9e4db720f1c5b3ca2de655740149fe av_one_third  avia-builder-el-5  el_after_av_two_third  el_before_av_one_full  flex_column_div av-zero-column-padding  '     ><section  class='av_textblock_section av-l3mzjx6y-3fc720c149ad3b6a9edc3d80f09c9eba '   itemscope=\"itemscope\" itemtype=\"https:\/\/schema.org\/CreativeWork\" ><div class='avia_textblock'  itemprop=\"text\" ><div id=\"attachment_1375\" style=\"width: 810px\" class=\"wp-caption aligncenter\"><a href=\"https:\/\/urlus.fi\/wp-content\/uploads\/2023\/04\/kuvitus_Aseman_lapset_toimjoht_-C_Wentzel.png\"><img loading=\"lazy\" decoding=\"async\" aria-describedby=\"caption-attachment-1375\" class=\"wp-image-1375 size-full\" src=\"https:\/\/urlus.fi\/wp-content\/uploads\/2023\/04\/kuvitus_Aseman_lapset_toimjoht_-C_Wentzel.png\" alt=\"\" width=\"800\" height=\"600\" srcset=\"https:\/\/urlus.fi\/wp-content\/uploads\/2023\/04\/kuvitus_Aseman_lapset_toimjoht_-C_Wentzel.png 800w, https:\/\/urlus.fi\/wp-content\/uploads\/2023\/04\/kuvitus_Aseman_lapset_toimjoht_-C_Wentzel-120x90.png 120w, https:\/\/urlus.fi\/wp-content\/uploads\/2023\/04\/kuvitus_Aseman_lapset_toimjoht_-C_Wentzel-768x576.png 768w, https:\/\/urlus.fi\/wp-content\/uploads\/2023\/04\/kuvitus_Aseman_lapset_toimjoht_-C_Wentzel-705x529.png 705w\" sizes=\"auto, (max-width: 800px) 100vw, 800px\" \/><\/a><p id=\"caption-attachment-1375\" class=\"wp-caption-text\">Aseman lapset ry:n toiminnanjohtaja Christian Wentzel<\/p><\/div>\n<div id=\"attachment_1377\" style=\"width: 810px\" class=\"wp-caption aligncenter\"><a href=\"https:\/\/urlus.fi\/wp-content\/uploads\/2023\/04\/kuvitus_Urlus_pj_Mikko-Koskimies.png\"><img loading=\"lazy\" decoding=\"async\" aria-describedby=\"caption-attachment-1377\" class=\"wp-image-1377 size-full\" src=\"https:\/\/urlus.fi\/wp-content\/uploads\/2023\/04\/kuvitus_Urlus_pj_Mikko-Koskimies.png\" alt=\"\" width=\"800\" height=\"600\" srcset=\"https:\/\/urlus.fi\/wp-content\/uploads\/2023\/04\/kuvitus_Urlus_pj_Mikko-Koskimies.png 800w, https:\/\/urlus.fi\/wp-content\/uploads\/2023\/04\/kuvitus_Urlus_pj_Mikko-Koskimies-120x90.png 120w, https:\/\/urlus.fi\/wp-content\/uploads\/2023\/04\/kuvitus_Urlus_pj_Mikko-Koskimies-768x576.png 768w, https:\/\/urlus.fi\/wp-content\/uploads\/2023\/04\/kuvitus_Urlus_pj_Mikko-Koskimies-705x529.png 705w\" sizes=\"auto, (max-width: 800px) 100vw, 800px\" \/><\/a><p id=\"caption-attachment-1377\" class=\"wp-caption-text\">Urlus-S\u00e4\u00e4ti\u00f6n puheenjohtaja Mikko Koskimies<\/p><\/div>\n<div id=\"attachment_1376\" style=\"width: 810px\" class=\"wp-caption aligncenter\"><a href=\"https:\/\/urlus.fi\/wp-content\/uploads\/2023\/04\/kuvitus_Irti-Huumeista-ry.png\"><img loading=\"lazy\" decoding=\"async\" aria-describedby=\"caption-attachment-1376\" class=\"wp-image-1376 size-full\" src=\"https:\/\/urlus.fi\/wp-content\/uploads\/2023\/04\/kuvitus_Irti-Huumeista-ry.png\" alt=\"\" width=\"800\" height=\"587\" srcset=\"https:\/\/urlus.fi\/wp-content\/uploads\/2023\/04\/kuvitus_Irti-Huumeista-ry.png 800w, https:\/\/urlus.fi\/wp-content\/uploads\/2023\/04\/kuvitus_Irti-Huumeista-ry-120x88.png 120w, https:\/\/urlus.fi\/wp-content\/uploads\/2023\/04\/kuvitus_Irti-Huumeista-ry-768x564.png 768w, https:\/\/urlus.fi\/wp-content\/uploads\/2023\/04\/kuvitus_Irti-Huumeista-ry-705x517.png 705w\" sizes=\"auto, (max-width: 800px) 100vw, 800px\" \/><\/a><p id=\"caption-attachment-1376\" class=\"wp-caption-text\">Irti Huumeista ry:n varapuheenjohtaja Jari Kyll\u00f6nen<\/p><\/div>\n<\/div><\/section><\/div>\n<style type=\"text\/css\" data-created_by=\"avia_inline_auto\" id=\"style-css-av-ay7wq-c104a36afb9c1c42e445009c9c61380d\">\n.flex_column.av-ay7wq-c104a36afb9c1c42e445009c9c61380d{\nborder-radius:0px 0px 0px 0px;\npadding:0px 0px 0px 0px;\n}\n<\/style>\n<div  class='flex_column av-ay7wq-c104a36afb9c1c42e445009c9c61380d av_one_full  avia-builder-el-7  el_after_av_one_third  avia-builder-el-last  first flex_column_div av-zero-column-padding  column-top-margin'     ><section  class='av_textblock_section av-kd3glxa1-278439855b147618e591e7e2b9138072 '   itemscope=\"itemscope\" itemtype=\"https:\/\/schema.org\/CreativeWork\" ><div class='avia_textblock'  itemprop=\"text\" ><p>P\u00e4\u00e4kuva: Urlus<br \/>\nKuvituskuva: Urlus<\/p>\n<\/div><\/section><\/div><\/p>\n","protected":false},"excerpt":{"rendered":"","protected":false},"author":4,"featured_media":1378,"parent":47,"menu_order":2,"comment_status":"closed","ping_status":"closed","template":"","meta":{"footnotes":""},"class_list":["post-1367","page","type-page","status-publish","has-post-thumbnail","hentry"],"_links":{"self":[{"href":"https:\/\/urlus.fi\/index.php\/wp-json\/wp\/v2\/pages\/1367","targetHints":{"allow":["GET"]}}],"collection":[{"href":"https:\/\/urlus.fi\/index.php\/wp-json\/wp\/v2\/pages"}],"about":[{"href":"https:\/\/urlus.fi\/index.php\/wp-json\/wp\/v2\/types\/page"}],"author":[{"embeddable":true,"href":"https:\/\/urlus.fi\/index.php\/wp-json\/wp\/v2\/users\/4"}],"replies":[{"embeddable":true,"href":"https:\/\/urlus.fi\/index.php\/wp-json\/wp\/v2\/comments?post=1367"}],"version-history":[{"count":5,"href":"https:\/\/urlus.fi\/index.php\/wp-json\/wp\/v2\/pages\/1367\/revisions"}],"predecessor-version":[{"id":1370,"href":"https:\/\/urlus.fi\/index.php\/wp-json\/wp\/v2\/pages\/1367\/revisions\/1370"}],"up":[{"embeddable":true,"href":"https:\/\/urlus.fi\/index.php\/wp-json\/wp\/v2\/pages\/47"}],"wp:featuredmedia":[{"embeddable":true,"href":"https:\/\/urlus.fi\/index.php\/wp-json\/wp\/v2\/media\/1378"}],"wp:attachment":[{"href":"https:\/\/urlus.fi\/index.php\/wp-json\/wp\/v2\/media?parent=1367"}],"curies":[{"name":"wp","href":"https:\/\/api.w.org\/{rel}","templated":true}]}}