{"id":1343,"date":"2023-03-29T13:25:27","date_gmt":"2023-03-29T13:25:27","guid":{"rendered":"https:\/\/urlus.fi\/?page_id=1343"},"modified":"2024-04-29T09:50:46","modified_gmt":"2024-04-29T09:50:46","slug":"stiftelsens-bidragsbeslut-for-2023-fattade","status":"publish","type":"page","link":"https:\/\/urlus.fi\/index.php\/sv\/aktuelt\/stiftelsens-bidragsbeslut-for-2023-fattade\/","title":{"rendered":"Stiftelsens bidragsbeslut f\u00f6r 2023 fattade"},"content":{"rendered":"<div id='full_slider_1'  class='avia-fullwidth-slider main_color avia-shadow   avia-builder-el-0  el_before_av_heading  avia-builder-el-first   container_wrap sidebar_right'  ><div  class='avia-slideshow av-16ton-52c53f8246c4cd5d51894ae98176ec7e avia-slideshow-featured av_slideshow_full avia-slide-slider av-slideshow-ui av-control-default av-slideshow-manual av-loop-once av-loop-manual-endless av-default-height-applied   avia-slideshow-1' data-slideshow-options=\"{&quot;animation&quot;:&quot;slide&quot;,&quot;autoplay&quot;:false,&quot;loop_autoplay&quot;:&quot;once&quot;,&quot;interval&quot;:5,&quot;loop_manual&quot;:&quot;manual-endless&quot;,&quot;autoplay_stopper&quot;:false,&quot;noNavigation&quot;:false,&quot;bg_slider&quot;:false,&quot;keep_padding&quot;:false,&quot;hoverpause&quot;:false,&quot;show_slide_delay&quot;:0}\"  itemprop=\"image\" itemscope=\"itemscope\" itemtype=\"https:\/\/schema.org\/ImageObject\" ><ul class='avia-slideshow-inner ' style='padding-bottom: 28.666666666667%;'><li  class='avia-slideshow-slide av-16ton-52c53f8246c4cd5d51894ae98176ec7e__0  av-single-slide slide-1 slide-odd'><div data-rel='slideshow-1' class='avia-slide-wrap '   ><img fetchpriority=\"high\" class=\"wp-image-757 avia-img-lazy-loading-not-757\"  src='https:\/\/urlus.fi\/wp-content\/uploads\/2020\/09\/2021_haku_alkaa-1-1500x430.png' width='1500' height='430' title='2021_haku_alkaa' alt=''  itemprop=\"thumbnailUrl\"   \/><\/div><\/li><\/ul><\/div><\/div><div id='after_full_slider_1'  class='main_color av_default_container_wrap container_wrap sidebar_right'  ><div class='container av-section-cont-open' ><div class='template-page content  av-content-small alpha units'><div class='post-entry post-entry-type-page post-entry-1343'><div class='entry-content-wrapper clearfix'>\n\n<style type=\"text\/css\" data-created_by=\"avia_inline_auto\" id=\"style-css-av-lftnrn3n-46a8845e3da54f80d9b1763dcf47fc96\">\n#top .av-special-heading.av-lftnrn3n-46a8845e3da54f80d9b1763dcf47fc96{\npadding-bottom:10px;\n}\nbody .av-special-heading.av-lftnrn3n-46a8845e3da54f80d9b1763dcf47fc96 .av-special-heading-tag .heading-char{\nfont-size:25px;\n}\n.av-special-heading.av-lftnrn3n-46a8845e3da54f80d9b1763dcf47fc96 .av-subheading{\nfont-size:15px;\n}\n<\/style>\n<div  class='av-special-heading av-lftnrn3n-46a8845e3da54f80d9b1763dcf47fc96 av-special-heading-h3  avia-builder-el-1  el_after_av_slideshow_full  el_before_av_hr  avia-builder-el-first '><h3 class='av-special-heading-tag'  itemprop=\"headline\"  >Stiftelsens bidragsbeslut f\u00f6r 2023 fattade \u2013 rekordstort st\u00f6d<\/h3><div class=\"special-heading-border\"><div class=\"special-heading-inner-border\"><\/div><\/div><\/div>\n\n<style type=\"text\/css\" data-created_by=\"avia_inline_auto\" id=\"style-css-av-l3n1m91g-5ce10ec470c4d72286a58c0766f14b0f\">\n#top .hr.hr-invisible.av-l3n1m91g-5ce10ec470c4d72286a58c0766f14b0f{\nheight:50px;\n}\n<\/style>\n<div  class='hr av-l3n1m91g-5ce10ec470c4d72286a58c0766f14b0f hr-invisible  avia-builder-el-2  el_after_av_heading  el_before_av_two_third '><span class='hr-inner '><span class=\"hr-inner-style\"><\/span><\/span><\/div>\n\n<style type=\"text\/css\" data-created_by=\"avia_inline_auto\" id=\"style-css-av-ay7wq-c104a36afb9c1c42e445009c9c61380d\">\n.flex_column.av-ay7wq-c104a36afb9c1c42e445009c9c61380d{\nborder-radius:0px 0px 0px 0px;\npadding:0px 0px 0px 0px;\n}\n<\/style>\n<div  class='flex_column av-ay7wq-c104a36afb9c1c42e445009c9c61380d av_two_third  avia-builder-el-3  el_after_av_hr  el_before_av_one_third  first flex_column_div av-zero-column-padding  '     ><section  class='av_textblock_section av-kd3glxa1-278439855b147618e591e7e2b9138072 '   itemscope=\"itemscope\" itemtype=\"https:\/\/schema.org\/CreativeWork\" ><div class='avia_textblock'  itemprop=\"text\" ><p><em><strong>Urlus-Stiftelsen fick in rekordm\u00e5nga ans\u00f6kningar i samband med \u00e5rets utlysning \u2013 183 styck. Det totala bidragsbelopp som ans\u00f6ktes i ans\u00f6kningarna var 4,4 miljoner euro.<\/strong><\/em><\/p>\n<p>Stiftelsens styrelse beslutade att bevilja stipendier som motsvarar den st\u00f6rsta summan n\u00e5gonsin i stiftelsens historia, 2,7 miljoner euro. St\u00f6rsta delen av st\u00f6det gick till totalf\u00f6rsvaret, som f\u00e5r n\u00e4stan 40 procent av st\u00f6det (1,06 miljoner euro). Ungef\u00e4r 34 procent av st\u00f6det \u00e4r riktad till fysisk aktivitet (cirka 920 000 euro). Ungdomsarbetets andel \u00e4r 23,5 % (cirka 630 000 euro).<\/p>\n<p>St\u00f6dbeviljades till 135 s\u00f6kande. Antalet \u00e4r n\u00e5got l\u00e4gre \u00e4n 2022.<\/p>\n<p>Stiftelsens st\u00f6rsta mottagare av st\u00f6d var de viktigaste akt\u00f6rerna i det frivilliga totalf\u00f6rsvaret i t\u00e4torten: F\u00f6rsvarsst\u00f6det, Helsingfors reservofficersdistrikt och Helsingforsregionens reservistdistrikt.<\/p>\n<p>Stiftelsen st\u00f6der \u00e5rligen F\u00f6rsvarsmakten och Gr\u00e4nsbevakningsv\u00e4sendet i samband med bev\u00e4ringsl\u00f6ner och studier av ordinarie personal. Dessutom har stiftelsen traditionellt st\u00f6tt veteranernas arbete i huvudstadsregionen.<\/p>\n<p>Av akt\u00f6rerna inom ungdomsarbetet fick huvudstadsregionens scouter (inkl. Helsingfors Svenska Scouter) mest st\u00f6d.<\/p>\n<p>Liksom de tidigare \u00e5ren lades mest st\u00f6d till fysisk aktivitet. Klubbar och idrottsf\u00f6rbund fick 920 000 euro i st\u00f6d. Framf\u00f6r allt vill Urlus-Stiftelsen vara med och trygga barn och unga med l\u00e5ga inkomster samt fritidsaktiviteter med l\u00e5g tr\u00f6skel.<\/p>\n<p>Regeringen har i \u00e5r prioriterat bidrag som ber\u00f6r s\u00e5 m\u00e5nga personer som m\u00f6jligt f\u00f6r att s\u00e4kerst\u00e4lla att st\u00f6det blir effektivt. Stiftelsen har skickat besluten till alla s\u00f6kande. I april publicerar stiftelsen p\u00e5 sin webbplats namnen p\u00e5 de s\u00f6kande som har f\u00e5tt 5000 euro eller mer samt huvudsyftet med bidraget.<\/p>\n<p>Efter ans\u00f6kningstiden fick stiftelsen ett tiotal kontakter fr\u00e5n sena parter. Ans\u00f6kningstiden f\u00f6r \u00d6stersj\u00f6stiftelsens stipendier \u00e4r \u00f6ppen i tre m\u00e5nader. Stiftelsen anser att detta \u00e4r en tillr\u00e4ckligt l\u00e5ng tidsperiod och inte har tagit upp sena ans\u00f6kningar.<\/p>\n<p><strong>Obs: Ans\u00f6kningstiden f\u00f6r 2024 \u00e4r 1.10.\u201331.12.2023.<\/strong><\/p>\n<\/div><\/section><\/div>\n<style type=\"text\/css\" data-created_by=\"avia_inline_auto\" id=\"style-css-av-1uosct-db9e4db720f1c5b3ca2de655740149fe\">\n.flex_column.av-1uosct-db9e4db720f1c5b3ca2de655740149fe{\nborder-radius:0px 0px 0px 0px;\npadding:0px 0px 0px 0px;\n}\n<\/style>\n<div  class='flex_column av-1uosct-db9e4db720f1c5b3ca2de655740149fe av_one_third  avia-builder-el-5  el_after_av_two_third  el_before_av_one_full  flex_column_div av-zero-column-padding  '     ><section  class='av_textblock_section av-l3mzjx6y-3fc720c149ad3b6a9edc3d80f09c9eba '   itemscope=\"itemscope\" itemtype=\"https:\/\/schema.org\/CreativeWork\" ><div class='avia_textblock'  itemprop=\"text\" ><p><a href=\"https:\/\/urlus.fi\/wp-content\/uploads\/2021\/09\/avustukset_2022.png\"><img loading=\"lazy\" decoding=\"async\" class=\"aligncenter size-full wp-image-935\" src=\"https:\/\/urlus.fi\/wp-content\/uploads\/2021\/09\/avustukset_2022.png\" alt=\"\" width=\"800\" height=\"600\" srcset=\"https:\/\/urlus.fi\/wp-content\/uploads\/2021\/09\/avustukset_2022.png 800w, https:\/\/urlus.fi\/wp-content\/uploads\/2021\/09\/avustukset_2022-120x90.png 120w, https:\/\/urlus.fi\/wp-content\/uploads\/2021\/09\/avustukset_2022-768x576.png 768w, https:\/\/urlus.fi\/wp-content\/uploads\/2021\/09\/avustukset_2022-705x529.png 705w\" sizes=\"auto, (max-width: 800px) 100vw, 800px\" \/><\/a><\/p>\n<\/div><\/section><\/div><\/p>\n\n<style type=\"text\/css\" data-created_by=\"avia_inline_auto\" id=\"style-css-av-ay7wq-c104a36afb9c1c42e445009c9c61380d\">\n.flex_column.av-ay7wq-c104a36afb9c1c42e445009c9c61380d{\nborder-radius:0px 0px 0px 0px;\npadding:0px 0px 0px 0px;\n}\n<\/style>\n<div  class='flex_column av-ay7wq-c104a36afb9c1c42e445009c9c61380d av_one_full  avia-builder-el-7  el_after_av_one_third  avia-builder-el-last  first flex_column_div av-zero-column-padding  column-top-margin'     ><section  class='av_textblock_section av-kd3glxa1-278439855b147618e591e7e2b9138072 '   itemscope=\"itemscope\" itemtype=\"https:\/\/schema.org\/CreativeWork\" ><div class='avia_textblock'  itemprop=\"text\" ><p>Huvudbild: Urlus<br \/>\nIllustration bild: Urlus<\/p>\n<\/div><\/section><\/div>\n","protected":false},"excerpt":{"rendered":"","protected":false},"author":4,"featured_media":0,"parent":135,"menu_order":3,"comment_status":"closed","ping_status":"closed","template":"","meta":{"footnotes":""},"class_list":["post-1343","page","type-page","status-publish","hentry"],"_links":{"self":[{"href":"https:\/\/urlus.fi\/index.php\/wp-json\/wp\/v2\/pages\/1343","targetHints":{"allow":["GET"]}}],"collection":[{"href":"https:\/\/urlus.fi\/index.php\/wp-json\/wp\/v2\/pages"}],"about":[{"href":"https:\/\/urlus.fi\/index.php\/wp-json\/wp\/v2\/types\/page"}],"author":[{"embeddable":true,"href":"https:\/\/urlus.fi\/index.php\/wp-json\/wp\/v2\/users\/4"}],"replies":[{"embeddable":true,"href":"https:\/\/urlus.fi\/index.php\/wp-json\/wp\/v2\/comments?post=1343"}],"version-history":[{"count":2,"href":"https:\/\/urlus.fi\/index.php\/wp-json\/wp\/v2\/pages\/1343\/revisions"}],"predecessor-version":[{"id":1347,"href":"https:\/\/urlus.fi\/index.php\/wp-json\/wp\/v2\/pages\/1343\/revisions\/1347"}],"up":[{"embeddable":true,"href":"https:\/\/urlus.fi\/index.php\/wp-json\/wp\/v2\/pages\/135"}],"wp:attachment":[{"href":"https:\/\/urlus.fi\/index.php\/wp-json\/wp\/v2\/media?parent=1343"}],"curies":[{"name":"wp","href":"https:\/\/api.w.org\/{rel}","templated":true}]}}