{"id":1330,"date":"2023-03-29T12:01:44","date_gmt":"2023-03-29T12:01:44","guid":{"rendered":"https:\/\/urlus.fi\/?page_id=1330"},"modified":"2023-05-21T15:10:34","modified_gmt":"2023-05-21T15:10:34","slug":"saation-vuoden-2023-avustuspaatokset-tehty","status":"publish","type":"page","link":"https:\/\/urlus.fi\/index.php\/ajankohtaista\/saation-vuoden-2023-avustuspaatokset-tehty\/","title":{"rendered":"S\u00e4\u00e4ti\u00f6n vuoden 2023 avustusp\u00e4\u00e4t\u00f6kset tehty"},"content":{"rendered":"<div id='full_slider_1'  class='avia-fullwidth-slider main_color avia-shadow   avia-builder-el-0  el_before_av_heading  avia-builder-el-first   container_wrap sidebar_right'  ><div  class='avia-slideshow av-16ton-52c53f8246c4cd5d51894ae98176ec7e avia-slideshow-featured av_slideshow_full avia-slide-slider av-slideshow-ui av-control-default av-slideshow-manual av-loop-once av-loop-manual-endless av-default-height-applied   avia-slideshow-1' data-slideshow-options=\"{&quot;animation&quot;:&quot;slide&quot;,&quot;autoplay&quot;:false,&quot;loop_autoplay&quot;:&quot;once&quot;,&quot;interval&quot;:5,&quot;loop_manual&quot;:&quot;manual-endless&quot;,&quot;autoplay_stopper&quot;:false,&quot;noNavigation&quot;:false,&quot;bg_slider&quot;:false,&quot;keep_padding&quot;:false,&quot;hoverpause&quot;:false,&quot;show_slide_delay&quot;:0}\"  itemprop=\"image\" itemscope=\"itemscope\" itemtype=\"https:\/\/schema.org\/ImageObject\" ><ul class='avia-slideshow-inner ' style='padding-bottom: 28.666666666667%;'><li  class='avia-slideshow-slide av-16ton-52c53f8246c4cd5d51894ae98176ec7e__0  av-single-slide slide-1 slide-odd'><div data-rel='slideshow-1' class='avia-slide-wrap '   ><img fetchpriority=\"high\" class=\"wp-image-757 avia-img-lazy-loading-not-757\"  src='https:\/\/urlus.fi\/wp-content\/uploads\/2020\/09\/2021_haku_alkaa-1-1500x430.png' width='1500' height='430' title='2021_haku_alkaa' alt=''  itemprop=\"thumbnailUrl\"   \/><\/div><\/li><\/ul><\/div><\/div><div id='after_full_slider_1'  class='main_color av_default_container_wrap container_wrap sidebar_right'  ><div class='container av-section-cont-open' ><div class='template-page content  av-content-small alpha units'><div class='post-entry post-entry-type-page post-entry-1330'><div class='entry-content-wrapper clearfix'>\n\n<style type=\"text\/css\" data-created_by=\"avia_inline_auto\" id=\"style-css-av-av_heading-a57b2c88b00a8f91f61cfb2db083da9a\">\n#top .av-special-heading.av-av_heading-a57b2c88b00a8f91f61cfb2db083da9a{\npadding-bottom:10px;\n}\nbody .av-special-heading.av-av_heading-a57b2c88b00a8f91f61cfb2db083da9a .av-special-heading-tag .heading-char{\nfont-size:25px;\n}\n.av-special-heading.av-av_heading-a57b2c88b00a8f91f61cfb2db083da9a .av-subheading{\nfont-size:15px;\n}\n<\/style>\n<div  class='av-special-heading av-av_heading-a57b2c88b00a8f91f61cfb2db083da9a av-special-heading-h3  avia-builder-el-1  el_after_av_slideshow_full  el_before_av_hr  avia-builder-el-first '><h3 class='av-special-heading-tag'  itemprop=\"headline\"  >S\u00e4\u00e4ti\u00f6n vuoden 2023 avustusp\u00e4\u00e4t\u00f6kset tehty &#8211; tukisumma enn\u00e4tysm\u00e4inen<\/h3><div class=\"special-heading-border\"><div class=\"special-heading-inner-border\"><\/div><\/div><\/div>\n\n<style type=\"text\/css\" data-created_by=\"avia_inline_auto\" id=\"style-css-av-l3n1m91g-5ce10ec470c4d72286a58c0766f14b0f\">\n#top .hr.hr-invisible.av-l3n1m91g-5ce10ec470c4d72286a58c0766f14b0f{\nheight:50px;\n}\n<\/style>\n<div  class='hr av-l3n1m91g-5ce10ec470c4d72286a58c0766f14b0f hr-invisible  avia-builder-el-2  el_after_av_heading  el_before_av_two_third '><span class='hr-inner '><span class=\"hr-inner-style\"><\/span><\/span><\/div>\n\n<style type=\"text\/css\" data-created_by=\"avia_inline_auto\" id=\"style-css-av-ay7wq-c104a36afb9c1c42e445009c9c61380d\">\n.flex_column.av-ay7wq-c104a36afb9c1c42e445009c9c61380d{\nborder-radius:0px 0px 0px 0px;\npadding:0px 0px 0px 0px;\n}\n<\/style>\n<div  class='flex_column av-ay7wq-c104a36afb9c1c42e445009c9c61380d av_two_third  avia-builder-el-3  el_after_av_hr  el_before_av_one_third  first flex_column_div av-zero-column-padding  '     ><section  class='av_textblock_section av-kd3glxa1-278439855b147618e591e7e2b9138072 '   itemscope=\"itemscope\" itemtype=\"https:\/\/schema.org\/CreativeWork\" ><div class='avia_textblock'  itemprop=\"text\" ><p><em><strong>Urlus-S\u00e4\u00e4ti\u00f6 sai t\u00e4m\u00e4n vuoden hakuun liittyen enn\u00e4tysm\u00e4\u00e4r\u00e4n hakemuksia \u2013 183 kappaletta. Hakemuksissa haettu avustusten yhteissumma oli 4,4 miljoonaa euroa.<\/strong><\/em><\/p>\n<p>S\u00e4\u00e4ti\u00f6n hallitus p\u00e4\u00e4tti my\u00f6nt\u00e4\u00e4 avustuksia s\u00e4\u00e4ti\u00f6n historian kaikkien aikojen suurimman summan 2,7 miljoonaa euroa. Eniten tukea kohdistettiin maanpuolustukseen, joka saa tuesta l\u00e4hes 40 % (1,06 miljoonaa euroa). Liikuntaan tuesta kohdistuu reilu 34 % (noin 920\u00a0000 euroa). Nuorisoty\u00f6n osuus on 23,5 % (noin 630\u00a0000 euroa).<\/p>\n<p>Tukea my\u00f6nnettiin 135 hakijalla. M\u00e4\u00e4r\u00e4 on hieman pienempi kuin vuonna 2022.<\/p>\n<p>S\u00e4\u00e4ti\u00f6n suurimpia tuen saajia olivat vapaaehtoisen maanpuolustuksen keskeiset p\u00e4\u00e4kaupunkiseudun toimijat: Maanpuolustuksen tuki, Helsingin Reserviupseeripiiri ja Helsingin seudun reservil\u00e4ispiiri.<\/p>\n<p>S\u00e4\u00e4ti\u00f6 tukee vuosittain Puolustusvoimia ja Rajavartiolaitosta varusmiesten palkitsemisiin ja kantahenkil\u00f6kunnan opintoihin liittyen. Lis\u00e4ksi s\u00e4\u00e4ti\u00f6 on perinteisesti tukenut p\u00e4\u00e4kaupunkiseudun veteraanity\u00f6t\u00e4.<\/p>\n<p>Nuorisoty\u00f6n toimijoista suurimman tuen sai P\u00e4\u00e4kaupunkiseudun partiolaiset (ml Helsingfors Svenska Scouter).<\/p>\n<p>Aikaisempien vuosien tapaa eniten tukea lis\u00e4ttiin liikuntaan. Urheiluseurat ja lajiliitot saivat tukea 920\u00a0000 euroa. Ennen kaikkea Urlus-S\u00e4\u00e4ti\u00f6 haluaa olla turvaamassa v\u00e4h\u00e4varaisten lasten ja nuorten sek\u00e4 matalan kynnyksen harrastustoimintaa.<\/p>\n<p>Hallitus on t\u00e4n\u00e4 vuonna priorisoinnut avustuksia, joilla tuen vaikuttavuus koskee mahdollisimman laajaa joukkoa. S\u00e4\u00e4ti\u00f6 on l\u00e4hett\u00e4nyt p\u00e4\u00e4t\u00f6kset kaikille hakijoille. S\u00e4\u00e4ti\u00f6 julkaisee huhtikuussa sivuillaan 5000 euroa tai enemm\u00e4n saaneiden hakijoiden nimet sek\u00e4 avustuksen p\u00e4\u00e4tarkoituksen.<\/p>\n<p>S\u00e4\u00e4ti\u00f6 sai hakuajan j\u00e4lkeen kymmenkunta yhteydenottoa my\u00f6h\u00e4styneilt\u00e4 tahoilta. S\u00e4\u00e4ti\u00f6n avustusten haku on auki kolme kuukautta. S\u00e4\u00e4ti\u00f6 katsoo, ett\u00e4 t\u00e4m\u00e4 on riitt\u00e4v\u00e4n pitk\u00e4 aika, eik\u00e4 se ole ottanut my\u00f6h\u00e4styneit\u00e4 hakemuksia k\u00e4sittelyyn.<\/p>\n<p><strong>Vuoden 2024 hakemuksia koskeva hakuaika on 1.10. \u2013 31.12.2023.<\/strong><\/p>\n<\/div><\/section><\/div>\n<style type=\"text\/css\" data-created_by=\"avia_inline_auto\" id=\"style-css-av-1uosct-db9e4db720f1c5b3ca2de655740149fe\">\n.flex_column.av-1uosct-db9e4db720f1c5b3ca2de655740149fe{\nborder-radius:0px 0px 0px 0px;\npadding:0px 0px 0px 0px;\n}\n<\/style>\n<div  class='flex_column av-1uosct-db9e4db720f1c5b3ca2de655740149fe av_one_third  avia-builder-el-5  el_after_av_two_third  el_before_av_one_full  flex_column_div av-zero-column-padding  '     ><section  class='av_textblock_section av-l3mzjx6y-3fc720c149ad3b6a9edc3d80f09c9eba '   itemscope=\"itemscope\" itemtype=\"https:\/\/schema.org\/CreativeWork\" ><div class='avia_textblock'  itemprop=\"text\" ><p><a href=\"https:\/\/urlus.fi\/wp-content\/uploads\/2021\/09\/avustukset_2022.png\"><img loading=\"lazy\" decoding=\"async\" class=\"aligncenter size-full wp-image-935\" src=\"https:\/\/urlus.fi\/wp-content\/uploads\/2021\/09\/avustukset_2022.png\" alt=\"\" width=\"800\" height=\"600\" srcset=\"https:\/\/urlus.fi\/wp-content\/uploads\/2021\/09\/avustukset_2022.png 800w, https:\/\/urlus.fi\/wp-content\/uploads\/2021\/09\/avustukset_2022-120x90.png 120w, https:\/\/urlus.fi\/wp-content\/uploads\/2021\/09\/avustukset_2022-768x576.png 768w, https:\/\/urlus.fi\/wp-content\/uploads\/2021\/09\/avustukset_2022-705x529.png 705w\" sizes=\"auto, (max-width: 800px) 100vw, 800px\" \/><\/a><\/p>\n<\/div><\/section><\/div>\n<style type=\"text\/css\" data-created_by=\"avia_inline_auto\" id=\"style-css-av-ay7wq-c104a36afb9c1c42e445009c9c61380d\">\n.flex_column.av-ay7wq-c104a36afb9c1c42e445009c9c61380d{\nborder-radius:0px 0px 0px 0px;\npadding:0px 0px 0px 0px;\n}\n<\/style>\n<div  class='flex_column av-ay7wq-c104a36afb9c1c42e445009c9c61380d av_one_full  avia-builder-el-7  el_after_av_one_third  avia-builder-el-last  first flex_column_div av-zero-column-padding  column-top-margin'     ><section  class='av_textblock_section av-kd3glxa1-278439855b147618e591e7e2b9138072 '   itemscope=\"itemscope\" itemtype=\"https:\/\/schema.org\/CreativeWork\" ><div class='avia_textblock'  itemprop=\"text\" ><p>P\u00e4\u00e4kuva: Urlus<br \/>\nKuvituskuva: Urlus<\/p>\n<\/div><\/section><\/div><\/p>\n","protected":false},"excerpt":{"rendered":"","protected":false},"author":4,"featured_media":1292,"parent":47,"menu_order":3,"comment_status":"closed","ping_status":"closed","template":"","meta":{"footnotes":""},"class_list":["post-1330","page","type-page","status-publish","has-post-thumbnail","hentry"],"_links":{"self":[{"href":"https:\/\/urlus.fi\/index.php\/wp-json\/wp\/v2\/pages\/1330","targetHints":{"allow":["GET"]}}],"collection":[{"href":"https:\/\/urlus.fi\/index.php\/wp-json\/wp\/v2\/pages"}],"about":[{"href":"https:\/\/urlus.fi\/index.php\/wp-json\/wp\/v2\/types\/page"}],"author":[{"embeddable":true,"href":"https:\/\/urlus.fi\/index.php\/wp-json\/wp\/v2\/users\/4"}],"replies":[{"embeddable":true,"href":"https:\/\/urlus.fi\/index.php\/wp-json\/wp\/v2\/comments?post=1330"}],"version-history":[{"count":3,"href":"https:\/\/urlus.fi\/index.php\/wp-json\/wp\/v2\/pages\/1330\/revisions"}],"predecessor-version":[{"id":1342,"href":"https:\/\/urlus.fi\/index.php\/wp-json\/wp\/v2\/pages\/1330\/revisions\/1342"}],"up":[{"embeddable":true,"href":"https:\/\/urlus.fi\/index.php\/wp-json\/wp\/v2\/pages\/47"}],"wp:featuredmedia":[{"embeddable":true,"href":"https:\/\/urlus.fi\/index.php\/wp-json\/wp\/v2\/media\/1292"}],"wp:attachment":[{"href":"https:\/\/urlus.fi\/index.php\/wp-json\/wp\/v2\/media?parent=1330"}],"curies":[{"name":"wp","href":"https:\/\/api.w.org\/{rel}","templated":true}]}}