{"id":1305,"date":"2022-12-21T19:50:58","date_gmt":"2022-12-21T19:50:58","guid":{"rendered":"https:\/\/urlus.fi\/?page_id=1305"},"modified":"2023-03-29T13:29:42","modified_gmt":"2023-03-29T13:29:42","slug":"gloggevenemang-i-maanpuolustustalo","status":"publish","type":"page","link":"https:\/\/urlus.fi\/index.php\/sv\/aktuelt\/gloggevenemang-i-maanpuolustustalo\/","title":{"rendered":"Gl\u00f6ggevenemang i Maanpuolustustalo"},"content":{"rendered":"<div id='full_slider_1'  class='avia-fullwidth-slider main_color avia-shadow   avia-builder-el-0  el_before_av_heading  avia-builder-el-first   container_wrap sidebar_right'  ><div  class='avia-slideshow av-16ton-52c53f8246c4cd5d51894ae98176ec7e avia-slideshow-featured av_slideshow_full avia-slide-slider av-slideshow-ui av-control-default av-slideshow-manual av-loop-once av-loop-manual-endless av-default-height-applied   avia-slideshow-1' data-slideshow-options=\"{&quot;animation&quot;:&quot;slide&quot;,&quot;autoplay&quot;:false,&quot;loop_autoplay&quot;:&quot;once&quot;,&quot;interval&quot;:5,&quot;loop_manual&quot;:&quot;manual-endless&quot;,&quot;autoplay_stopper&quot;:false,&quot;noNavigation&quot;:false,&quot;bg_slider&quot;:false,&quot;keep_padding&quot;:false,&quot;hoverpause&quot;:false,&quot;show_slide_delay&quot;:0}\"  itemprop=\"image\" itemscope=\"itemscope\" itemtype=\"https:\/\/schema.org\/ImageObject\" ><ul class='avia-slideshow-inner ' style='padding-bottom: 28.666666666667%;'><li  class='avia-slideshow-slide av-16ton-52c53f8246c4cd5d51894ae98176ec7e__0  av-single-slide slide-1 slide-odd'><div data-rel='slideshow-1' class='avia-slide-wrap '   ><img fetchpriority=\"high\" class=\"wp-image-1294 avia-img-lazy-loading-not-1294\"  src='https:\/\/urlus.fi\/wp-content\/uploads\/2022\/12\/otsake_glogi-1500x430.jpg' width='1500' height='430' title='otsake_glogi' alt=''  itemprop=\"thumbnailUrl\"   \/><\/div><\/li><\/ul><\/div><\/div><div id='after_full_slider_1'  class='main_color av_default_container_wrap container_wrap sidebar_right'  ><div class='container av-section-cont-open' ><div class='template-page content  av-content-small alpha units'><div class='post-entry post-entry-type-page post-entry-1305'><div class='entry-content-wrapper clearfix'>\n\n<style type=\"text\/css\" data-created_by=\"avia_inline_auto\" id=\"style-css-av-av_heading-1c54eae900fbce8bf59948356d17e9e7\">\n#top .av-special-heading.av-av_heading-1c54eae900fbce8bf59948356d17e9e7{\npadding-bottom:10px;\n}\nbody .av-special-heading.av-av_heading-1c54eae900fbce8bf59948356d17e9e7 .av-special-heading-tag .heading-char{\nfont-size:25px;\n}\n.av-special-heading.av-av_heading-1c54eae900fbce8bf59948356d17e9e7 .av-subheading{\nfont-size:15px;\n}\n<\/style>\n<div  class='av-special-heading av-av_heading-1c54eae900fbce8bf59948356d17e9e7 av-special-heading-h3  avia-builder-el-1  el_after_av_slideshow_full  el_before_av_hr  avia-builder-el-first '><h3 class='av-special-heading-tag'  itemprop=\"headline\"  >Gl\u00f6ggevenemang i Maanpuolustustalo<\/h3><div class=\"special-heading-border\"><div class=\"special-heading-inner-border\"><\/div><\/div><\/div>\n\n<style type=\"text\/css\" data-created_by=\"avia_inline_auto\" id=\"style-css-av-l3n1m91g-5ce10ec470c4d72286a58c0766f14b0f\">\n#top .hr.hr-invisible.av-l3n1m91g-5ce10ec470c4d72286a58c0766f14b0f{\nheight:50px;\n}\n<\/style>\n<div  class='hr av-l3n1m91g-5ce10ec470c4d72286a58c0766f14b0f hr-invisible  avia-builder-el-2  el_after_av_heading  el_before_av_two_third '><span class='hr-inner '><span class=\"hr-inner-style\"><\/span><\/span><\/div>\n\n<style type=\"text\/css\" data-created_by=\"avia_inline_auto\" id=\"style-css-av-ay7wq-c104a36afb9c1c42e445009c9c61380d\">\n.flex_column.av-ay7wq-c104a36afb9c1c42e445009c9c61380d{\nborder-radius:0px 0px 0px 0px;\npadding:0px 0px 0px 0px;\n}\n<\/style>\n<div  class='flex_column av-ay7wq-c104a36afb9c1c42e445009c9c61380d av_two_third  avia-builder-el-3  el_after_av_hr  el_before_av_one_third  first flex_column_div av-zero-column-padding  '     ><section  class='av_textblock_section av-kd3glxa1-278439855b147618e591e7e2b9138072 '   itemscope=\"itemscope\" itemtype=\"https:\/\/schema.org\/CreativeWork\" ><div class='avia_textblock'  itemprop=\"text\" ><p><em><strong>Urlusstiftelsens nya VD Mika Piiroinen och den avg\u00e5ende ombudsmannen Jukka Pennanen tr\u00e4ffade representanter f\u00f6r de bitr\u00e4dande parterna f\u00f6r en julgl\u00f6gg. Platsen var F\u00f6rsvarsmaktens h\u00f6rsal och f\u00f6rsvarsk\u00e5rens traditionella lokaler p\u00e5 T\u00f6l\u00f6torggatan.<\/strong><\/em><\/p>\n<p>Anledningen till evenemanget var Jukka, som g\u00e5r i pension fr\u00e5n stiftelsen och Mikas &#8221;utbytesevenemang&#8221;, som kommer att ta \u00f6ver f\u00f6rvaltningen av stiftelsen vid \u00e5rsskiftet, vilket passande sammanfaller med vintersolst\u00e5ndets \u00f6gonblick och flodens atmosf\u00e4r.<\/p>\n<p>Mer \u00e4n 50 Urlus-medlemmar, fr\u00e4mst fr\u00e5n frivilligt nationellt f\u00f6rsvar, sport och ungdomsverksamhet, hade kommit f\u00f6r att ha en diskussion om det f\u00f6rflutna och id\u00e9er till nya saker.<\/p>\n<p>Jukka konstaterade i sina v\u00e4lkomstkommentarer att stiftelsen redan g\u00e5r mot en ljusare tid, eftersom Mika \u00e4r sk\u00e5despelare p\u00e5 heltid, vilket inneb\u00e4r att det finns mer tid f\u00f6r att hj\u00e4lpa till \u00e4n tidigare. Samtidigt tackade advokaten del\u00e4garna f\u00f6r deras utm\u00e4rkta samarbete under de senaste \u00e5ren och \u00f6nskade Mika och andra framg\u00e5ng och uth\u00e5llighet i sina viktiga uppgifter.<\/p>\n<p>Mika ber\u00e4ttar att han \u00e4r v\u00e4ldigt n\u00f6jd med att jobba p\u00e5 stiftelsen Urlus. Mika kontaktade stiftelsens styrelse att vi har en exceptionellt l\u00e5ng bekantskapsperiod med Jukka. Det b\u00e4sta \u00e4r att samarbetet med Jukka forts\u00e4tter till slutet av mars. Mika tackade ocks\u00e5 organisationerna f\u00f6r det varma v\u00e4lkomnande han f\u00e5tt tr\u00e4ffa de f\u00f6rsta tre m\u00e5naderna.<\/p>\n<p>Slutligen p\u00e5minde Jukka de n\u00e4rvarande om att utan Helsingfors f\u00f6rsvarsk\u00e5rs distrikt skulle det inte finnas n\u00e5gon Urlus. N\u00e4r kontrollkommissionen, det vill s\u00e4ga i praktiken Sovjetunionen, bland annat kr\u00e4vde: Avskaffandet av patronageorganisationen baserades p\u00e5 kravet att de &#8221;fascistiska organisationerna&#8221; i Finland skulle avskaffas. Samma &#8221;nazistkort&#8221; anv\u00e4nds nu av Ryssland i Ukraina. S\u00e5 vi \u00e4r i gott och aktuellt s\u00e4llskap. Det \u00e4r l\u00e4tt f\u00f6r oss att f\u00f6rst\u00e5 v\u00e5ra vapenbr\u00f6der. \u00a0L\u00e5t oss hoppas att det ukrainska folket kommer att uth\u00e4rda kriget och g\u00f6ra lika bra ifr\u00e5n sig som vi har \u00f6verlevt under de kommande freds\u00e5ren som granne till det besv\u00e4rliga Ryssland.<\/p>\n<p>Stiftelsens ordf\u00f6rande Mikko Koskimies tilldelades f\u00f6rsvarsmedaljen med sv\u00e4rd som han tidigare tilldelats vid evenemanget.<\/p>\n<p style=\"text-align: center;\"><em><strong>Folket i Urlus \u00f6nskar dig en fridfull jul och gott nytt \u00e5r!<\/strong><\/em><\/p>\n<\/div><\/section><\/div>\n\n<style type=\"text\/css\" data-created_by=\"avia_inline_auto\" id=\"style-css-av-1uosct-db9e4db720f1c5b3ca2de655740149fe\">\n.flex_column.av-1uosct-db9e4db720f1c5b3ca2de655740149fe{\nborder-radius:0px 0px 0px 0px;\npadding:0px 0px 0px 0px;\n}\n<\/style>\n<div  class='flex_column av-1uosct-db9e4db720f1c5b3ca2de655740149fe av_one_third  avia-builder-el-5  el_after_av_two_third  el_before_av_one_full  flex_column_div av-zero-column-padding  '     ><p><section  class='av_textblock_section av-l3mzjx6y-3fc720c149ad3b6a9edc3d80f09c9eba '   itemscope=\"itemscope\" itemtype=\"https:\/\/schema.org\/CreativeWork\" ><div class='avia_textblock'  itemprop=\"text\" ><p><a href=\"https:\/\/urlus.fi\/wp-content\/uploads\/2022\/12\/kuvitus_glogi.jpg\"><img loading=\"lazy\" decoding=\"async\" class=\"wp-image-1293 size-full\" src=\"https:\/\/urlus.fi\/wp-content\/uploads\/2022\/12\/kuvitus_glogi.jpg\" alt=\"\" width=\"800\" height=\"599\" srcset=\"https:\/\/urlus.fi\/wp-content\/uploads\/2022\/12\/kuvitus_glogi.jpg 800w, https:\/\/urlus.fi\/wp-content\/uploads\/2022\/12\/kuvitus_glogi-120x90.jpg 120w, https:\/\/urlus.fi\/wp-content\/uploads\/2022\/12\/kuvitus_glogi-768x575.jpg 768w, https:\/\/urlus.fi\/wp-content\/uploads\/2022\/12\/kuvitus_glogi-705x528.jpg 705w\" sizes=\"auto, (max-width: 800px) 100vw, 800px\" \/><\/a><\/p>\n<\/div><\/section><br \/>\n<section  class='av_textblock_section av-lby2euxf-6b69ce6b9dc747c75ef29a10d962ed40 '   itemscope=\"itemscope\" itemtype=\"https:\/\/schema.org\/CreativeWork\" ><div class='avia_textblock'  itemprop=\"text\" ><p style=\"text-align: center;\"><em>Stiftelsens ordf\u00f6rande Mikko Koskimies tilldelades \u201dF\u00f6rsvarsmedaljen med sv\u00e4rd\u201d, som man hade tidigare beviljad \u00e5t honom.<\/em><\/p>\n<\/div><\/section><\/p><\/div>\n<style type=\"text\/css\" data-created_by=\"avia_inline_auto\" id=\"style-css-av-ay7wq-c104a36afb9c1c42e445009c9c61380d\">\n.flex_column.av-ay7wq-c104a36afb9c1c42e445009c9c61380d{\nborder-radius:0px 0px 0px 0px;\npadding:0px 0px 0px 0px;\n}\n<\/style>\n<div  class='flex_column av-ay7wq-c104a36afb9c1c42e445009c9c61380d av_one_full  avia-builder-el-8  el_after_av_one_third  avia-builder-el-last  first flex_column_div av-zero-column-padding  column-top-margin'     ><section  class='av_textblock_section av-kd3glxa1-278439855b147618e591e7e2b9138072 '   itemscope=\"itemscope\" itemtype=\"https:\/\/schema.org\/CreativeWork\" ><div class='avia_textblock'  itemprop=\"text\" ><p>P\u00e4\u00e4kuva: Urlus<br \/>\nKuvituskuva: Urlus<\/p>\n<\/div><\/section><\/div><\/p>\n","protected":false},"excerpt":{"rendered":"","protected":false},"author":4,"featured_media":1292,"parent":135,"menu_order":1,"comment_status":"closed","ping_status":"closed","template":"","meta":{"footnotes":""},"class_list":["post-1305","page","type-page","status-publish","has-post-thumbnail","hentry"],"_links":{"self":[{"href":"https:\/\/urlus.fi\/index.php\/wp-json\/wp\/v2\/pages\/1305","targetHints":{"allow":["GET"]}}],"collection":[{"href":"https:\/\/urlus.fi\/index.php\/wp-json\/wp\/v2\/pages"}],"about":[{"href":"https:\/\/urlus.fi\/index.php\/wp-json\/wp\/v2\/types\/page"}],"author":[{"embeddable":true,"href":"https:\/\/urlus.fi\/index.php\/wp-json\/wp\/v2\/users\/4"}],"replies":[{"embeddable":true,"href":"https:\/\/urlus.fi\/index.php\/wp-json\/wp\/v2\/comments?post=1305"}],"version-history":[{"count":5,"href":"https:\/\/urlus.fi\/index.php\/wp-json\/wp\/v2\/pages\/1305\/revisions"}],"predecessor-version":[{"id":1312,"href":"https:\/\/urlus.fi\/index.php\/wp-json\/wp\/v2\/pages\/1305\/revisions\/1312"}],"up":[{"embeddable":true,"href":"https:\/\/urlus.fi\/index.php\/wp-json\/wp\/v2\/pages\/135"}],"wp:featuredmedia":[{"embeddable":true,"href":"https:\/\/urlus.fi\/index.php\/wp-json\/wp\/v2\/media\/1292"}],"wp:attachment":[{"href":"https:\/\/urlus.fi\/index.php\/wp-json\/wp\/v2\/media?parent=1305"}],"curies":[{"name":"wp","href":"https:\/\/api.w.org\/{rel}","templated":true}]}}