{"id":127,"date":"2020-07-27T09:46:02","date_gmt":"2020-07-27T09:46:02","guid":{"rendered":"http:\/\/urlus.fi\/?page_id=127"},"modified":"2020-09-11T11:42:45","modified_gmt":"2020-09-11T11:42:45","slug":"understoden-gor-skillnad","status":"publish","type":"page","link":"https:\/\/urlus.fi\/index.php\/sv\/understodsinfo-vilka-vi-understoder\/understoden-gor-skillnad\/","title":{"rendered":"Underst\u00f6den g\u00f6r skillnad"},"content":{"rendered":"<div id='full_slider_1'  class='avia-fullwidth-slider main_color avia-shadow   avia-builder-el-0  el_before_av_heading  avia-builder-el-first   container_wrap sidebar_right'  ><div  class='avia-slideshow av-16ton-52c53f8246c4cd5d51894ae98176ec7e avia-slideshow-featured av_slideshow_full avia-slide-slider av-slideshow-ui av-control-default av-slideshow-manual av-loop-once av-loop-manual-endless av-default-height-applied   avia-slideshow-1' data-slideshow-options=\"{&quot;animation&quot;:&quot;slide&quot;,&quot;autoplay&quot;:false,&quot;loop_autoplay&quot;:&quot;once&quot;,&quot;interval&quot;:5,&quot;loop_manual&quot;:&quot;manual-endless&quot;,&quot;autoplay_stopper&quot;:false,&quot;noNavigation&quot;:false,&quot;bg_slider&quot;:false,&quot;keep_padding&quot;:false,&quot;hoverpause&quot;:false,&quot;show_slide_delay&quot;:0}\"  itemprop=\"image\" itemscope=\"itemscope\" itemtype=\"https:\/\/schema.org\/ImageObject\" ><ul class='avia-slideshow-inner ' style='padding-bottom: 28.666666666667%;'><li  class='avia-slideshow-slide av-16ton-52c53f8246c4cd5d51894ae98176ec7e__0  av-single-slide slide-1 slide-odd'><div data-rel='slideshow-1' class='avia-slide-wrap '   ><img fetchpriority=\"high\" class=\"wp-image-437 avia-img-lazy-loading-not-437\"  src='https:\/\/urlus.fi\/wp-content\/uploads\/2020\/08\/ots_ampumajuoksu-1500x430.png' width='1500' height='430' title='' alt=''  itemprop=\"thumbnailUrl\"   \/><\/div><\/li><\/ul><\/div><\/div><div id='after_full_slider_1'  class='main_color av_default_container_wrap container_wrap sidebar_right'  ><div class='container av-section-cont-open' ><div class='template-page content  av-content-small alpha units'><div class='post-entry post-entry-type-page post-entry-127'><div class='entry-content-wrapper clearfix'>\n\n<style type=\"text\/css\" data-created_by=\"avia_inline_auto\" id=\"style-css-av-av_heading-877d8cb8355537ece018644959b2f35b\">\n#top .av-special-heading.av-av_heading-877d8cb8355537ece018644959b2f35b{\npadding-bottom:10px;\n}\nbody .av-special-heading.av-av_heading-877d8cb8355537ece018644959b2f35b .av-special-heading-tag .heading-char{\nfont-size:25px;\n}\n.av-special-heading.av-av_heading-877d8cb8355537ece018644959b2f35b .av-subheading{\nfont-size:15px;\n}\n<\/style>\n<div  class='av-special-heading av-av_heading-877d8cb8355537ece018644959b2f35b av-special-heading-h3  avia-builder-el-1  el_after_av_slideshow_full  el_before_av_textblock  avia-builder-el-first '><h3 class='av-special-heading-tag'  itemprop=\"headline\"  >Underst\u00f6den g\u00f6r skillnad<\/h3><div class=\"special-heading-border\"><div class=\"special-heading-inner-border\"><\/div><\/div><\/div>\n<section  class='av_textblock_section av-kd4bssb4-b99eb47da91b9aadbcb800130a8dada1 '   itemscope=\"itemscope\" itemtype=\"https:\/\/schema.org\/CreativeWork\" ><div class='avia_textblock'  itemprop=\"text\" ><p><strong>Effekten unders\u00f6ktes<\/strong><\/p>\n<p>Stiftelsen genomf\u00f6rde v\u00e5ren 2020 en enk\u00e4t till underst\u00f6dstagarna om underst\u00f6dets effekt. Avsikten var att f\u00e5 information om underst\u00f6dets kvantitativa och kvalitativa verkan och med hj\u00e4lp av informationen utveckla Stiftelsens underst\u00f6dsverksamhet.<\/p>\n<p>Av underst\u00f6dstagarna besvarade ca 2\/3 enk\u00e4ten. Enk\u00e4tens resultat visade tydligt att Stiftelsens underst\u00f6d \u00e4r mycket v\u00e4l reglerat och har stor betydelse f\u00f6r hur f\u00f6reningarna driver och utvecklar sin verksamhet. Underst\u00f6det har en betydande positiv inverkan ocks\u00e5 p\u00e5 motivationen och samh\u00f6righetsk\u00e4nslan hos f\u00f6reningarnas medlemmar. Resultaten visar att den rapport om underst\u00f6dets effekt som mottagarna \u00e5rligen ger, \u00e4r av stor vikt f\u00f6r b\u00e5de f\u00f6reningarna och Stiftelsen. D\u00e4rf\u00f6r \u00e4r det viktigt att Stiftelsen utvecklar \u00a0feedbacksystemet ocks\u00e5 i framtiden.<\/p>\n<p><strong>Enk\u00e4tens resultat<\/strong><\/p>\n<p>Av enk\u00e4tens viktigaste resultat kan n\u00e4mnas:<\/p>\n<ul>\n<li>Bara n\u00e5gra f\u00f6reningar \u00e4r helt beroende av Stiftelsens underst\u00f6d, och mottagarna har i huvudsak sk\u00f6tt sin finansiering v\u00e4l och p\u00e5 ett m\u00e5ngsidigt s\u00e4tt. Hos ca 2\/3 av st\u00f6dtagarna utg\u00f6r underst\u00f6det mindre \u00e4n 20\u00a0% av hela budgeten.<\/li>\n<li>Underst\u00f6den \u00e4r n\u00f6dv\u00e4ndiga, d\u00e5 f\u00f6r 2\/3 \u00e4r underst\u00f6det viktigt eller livsviktigt f\u00f6r verksamheten.<\/li>\n<li>Trots att en stor del av ans\u00f6kningarna g\u00e4ller evenemang eller projekt verkar det som om mottagarna upplever att det erh\u00e5llna st\u00f6det anv\u00e4nds p\u00e5 samma s\u00e4tt som \u00f6vriga budgetmedel.<\/li>\n<li>Underst\u00f6den f\u00f6rdelas j\u00e4mnt p\u00e5 i Stiftelsens stadgar och strategi fastst\u00e4llda objekt. En betydande del av de utdelade underst\u00f6den g\u00e5r dock till ungdomsarbete och idrott.<\/li>\n<li>Underst\u00f6den p\u00e5verkar direkt tiotusentals m\u00e4nniskor, av vilka det stora flertalet \u00e4r unga. En stor del av effekten verkar p\u00e5 m\u00e4nniskor som inte \u00e4r medlemmar i de st\u00f6dtagande f\u00f6reningarna. Den indirekta p\u00e5verkan, exempelvis den p\u00e5verkan som sker via sociala medier, \u00e4r sv\u00e5r att bed\u00f6ma. Likas\u00e5 varierar p\u00e5verkans &#8221;genomslag&#8221; givetvis stort.<\/li>\n<li>Det f\u00f6rekommer knappast alls att bara ett f\u00e5tal individer nyttjas av underst\u00f6den hos st\u00f6dtagarna (Stiftelsen st\u00f6der till exempel inte elitidrott). Det kalkylm\u00e4ssiga st\u00f6d en enskild person f\u00e5r \u00e4r 1\u2013100\u00a0\u20ac och varierar med f\u00f6reningen. Snittst\u00f6det per person som ber\u00f6rs av st\u00f6det \u00e4r ca 20\u00a0\u20ac.<\/li>\n<li>Betr\u00e4ffande kvalitetsh\u00f6jande \u00e5tg\u00e4rder framtr\u00e4der utvecklingsprojekt som ofta inte skulle bli av eller kunna forts\u00e4ttas utan Stiftelsens st\u00f6d. I m\u00e5nga f\u00f6reningar \u00e4r ocks\u00e5 redskapsanskaffningar och projekt som siktar till f\u00f6rb\u00e4ttrade f\u00f6rh\u00e5llanden till stor del beroende av underst\u00f6den. Underst\u00f6den ger perspektiv \u00e5t det ofta frivilliga arbetet.<\/li>\n<li>Med st\u00f6det har man ocks\u00e5 kunnat minska antalet avhoppare och gynnsamt medverkat till att medlemmarna forts\u00e4tter med sin hobby. Samtidigt har st\u00f6det m\u00f6jliggjort en mera professionell tr\u00e4ning.<\/li>\n<li>Det erh\u00e5llna st\u00f6det ans\u00e5gs ge motivation \u00e5t och stimulera f\u00f6reningens verksamhet, och i flera fall har det ocks\u00e5 sporrat f\u00f6reningar till inb\u00f6rdes samarbete.<\/li>\n<\/ul>\n<p><strong>Allt som allt visade unders\u00f6kningen att Urlus-Stiftelsens underst\u00f6dsverksamhet vilar p\u00e5 en sund bas<\/strong>, och st\u00f6dtagarna framf\u00f6rde inga v\u00e4sentliga \u00f6nskem\u00e5l till Stiftelsen. F\u00f6reningarna betonar vikten av n\u00e4ra och f\u00f6rtroendefulla kontakter och samverkan. Ocks\u00e5 st\u00f6det \u00e4r \u00f6msesidigt, delvis till och med en multilateral verksamhet.<\/p>\n<\/div><\/section>\n\n<style type=\"text\/css\" data-created_by=\"avia_inline_auto\" id=\"style-css-av-av_one_half-1e26125d131ba13f1accaa8241be1528\">\n.flex_column.av-av_one_half-1e26125d131ba13f1accaa8241be1528{\nborder-radius:0px 0px 0px 0px;\npadding:0px 0px 0px 0px;\n}\n<\/style>\n<div  class='flex_column av-av_one_half-1e26125d131ba13f1accaa8241be1528 av_one_half  avia-builder-el-3  el_after_av_textblock  el_before_av_one_half  first flex_column_div av-zero-column-padding  column-top-margin'     ><div  class='avia-button-wrap av-kexxtiq3-a3d8b6846593cb55a27c6b76aed9cfc3-wrap avia-button-center  avia-builder-el-4  avia-builder-el-no-sibling '><a href='https:\/\/urlus.fi\/index.php\/sv\/understodsinfo-vilka-vi-understoder\/insatsomraden-for-understoden\/'  class='avia-button av-kexxtiq3-a3d8b6846593cb55a27c6b76aed9cfc3 avia-icon_select-yes-left-icon avia-size-small avia-position-center avia-color-theme-color'  ><span class='avia_button_icon avia_button_icon_left' aria-hidden='true' data-av_icon='\ue884' data-av_iconfont='entypo-fontello'><\/span><span class='avia_iconbox_title' >Insatsomr\u00e5den f\u00f6r underst\u00f6den<\/span><\/a><\/div><\/div>\n<style type=\"text\/css\" data-created_by=\"avia_inline_auto\" id=\"style-css-av-av_one_half-da852e3ef3e55b029d2629c41a20524d\">\n.flex_column.av-av_one_half-da852e3ef3e55b029d2629c41a20524d{\nborder-radius:0px 0px 0px 0px;\npadding:0px 0px 0px 0px;\n}\n<\/style>\n<div  class='flex_column av-av_one_half-da852e3ef3e55b029d2629c41a20524d av_one_half  avia-builder-el-5  el_after_av_one_half  avia-builder-el-last  flex_column_div av-zero-column-padding  column-top-margin'     ><div  class='avia-button-wrap av-kexxtiq3-2a9760e98c23eea4c9847c7f6f9822d1-wrap avia-button-center  avia-builder-el-6  avia-builder-el-no-sibling '><a href='https:\/\/urlus.fi\/index.php\/sv\/understodsinfo-vilka-vi-understoder\/understodsbesluten\/'  class='avia-button av-kexxtiq3-2a9760e98c23eea4c9847c7f6f9822d1 avia-icon_select-yes-right-icon avia-size-small avia-position-center avia-color-theme-color'  ><span class='avia_iconbox_title' >Underst\u00f6dsbesluten<\/span><span class='avia_button_icon avia_button_icon_right' aria-hidden='true' data-av_icon='\ue885' data-av_iconfont='entypo-fontello'><\/span><\/a><\/div><\/div><\/p>\n","protected":false},"excerpt":{"rendered":"","protected":false},"author":4,"featured_media":0,"parent":148,"menu_order":2,"comment_status":"closed","ping_status":"closed","template":"","meta":{"footnotes":""},"class_list":["post-127","page","type-page","status-publish","hentry"],"_links":{"self":[{"href":"https:\/\/urlus.fi\/index.php\/wp-json\/wp\/v2\/pages\/127","targetHints":{"allow":["GET"]}}],"collection":[{"href":"https:\/\/urlus.fi\/index.php\/wp-json\/wp\/v2\/pages"}],"about":[{"href":"https:\/\/urlus.fi\/index.php\/wp-json\/wp\/v2\/types\/page"}],"author":[{"embeddable":true,"href":"https:\/\/urlus.fi\/index.php\/wp-json\/wp\/v2\/users\/4"}],"replies":[{"embeddable":true,"href":"https:\/\/urlus.fi\/index.php\/wp-json\/wp\/v2\/comments?post=127"}],"version-history":[{"count":9,"href":"https:\/\/urlus.fi\/index.php\/wp-json\/wp\/v2\/pages\/127\/revisions"}],"predecessor-version":[{"id":651,"href":"https:\/\/urlus.fi\/index.php\/wp-json\/wp\/v2\/pages\/127\/revisions\/651"}],"up":[{"embeddable":true,"href":"https:\/\/urlus.fi\/index.php\/wp-json\/wp\/v2\/pages\/148"}],"wp:attachment":[{"href":"https:\/\/urlus.fi\/index.php\/wp-json\/wp\/v2\/media?parent=127"}],"curies":[{"name":"wp","href":"https:\/\/api.w.org\/{rel}","templated":true}]}}