{"id":1212,"date":"2022-06-03T08:15:51","date_gmt":"2022-06-03T08:15:51","guid":{"rendered":"http:\/\/urlus.fi\/?page_id=1212"},"modified":"2022-06-03T08:39:15","modified_gmt":"2022-06-03T08:39:15","slug":"stiftelsens-70e-verksamhetsar-blev-en-succe","status":"publish","type":"page","link":"https:\/\/urlus.fi\/index.php\/sv\/aktuelt\/stiftelsens-70e-verksamhetsar-blev-en-succe\/","title":{"rendered":"Stiftelsens 70:e verksamhets\u00e5r blev en succ\u00e9"},"content":{"rendered":"<div id='full_slider_1'  class='avia-fullwidth-slider main_color avia-shadow   avia-builder-el-0  el_before_av_heading  avia-builder-el-first   container_wrap sidebar_right'  ><div  class='avia-slideshow av-16ton-52c53f8246c4cd5d51894ae98176ec7e avia-slideshow-featured av_slideshow_full avia-slide-slider av-slideshow-ui av-control-default av-slideshow-manual av-loop-once av-loop-manual-endless av-default-height-applied   avia-slideshow-1' data-slideshow-options=\"{&quot;animation&quot;:&quot;slide&quot;,&quot;autoplay&quot;:false,&quot;loop_autoplay&quot;:&quot;once&quot;,&quot;interval&quot;:5,&quot;loop_manual&quot;:&quot;manual-endless&quot;,&quot;autoplay_stopper&quot;:false,&quot;noNavigation&quot;:false,&quot;bg_slider&quot;:false,&quot;keep_padding&quot;:false,&quot;hoverpause&quot;:false,&quot;show_slide_delay&quot;:0}\"  itemprop=\"image\" itemscope=\"itemscope\" itemtype=\"https:\/\/schema.org\/ImageObject\" ><ul class='avia-slideshow-inner ' style='padding-bottom: 28.666666666667%;'><li  class='avia-slideshow-slide av-16ton-52c53f8246c4cd5d51894ae98176ec7e__0  av-single-slide slide-1 slide-odd'><div data-rel='slideshow-1' class='avia-slide-wrap '   ><img fetchpriority=\"high\" class=\"wp-image-1177 avia-img-lazy-loading-not-1177\"  src='https:\/\/urlus.fi\/wp-content\/uploads\/2022\/05\/otsikko_70vuosi_oli_menestyksekas-1500x430.png' width='1500' height='430' title='otsikko_70vuosi_oli_menestyksekas' alt=''  itemprop=\"thumbnailUrl\"   \/><\/div><\/li><\/ul><\/div><\/div><div id='after_full_slider_1'  class='main_color av_default_container_wrap container_wrap sidebar_right'  ><div class='container av-section-cont-open' ><div class='template-page content  av-content-small alpha units'><div class='post-entry post-entry-type-page post-entry-1212'><div class='entry-content-wrapper clearfix'>\n\n<style type=\"text\/css\" data-created_by=\"avia_inline_auto\" id=\"style-css-av-av_heading-d141d81a5d75c52468998e7337c23459\">\n#top .av-special-heading.av-av_heading-d141d81a5d75c52468998e7337c23459{\npadding-bottom:10px;\n}\nbody .av-special-heading.av-av_heading-d141d81a5d75c52468998e7337c23459 .av-special-heading-tag .heading-char{\nfont-size:25px;\n}\n.av-special-heading.av-av_heading-d141d81a5d75c52468998e7337c23459 .av-subheading{\nfont-size:15px;\n}\n<\/style>\n<div  class='av-special-heading av-av_heading-d141d81a5d75c52468998e7337c23459 av-special-heading-h3  avia-builder-el-1  el_after_av_slideshow_full  el_before_av_hr  avia-builder-el-first '><h3 class='av-special-heading-tag'  itemprop=\"headline\"  >Stiftelsens 70:e verksamhets\u00e5r blev en succ\u00e9 \u2013 jubileums\u00e5ret firades med arbete<\/h3><div class=\"special-heading-border\"><div class=\"special-heading-inner-border\"><\/div><\/div><\/div>\n\n<style type=\"text\/css\" data-created_by=\"avia_inline_auto\" id=\"style-css-av-l3n1m91g-5ce10ec470c4d72286a58c0766f14b0f\">\n#top .hr.hr-invisible.av-l3n1m91g-5ce10ec470c4d72286a58c0766f14b0f{\nheight:50px;\n}\n<\/style>\n<div  class='hr av-l3n1m91g-5ce10ec470c4d72286a58c0766f14b0f hr-invisible  avia-builder-el-2  el_after_av_heading  el_before_av_two_third '><span class='hr-inner '><span class=\"hr-inner-style\"><\/span><\/span><\/div>\n\n<style type=\"text\/css\" data-created_by=\"avia_inline_auto\" id=\"style-css-av-ay7wq-c104a36afb9c1c42e445009c9c61380d\">\n.flex_column.av-ay7wq-c104a36afb9c1c42e445009c9c61380d{\nborder-radius:0px 0px 0px 0px;\npadding:0px 0px 0px 0px;\n}\n<\/style>\n<div  class='flex_column av-ay7wq-c104a36afb9c1c42e445009c9c61380d av_two_third  avia-builder-el-3  el_after_av_hr  el_before_av_one_third  first flex_column_div av-zero-column-padding  '     ><section  class='av_textblock_section av-kd3glxa1-278439855b147618e591e7e2b9138072 '   itemscope=\"itemscope\" itemtype=\"https:\/\/schema.org\/CreativeWork\" ><div class='avia_textblock'  itemprop=\"text\" ><p><em><strong>Stiftelsens int\u00e4kter \u00e5r 2021 var \u00f6ver 6 miljoner euro, best\u00e5ende av dividend-, fond- och hyresint\u00e4kter samt realisationsvinster i aktier.<\/strong> <\/em><\/p>\n<p>Det st\u00f6rsta stipendiebeloppet i stiftelsens historia var 2,06 miljoner euro, vilket ocks\u00e5 inkluderar det \u00e5rliga Urluspriset. Bidragsbeloppet var 11 procent h\u00f6gre \u00e4n \u00e5ret innan. Resultatet f\u00f6r r\u00e4kenskaps\u00e5ret var 3,95 miljoner euro.<\/p>\n<p><strong>Antalet ans\u00f6kningar \u00f6kar<\/strong><\/p>\n<p>Antalet bidragsans\u00f6kningar f\u00f6r 2021 var klart h\u00f6gre \u00e4n tidigare 150 styck (91 \u00e5r 2020), varav 114 godk\u00e4ndes helt eller delvis (81 \u00e5r 2020). \u00d6kningen av antalet ans\u00f6kningar under 2021 p\u00e5verkades av stiftelsens \u00f6kade k\u00e4nnedom och de behov som Covid-19-pandemin orsakat bland de s\u00f6kande, s\u00e4rskilt inom idrottsaktiviteter f\u00f6r barn och unga.<\/p>\n<p>Bidragsbesluten var traditionellt inriktade p\u00e5 att st\u00f6dja medborgarnas verksamhet i anslutning till den \u00f6vergripande s\u00e4kerheten i huvudstadsregionen, med beaktande av de aktuella behoven som n\u00e4mns ovan. H\u00e4lften av stipendierna \u00e4r avsedda f\u00f6r ungdoms- och idrottsarbete och kampen mot marginalisering och n\u00e5got under h\u00e4lften f\u00f6r det nationella f\u00f6rsvaret.<\/p>\n<p>De st\u00f6rsta mottagarna av stipendiet var huvudstadsregionens scouter, Helsingfors reservofficersdistrikt, Helsingforsregionens reservister samt f\u00f6rsvarsmaktens och Gr\u00e4nsbevakningsv\u00e4sendets bev\u00e4ringar. Andra mottagare av betydande st\u00f6d var Finlands skidskyttef\u00f6rbund, MPK ry, Kyrksl\u00e4tt Skyttef\u00f6rening, Finlands Skyttesportf\u00f6rbund, Finlands Skidf\u00f6rbund, Non Fighting Generation, Stationens barn och L\u00e4gersommaren.<\/p>\n<p><strong>Bollar f\u00f6r barn<\/strong><\/p>\n<p>Temat f\u00f6r \u00c5rets Urluspris var att f\u00e5 barnen att r\u00f6ra p\u00e5 sig. Stiftelsen beviljade 100 000 euro till Finlands Fotbollsf\u00f6rbunds juniorarbete. I enlighet med stiftelsens \u00f6nskem\u00e5l delade Finlands Fotbollsf\u00f6rbund ut de 20 000 barnfotbollar som f\u00f6rv\u00e4rvats med prissumman i hela landet genom olika klubbar till f\u00f6rskolor och juniorklubbar.<\/p>\n<p>Skyddsk\u00e5rshusets nationella f\u00f6rsvarsgemenskap bestod under verksamhets\u00e5ret av \u00f6ver tjugo nationella eller huvudstadsregionens f\u00f6rsvarssamfund, vilka beviljades hyresst\u00f6d f\u00f6r en skjutbana p\u00e5 totalt 270 000 euro.<\/p>\n<p>Stiftelsens verksamhet p\u00e5verkades p\u00e5 m\u00e5nga s\u00e4tt av coronapandemin, men den f\u00f6rsv\u00e5rade inte stiftelsens uppgift n\u00e4mnv\u00e4rt. \u00a0Bidragsbesluten tog h\u00e4nsyn till pandemins inverkan hos \u00a0st\u00f6dmottagarna och godk\u00e4nde f\u00f6r m\u00e5nga \u00f6verf\u00f6ringen eller omf\u00f6rdelningen av bidraget till framtiden.<\/p>\n<\/div><\/section><\/div>\n\n<style type=\"text\/css\" data-created_by=\"avia_inline_auto\" id=\"style-css-av-1uosct-db9e4db720f1c5b3ca2de655740149fe\">\n.flex_column.av-1uosct-db9e4db720f1c5b3ca2de655740149fe{\nborder-radius:0px 0px 0px 0px;\npadding:0px 0px 0px 0px;\n}\n<\/style>\n<div  class='flex_column av-1uosct-db9e4db720f1c5b3ca2de655740149fe av_one_third  avia-builder-el-5  el_after_av_two_third  el_before_av_one_full  flex_column_div av-zero-column-padding  '     ><section  class='av_textblock_section av-l3mzjx6y-3fc720c149ad3b6a9edc3d80f09c9eba '   itemscope=\"itemscope\" itemtype=\"https:\/\/schema.org\/CreativeWork\" ><div class='avia_textblock'  itemprop=\"text\" ><p><img loading=\"lazy\" decoding=\"async\" class=\"alignnone size-full wp-image-1180\" src=\"https:\/\/urlus.fi\/wp-content\/uploads\/2022\/05\/etusivu_70vuosi_oli_menestyksekas.png\" alt=\"\" width=\"533\" height=\"429\" srcset=\"https:\/\/urlus.fi\/wp-content\/uploads\/2022\/05\/etusivu_70vuosi_oli_menestyksekas.png 533w, https:\/\/urlus.fi\/wp-content\/uploads\/2022\/05\/etusivu_70vuosi_oli_menestyksekas-120x97.png 120w\" sizes=\"auto, (max-width: 533px) 100vw, 533px\" \/><\/p>\n<\/div><\/section><\/div>\n\n<style type=\"text\/css\" data-created_by=\"avia_inline_auto\" id=\"style-css-av-ay7wq-c104a36afb9c1c42e445009c9c61380d\">\n.flex_column.av-ay7wq-c104a36afb9c1c42e445009c9c61380d{\nborder-radius:0px 0px 0px 0px;\npadding:0px 0px 0px 0px;\n}\n<\/style>\n<div  class='flex_column av-ay7wq-c104a36afb9c1c42e445009c9c61380d av_one_full  avia-builder-el-7  el_after_av_one_third  avia-builder-el-last  first flex_column_div av-zero-column-padding  column-top-margin'     ><section  class='av_textblock_section av-kd3glxa1-278439855b147618e591e7e2b9138072 '   itemscope=\"itemscope\" itemtype=\"https:\/\/schema.org\/CreativeWork\" ><div class='avia_textblock'  itemprop=\"text\" ><p>Bild: Urlus<\/p>\n<\/div><\/section><\/div>\n","protected":false},"excerpt":{"rendered":"","protected":false},"author":4,"featured_media":1180,"parent":135,"menu_order":2,"comment_status":"closed","ping_status":"closed","template":"","meta":{"footnotes":""},"class_list":["post-1212","page","type-page","status-publish","has-post-thumbnail","hentry"],"_links":{"self":[{"href":"https:\/\/urlus.fi\/index.php\/wp-json\/wp\/v2\/pages\/1212","targetHints":{"allow":["GET"]}}],"collection":[{"href":"https:\/\/urlus.fi\/index.php\/wp-json\/wp\/v2\/pages"}],"about":[{"href":"https:\/\/urlus.fi\/index.php\/wp-json\/wp\/v2\/types\/page"}],"author":[{"embeddable":true,"href":"https:\/\/urlus.fi\/index.php\/wp-json\/wp\/v2\/users\/4"}],"replies":[{"embeddable":true,"href":"https:\/\/urlus.fi\/index.php\/wp-json\/wp\/v2\/comments?post=1212"}],"version-history":[{"count":4,"href":"https:\/\/urlus.fi\/index.php\/wp-json\/wp\/v2\/pages\/1212\/revisions"}],"predecessor-version":[{"id":1222,"href":"https:\/\/urlus.fi\/index.php\/wp-json\/wp\/v2\/pages\/1212\/revisions\/1222"}],"up":[{"embeddable":true,"href":"https:\/\/urlus.fi\/index.php\/wp-json\/wp\/v2\/pages\/135"}],"wp:featuredmedia":[{"embeddable":true,"href":"https:\/\/urlus.fi\/index.php\/wp-json\/wp\/v2\/media\/1180"}],"wp:attachment":[{"href":"https:\/\/urlus.fi\/index.php\/wp-json\/wp\/v2\/media?parent=1212"}],"curies":[{"name":"wp","href":"https:\/\/api.w.org\/{rel}","templated":true}]}}