{"id":1196,"date":"2022-06-03T00:42:30","date_gmt":"2022-06-03T00:42:30","guid":{"rendered":"http:\/\/urlus.fi\/?page_id=1196"},"modified":"2022-06-03T09:21:30","modified_gmt":"2022-06-03T09:21:30","slug":"urlus-ombudsman-byts-till-verkstallande-direktor","status":"publish","type":"page","link":"https:\/\/urlus.fi\/index.php\/sv\/aktuelt\/urlus-ombudsman-byts-till-verkstallande-direktor\/","title":{"rendered":"Urlus ombudsman byts till verkst\u00e4llande direkt\u00f6r"},"content":{"rendered":"<div id='full_slider_1'  class='avia-fullwidth-slider main_color avia-shadow   avia-builder-el-0  el_before_av_heading  avia-builder-el-first   container_wrap sidebar_right'  ><div  class='avia-slideshow av-16ton-52c53f8246c4cd5d51894ae98176ec7e avia-slideshow-featured av_slideshow_full avia-slide-slider av-slideshow-ui av-control-default av-slideshow-manual av-loop-once av-loop-manual-endless av-default-height-applied   avia-slideshow-1' data-slideshow-options=\"{&quot;animation&quot;:&quot;slide&quot;,&quot;autoplay&quot;:false,&quot;loop_autoplay&quot;:&quot;once&quot;,&quot;interval&quot;:5,&quot;loop_manual&quot;:&quot;manual-endless&quot;,&quot;autoplay_stopper&quot;:false,&quot;noNavigation&quot;:false,&quot;bg_slider&quot;:false,&quot;keep_padding&quot;:false,&quot;hoverpause&quot;:false,&quot;show_slide_delay&quot;:0}\"  itemprop=\"image\" itemscope=\"itemscope\" itemtype=\"https:\/\/schema.org\/ImageObject\" ><ul class='avia-slideshow-inner ' style='padding-bottom: 28.666666666667%;'><li  class='avia-slideshow-slide av-16ton-52c53f8246c4cd5d51894ae98176ec7e__0  av-single-slide slide-1 slide-odd'><div data-rel='slideshow-1' class='avia-slide-wrap '   ><img fetchpriority=\"high\" class=\"wp-image-1227 avia-img-lazy-loading-not-1227\"  src='https:\/\/urlus.fi\/wp-content\/uploads\/2022\/06\/mika_piiroinen_paakuva_1500x430-1500x430.png' width='1500' height='430' title='mika_piiroinen_paakuva_1500x430' alt=''  itemprop=\"thumbnailUrl\"   \/><\/div><\/li><\/ul><\/div><\/div><div id='after_full_slider_1'  class='main_color av_default_container_wrap container_wrap sidebar_right'  ><div class='container av-section-cont-open' ><div class='template-page content  av-content-small alpha units'><div class='post-entry post-entry-type-page post-entry-1196'><div class='entry-content-wrapper clearfix'>\n\n<style type=\"text\/css\" data-created_by=\"avia_inline_auto\" id=\"style-css-av-av_heading-da8055044c82443641ebdb693c30e22f\">\n#top .av-special-heading.av-av_heading-da8055044c82443641ebdb693c30e22f{\npadding-bottom:10px;\n}\nbody .av-special-heading.av-av_heading-da8055044c82443641ebdb693c30e22f .av-special-heading-tag .heading-char{\nfont-size:25px;\n}\n.av-special-heading.av-av_heading-da8055044c82443641ebdb693c30e22f .av-subheading{\nfont-size:15px;\n}\n<\/style>\n<div  class='av-special-heading av-av_heading-da8055044c82443641ebdb693c30e22f av-special-heading-h3  avia-builder-el-1  el_after_av_slideshow_full  el_before_av_hr  avia-builder-el-first '><h3 class='av-special-heading-tag'  itemprop=\"headline\"  >Urlus ombudsman byts till verkst\u00e4llande direkt\u00f6r &#8211; Mika Piiroinen valdes till uppgiften<\/h3><div class=\"special-heading-border\"><div class=\"special-heading-inner-border\"><\/div><\/div><\/div>\n\n<style type=\"text\/css\" data-created_by=\"avia_inline_auto\" id=\"style-css-av-l3n1m91g-5ce10ec470c4d72286a58c0766f14b0f\">\n#top .hr.hr-invisible.av-l3n1m91g-5ce10ec470c4d72286a58c0766f14b0f{\nheight:50px;\n}\n<\/style>\n<div  class='hr av-l3n1m91g-5ce10ec470c4d72286a58c0766f14b0f hr-invisible  avia-builder-el-2  el_after_av_heading  el_before_av_two_third '><span class='hr-inner '><span class=\"hr-inner-style\"><\/span><\/span><\/div>\n\n<style type=\"text\/css\" data-created_by=\"avia_inline_auto\" id=\"style-css-av-ay7wq-c104a36afb9c1c42e445009c9c61380d\">\n.flex_column.av-ay7wq-c104a36afb9c1c42e445009c9c61380d{\nborder-radius:0px 0px 0px 0px;\npadding:0px 0px 0px 0px;\n}\n<\/style>\n<div  class='flex_column av-ay7wq-c104a36afb9c1c42e445009c9c61380d av_two_third  avia-builder-el-3  el_after_av_hr  el_before_av_one_third  first flex_column_div av-zero-column-padding  '     ><section  class='av_textblock_section av-kd3glxa1-278439855b147618e591e7e2b9138072 '   itemscope=\"itemscope\" itemtype=\"https:\/\/schema.org\/CreativeWork\" ><div class='avia_textblock'  itemprop=\"text\" ><p><em><strong>Under v\u00e5ren 2021 utredde Urlus styrelse m\u00f6jligheterna att utveckla stiftelsens f\u00f6rvaltning f\u00f6r att kunna besvara p\u00e5 framtida utmaningar i en f\u00f6r\u00e4nderlig verksamhetsmilj\u00f6 och ett f\u00f6r\u00e4ndrat verksamhetsomr\u00e5de.<\/strong> <\/em><\/p>\n<p>Rapporten p\u00e5verkades delvis av att den nuvarande ombudsmannen meddelade att han skulle g\u00e5 i pension v\u00e5ren 2023. \u00a0Utg\u00e5ngspunkten f\u00f6r styrelsens godk\u00e4nnande var bytet av ombudsmannen till heltidsanst\u00e4lld vd.<\/p>\n<p><strong>Nomineringsr\u00e5det f\u00f6rberedde<\/strong><\/p>\n<p>Ett nomineringsr\u00e5d inr\u00e4ttades f\u00f6r att planera f\u00f6r\u00e4ndringen, som skisserade kriterierna och tidsplanen f\u00f6r urvalsprocessen. \u00a0P\u00e5 f\u00f6rslag av nomineringsr\u00e5det godk\u00e4nde styrelsen anst\u00e4llningsvillkoren och urvalskriterierna f\u00f6r den blivande vd:n samt inledandet av ans\u00f6kningsprocessen. Ans\u00f6kan skedde som en &#8221;anonym s\u00f6kning&#8221; riktad till s\u00f6kande som f\u00f6reslagits av styrelseledam\u00f6terna, stiftelsenyheters intresseanm\u00e4lan och de s\u00f6kande som uppfyllde kriterierna som hittades via stiftelsens egen hemsida.<\/p>\n<p><strong>Bra s\u00f6kande<\/strong><\/p>\n<p>Totalt registrerade sig 15 s\u00f6kande, varav 12 l\u00e4mnade in sina ans\u00f6kningar inom tidsfristen. Ungef\u00e4r h\u00e4lften av de s\u00f6kande intervjuades. \u00a0Efter den tv\u00e5delade intervjufasen f\u00f6reslog nomineringsr\u00e5det \u00f6verstel\u00f6jtnant Mika Piiroinen som stiftelsens VD, vars f\u00f6rslag enh\u00e4lligt godk\u00e4ndes av styrelsen.<\/p>\n<p>Mika \u00e4r 56 \u00e5r, har familj och bor i Helsingfors. Hans omfattande expertis ger utm\u00e4rkt st\u00f6d f\u00f6r den framtida uppgiften. \u00a0Som soldat k\u00e4nner han till nationella f\u00f6rsvaret i dess helhet och som chef f\u00f6r regionkontoret blev han v\u00e4l f\u00f6rtrogen med det frivilliga landf\u00f6rsvaret. Som PR-direkt\u00f6r vid F\u00f6rsvarsh\u00f6gskolan, uppr\u00e4ttade han kontakt p\u00e5 m\u00e5nga olika s\u00e4tt med olika akt\u00f6rer i huvudstadsregionen. I snart 20 \u00e5r har Mika varit ombud inom stiftelseverksamheten f\u00f6r F\u00f6rsvarsh\u00f6gskolans st\u00f6dstiftelse. Idrott och ungdomar har blivit bekanta i f\u00f6renings- och f\u00f6reningsarbetet. Dessutom har Mika de senaste \u00e5ren arbetat som huvudtr\u00e4nare f\u00f6r M\u00e4kel\u00e4nrinnes idrottsskola, M\u00e4rsky Simning.<\/p>\n<p>Mika kommer att b\u00f6rja arbeta p\u00e5 stiftelsen i oktober n\u00e4sta \u00e5r tillsammans med den nuvarande ombudsmannen. De tv\u00e5 \u00e4r gemensamt ansvariga f\u00f6r n\u00e4sta ans\u00f6kningsomg\u00e5ng, varefter den nuvarande ombudsmannen g\u00e5r i pension.<\/p>\n<div id=\"malwarebytes-root\"><\/div>\n<\/div><\/section><\/div>\n\n<style type=\"text\/css\" data-created_by=\"avia_inline_auto\" id=\"style-css-av-1uosct-db9e4db720f1c5b3ca2de655740149fe\">\n.flex_column.av-1uosct-db9e4db720f1c5b3ca2de655740149fe{\nborder-radius:0px 0px 0px 0px;\npadding:0px 0px 0px 0px;\n}\n<\/style>\n<div  class='flex_column av-1uosct-db9e4db720f1c5b3ca2de655740149fe av_one_third  avia-builder-el-5  el_after_av_two_third  el_before_av_one_full  flex_column_div av-zero-column-padding  '     ><section  class='av_textblock_section av-l3mzjx6y-3fc720c149ad3b6a9edc3d80f09c9eba '   itemscope=\"itemscope\" itemtype=\"https:\/\/schema.org\/CreativeWork\" ><div class='avia_textblock'  itemprop=\"text\" ><div id=\"attachment_1150\" style=\"width: 215px\" class=\"wp-caption aligncenter\"><img loading=\"lazy\" decoding=\"async\" aria-describedby=\"caption-attachment-1150\" class=\"size-full wp-image-1150\" src=\"https:\/\/urlus.fi\/wp-content\/uploads\/2022\/05\/Piirainen-Mika.png\" alt=\"Piirainen Mika\" width=\"205\" height=\"264\" srcset=\"https:\/\/urlus.fi\/wp-content\/uploads\/2022\/05\/Piirainen-Mika.png 205w, https:\/\/urlus.fi\/wp-content\/uploads\/2022\/05\/Piirainen-Mika-93x120.png 93w\" sizes=\"auto, (max-width: 205px) 100vw, 205px\" \/><p id=\"caption-attachment-1150\" class=\"wp-caption-text\">Piiroinen Mika<\/p><\/div>\n<\/div><\/section><\/div>\n\n<style type=\"text\/css\" data-created_by=\"avia_inline_auto\" id=\"style-css-av-ay7wq-c104a36afb9c1c42e445009c9c61380d\">\n.flex_column.av-ay7wq-c104a36afb9c1c42e445009c9c61380d{\nborder-radius:0px 0px 0px 0px;\npadding:0px 0px 0px 0px;\n}\n<\/style>\n<div  class='flex_column av-ay7wq-c104a36afb9c1c42e445009c9c61380d av_one_full  avia-builder-el-7  el_after_av_one_third  avia-builder-el-last  first flex_column_div av-zero-column-padding  column-top-margin'     ><section  class='av_textblock_section av-kd3glxa1-278439855b147618e591e7e2b9138072 '   itemscope=\"itemscope\" itemtype=\"https:\/\/schema.org\/CreativeWork\" ><div class='avia_textblock'  itemprop=\"text\" ><p>Huvudbild: Veikko Venemies<br \/>\nBild: Urlus<\/p>\n<\/div><\/section><\/div>\n","protected":false},"excerpt":{"rendered":"","protected":false},"author":4,"featured_media":0,"parent":135,"menu_order":1,"comment_status":"closed","ping_status":"closed","template":"","meta":{"footnotes":""},"class_list":["post-1196","page","type-page","status-publish","hentry"],"_links":{"self":[{"href":"https:\/\/urlus.fi\/index.php\/wp-json\/wp\/v2\/pages\/1196","targetHints":{"allow":["GET"]}}],"collection":[{"href":"https:\/\/urlus.fi\/index.php\/wp-json\/wp\/v2\/pages"}],"about":[{"href":"https:\/\/urlus.fi\/index.php\/wp-json\/wp\/v2\/types\/page"}],"author":[{"embeddable":true,"href":"https:\/\/urlus.fi\/index.php\/wp-json\/wp\/v2\/users\/4"}],"replies":[{"embeddable":true,"href":"https:\/\/urlus.fi\/index.php\/wp-json\/wp\/v2\/comments?post=1196"}],"version-history":[{"count":4,"href":"https:\/\/urlus.fi\/index.php\/wp-json\/wp\/v2\/pages\/1196\/revisions"}],"predecessor-version":[{"id":1226,"href":"https:\/\/urlus.fi\/index.php\/wp-json\/wp\/v2\/pages\/1196\/revisions\/1226"}],"up":[{"embeddable":true,"href":"https:\/\/urlus.fi\/index.php\/wp-json\/wp\/v2\/pages\/135"}],"wp:attachment":[{"href":"https:\/\/urlus.fi\/index.php\/wp-json\/wp\/v2\/media?parent=1196"}],"curies":[{"name":"wp","href":"https:\/\/api.w.org\/{rel}","templated":true}]}}