{"id":1135,"date":"2022-04-13T03:34:46","date_gmt":"2022-04-13T03:34:46","guid":{"rendered":"http:\/\/urlus.fi\/?page_id=1135"},"modified":"2022-06-03T08:21:24","modified_gmt":"2022-06-03T08:21:24","slug":"ar-2022-urlus-pris-for-frivilliga-landforsvarare","status":"publish","type":"page","link":"https:\/\/urlus.fi\/index.php\/sv\/aktuelt\/ar-2022-urlus-pris-for-frivilliga-landforsvarare\/","title":{"rendered":"\u00c5r 2022 Urlus Pris f\u00f6r frivilliga reservister"},"content":{"rendered":"<div id='full_slider_1'  class='avia-fullwidth-slider main_color avia-shadow   avia-builder-el-0  el_before_av_heading  avia-builder-el-first   container_wrap sidebar_right'  ><div  class='avia-slideshow av-16ton-52c53f8246c4cd5d51894ae98176ec7e avia-slideshow-featured av_slideshow_full avia-slide-slider av-slideshow-ui av-control-default av-slideshow-manual av-loop-once av-loop-manual-endless av-default-height-applied   avia-slideshow-1' data-slideshow-options=\"{&quot;animation&quot;:&quot;slide&quot;,&quot;autoplay&quot;:false,&quot;loop_autoplay&quot;:&quot;once&quot;,&quot;interval&quot;:5,&quot;loop_manual&quot;:&quot;manual-endless&quot;,&quot;autoplay_stopper&quot;:false,&quot;noNavigation&quot;:false,&quot;bg_slider&quot;:false,&quot;keep_padding&quot;:false,&quot;hoverpause&quot;:false,&quot;show_slide_delay&quot;:0}\"  itemprop=\"image\" itemscope=\"itemscope\" itemtype=\"https:\/\/schema.org\/ImageObject\" ><ul class='avia-slideshow-inner ' style='padding-bottom: 28.666666666667%;'><li  class='avia-slideshow-slide av-16ton-52c53f8246c4cd5d51894ae98176ec7e__0  av-single-slide slide-1 slide-odd'><div data-rel='slideshow-1' class='avia-slide-wrap '   ><img fetchpriority=\"high\" class=\"wp-image-1089 avia-img-lazy-loading-not-1089\"  src='https:\/\/urlus.fi\/wp-content\/uploads\/2022\/04\/otsake_urlus-palkinnot-1500x430.png' width='1500' height='430' title='otsake_urlus-palkinnot' alt=''  itemprop=\"thumbnailUrl\"   \/><\/div><\/li><\/ul><\/div><\/div><div id='after_full_slider_1'  class='main_color av_default_container_wrap container_wrap sidebar_right'  ><div class='container av-section-cont-open' ><div class='template-page content  av-content-small alpha units'><div class='post-entry post-entry-type-page post-entry-1135'><div class='entry-content-wrapper clearfix'>\n\n<style type=\"text\/css\" data-created_by=\"avia_inline_auto\" id=\"style-css-av-l1y1ibwj-c45dc26a1d511ae14545f825643e1351\">\n#top .av-special-heading.av-l1y1ibwj-c45dc26a1d511ae14545f825643e1351{\npadding-bottom:10px;\n}\nbody .av-special-heading.av-l1y1ibwj-c45dc26a1d511ae14545f825643e1351 .av-special-heading-tag .heading-char{\nfont-size:25px;\n}\n.av-special-heading.av-l1y1ibwj-c45dc26a1d511ae14545f825643e1351 .av-subheading{\nfont-size:15px;\n}\n<\/style>\n<div  class='av-special-heading av-l1y1ibwj-c45dc26a1d511ae14545f825643e1351 av-special-heading-h3  avia-builder-el-1  el_after_av_slideshow_full  el_before_av_one_half  avia-builder-el-first '><h3 class='av-special-heading-tag'  itemprop=\"headline\"  >\u00c5r 2022 Urlus Pris f\u00f6r frivilliga reservister<\/h3><div class=\"special-heading-border\"><div class=\"special-heading-inner-border\"><\/div><\/div><\/div>\n\n<style type=\"text\/css\" data-created_by=\"avia_inline_auto\" id=\"style-css-av-fn12i-1eff0cd4520d5f46ea1cee85cf5dff4b\">\n.flex_column.av-fn12i-1eff0cd4520d5f46ea1cee85cf5dff4b{\nborder-radius:0px 0px 0px 0px;\npadding:0px 0px 0px 0px;\n}\n<\/style>\n<div  class='flex_column av-fn12i-1eff0cd4520d5f46ea1cee85cf5dff4b av_one_half  avia-builder-el-2  el_after_av_heading  el_before_av_one_half  first flex_column_div av-zero-column-padding  '     ><p>\n<style type=\"text\/css\" data-created_by=\"avia_inline_auto\" id=\"style-css-av-kthcqpa7-6cb4d31dd40571b1ded613aa80792068\">\n#top .hr.hr-invisible.av-kthcqpa7-6cb4d31dd40571b1ded613aa80792068{\nheight:20px;\n}\n<\/style>\n<div  class='hr av-kthcqpa7-6cb4d31dd40571b1ded613aa80792068 hr-invisible  avia-builder-el-3  el_before_av_image  avia-builder-el-first '><span class='hr-inner '><span class=\"hr-inner-style\"><\/span><\/span><\/div><br \/>\n\n<style type=\"text\/css\" data-created_by=\"avia_inline_auto\" id=\"style-css-av-kext4mqt-30099111e636a88d657ffdb076763390\">\n.avia-image-container.av-kext4mqt-30099111e636a88d657ffdb076763390 img.avia_image{\nbox-shadow:none;\n}\n.avia-image-container.av-kext4mqt-30099111e636a88d657ffdb076763390 .av-image-caption-overlay-center{\ncolor:#ffffff;\n}\n<\/style>\n<div  class='avia-image-container av-kext4mqt-30099111e636a88d657ffdb076763390 av-styling- avia-align-center  avia-builder-el-4  el_after_av_hr  avia-builder-el-last '   itemprop=\"image\" itemscope=\"itemscope\" itemtype=\"https:\/\/schema.org\/ImageObject\" ><div class=\"avia-image-container-inner\"><div class=\"avia-image-overlay-wrap\"><img fetchpriority=\"high\" class='wp-image-1091 avia-img-lazy-loading-not-1091 avia_image ' src='https:\/\/urlus.fi\/wp-content\/uploads\/2022\/04\/kuvitus_urlus-palkinnot.png' alt='' title='kuvitus_urlus-palkinnot'  height=\"599\" width=\"800\"  itemprop=\"thumbnailUrl\"  \/><\/div><\/div><\/div><\/p><\/div>\n\n<style type=\"text\/css\" data-created_by=\"avia_inline_auto\" id=\"style-css-av-ay7wq-4f1abd93087ddd177f431626dc006fe9\">\n.flex_column.av-ay7wq-4f1abd93087ddd177f431626dc006fe9{\nborder-radius:0px 0px 0px 0px;\npadding:0px 0px 0px 0px;\n}\n<\/style>\n<div  class='flex_column av-ay7wq-4f1abd93087ddd177f431626dc006fe9 av_one_half  avia-builder-el-5  el_after_av_one_half  el_before_av_one_full  flex_column_div av-zero-column-padding  '     ><section  class='av_textblock_section av-kd3glxa1-278439855b147618e591e7e2b9138072 '   itemscope=\"itemscope\" itemtype=\"https:\/\/schema.org\/CreativeWork\" ><div class='avia_textblock'  itemprop=\"text\" ><p>Ut\u00f6ver sina regelbundna bidrag, har Urlus Foundation \u00e5rligen \u00e4ven beviljat bidrag \u00e5t f\u00f6reningar och samfund som har fr\u00e4mjat Urlus \u00e4ndam\u00e5l i sina verksamhet. Ett av de viktigaste omr\u00e5dena i fondens st\u00f6dverksamhet under \u00e5rtionden har varit det frivilliga nationella f\u00f6rsvaret.<\/p>\n<p>Coronatiden, med sina restriktioner f\u00f6r sammankomster, har ocks\u00e5 medf\u00f6rt egna ytterligare utmaningar f\u00f6r reservistf\u00f6reningar och operat\u00f6rer.\u00a0 \u00a0Huvudkriteriet f\u00f6r beviljande av \u00e5rets bidrag har varit de innovativa utbildningar som genomf\u00f6rts under coronapandemin av reservister trots de restriktioner som pandemin har medf\u00f6rt.\u00a0 I slutet av bel\u00f6ningsprocessen har kriget i Ukraina st\u00e4rkt argumentens giltighet och legitimiteten av de utvalda som nu tilldelas Urlus Pris.<\/p>\n<p>Det fanns tre akt\u00f6rer som valdes ut tillsammans med olika parter i det frivilliga nationella f\u00f6rsvaret i huvudstadsregionen. Vinnarna var:<\/p>\n<ul>\n<li><strong>Instrukt\u00f6r av den lokala bataljonsstaben som anordnas av Stadin Sissit; 20 000 euro.<\/strong><\/li>\n<li><strong>Utbildare av it-s\u00e4kerhet vid Nationella f\u00f6rsvarsutbildningsf\u00f6rbundet. 20 000 euro, och<\/strong><\/li>\n<li><strong>Pionj\u00e4rsektionen i Helsingfors reservofficerdistrikt 10 000 euro.<\/strong><\/li>\n<\/ul>\n<p><strong>Sk\u00e4len till<\/strong> utm\u00e4rkelsen <strong>\u00a0var f\u00f6ljande:<\/strong><\/p>\n<p><strong>De sakkunniga regionalbataljonsinstrukt\u00f6rer <\/strong>har utan f\u00f6rbeh\u00e5ll arbetat f\u00f6r att utveckla reservisternas f\u00f6rm\u00e5ga att arbeta i stabet. Den systematiska utbildningen, som inleddes 2012, har bekantat cirka 100 reservister med modernt personalarbete varje \u00e5r. Stadin Sissit:s kurs har kunnat h\u00e5llas under coronaepidemin med hj\u00e4lp av innovativa verktyg och milj\u00f6 trots att garnisonerna varit st\u00e4ngda.<\/p>\n<p><strong>Expert MPKs kybersecurity trainer pool <\/strong>har arbetat f\u00f6rbeh\u00e5llsl\u00f6st med aktuella \u00e4mnen. Kompetensen har utvecklats genom nationellt och delvis internationellt samarbete. Medlemmarna i poolen har tillhandah\u00e5llit frivillig kyberutbildning \u00e5t frivilliga reservister, vilket har utvecklat den allm\u00e4nna f\u00f6rst\u00e5elsen och beredskapen f\u00f6r \u00e4mnet och dess effekter.<\/p>\n<p><strong>Pioneer-avdelningen i Helsingfors reservofficerdistrikt <\/strong>har utvecklat och verkst\u00e4llt en innovativ f\u00f6rel\u00e4sningsserie p\u00e5 distans under coronavirusepidemin, med hj\u00e4lp av fj\u00e4rrteknik och kvalificerade instrukt\u00f6rer som utbildare. Arbetet har utf\u00f6rts i samarbete med F\u00f6rsvarsh\u00f6gskolan. F\u00f6rel\u00e4sningsserien hade 50-100 deltagare online per g\u00e5ng.<\/p>\n<p><strong>Urlus Fond gratulerar de prisbel\u00f6nta samfund och deras aktiva reservister och \u00f6nskar alla framg\u00e5ng i framtiden!<\/strong> <strong>\u00a0Ni beh\u00f6vs och ert arbete uppskattas.<\/strong><\/p>\n<div id=\"malwarebytes-root\"><\/div>\n<\/div><\/section><\/div>\n\n<style type=\"text\/css\" data-created_by=\"avia_inline_auto\" id=\"style-css-av-ay7wq-c104a36afb9c1c42e445009c9c61380d\">\n.flex_column.av-ay7wq-c104a36afb9c1c42e445009c9c61380d{\nborder-radius:0px 0px 0px 0px;\npadding:0px 0px 0px 0px;\n}\n<\/style>\n<div  class='flex_column av-ay7wq-c104a36afb9c1c42e445009c9c61380d av_one_full  avia-builder-el-7  el_after_av_one_half  avia-builder-el-last  first flex_column_div av-zero-column-padding  column-top-margin'     ><section  class='av_textblock_section av-kd3glxa1-278439855b147618e591e7e2b9138072 '   itemscope=\"itemscope\" itemtype=\"https:\/\/schema.org\/CreativeWork\" ><div class='avia_textblock'  itemprop=\"text\" ><p>Foton: Urlus<\/p>\n<\/div><\/section><\/div>\n","protected":false},"excerpt":{"rendered":"","protected":false},"author":4,"featured_media":0,"parent":135,"menu_order":3,"comment_status":"closed","ping_status":"closed","template":"","meta":{"footnotes":""},"class_list":["post-1135","page","type-page","status-publish","hentry"],"_links":{"self":[{"href":"https:\/\/urlus.fi\/index.php\/wp-json\/wp\/v2\/pages\/1135","targetHints":{"allow":["GET"]}}],"collection":[{"href":"https:\/\/urlus.fi\/index.php\/wp-json\/wp\/v2\/pages"}],"about":[{"href":"https:\/\/urlus.fi\/index.php\/wp-json\/wp\/v2\/types\/page"}],"author":[{"embeddable":true,"href":"https:\/\/urlus.fi\/index.php\/wp-json\/wp\/v2\/users\/4"}],"replies":[{"embeddable":true,"href":"https:\/\/urlus.fi\/index.php\/wp-json\/wp\/v2\/comments?post=1135"}],"version-history":[{"count":3,"href":"https:\/\/urlus.fi\/index.php\/wp-json\/wp\/v2\/pages\/1135\/revisions"}],"predecessor-version":[{"id":1144,"href":"https:\/\/urlus.fi\/index.php\/wp-json\/wp\/v2\/pages\/1135\/revisions\/1144"}],"up":[{"embeddable":true,"href":"https:\/\/urlus.fi\/index.php\/wp-json\/wp\/v2\/pages\/135"}],"wp:attachment":[{"href":"https:\/\/urlus.fi\/index.php\/wp-json\/wp\/v2\/media?parent=1135"}],"curies":[{"name":"wp","href":"https:\/\/api.w.org\/{rel}","templated":true}]}}