{"id":1070,"date":"2022-04-06T11:01:05","date_gmt":"2022-04-06T11:01:05","guid":{"rendered":"http:\/\/urlus.fi\/?page_id=1070"},"modified":"2022-06-03T08:26:14","modified_gmt":"2022-06-03T08:26:14","slug":"urlus-arliga-bidragsbelopp-okade-i-rekordtakt","status":"publish","type":"page","link":"https:\/\/urlus.fi\/index.php\/sv\/aktuelt\/urlus-arliga-bidragsbelopp-okade-i-rekordtakt\/","title":{"rendered":"Urlus \u00e5rliga bidragsbelopp \u00f6kade i rekordtakt"},"content":{"rendered":"<div id='full_slider_1'  class='avia-fullwidth-slider main_color avia-shadow   avia-builder-el-0  el_before_av_heading  avia-builder-el-first   container_wrap sidebar_right'  ><div  class='avia-slideshow av-16ton-52c53f8246c4cd5d51894ae98176ec7e avia-slideshow-featured av_slideshow_full avia-slide-slider av-slideshow-ui av-control-default av-slideshow-manual av-loop-once av-loop-manual-endless av-default-height-applied   avia-slideshow-1' data-slideshow-options=\"{&quot;animation&quot;:&quot;slide&quot;,&quot;autoplay&quot;:false,&quot;loop_autoplay&quot;:&quot;once&quot;,&quot;interval&quot;:5,&quot;loop_manual&quot;:&quot;manual-endless&quot;,&quot;autoplay_stopper&quot;:false,&quot;noNavigation&quot;:false,&quot;bg_slider&quot;:false,&quot;keep_padding&quot;:false,&quot;hoverpause&quot;:false,&quot;show_slide_delay&quot;:0}\"  itemprop=\"image\" itemscope=\"itemscope\" itemtype=\"https:\/\/schema.org\/ImageObject\" ><ul class='avia-slideshow-inner ' style='padding-bottom: 28.666666666667%;'><li  class='avia-slideshow-slide av-16ton-52c53f8246c4cd5d51894ae98176ec7e__0  av-single-slide slide-1 slide-odd'><div data-rel='slideshow-1' class='avia-slide-wrap '   ><img fetchpriority=\"high\" class=\"wp-image-1056 avia-img-lazy-loading-not-1056\"  src='https:\/\/urlus.fi\/wp-content\/uploads\/2022\/04\/2022_vuotuinen_avustussumma-1500x430.jpg' width='1500' height='430' title='2022_vuotuinen_avustussumma' alt=''  itemprop=\"thumbnailUrl\"   \/><\/div><\/li><\/ul><\/div><\/div><div id='after_full_slider_1'  class='main_color av_default_container_wrap container_wrap sidebar_right'  ><div class='container av-section-cont-open' ><div class='template-page content  av-content-small alpha units'><div class='post-entry post-entry-type-page post-entry-1070'><div class='entry-content-wrapper clearfix'>\n\n<style type=\"text\/css\" data-created_by=\"avia_inline_auto\" id=\"style-css-av-av_heading-d88becefe8339c0d889e6ff2702db3a3\">\n#top .av-special-heading.av-av_heading-d88becefe8339c0d889e6ff2702db3a3{\npadding-bottom:10px;\n}\nbody .av-special-heading.av-av_heading-d88becefe8339c0d889e6ff2702db3a3 .av-special-heading-tag .heading-char{\nfont-size:25px;\n}\n.av-special-heading.av-av_heading-d88becefe8339c0d889e6ff2702db3a3 .av-subheading{\nfont-size:15px;\n}\n<\/style>\n<div  class='av-special-heading av-av_heading-d88becefe8339c0d889e6ff2702db3a3 av-special-heading-h3  avia-builder-el-1  el_after_av_slideshow_full  el_before_av_one_half  avia-builder-el-first '><h3 class='av-special-heading-tag'  itemprop=\"headline\"  >Urlus \u00e5rliga bidragsbelopp \u00f6kade i rekordtakt<\/h3><div class=\"special-heading-border\"><div class=\"special-heading-inner-border\"><\/div><\/div><\/div>\n\n<style type=\"text\/css\" data-created_by=\"avia_inline_auto\" id=\"style-css-av-fn12i-1eff0cd4520d5f46ea1cee85cf5dff4b\">\n.flex_column.av-fn12i-1eff0cd4520d5f46ea1cee85cf5dff4b{\nborder-radius:0px 0px 0px 0px;\npadding:0px 0px 0px 0px;\n}\n<\/style>\n<div  class='flex_column av-fn12i-1eff0cd4520d5f46ea1cee85cf5dff4b av_one_half  avia-builder-el-2  el_after_av_heading  el_before_av_one_half  first flex_column_div av-zero-column-padding  '     ><p>\n<style type=\"text\/css\" data-created_by=\"avia_inline_auto\" id=\"style-css-av-kthcqpa7-6cb4d31dd40571b1ded613aa80792068\">\n#top .hr.hr-invisible.av-kthcqpa7-6cb4d31dd40571b1ded613aa80792068{\nheight:20px;\n}\n<\/style>\n<div  class='hr av-kthcqpa7-6cb4d31dd40571b1ded613aa80792068 hr-invisible  avia-builder-el-3  el_before_av_image  avia-builder-el-first '><span class='hr-inner '><span class=\"hr-inner-style\"><\/span><\/span><\/div><br \/>\n\n<style type=\"text\/css\" data-created_by=\"avia_inline_auto\" id=\"style-css-av-kext4mqt-c04e59c719f4fe07aca798d96bf49e8c\">\n.avia-image-container.av-kext4mqt-c04e59c719f4fe07aca798d96bf49e8c img.avia_image{\nbox-shadow:none;\n}\n.avia-image-container.av-kext4mqt-c04e59c719f4fe07aca798d96bf49e8c .av-image-caption-overlay-center{\ncolor:#ffffff;\n}\n<\/style>\n<div  class='avia-image-container av-kext4mqt-c04e59c719f4fe07aca798d96bf49e8c av-styling- avia-align-center  avia-builder-el-4  el_after_av_hr  avia-builder-el-last '   itemprop=\"image\" itemscope=\"itemscope\" itemtype=\"https:\/\/schema.org\/ImageObject\" ><div class=\"avia-image-container-inner\"><div class=\"avia-image-overlay-wrap\"><img fetchpriority=\"high\" class='wp-image-1057 avia-img-lazy-loading-not-1057 avia_image ' src='https:\/\/urlus.fi\/wp-content\/uploads\/2022\/04\/2022_vuotuinen_avustussumma_kuvituskuva-800x599.jpg' alt='' title='2022_vuotuinen_avustussumma_kuvituskuva'  height=\"599\" width=\"800\"  itemprop=\"thumbnailUrl\"  \/><\/div><\/div><\/div><\/p><\/div>\n\n<style type=\"text\/css\" data-created_by=\"avia_inline_auto\" id=\"style-css-av-ay7wq-4f1abd93087ddd177f431626dc006fe9\">\n.flex_column.av-ay7wq-4f1abd93087ddd177f431626dc006fe9{\nborder-radius:0px 0px 0px 0px;\npadding:0px 0px 0px 0px;\n}\n<\/style>\n<div  class='flex_column av-ay7wq-4f1abd93087ddd177f431626dc006fe9 av_one_half  avia-builder-el-5  el_after_av_one_half  el_before_av_one_full  flex_column_div av-zero-column-padding  '     ><section  class='av_textblock_section av-kd3glxa1-278439855b147618e591e7e2b9138072 '   itemscope=\"itemscope\" itemtype=\"https:\/\/schema.org\/CreativeWork\" ><div class='avia_textblock'  itemprop=\"text\" ><p>Totalt uppgick bidragsbeloppet f\u00f6r 2022 till tv\u00e5 och en halv miljoner euro. Tillv\u00e4xten fr\u00e5n f\u00f6reg\u00e5ende \u00e5r var hela 25 procent. \u00a0Under de senaste fem \u00e5ren har stiftelsens \u00e5rliga bidragsbelopp n\u00e4stan f\u00f6rdubblats. Totalt har bidrag p\u00e5 totalt 9 miljoner euro beviljats under denna period.<\/p>\n<p>Antalet f\u00f6reningar som fick st\u00f6d var rekordh\u00f6g och var nu s\u00e5 h\u00f6gt som 139 stycken. Nya sport kan till exempel n\u00e4mnas: korgboll, volleyboll, judo, tyngdlyftning och squash.<\/p>\n<p>Stiftelsens styrelse f\u00f6rs\u00f6kte ocks\u00e5 mildra de negativa effekterna av drop-out fenomenet och coronapandemin genom sina bidragsbeslut. Stiftelsen styrelse tog ocks\u00e5 h\u00e4nsyn till de st\u00f6dbehov som kriget i Ukraina f\u00f6rorsakar det finska frivilliga nationella f\u00f6rsvaret.<\/p>\n<p>\u00c5rets bidragsm\u00e5l finns under <a href=\"https:\/\/urlus.fi\/index.php\/sv\/understodsinfo-vilka-vi-understoder\/understodsbesluten\/\">Bidragsinformation\/Bidragsbeslut<\/a> p\u00e5 v\u00e5r hemsida.<\/p>\n<div id=\"malwarebytes-root\"><\/div>\n<\/div><\/section><\/div>\n<style type=\"text\/css\" data-created_by=\"avia_inline_auto\" id=\"style-css-av-ay7wq-c104a36afb9c1c42e445009c9c61380d\">\n.flex_column.av-ay7wq-c104a36afb9c1c42e445009c9c61380d{\nborder-radius:0px 0px 0px 0px;\npadding:0px 0px 0px 0px;\n}\n<\/style>\n<div  class='flex_column av-ay7wq-c104a36afb9c1c42e445009c9c61380d av_one_full  avia-builder-el-7  el_after_av_one_half  avia-builder-el-last  first flex_column_div av-zero-column-padding  column-top-margin'     ><section  class='av_textblock_section av-kd3glxa1-278439855b147618e591e7e2b9138072 '   itemscope=\"itemscope\" itemtype=\"https:\/\/schema.org\/CreativeWork\" ><div class='avia_textblock'  itemprop=\"text\" ><p>Pistolskytte-foto: HRUP<br \/>\nBrand\u00f6vnings-foto: Helsingfors r\u00e4ddningsf\u00f6rbund<\/p>\n<\/div><\/section><\/div><\/p>\n","protected":false},"excerpt":{"rendered":"","protected":false},"author":4,"featured_media":0,"parent":135,"menu_order":4,"comment_status":"closed","ping_status":"closed","template":"","meta":{"footnotes":""},"class_list":["post-1070","page","type-page","status-publish","hentry"],"_links":{"self":[{"href":"https:\/\/urlus.fi\/index.php\/wp-json\/wp\/v2\/pages\/1070","targetHints":{"allow":["GET"]}}],"collection":[{"href":"https:\/\/urlus.fi\/index.php\/wp-json\/wp\/v2\/pages"}],"about":[{"href":"https:\/\/urlus.fi\/index.php\/wp-json\/wp\/v2\/types\/page"}],"author":[{"embeddable":true,"href":"https:\/\/urlus.fi\/index.php\/wp-json\/wp\/v2\/users\/4"}],"replies":[{"embeddable":true,"href":"https:\/\/urlus.fi\/index.php\/wp-json\/wp\/v2\/comments?post=1070"}],"version-history":[{"count":5,"href":"https:\/\/urlus.fi\/index.php\/wp-json\/wp\/v2\/pages\/1070\/revisions"}],"predecessor-version":[{"id":1100,"href":"https:\/\/urlus.fi\/index.php\/wp-json\/wp\/v2\/pages\/1070\/revisions\/1100"}],"up":[{"embeddable":true,"href":"https:\/\/urlus.fi\/index.php\/wp-json\/wp\/v2\/pages\/135"}],"wp:attachment":[{"href":"https:\/\/urlus.fi\/index.php\/wp-json\/wp\/v2\/media?parent=1070"}],"curies":[{"name":"wp","href":"https:\/\/api.w.org\/{rel}","templated":true}]}}