{"id":104,"date":"2020-07-26T21:46:13","date_gmt":"2020-07-26T21:46:13","guid":{"rendered":"http:\/\/urlus.fi\/?page_id=104"},"modified":"2020-09-11T10:37:58","modified_gmt":"2020-09-11T10:37:58","slug":"stadgar-och-strategi-2","status":"publish","type":"page","link":"https:\/\/urlus.fi\/index.php\/sv\/verksamhet-som-spanner-over-decennier\/stadgar-och-strategi-2\/","title":{"rendered":"Stadgar och strategi"},"content":{"rendered":"<div id='full_slider_1'  class='avia-fullwidth-slider main_color avia-shadow   avia-builder-el-0  el_before_av_heading  avia-builder-el-first   container_wrap sidebar_right'  ><div  class='avia-slideshow av-16ton-52c53f8246c4cd5d51894ae98176ec7e avia-slideshow-featured av_slideshow_full avia-slide-slider av-slideshow-ui av-control-default av-slideshow-manual av-loop-once av-loop-manual-endless av-default-height-applied   avia-slideshow-1' data-slideshow-options=\"{&quot;animation&quot;:&quot;slide&quot;,&quot;autoplay&quot;:false,&quot;loop_autoplay&quot;:&quot;once&quot;,&quot;interval&quot;:5,&quot;loop_manual&quot;:&quot;manual-endless&quot;,&quot;autoplay_stopper&quot;:false,&quot;noNavigation&quot;:false,&quot;bg_slider&quot;:false,&quot;keep_padding&quot;:false,&quot;hoverpause&quot;:false,&quot;show_slide_delay&quot;:0}\"  itemprop=\"image\" itemscope=\"itemscope\" itemtype=\"https:\/\/schema.org\/ImageObject\" ><ul class='avia-slideshow-inner ' style='padding-bottom: 28.666666666667%;'><li  class='avia-slideshow-slide av-16ton-52c53f8246c4cd5d51894ae98176ec7e__0  av-single-slide slide-1 slide-odd'><div data-rel='slideshow-1' class='avia-slide-wrap '   ><img fetchpriority=\"high\" class=\"wp-image-446 avia-img-lazy-loading-not-446\"  src='https:\/\/urlus.fi\/wp-content\/uploads\/2020\/08\/ots_saannot-1500x430.png' width='1500' height='430' title='S\u00e4\u00e4nn\u00f6t' alt=''  itemprop=\"thumbnailUrl\"   \/><\/div><\/li><\/ul><\/div><\/div><div id='after_full_slider_1'  class='main_color av_default_container_wrap container_wrap sidebar_right'  ><div class='container av-section-cont-open' ><div class='template-page content  av-content-small alpha units'><div class='post-entry post-entry-type-page post-entry-104'><div class='entry-content-wrapper clearfix'>\n\n<style type=\"text\/css\" data-created_by=\"avia_inline_auto\" id=\"style-css-av-av_heading-24108d028508aee9a3f1dfa4427aa71f\">\n#top .av-special-heading.av-av_heading-24108d028508aee9a3f1dfa4427aa71f{\npadding-bottom:10px;\n}\nbody .av-special-heading.av-av_heading-24108d028508aee9a3f1dfa4427aa71f .av-special-heading-tag .heading-char{\nfont-size:25px;\n}\n.av-special-heading.av-av_heading-24108d028508aee9a3f1dfa4427aa71f .av-subheading{\nfont-size:15px;\n}\n<\/style>\n<div  class='av-special-heading av-av_heading-24108d028508aee9a3f1dfa4427aa71f av-special-heading-h3  avia-builder-el-1  el_after_av_slideshow_full  el_before_av_textblock  avia-builder-el-first '><h3 class='av-special-heading-tag'  itemprop=\"headline\"  >Stadgar och strategi<\/h3><div class=\"special-heading-border\"><div class=\"special-heading-inner-border\"><\/div><\/div><\/div>\n<section  class='av_textblock_section av-kd3loz4r-30a3f7918e2c3a7fb48097a3f6bbe924 '   itemscope=\"itemscope\" itemtype=\"https:\/\/schema.org\/CreativeWork\" ><div class='avia_textblock'  itemprop=\"text\" ><p><strong>Grundvalen i stadgarna<\/strong><\/p>\n<p>Stiftelsens stadgar har i praktiken varit of\u00f6r\u00e4ndrade \u00e4nda sedan den grundades. Stiftelsens syfte framg\u00e5r klart av stadgarnas andra och tredje paragraf:<\/p>\n<p>Syftet med Stiftelsen \u00e4r att med tillg\u00e4ngliga medel st\u00f6dja landet och s\u00e4rskilt den fysiska fostran och idrottsverksamheten i Helsingforsnejden samt d\u00e4rtill befr\u00e4mja f\u00f6rsvarsm\u00e4ssig och \u00f6vrig verksamhet som st\u00f6djer landets sj\u00e4lvst\u00e4ndighet.<\/p>\n<p>Stiftelsens syfte f\u00f6rverkligas bl.a. genom att bevilja underst\u00f6d till olika samfund samt anskaffa, \u00f6verl\u00e5ta och uthyra lokaler och fastigheter i avsikt att befr\u00e4mja verksamheten samt andra former som fr\u00e4mjar Stiftelsens syfte.<\/p>\n<p><strong>Strategin styr<\/strong><\/p>\n<p><strong>Urlus-Stiftelsens strategi<\/strong> ses \u00e5rligen \u00f6ver och siktar till att st\u00f6da Stiftelsens ursprungliga v\u00e4rden och m\u00e5l i en st\u00e4ndigt f\u00f6r\u00e4nderlig omv\u00e4rld.<\/p>\n<p>Stiftelsen har som m\u00e5l att bidra till att st\u00e4rka medborgarnas fosterl\u00e4ndskhet och f\u00f6rsvarsvilja. Detta sker genom st\u00f6d f\u00f6r utveckling av en positiv finl\u00e4ndsk identitet p\u00e5 ett s\u00e5dant s\u00e4tt att alla finl\u00e4ndare, oavsett ursprung, upplever att Finland \u00e4r v\u00e4rt att f\u00f6rsvara. P\u00e5 detta s\u00e4tt bidrar Stiftelsen till att minska de samh\u00e4lleliga mots\u00e4ttningarna och till att bek\u00e4mpa marginalisering av ungdomen.<\/p>\n<p>Tyngdpunkten i Urlus-Stiftelsens st\u00f6d ligger p\u00e5 att underst\u00f6dja medborgerlig aktivitet f\u00f6r den \u00f6vergripande s\u00e4kerheten i huvudstadsregionen, och d\u00e4rvid ska i synnerhet aktiviteter f\u00f6r ungdomar st\u00f6das p\u00e5 bred front och f\u00f6ruts\u00e4ttningsl\u00f6st.<\/p>\n<p>Stiftelsens verksamhetsmodell \u00e4r att genom ekonomiskt st\u00f6d bygga framtiden i starkt samarbete med andra akt\u00f6rer. St\u00f6det ska huvudsakligen fokuseras p\u00e5 f\u00f6reningsverksamhet med betoning p\u00e5 samarbete mellan organisationer. Bidragen ska sikta p\u00e5 s\u00e5 stor och l\u00e5ngvarig effekt som m\u00f6jligt.<\/p>\n<p>Stiftelsen kommer att forts\u00e4tta st\u00f6da f\u00f6rsvaret och st\u00f6det till unga v\u00e4rnpliktiga st\u00e4rks. Den andel av det totala st\u00f6det som g\u00e5r till ungdom och idrott h\u00f6js. St\u00f6rre vikt \u00e4n tidigare l\u00e4ggs vid speciella projekt f\u00f6r att f\u00f6rhindra social utslagning och marginalisering av ungdomen.<\/p>\n<p>Stiftelsens \u00e4gar- och placeringspolitik \u00e4r ansvarsfull och systematisk. Placeringsverksamhetens syfte \u00e4r att finansiera den ordinarie verksamheten. Placeringarna g\u00f6rs p\u00e5 mycket l\u00e5ng sikt och m\u00e5let \u00e4r att trygga en j\u00e4mn utveckling av stipendiefl\u00f6de med bevarat realv\u00e4rde.<\/p>\n<p>Stiftelsen ser \u00e5rligen \u00f6ver sin strategi och g\u00e5r aktivt och f\u00f6ruts\u00e4ttningsl\u00f6st in f\u00f6r att finna nya st\u00f6dobjekt i enlighet med de grundl\u00e4ggande m\u00e5len.<\/p>\n<\/div><\/section>\n\n<style type=\"text\/css\" data-created_by=\"avia_inline_auto\" id=\"style-css-av-av_one_half-1e26125d131ba13f1accaa8241be1528\">\n.flex_column.av-av_one_half-1e26125d131ba13f1accaa8241be1528{\nborder-radius:0px 0px 0px 0px;\npadding:0px 0px 0px 0px;\n}\n<\/style>\n<div  class='flex_column av-av_one_half-1e26125d131ba13f1accaa8241be1528 av_one_half  avia-builder-el-3  el_after_av_textblock  el_before_av_one_half  first flex_column_div av-zero-column-padding  column-top-margin'     ><div  class='avia-button-wrap av-kexxtiq3-09d00fdbf83a14005b1ed151df5d60bc-wrap avia-button-center  avia-builder-el-4  avia-builder-el-no-sibling '><a href='https:\/\/urlus.fi\/index.php\/sv\/verksamhet-som-spanner-over-decennier\/historia\/'  class='avia-button av-kexxtiq3-09d00fdbf83a14005b1ed151df5d60bc avia-icon_select-yes-left-icon avia-size-small avia-position-center avia-color-theme-color'  ><span class='avia_button_icon avia_button_icon_left' aria-hidden='true' data-av_icon='\ue884' data-av_iconfont='entypo-fontello'><\/span><span class='avia_iconbox_title' >Historia<\/span><\/a><\/div><\/div>\n<style type=\"text\/css\" data-created_by=\"avia_inline_auto\" id=\"style-css-av-av_one_half-da852e3ef3e55b029d2629c41a20524d\">\n.flex_column.av-av_one_half-da852e3ef3e55b029d2629c41a20524d{\nborder-radius:0px 0px 0px 0px;\npadding:0px 0px 0px 0px;\n}\n<\/style>\n<div  class='flex_column av-av_one_half-da852e3ef3e55b029d2629c41a20524d av_one_half  avia-builder-el-5  el_after_av_one_half  avia-builder-el-last  flex_column_div av-zero-column-padding  column-top-margin'     ><div  class='avia-button-wrap av-kexxtiq3-64589a803282e5b7396dd4dc3a940684-wrap avia-button-center  avia-builder-el-6  avia-builder-el-no-sibling '><a href='https:\/\/urlus.fi\/index.php\/sv\/verksamhet-som-spanner-over-decennier\/stadgar-och-strategi\/'  class='avia-button av-kexxtiq3-64589a803282e5b7396dd4dc3a940684 avia-icon_select-yes-right-icon avia-size-small avia-position-center avia-color-theme-color'  ><span class='avia_iconbox_title' >Styrelse och funktion\u00e4rer<\/span><span class='avia_button_icon avia_button_icon_right' aria-hidden='true' data-av_icon='\ue885' data-av_iconfont='entypo-fontello'><\/span><\/a><\/div><\/div><\/p>\n","protected":false},"excerpt":{"rendered":"","protected":false},"author":4,"featured_media":0,"parent":92,"menu_order":2,"comment_status":"closed","ping_status":"closed","template":"","meta":{"footnotes":""},"class_list":["post-104","page","type-page","status-publish","hentry"],"_links":{"self":[{"href":"https:\/\/urlus.fi\/index.php\/wp-json\/wp\/v2\/pages\/104","targetHints":{"allow":["GET"]}}],"collection":[{"href":"https:\/\/urlus.fi\/index.php\/wp-json\/wp\/v2\/pages"}],"about":[{"href":"https:\/\/urlus.fi\/index.php\/wp-json\/wp\/v2\/types\/page"}],"author":[{"embeddable":true,"href":"https:\/\/urlus.fi\/index.php\/wp-json\/wp\/v2\/users\/4"}],"replies":[{"embeddable":true,"href":"https:\/\/urlus.fi\/index.php\/wp-json\/wp\/v2\/comments?post=104"}],"version-history":[{"count":7,"href":"https:\/\/urlus.fi\/index.php\/wp-json\/wp\/v2\/pages\/104\/revisions"}],"predecessor-version":[{"id":645,"href":"https:\/\/urlus.fi\/index.php\/wp-json\/wp\/v2\/pages\/104\/revisions\/645"}],"up":[{"embeddable":true,"href":"https:\/\/urlus.fi\/index.php\/wp-json\/wp\/v2\/pages\/92"}],"wp:attachment":[{"href":"https:\/\/urlus.fi\/index.php\/wp-json\/wp\/v2\/media?parent=104"}],"curies":[{"name":"wp","href":"https:\/\/api.w.org\/{rel}","templated":true}]}}