{"id":1009,"date":"2022-01-06T11:35:11","date_gmt":"2022-01-06T11:35:11","guid":{"rendered":"http:\/\/urlus.fi\/?page_id=1009"},"modified":"2022-06-03T08:21:32","modified_gmt":"2022-06-03T08:21:32","slug":"rekordmanga-bidragsansokningar-for-2022","status":"publish","type":"page","link":"https:\/\/urlus.fi\/index.php\/sv\/aktuelt\/rekordmanga-bidragsansokningar-for-2022\/","title":{"rendered":"Rekordm\u00e5nga bidragsans\u00f6kningar f\u00f6r 2022"},"content":{"rendered":"<div id='full_slider_1'  class='avia-fullwidth-slider main_color avia-shadow   avia-builder-el-0  el_before_av_heading  avia-builder-el-first   container_wrap sidebar_right'  ><div  class='avia-slideshow av-16ton-52c53f8246c4cd5d51894ae98176ec7e avia-slideshow-featured av_slideshow_full avia-slide-slider av-slideshow-ui av-control-default av-slideshow-manual av-loop-once av-loop-manual-endless av-default-height-applied   avia-slideshow-1' data-slideshow-options=\"{&quot;animation&quot;:&quot;slide&quot;,&quot;autoplay&quot;:false,&quot;loop_autoplay&quot;:&quot;once&quot;,&quot;interval&quot;:5,&quot;loop_manual&quot;:&quot;manual-endless&quot;,&quot;autoplay_stopper&quot;:false,&quot;noNavigation&quot;:false,&quot;bg_slider&quot;:false,&quot;keep_padding&quot;:false,&quot;hoverpause&quot;:false,&quot;show_slide_delay&quot;:0}\"  itemprop=\"image\" itemscope=\"itemscope\" itemtype=\"https:\/\/schema.org\/ImageObject\" ><ul class='avia-slideshow-inner ' style='padding-bottom: 28.666666666667%;'><li  class='avia-slideshow-slide av-16ton-52c53f8246c4cd5d51894ae98176ec7e__0  av-single-slide slide-1 slide-odd'><div data-rel='slideshow-1' class='avia-slide-wrap '   ><img fetchpriority=\"high\" class=\"wp-image-1005 avia-img-lazy-loading-not-1005\"  src='https:\/\/urlus.fi\/wp-content\/uploads\/2022\/01\/otsake-01-22_c-1500x430.png' width='1500' height='430' title='otsake-01-22_c' alt=''  itemprop=\"thumbnailUrl\"   \/><\/div><\/li><\/ul><\/div><\/div><div id='after_full_slider_1'  class='main_color av_default_container_wrap container_wrap sidebar_right'  ><div class='container av-section-cont-open' ><div class='template-page content  av-content-small alpha units'><div class='post-entry post-entry-type-page post-entry-1009'><div class='entry-content-wrapper clearfix'>\n\n<style type=\"text\/css\" data-created_by=\"avia_inline_auto\" id=\"style-css-av-av_heading-85e389b0b508ff666a4d0debc063b54a\">\n#top .av-special-heading.av-av_heading-85e389b0b508ff666a4d0debc063b54a{\npadding-bottom:10px;\n}\nbody .av-special-heading.av-av_heading-85e389b0b508ff666a4d0debc063b54a .av-special-heading-tag .heading-char{\nfont-size:25px;\n}\n.av-special-heading.av-av_heading-85e389b0b508ff666a4d0debc063b54a .av-subheading{\nfont-size:15px;\n}\n<\/style>\n<div  class='av-special-heading av-av_heading-85e389b0b508ff666a4d0debc063b54a av-special-heading-h3  avia-builder-el-1  el_after_av_slideshow_full  el_before_av_one_half  avia-builder-el-first '><h3 class='av-special-heading-tag'  itemprop=\"headline\"  >Rekordm\u00e5nga bidragsans\u00f6kningar f\u00f6r 2022<\/h3><div class=\"special-heading-border\"><div class=\"special-heading-inner-border\"><\/div><\/div><\/div>\n\n<style type=\"text\/css\" data-created_by=\"avia_inline_auto\" id=\"style-css-av-fn12i-1eff0cd4520d5f46ea1cee85cf5dff4b\">\n.flex_column.av-fn12i-1eff0cd4520d5f46ea1cee85cf5dff4b{\nborder-radius:0px 0px 0px 0px;\npadding:0px 0px 0px 0px;\n}\n<\/style>\n<div  class='flex_column av-fn12i-1eff0cd4520d5f46ea1cee85cf5dff4b av_one_half  avia-builder-el-2  el_after_av_heading  el_before_av_one_half  first flex_column_div av-zero-column-padding  '     ><p>\n<style type=\"text\/css\" data-created_by=\"avia_inline_auto\" id=\"style-css-av-kthcqpa7-6cb4d31dd40571b1ded613aa80792068\">\n#top .hr.hr-invisible.av-kthcqpa7-6cb4d31dd40571b1ded613aa80792068{\nheight:20px;\n}\n<\/style>\n<div  class='hr av-kthcqpa7-6cb4d31dd40571b1ded613aa80792068 hr-invisible  avia-builder-el-3  el_before_av_image  avia-builder-el-first '><span class='hr-inner '><span class=\"hr-inner-style\"><\/span><\/span><\/div><br \/>\n\n<style type=\"text\/css\" data-created_by=\"avia_inline_auto\" id=\"style-css-av-kext4mqt-d4aa0c98f10e49cbe8c79519df67b278\">\n.avia-image-container.av-kext4mqt-d4aa0c98f10e49cbe8c79519df67b278 img.avia_image{\nbox-shadow:none;\n}\n.avia-image-container.av-kext4mqt-d4aa0c98f10e49cbe8c79519df67b278 .av-image-caption-overlay-center{\ncolor:#ffffff;\n}\n<\/style>\n<div  class='avia-image-container av-kext4mqt-d4aa0c98f10e49cbe8c79519df67b278 av-styling- avia-align-center  avia-builder-el-4  el_after_av_hr  avia-builder-el-last '   itemprop=\"image\" itemscope=\"itemscope\" itemtype=\"https:\/\/schema.org\/ImageObject\" ><div class=\"avia-image-container-inner\"><div class=\"avia-image-overlay-wrap\"><img fetchpriority=\"high\" class='wp-image-987 avia-img-lazy-loading-not-987 avia_image ' src='https:\/\/urlus.fi\/wp-content\/uploads\/2022\/01\/kuvitus_01-22.png' alt='' title='kuvitus_01-22'  height=\"601\" width=\"801\"  itemprop=\"thumbnailUrl\"  \/><\/div><\/div><\/div><\/p><\/div>\n\n<style type=\"text\/css\" data-created_by=\"avia_inline_auto\" id=\"style-css-av-ay7wq-4f1abd93087ddd177f431626dc006fe9\">\n.flex_column.av-ay7wq-4f1abd93087ddd177f431626dc006fe9{\nborder-radius:0px 0px 0px 0px;\npadding:0px 0px 0px 0px;\n}\n<\/style>\n<div  class='flex_column av-ay7wq-4f1abd93087ddd177f431626dc006fe9 av_one_half  avia-builder-el-5  el_after_av_one_half  avia-builder-el-last  flex_column_div av-zero-column-padding  '     ><section  class='av_textblock_section av-kd3glxa1-278439855b147618e591e7e2b9138072 '   itemscope=\"itemscope\" itemtype=\"https:\/\/schema.org\/CreativeWork\" ><div class='avia_textblock'  itemprop=\"text\" ><p><strong>Till stiftelsens ans\u00f6kningssystem, som st\u00e4ngdes vid \u00e5rsskiftet, inkom i \u00e5r totalt 163 ans\u00f6kningar. \u00d6kningen fr\u00e5n f\u00f6reg\u00e5ende \u00e5r var tio %.<\/strong><\/p>\n<p>Ans\u00f6kningarna \u00f6kade s\u00e4rskilt inom kategorin idrott och sport. \u00a0Enbart fr\u00e5n huvudstadsregionen ans\u00f6kte mer \u00e4n 20 idrottsf\u00f6reningar om bidrag. Detta visar tydligt vilka de ekonomiska utmaningar som Corona pandemin har inneburit f\u00f6r klubbarna. Urlus-Stiftelsens k\u00e4nnedom, s\u00e4rskilt som st\u00f6djare av idrottskretsar, har \u00f6kat.<\/p>\n<p>M\u00e5nga av de f\u00f6reningar och klubbar som f\u00e5tt bidrag under f\u00f6reg\u00e5ende \u00e5r har redan varit tvungna att beg\u00e4ra att st\u00f6det helt eller delvis ska \u00f6verf\u00f6ras till b\u00f6rjan av \u00e5ret. Anledningen har varit att restriktionerna f\u00f6r verksamheten och h\u00e4ndelserna till f\u00f6ljd av coronaviruset. \u00a0P\u00e5 samma s\u00e4tt har detta minskat antalet s\u00f6kande, s\u00e4rskilt hos st\u00f6dmottagare som \u00e4r inriktade p\u00e5 evenemangsprojekt.<\/p>\n<p>I sin verksamhetsplan f\u00f6r 2022 beslutade stiftelsens styrelse att igen h\u00f6ja det \u00e5rliga st\u00f6dbeloppet. Eftersom de relativa resurserna \u00f6kar mer \u00e4n antalet s\u00f6kande har stiftelsen m\u00f6jlighet till effektivare st\u00f6d \u00e4n under det g\u00e5ngna \u00e5ret.<\/p>\n<p>Bidragsbeslut kommer att fattas p\u00e5 grund av stiftelsens bidragsstrategi, tidigare samarbete, aktualitet och inneh\u00e5llet i ans\u00f6kningarna.<\/p>\n<p>Besluten kommer att fattas efter f\u00f6rberedelsefasen vid ett styrelsem\u00f6te i b\u00f6rjan av mars, varefter de s\u00f6kande informeras.<\/p>\n<p>Ans\u00f6kningssystemet f\u00f6r n\u00e4sta \u00e5rsbidrag kommer att \u00f6ppnas den 1 oktober 2022.<\/p>\n<p>Stiftelsens styrelse \u00f6nskar alla en lyckad start p\u00e5 \u00e5ret i ert viktiga arbete f\u00f6r v\u00e5rt land och dess medborgare!<\/p>\n<\/div><\/section><\/div>\n","protected":false},"excerpt":{"rendered":"","protected":false},"author":4,"featured_media":0,"parent":135,"menu_order":4,"comment_status":"closed","ping_status":"closed","template":"","meta":{"footnotes":""},"class_list":["post-1009","page","type-page","status-publish","hentry"],"_links":{"self":[{"href":"https:\/\/urlus.fi\/index.php\/wp-json\/wp\/v2\/pages\/1009","targetHints":{"allow":["GET"]}}],"collection":[{"href":"https:\/\/urlus.fi\/index.php\/wp-json\/wp\/v2\/pages"}],"about":[{"href":"https:\/\/urlus.fi\/index.php\/wp-json\/wp\/v2\/types\/page"}],"author":[{"embeddable":true,"href":"https:\/\/urlus.fi\/index.php\/wp-json\/wp\/v2\/users\/4"}],"replies":[{"embeddable":true,"href":"https:\/\/urlus.fi\/index.php\/wp-json\/wp\/v2\/comments?post=1009"}],"version-history":[{"count":3,"href":"https:\/\/urlus.fi\/index.php\/wp-json\/wp\/v2\/pages\/1009\/revisions"}],"predecessor-version":[{"id":1024,"href":"https:\/\/urlus.fi\/index.php\/wp-json\/wp\/v2\/pages\/1009\/revisions\/1024"}],"up":[{"embeddable":true,"href":"https:\/\/urlus.fi\/index.php\/wp-json\/wp\/v2\/pages\/135"}],"wp:attachment":[{"href":"https:\/\/urlus.fi\/index.php\/wp-json\/wp\/v2\/media?parent=1009"}],"curies":[{"name":"wp","href":"https:\/\/api.w.org\/{rel}","templated":true}]}}